{"id":22,"date":"2022-06-04T13:36:41","date_gmt":"2022-06-04T13:36:41","guid":{"rendered":"https:\/\/dosumaya.com.tr\/?page_id=22"},"modified":"2022-10-27T16:55:03","modified_gmt":"2022-10-27T16:55:03","slug":"a-propos","status":"publish","type":"page","link":"https:\/\/dosumaya.com.tr\/fr\/a-propos\/","title":{"rendered":"\u00c0 propos"},"content":{"rendered":"\t\t<div data-elementor-type=\"wp-page\" data-elementor-id=\"22\" class=\"elementor elementor-22\" data-elementor-post-type=\"page\">\n\t\t\t\t\t\t<section class=\"elementor-section elementor-top-section elementor-element elementor-element-40ce772 elementor-section-full_width elementor-section-height-default elementor-section-height-default\" data-id=\"40ce772\" data-element_type=\"section\" data-e-type=\"section\">\n\t\t\t\t\t\t<div class=\"elementor-container elementor-column-gap-no\">\n\t\t\t\t\t<div class=\"elementor-column elementor-col-100 elementor-top-column elementor-element elementor-element-83a1fe7\" data-id=\"83a1fe7\" data-element_type=\"column\" data-e-type=\"column\">\n\t\t\t<div class=\"elementor-widget-wrap elementor-element-populated\">\n\t\t\t\t\t\t<div class=\"elementor-element elementor-element-db17f9d elementor-invisible elementor-widget elementor-widget-heading\" data-id=\"db17f9d\" data-element_type=\"widget\" data-e-type=\"widget\" data-settings=\"{&quot;_animation&quot;:&quot;fadeInUp&quot;}\" data-widget_type=\"heading.default\">\n\t\t\t\t<div class=\"elementor-widget-container\">\n\t\t\t\t\t<h1 class=\"elementor-heading-title elementor-size-default\">Le partenaire de votre succ\u00e8s<\/h1>\t\t\t\t<\/div>\n\t\t\t\t<\/div>\n\t\t\t\t<div class=\"elementor-element elementor-element-510ea7c elementor-widget__width-auto elementor-widget elementor-widget-heading\" data-id=\"510ea7c\" data-element_type=\"widget\" data-e-type=\"widget\" data-widget_type=\"heading.default\">\n\t\t\t\t<div class=\"elementor-widget-container\">\n\t\t\t\t\t<h6 class=\"elementor-heading-title elementor-size-default\">Experts en levure boulang\u00e8re<\/h6>\t\t\t\t<\/div>\n\t\t\t\t<\/div>\n\t\t\t\t\t<\/div>\n\t\t<\/div>\n\t\t\t\t\t<\/div>\n\t\t<\/section>\n\t\t\t\t<section class=\"elementor-section elementor-top-section elementor-element elementor-element-2a619e0f elementor-section-full_width elementor-section-content-middle elementor-section-height-default elementor-section-height-default\" data-id=\"2a619e0f\" data-element_type=\"section\" data-e-type=\"section\">\n\t\t\t\t\t\t<div class=\"elementor-container elementor-column-gap-no\">\n\t\t\t\t\t<div class=\"elementor-column elementor-col-50 elementor-top-column elementor-element elementor-element-1acf9944\" data-id=\"1acf9944\" data-element_type=\"column\" data-e-type=\"column\">\n\t\t\t<div class=\"elementor-widget-wrap elementor-element-populated\">\n\t\t\t\t\t\t<div class=\"elementor-element elementor-element-60429991 elementor-widget elementor-widget-heading\" data-id=\"60429991\" data-element_type=\"widget\" data-e-type=\"widget\" data-widget_type=\"heading.default\">\n\t\t\t\t<div class=\"elementor-widget-container\">\n\t\t\t\t\t<h2 class=\"elementor-heading-title elementor-size-default\">\u00e0 propos...<\/h2>\t\t\t\t<\/div>\n\t\t\t\t<\/div>\n\t\t\t\t<div class=\"elementor-element elementor-element-54cc98dd elementor-widget elementor-widget-text-editor\" data-id=\"54cc98dd\" data-element_type=\"widget\" data-e-type=\"widget\" data-widget_type=\"text-editor.default\">\n\t\t\t\t<div class=\"elementor-widget-container\">\n\t\t\t\t\t\t\t\t\t<p>Istanbul DOSUMAYA est<b> un des acteurs majeurs du secteur de la boulangerie,<\/b> sp\u00e9cialis\u00e9 dans la <b>fabrication de levures boulang\u00e8res et d\u2019ingr\u00e9dients de panification<\/b> de qualit\u00e9, adapt\u00e9s aux diff\u00e9rents types de panification dans le Monde.<\/p><p>Istanbul DOSUMAYA est une entreprise, fond\u00e9e \u00e0 Istanbul en Turquie, qui, gr\u00e2ce \u00e0 son <b>expertise<\/b> et son <b>savoir-faire technique<\/b> et industriel, a su se hisser parmi les groupes de r\u00e9f\u00e9rence en panification.<\/p><p>La diversit\u00e9 et la qualit\u00e9 de notre gamme de <b>produits de panification<\/b> permet de r\u00e9pondre aux attentes des boulangers et des consommateurs des 4 coins du globe.<\/p><p><b>Qualit\u00e9, r\u00e9gularit\u00e9 et ma\u00eetrise technique<\/b> sont les atouts que nous mettons <b>au service de nos clients<\/b> pour r\u00e9ussir des produits panifi\u00e9s de haut standard.<\/p>\t\t\t\t\t\t\t\t<\/div>\n\t\t\t\t<\/div>\n\t\t\t\t\t<\/div>\n\t\t<\/div>\n\t\t\t\t<div class=\"elementor-column elementor-col-50 elementor-top-column elementor-element elementor-element-38a9c338\" data-id=\"38a9c338\" data-element_type=\"column\" data-e-type=\"column\">\n\t\t\t<div class=\"elementor-widget-wrap elementor-element-populated\">\n\t\t\t\t\t\t<div class=\"elementor-element elementor-element-1aa73c6 elementor-widget elementor-widget-video\" data-id=\"1aa73c6\" data-element_type=\"widget\" data-e-type=\"widget\" data-settings=\"{&quot;video_type&quot;:&quot;vimeo&quot;,&quot;autoplay&quot;:&quot;yes&quot;,&quot;play_on_mobile&quot;:&quot;yes&quot;,&quot;mute&quot;:&quot;yes&quot;,&quot;loop&quot;:&quot;yes&quot;}\" data-widget_type=\"video.default\">\n\t\t\t\t<div class=\"elementor-widget-container\">\n\t\t\t\t\t\t\t<div class=\"elementor-wrapper elementor-open-inline\">\n\t\t\t<iframe class=\"elementor-video-iframe\" allowfullscreen allow=\"autoplay\" title=\"Lecteur vid\u00e9o vimeo\" src=\"https:\/\/player.vimeo.com\/video\/720706963?autoplay=1&amp;playsinline=1&amp;color&amp;autopause=0&amp;loop=1&amp;muted=1&amp;title=1&amp;portrait=1&amp;byline=1#t=\"><\/iframe>\t\t<\/div>\n\t\t\t\t\t\t<\/div>\n\t\t\t\t<\/div>\n\t\t\t\t\t<\/div>\n\t\t<\/div>\n\t\t\t\t\t<\/div>\n\t\t<\/section>\n\t\t\t\t<section class=\"elementor-section elementor-top-section elementor-element elementor-element-b298506 elementor-section-full_width elementor-reverse-tablet elementor-reverse-mobile elementor-section-height-default elementor-section-height-default\" data-id=\"b298506\" data-element_type=\"section\" data-e-type=\"section\">\n\t\t\t\t\t\t<div class=\"elementor-container elementor-column-gap-no\">\n\t\t\t\t\t<div class=\"elementor-column elementor-col-50 elementor-top-column elementor-element elementor-element-b6a2efc\" data-id=\"b6a2efc\" data-element_type=\"column\" data-e-type=\"column\">\n\t\t\t<div class=\"elementor-widget-wrap elementor-element-populated\">\n\t\t\t\t\t\t<div class=\"elementor-element elementor-element-070088a elementor-widget elementor-widget-image\" data-id=\"070088a\" data-element_type=\"widget\" data-e-type=\"widget\" data-widget_type=\"image.default\">\n\t\t\t\t<div class=\"elementor-widget-container\">\n\t\t\t\t\t\t\t\t\t\t\t\t\t\t\t<img fetchpriority=\"high\" decoding=\"async\" width=\"687\" height=\"426\" src=\"https:\/\/dosumaya.com.tr\/wp-content\/uploads\/2022\/09\/carte-dosumaya.jpg\" class=\"attachment-full size-full wp-image-627\" alt=\"\" srcset=\"https:\/\/dosumaya.com.tr\/wp-content\/uploads\/2022\/09\/carte-dosumaya.jpg 687w, https:\/\/dosumaya.com.tr\/wp-content\/uploads\/2022\/09\/carte-dosumaya-300x186.jpg 300w\" sizes=\"(max-width: 687px) 100vw, 687px\" \/>\t\t\t\t\t\t\t\t\t\t\t\t\t\t\t<\/div>\n\t\t\t\t<\/div>\n\t\t\t\t\t<\/div>\n\t\t<\/div>\n\t\t\t\t<div class=\"elementor-column elementor-col-50 elementor-top-column elementor-element elementor-element-8bc60f7\" data-id=\"8bc60f7\" data-element_type=\"column\" data-e-type=\"column\">\n\t\t\t<div class=\"elementor-widget-wrap elementor-element-populated\">\n\t\t\t\t\t\t<div class=\"elementor-element elementor-element-b5fa8cf elementor-widget elementor-widget-heading\" data-id=\"b5fa8cf\" data-element_type=\"widget\" data-e-type=\"widget\" data-widget_type=\"heading.default\">\n\t\t\t\t<div class=\"elementor-widget-container\">\n\t\t\t\t\t<h2 class=\"elementor-heading-title elementor-size-default\">Une pr\u00e9sence mondiale<\/h2>\t\t\t\t<\/div>\n\t\t\t\t<\/div>\n\t\t\t\t<div class=\"elementor-element elementor-element-2beb0b5 elementor-widget elementor-widget-text-editor\" data-id=\"2beb0b5\" data-element_type=\"widget\" data-e-type=\"widget\" data-widget_type=\"text-editor.default\">\n\t\t\t\t<div class=\"elementor-widget-container\">\n\t\t\t\t\t\t\t\t\t<p>Pr\u00e9sent depuis plus de 10 ann\u00e9es, nos gammes de produits de panification sont distribu\u00e9es dans plus de 80 pays dans le Monde.<\/p><p>La principale unit\u00e9 de production de Dosumaya est situ\u00e9e \u00e0 L\u00fcleburgaz, en Turquie. Cette <b>unit\u00e9 de production de levures et d\u2019ingr\u00e9dients de panification\u00a0<\/b>respecte les plus hauts standards en termes :<\/p><ul><li>\u00a0d\u2019Hygi\u00e8ne<\/li><li>de Qualit\u00e9<\/li><li>de Performance<\/li><\/ul><p>\u00a0<\/p><p style=\"font-weight: 400;\">N\u00e9anmoins,<strong> nous sommes toujours \u00e0 la recherche de distributeurs souhaitant distribuer nos marques<\/strong> dans leurs march\u00e9s. Si cela vous int\u00e9resse, <a href=\"https:\/\/dosumaya.com.tr\/contact\/\"><span style=\"text-decoration: underline;\">contactez-nous par t\u00e9l\u00e9phone ou par e-mail.<\/span><\/a><\/p>\t\t\t\t\t\t\t\t<\/div>\n\t\t\t\t<\/div>\n\t\t\t\t<div class=\"elementor-element elementor-element-857acfb elementor-widget elementor-widget-button\" data-id=\"857acfb\" data-element_type=\"widget\" data-e-type=\"widget\" data-widget_type=\"button.default\">\n\t\t\t\t<div class=\"elementor-widget-container\">\n\t\t\t\t\t\t\t\t\t<div class=\"elementor-button-wrapper\">\n\t\t\t\t\t<a class=\"elementor-button elementor-button-link elementor-size-sm\" href=\"\/contact\/\">\n\t\t\t\t\t\t<span class=\"elementor-button-content-wrapper\">\n\t\t\t\t\t\t\t\t\t<span class=\"elementor-button-text\">contactez-nous !<\/span>\n\t\t\t\t\t<\/span>\n\t\t\t\t\t<\/a>\n\t\t\t\t<\/div>\n\t\t\t\t\t\t\t\t<\/div>\n\t\t\t\t<\/div>\n\t\t\t\t\t<\/div>\n\t\t<\/div>\n\t\t\t\t\t<\/div>\n\t\t<\/section>\n\t\t\t\t<section class=\"elementor-section elementor-top-section elementor-element elementor-element-028cedb elementor-section-full_width elementor-section-content-middle elementor-section-height-default elementor-section-height-default\" data-id=\"028cedb\" data-element_type=\"section\" data-e-type=\"section\">\n\t\t\t\t\t\t<div class=\"elementor-container elementor-column-gap-no\">\n\t\t\t\t\t<div class=\"elementor-column elementor-col-50 elementor-top-column elementor-element elementor-element-79029f5\" data-id=\"79029f5\" data-element_type=\"column\" data-e-type=\"column\">\n\t\t\t<div class=\"elementor-widget-wrap elementor-element-populated\">\n\t\t\t\t\t\t<div class=\"elementor-element elementor-element-c1a9a56 elementor-widget elementor-widget-heading\" data-id=\"c1a9a56\" data-element_type=\"widget\" data-e-type=\"widget\" data-widget_type=\"heading.default\">\n\t\t\t\t<div class=\"elementor-widget-container\">\n\t\t\t\t\t<h2 class=\"elementor-heading-title elementor-size-default\">certifications qualit\u00e9<\/h2>\t\t\t\t<\/div>\n\t\t\t\t<\/div>\n\t\t\t\t<div class=\"elementor-element elementor-element-501f3dd elementor-widget elementor-widget-text-editor\" data-id=\"501f3dd\" data-element_type=\"widget\" data-e-type=\"widget\" data-widget_type=\"text-editor.default\">\n\t\t\t\t<div class=\"elementor-widget-container\">\n\t\t\t\t\t\t\t\t\t<p>Istanbul DOSUMAYA a mis, depuis sa cr\u00e9ation,<span class=\"Apple-converted-space\">\u00a0 <\/span>la <b>qualit\u00e9\u00a0<\/b>de ses produits, la <b>tra\u00e7abilit\u00e9\u00a0<\/b>et la <b>s\u00e9curit\u00e9 alimentaire<\/b>, au c\u0153ur de ses priorit\u00e9s.<\/p><p>C\u2019est ainsi que nous disposons de nombreuses <b>certifications de qualit\u00e9<\/b>, permettant de distribuer notre gamme de produits dans de nombreux march\u00e9s<span class=\"Apple-converted-space\">\u00a0<\/span><\/p><p>Voici quelques-unes de nos certifications.<\/p><p><a href=\"https:\/\/dosumaya.com.tr\/contact\/\"><span style=\"text-decoration: underline;\">N\u2019h\u00e9sitez pas \u00e0 nous contacter<\/span><\/a> si vous souhaitez des compl\u00e9ments d\u2019informations<\/p>\t\t\t\t\t\t\t\t<\/div>\n\t\t\t\t<\/div>\n\t\t\t\t\t<\/div>\n\t\t<\/div>\n\t\t\t\t<div class=\"elementor-column elementor-col-50 elementor-top-column elementor-element elementor-element-a7a96f7\" data-id=\"a7a96f7\" data-element_type=\"column\" data-e-type=\"column\">\n\t\t\t<div class=\"elementor-widget-wrap elementor-element-populated\">\n\t\t\t\t\t\t<div class=\"elementor-element elementor-element-1ca12f4 elementor-pagination-position-outside elementor-widget elementor-widget-image-carousel\" data-id=\"1ca12f4\" data-element_type=\"widget\" data-e-type=\"widget\" data-settings=\"{&quot;navigation&quot;:&quot;dots&quot;,&quot;autoplay&quot;:&quot;yes&quot;,&quot;pause_on_hover&quot;:&quot;yes&quot;,&quot;pause_on_interaction&quot;:&quot;yes&quot;,&quot;autoplay_speed&quot;:5000,&quot;infinite&quot;:&quot;yes&quot;,&quot;speed&quot;:500}\" data-widget_type=\"image-carousel.default\">\n\t\t\t\t<div class=\"elementor-widget-container\">\n\t\t\t\t\t\t\t<div class=\"elementor-image-carousel-wrapper swiper\" role=\"region\" aria-roledescription=\"carousel\" aria-label=\"Carrousel d\u2019images\" dir=\"ltr\">\n\t\t\t<div class=\"elementor-image-carousel swiper-wrapper\" aria-live=\"off\">\n\t\t\t\t\t\t\t\t<div class=\"swiper-slide\" role=\"group\" aria-roledescription=\"slide\" aria-label=\"1 sur 5\"><figure class=\"swiper-slide-inner\"><img decoding=\"async\" class=\"swiper-slide-image\" src=\"https:\/\/dosumaya.com.tr\/wp-content\/uploads\/2022\/06\/eco-cert-154x154-1.png\" alt=\"eco-cert-154x154\" \/><\/figure><\/div><div class=\"swiper-slide\" role=\"group\" aria-roledescription=\"slide\" aria-label=\"2 sur 5\"><figure class=\"swiper-slide-inner\"><img decoding=\"async\" class=\"swiper-slide-image\" src=\"https:\/\/dosumaya.com.tr\/wp-content\/uploads\/2022\/06\/fssc22000-154x154-1.jpeg\" alt=\"FSSC22000-154x154-1\" \/><\/figure><\/div><div class=\"swiper-slide\" role=\"group\" aria-roledescription=\"slide\" aria-label=\"3 sur 5\"><figure class=\"swiper-slide-inner\"><img decoding=\"async\" class=\"swiper-slide-image\" src=\"https:\/\/dosumaya.com.tr\/wp-content\/uploads\/2022\/06\/halal-new.jpeg\" alt=\"Halal-new\" \/><\/figure><\/div><div class=\"swiper-slide\" role=\"group\" aria-roledescription=\"slide\" aria-label=\"4 sur 5\"><figure class=\"swiper-slide-inner\"><img decoding=\"async\" class=\"swiper-slide-image\" src=\"https:\/\/dosumaya.com.tr\/wp-content\/uploads\/2022\/06\/iso-500001.jpeg\" alt=\"ISO-500001\" \/><\/figure><\/div><div class=\"swiper-slide\" role=\"group\" aria-roledescription=\"slide\" aria-label=\"5 sur 5\"><figure class=\"swiper-slide-inner\"><img decoding=\"async\" class=\"swiper-slide-image\" src=\"https:\/\/dosumaya.com.tr\/wp-content\/uploads\/2022\/06\/u-100x100-1.jpeg\" alt=\"u-100x100\" \/><\/figure><\/div>\t\t\t<\/div>\n\t\t\t\t\t\t\t\n\t\t\t\t\t\t\t\t\t<div class=\"swiper-pagination\"><\/div>\n\t\t\t\t\t\t\t\t\t<\/div>\n\t\t\t\t\t\t<\/div>\n\t\t\t\t<\/div>\n\t\t\t\t\t<\/div>\n\t\t<\/div>\n\t\t\t\t\t<\/div>\n\t\t<\/section>\n\t\t\t\t<\/div>\n\t\t","protected":false},"excerpt":{"rendered":"<p>Le partenaire de votre succ\u00e8s Experts en levure boulang\u00e8re \u00e0 propos&#8230; Istanbul DOSUMAYA est un des acteurs majeurs du secteur de la boulangerie, sp\u00e9cialis\u00e9 dans la fabrication de levures boulang\u00e8res et d\u2019ingr\u00e9dients de panification de qualit\u00e9, adapt\u00e9s aux diff\u00e9rents types de panification dans le Monde. Istanbul DOSUMAYA est une entreprise, fond\u00e9e \u00e0 Istanbul en Turquie, [&hellip;]<\/p>\n","protected":false},"author":1,"featured_media":594,"parent":0,"menu_order":0,"comment_status":"closed","ping_status":"closed","template":"","meta":{"footnotes":""},"class_list":["post-22","page","type-page","status-publish","has-post-thumbnail","hentry"],"yoast_head":"<!-- This site is optimized with the Yoast SEO plugin v27.4 - https:\/\/yoast.com\/product\/yoast-seo-wordpress\/ -->\n<title>\u00c0 propos - DOSUMAYA Istanbul<\/title>\n<meta name=\"description\" content=\"Istanbul DOSUMAYA est une entreprise, fond\u00e9e \u00e0 Istanbul en Turquie, qui, gr\u00e2ce \u00e0 son expertise et son savoir-faire technique et industriel, a su se hisser parmi les groupes de r\u00e9f\u00e9rence en panification.\" \/>\n<meta name=\"robots\" content=\"index, follow, max-snippet:-1, max-image-preview:large, max-video-preview:-1\" \/>\n<link rel=\"canonical\" href=\"https:\/\/dosumaya.com.tr\/fr\/a-propos\/\" \/>\n<meta property=\"og:locale\" content=\"fr_FR\" \/>\n<meta property=\"og:type\" content=\"article\" \/>\n<meta property=\"og:title\" content=\"\u00c0 propos - DOSUMAYA Istanbul\" \/>\n<meta property=\"og:description\" content=\"Istanbul DOSUMAYA est une entreprise, fond\u00e9e \u00e0 Istanbul en Turquie, qui, gr\u00e2ce \u00e0 son expertise et son savoir-faire technique et industriel, a su se hisser parmi les groupes de r\u00e9f\u00e9rence en panification.\" \/>\n<meta property=\"og:url\" content=\"https:\/\/dosumaya.com.tr\/fr\/a-propos\/\" \/>\n<meta property=\"og:site_name\" content=\"DOSUMAYA Istanbul\" \/>\n<meta property=\"article:modified_time\" content=\"2022-10-27T16:55:03+00:00\" \/>\n<meta property=\"og:image\" content=\"https:\/\/dosumaya.com.tr\/wp-content\/uploads\/2022\/09\/slide-2.jpg\" \/>\n\t<meta property=\"og:image:width\" content=\"1920\" \/>\n\t<meta property=\"og:image:height\" content=\"500\" \/>\n\t<meta property=\"og:image:type\" content=\"image\/jpeg\" \/>\n<meta name=\"twitter:card\" content=\"summary_large_image\" \/>\n<meta name=\"twitter:label1\" content=\"Dur\u00e9e de lecture estim\u00e9e\" \/>\n\t<meta name=\"twitter:data1\" content=\"4 minutes\" \/>\n<script type=\"application\/ld+json\" class=\"yoast-schema-graph\">{\"@context\":\"https:\\\/\\\/schema.org\",\"@graph\":[{\"@type\":\"WebPage\",\"@id\":\"https:\\\/\\\/dosumaya.com.tr\\\/fr\\\/a-propos\\\/\",\"url\":\"https:\\\/\\\/dosumaya.com.tr\\\/fr\\\/a-propos\\\/\",\"name\":\"\u00c0 propos - DOSUMAYA Istanbul\",\"isPartOf\":{\"@id\":\"https:\\\/\\\/dosumaya.com.tr\\\/fr\\\/#website\"},\"primaryImageOfPage\":{\"@id\":\"https:\\\/\\\/dosumaya.com.tr\\\/fr\\\/a-propos\\\/#primaryimage\"},\"image\":{\"@id\":\"https:\\\/\\\/dosumaya.com.tr\\\/fr\\\/a-propos\\\/#primaryimage\"},\"thumbnailUrl\":\"https:\\\/\\\/dosumaya.com.tr\\\/wp-content\\\/uploads\\\/2022\\\/09\\\/slide-2.jpg\",\"datePublished\":\"2022-06-04T13:36:41+00:00\",\"dateModified\":\"2022-10-27T16:55:03+00:00\",\"description\":\"Istanbul DOSUMAYA est une entreprise, fond\u00e9e \u00e0 Istanbul en Turquie, qui, gr\u00e2ce \u00e0 son expertise et son savoir-faire technique et industriel, a su se hisser parmi les groupes de r\u00e9f\u00e9rence en panification.\",\"breadcrumb\":{\"@id\":\"https:\\\/\\\/dosumaya.com.tr\\\/fr\\\/a-propos\\\/#breadcrumb\"},\"inLanguage\":\"fr-FR\",\"potentialAction\":[{\"@type\":\"ReadAction\",\"target\":[\"https:\\\/\\\/dosumaya.com.tr\\\/fr\\\/a-propos\\\/\"]}]},{\"@type\":\"ImageObject\",\"inLanguage\":\"fr-FR\",\"@id\":\"https:\\\/\\\/dosumaya.com.tr\\\/fr\\\/a-propos\\\/#primaryimage\",\"url\":\"https:\\\/\\\/dosumaya.com.tr\\\/wp-content\\\/uploads\\\/2022\\\/09\\\/slide-2.jpg\",\"contentUrl\":\"https:\\\/\\\/dosumaya.com.tr\\\/wp-content\\\/uploads\\\/2022\\\/09\\\/slide-2.jpg\",\"width\":1920,\"height\":500},{\"@type\":\"BreadcrumbList\",\"@id\":\"https:\\\/\\\/dosumaya.com.tr\\\/fr\\\/a-propos\\\/#breadcrumb\",\"itemListElement\":[{\"@type\":\"ListItem\",\"position\":1,\"name\":\"Home\",\"item\":\"https:\\\/\\\/dosumaya.com.tr\\\/fr\\\/\"},{\"@type\":\"ListItem\",\"position\":2,\"name\":\"\u00c0 propos\"}]},{\"@type\":\"WebSite\",\"@id\":\"https:\\\/\\\/dosumaya.com.tr\\\/fr\\\/#website\",\"url\":\"https:\\\/\\\/dosumaya.com.tr\\\/fr\\\/\",\"name\":\"DOSUMAYA Istanbul\",\"description\":\"Istanbul DOSUMaya is a globally operating baking yeast producer\",\"publisher\":{\"@id\":\"https:\\\/\\\/dosumaya.com.tr\\\/fr\\\/#organization\"},\"potentialAction\":[{\"@type\":\"SearchAction\",\"target\":{\"@type\":\"EntryPoint\",\"urlTemplate\":\"https:\\\/\\\/dosumaya.com.tr\\\/fr\\\/?s={search_term_string}\"},\"query-input\":{\"@type\":\"PropertyValueSpecification\",\"valueRequired\":true,\"valueName\":\"search_term_string\"}}],\"inLanguage\":\"fr-FR\"},{\"@type\":\"Organization\",\"@id\":\"https:\\\/\\\/dosumaya.com.tr\\\/fr\\\/#organization\",\"name\":\"DOSUMAYA Istanbul\",\"url\":\"https:\\\/\\\/dosumaya.com.tr\\\/fr\\\/\",\"logo\":{\"@type\":\"ImageObject\",\"inLanguage\":\"fr-FR\",\"@id\":\"https:\\\/\\\/dosumaya.com.tr\\\/fr\\\/#\\\/schema\\\/logo\\\/image\\\/\",\"url\":\"https:\\\/\\\/dosumaya.com.tr\\\/wp-content\\\/uploads\\\/2022\\\/06\\\/dosu-logo.jpg\",\"contentUrl\":\"https:\\\/\\\/dosumaya.com.tr\\\/wp-content\\\/uploads\\\/2022\\\/06\\\/dosu-logo.jpg\",\"width\":300,\"height\":300,\"caption\":\"DOSUMAYA Istanbul\"},\"image\":{\"@id\":\"https:\\\/\\\/dosumaya.com.tr\\\/fr\\\/#\\\/schema\\\/logo\\\/image\\\/\"}}]}<\/script>\n<!-- \/ Yoast SEO plugin. -->","yoast_head_json":{"title":"\u00c0 propos - DOSUMAYA Istanbul","description":"Istanbul DOSUMAYA est une entreprise, fond\u00e9e \u00e0 Istanbul en Turquie, qui, gr\u00e2ce \u00e0 son expertise et son savoir-faire technique et industriel, a su se hisser parmi les groupes de r\u00e9f\u00e9rence en panification.","robots":{"index":"index","follow":"follow","max-snippet":"max-snippet:-1","max-image-preview":"max-image-preview:large","max-video-preview":"max-video-preview:-1"},"canonical":"https:\/\/dosumaya.com.tr\/fr\/a-propos\/","og_locale":"fr_FR","og_type":"article","og_title":"\u00c0 propos - DOSUMAYA Istanbul","og_description":"Istanbul DOSUMAYA est une entreprise, fond\u00e9e \u00e0 Istanbul en Turquie, qui, gr\u00e2ce \u00e0 son expertise et son savoir-faire technique et industriel, a su se hisser parmi les groupes de r\u00e9f\u00e9rence en panification.","og_url":"https:\/\/dosumaya.com.tr\/fr\/a-propos\/","og_site_name":"DOSUMAYA Istanbul","article_modified_time":"2022-10-27T16:55:03+00:00","og_image":[{"width":1920,"height":500,"url":"https:\/\/dosumaya.com.tr\/wp-content\/uploads\/2022\/09\/slide-2.jpg","type":"image\/jpeg"}],"twitter_card":"summary_large_image","twitter_misc":{"Dur\u00e9e de lecture estim\u00e9e":"4 minutes"},"schema":{"@context":"https:\/\/schema.org","@graph":[{"@type":"WebPage","@id":"https:\/\/dosumaya.com.tr\/fr\/a-propos\/","url":"https:\/\/dosumaya.com.tr\/fr\/a-propos\/","name":"\u00c0 propos - DOSUMAYA Istanbul","isPartOf":{"@id":"https:\/\/dosumaya.com.tr\/fr\/#website"},"primaryImageOfPage":{"@id":"https:\/\/dosumaya.com.tr\/fr\/a-propos\/#primaryimage"},"image":{"@id":"https:\/\/dosumaya.com.tr\/fr\/a-propos\/#primaryimage"},"thumbnailUrl":"https:\/\/dosumaya.com.tr\/wp-content\/uploads\/2022\/09\/slide-2.jpg","datePublished":"2022-06-04T13:36:41+00:00","dateModified":"2022-10-27T16:55:03+00:00","description":"Istanbul DOSUMAYA est une entreprise, fond\u00e9e \u00e0 Istanbul en Turquie, qui, gr\u00e2ce \u00e0 son expertise et son savoir-faire technique et industriel, a su se hisser parmi les groupes de r\u00e9f\u00e9rence en panification.","breadcrumb":{"@id":"https:\/\/dosumaya.com.tr\/fr\/a-propos\/#breadcrumb"},"inLanguage":"fr-FR","potentialAction":[{"@type":"ReadAction","target":["https:\/\/dosumaya.com.tr\/fr\/a-propos\/"]}]},{"@type":"ImageObject","inLanguage":"fr-FR","@id":"https:\/\/dosumaya.com.tr\/fr\/a-propos\/#primaryimage","url":"https:\/\/dosumaya.com.tr\/wp-content\/uploads\/2022\/09\/slide-2.jpg","contentUrl":"https:\/\/dosumaya.com.tr\/wp-content\/uploads\/2022\/09\/slide-2.jpg","width":1920,"height":500},{"@type":"BreadcrumbList","@id":"https:\/\/dosumaya.com.tr\/fr\/a-propos\/#breadcrumb","itemListElement":[{"@type":"ListItem","position":1,"name":"Home","item":"https:\/\/dosumaya.com.tr\/fr\/"},{"@type":"ListItem","position":2,"name":"\u00c0 propos"}]},{"@type":"WebSite","@id":"https:\/\/dosumaya.com.tr\/fr\/#website","url":"https:\/\/dosumaya.com.tr\/fr\/","name":"DOSUMAYA Istanbul","description":"Istanbul DOSUMaya is a globally operating baking yeast producer","publisher":{"@id":"https:\/\/dosumaya.com.tr\/fr\/#organization"},"potentialAction":[{"@type":"SearchAction","target":{"@type":"EntryPoint","urlTemplate":"https:\/\/dosumaya.com.tr\/fr\/?s={search_term_string}"},"query-input":{"@type":"PropertyValueSpecification","valueRequired":true,"valueName":"search_term_string"}}],"inLanguage":"fr-FR"},{"@type":"Organization","@id":"https:\/\/dosumaya.com.tr\/fr\/#organization","name":"DOSUMAYA Istanbul","url":"https:\/\/dosumaya.com.tr\/fr\/","logo":{"@type":"ImageObject","inLanguage":"fr-FR","@id":"https:\/\/dosumaya.com.tr\/fr\/#\/schema\/logo\/image\/","url":"https:\/\/dosumaya.com.tr\/wp-content\/uploads\/2022\/06\/dosu-logo.jpg","contentUrl":"https:\/\/dosumaya.com.tr\/wp-content\/uploads\/2022\/06\/dosu-logo.jpg","width":300,"height":300,"caption":"DOSUMAYA Istanbul"},"image":{"@id":"https:\/\/dosumaya.com.tr\/fr\/#\/schema\/logo\/image\/"}}]}},"_links":{"self":[{"href":"https:\/\/dosumaya.com.tr\/fr\/wp-json\/wp\/v2\/pages\/22","targetHints":{"allow":["GET"]}}],"collection":[{"href":"https:\/\/dosumaya.com.tr\/fr\/wp-json\/wp\/v2\/pages"}],"about":[{"href":"https:\/\/dosumaya.com.tr\/fr\/wp-json\/wp\/v2\/types\/page"}],"author":[{"embeddable":true,"href":"https:\/\/dosumaya.com.tr\/fr\/wp-json\/wp\/v2\/users\/1"}],"replies":[{"embeddable":true,"href":"https:\/\/dosumaya.com.tr\/fr\/wp-json\/wp\/v2\/comments?post=22"}],"version-history":[{"count":68,"href":"https:\/\/dosumaya.com.tr\/fr\/wp-json\/wp\/v2\/pages\/22\/revisions"}],"predecessor-version":[{"id":1339,"href":"https:\/\/dosumaya.com.tr\/fr\/wp-json\/wp\/v2\/pages\/22\/revisions\/1339"}],"wp:featuredmedia":[{"embeddable":true,"href":"https:\/\/dosumaya.com.tr\/fr\/wp-json\/wp\/v2\/media\/594"}],"wp:attachment":[{"href":"https:\/\/dosumaya.com.tr\/fr\/wp-json\/wp\/v2\/media?parent=22"}],"curies":[{"name":"wp","href":"https:\/\/api.w.org\/{rel}","templated":true}]}}