{"id":399,"date":"2022-06-15T16:26:07","date_gmt":"2022-06-15T16:26:07","guid":{"rendered":"https:\/\/dosumaya.com.tr\/?page_id=399"},"modified":"2022-11-07T12:30:22","modified_gmt":"2022-11-07T12:30:22","slug":"pasha-rouge-500g","status":"publish","type":"page","link":"https:\/\/dosumaya.com.tr\/fr\/nos-gammes-de-produits\/pasha-rouge-500g\/","title":{"rendered":"Pasha<sup>\u00ae<\/sup>"},"content":{"rendered":"\t\t<div data-elementor-type=\"wp-page\" data-elementor-id=\"399\" class=\"elementor elementor-399\" data-elementor-post-type=\"page\">\n\t\t\t\t\t\t<section class=\"elementor-section elementor-top-section elementor-element elementor-element-5a0f1c61 elementor-section-full_width elementor-section-height-default elementor-section-height-default\" data-id=\"5a0f1c61\" data-element_type=\"section\" data-e-type=\"section\">\n\t\t\t\t\t\t<div class=\"elementor-container elementor-column-gap-no\">\n\t\t\t\t\t<div class=\"elementor-column elementor-col-100 elementor-top-column elementor-element elementor-element-32a80b4d\" data-id=\"32a80b4d\" data-element_type=\"column\" data-e-type=\"column\">\n\t\t\t<div class=\"elementor-widget-wrap elementor-element-populated\">\n\t\t\t\t\t\t<div class=\"elementor-element elementor-element-f04ea47 elementor-invisible elementor-widget elementor-widget-heading\" data-id=\"f04ea47\" data-element_type=\"widget\" data-e-type=\"widget\" data-settings=\"{&quot;_animation&quot;:&quot;fadeInUp&quot;}\" data-widget_type=\"heading.default\">\n\t\t\t\t<div class=\"elementor-widget-container\">\n\t\t\t\t\t<h1 class=\"elementor-heading-title elementor-size-default\">Pasha<sup>\u00ae<\/sup><\/h1>\t\t\t\t<\/div>\n\t\t\t\t<\/div>\n\t\t\t\t<div class=\"elementor-element elementor-element-773ac2fe elementor-widget__width-auto elementor-widget elementor-widget-heading\" data-id=\"773ac2fe\" data-element_type=\"widget\" data-e-type=\"widget\" data-widget_type=\"heading.default\">\n\t\t\t\t<div class=\"elementor-widget-container\">\n\t\t\t\t\t<h6 class=\"elementor-heading-title elementor-size-default\">L'expert boulanger \u00e0 vos c\u00f4t\u00e9s <\/h6>\t\t\t\t<\/div>\n\t\t\t\t<\/div>\n\t\t\t\t\t<\/div>\n\t\t<\/div>\n\t\t\t\t\t<\/div>\n\t\t<\/section>\n\t\t\t\t<section class=\"elementor-section elementor-top-section elementor-element elementor-element-e63aa40 elementor-section-full_width elementor-section-height-default elementor-section-height-default\" data-id=\"e63aa40\" data-element_type=\"section\" data-e-type=\"section\">\n\t\t\t\t\t\t<div class=\"elementor-container elementor-column-gap-no\">\n\t\t\t\t\t<div class=\"elementor-column elementor-col-100 elementor-top-column elementor-element elementor-element-1da48fd\" data-id=\"1da48fd\" data-element_type=\"column\" data-e-type=\"column\">\n\t\t\t<div class=\"elementor-widget-wrap elementor-element-populated\">\n\t\t\t\t\t\t<section class=\"elementor-section elementor-inner-section elementor-element elementor-element-75d32cf elementor-section-full_width elementor-section-content-top elementor-section-height-default elementor-section-height-default\" data-id=\"75d32cf\" data-element_type=\"section\" data-e-type=\"section\">\n\t\t\t\t\t\t<div class=\"elementor-container elementor-column-gap-no\">\n\t\t\t\t\t<div class=\"elementor-column elementor-col-50 elementor-inner-column elementor-element elementor-element-4f61b98\" data-id=\"4f61b98\" data-element_type=\"column\" data-e-type=\"column\">\n\t\t\t<div class=\"elementor-widget-wrap elementor-element-populated\">\n\t\t\t\t\t\t<div class=\"elementor-element elementor-element-4d261e0 elementor-widget elementor-widget-image\" data-id=\"4d261e0\" data-element_type=\"widget\" data-e-type=\"widget\" data-widget_type=\"image.default\">\n\t\t\t\t<div class=\"elementor-widget-container\">\n\t\t\t\t\t\t\t\t\t\t\t\t\t\t\t<img fetchpriority=\"high\" decoding=\"async\" width=\"1374\" height=\"1926\" src=\"https:\/\/dosumaya.com.tr\/wp-content\/uploads\/2022\/06\/pasha-rouge-500g.jpg\" class=\"attachment-full size-full wp-image-401\" alt=\"\" srcset=\"https:\/\/dosumaya.com.tr\/wp-content\/uploads\/2022\/06\/pasha-rouge-500g.jpg 1374w, https:\/\/dosumaya.com.tr\/wp-content\/uploads\/2022\/06\/pasha-rouge-500g-214x300.jpg 214w, https:\/\/dosumaya.com.tr\/wp-content\/uploads\/2022\/06\/pasha-rouge-500g-731x1024.jpg 731w, https:\/\/dosumaya.com.tr\/wp-content\/uploads\/2022\/06\/pasha-rouge-500g-768x1077.jpg 768w, https:\/\/dosumaya.com.tr\/wp-content\/uploads\/2022\/06\/pasha-rouge-500g-1096x1536.jpg 1096w\" sizes=\"(max-width: 1374px) 100vw, 1374px\" \/>\t\t\t\t\t\t\t\t\t\t\t\t\t\t\t<\/div>\n\t\t\t\t<\/div>\n\t\t\t\t\t<\/div>\n\t\t<\/div>\n\t\t\t\t<div class=\"elementor-column elementor-col-50 elementor-inner-column elementor-element elementor-element-5d6e788\" data-id=\"5d6e788\" data-element_type=\"column\" data-e-type=\"column\">\n\t\t\t<div class=\"elementor-widget-wrap elementor-element-populated\">\n\t\t\t\t\t\t<div class=\"elementor-element elementor-element-68c60ef elementor-widget elementor-widget-text-editor\" data-id=\"68c60ef\" data-element_type=\"widget\" data-e-type=\"widget\" data-widget_type=\"text-editor.default\">\n\t\t\t\t<div class=\"elementor-widget-container\">\n\t\t\t\t\t\t\t\t\t<p><strong>Levure s\u00e8che instantan\u00e9e<\/strong><\/p><p>Pasha est une des marques de levures s\u00e8ches instantan\u00e9es les plus r\u00e9put\u00e9es et les plus diffus\u00e9es \u00e0 travers le Monde. Cette marque est utilis\u00e9e depuis plusieurs dizaines d\u2019ann\u00e9es par des boulangers, qui sont \u00e0 la recherche de <b>fiabilit\u00e9 et de performance<\/b>. Utiliser la levure Pasha, c\u2019est utiliser <b>une des meilleures levures sur le march\u00e9<\/b> et ainsi travailler avec un <b>\u00ab\u00a0expert boulanger \u00e0 vos c\u00f4t\u00e9s\u00a0\u00bb<\/b>.<\/p><p>Son nom de marque fait r\u00e9f\u00e9rence aux dignitaires turcs de haut rang sous l\u2019empire Ottoman, qui faisaient partie de l\u2019\u00e9lite de la soci\u00e9t\u00e9 turque. C\u2019est ainsi que le nom Pasha a \u00e9t\u00e9 donn\u00e9 \u00e0 notre levure, en regard de sa tr\u00e8s haute qualit\u00e9, ce qui la rend incontournable du march\u00e9 de la boulangerie.<\/p><p>Emball\u00e9e sous vide d\u2019air, elle conserve toutes ses qualit\u00e9s durant une p\u00e9riode de 24 mois<\/p>\t\t\t\t\t\t\t\t<\/div>\n\t\t\t\t<\/div>\n\t\t\t\t<div class=\"elementor-element elementor-element-04c18a7 elementor-align-start elementor-widget__width-auto elementor-fixed elementor-icon-list--layout-traditional elementor-list-item-link-full_width elementor-widget elementor-widget-icon-list\" data-id=\"04c18a7\" data-element_type=\"widget\" data-e-type=\"widget\" data-settings=\"{&quot;_position&quot;:&quot;fixed&quot;}\" data-widget_type=\"icon-list.default\">\n\t\t\t\t<div class=\"elementor-widget-container\">\n\t\t\t\t\t\t\t<ul class=\"elementor-icon-list-items\">\n\t\t\t\t\t\t\t<li class=\"elementor-icon-list-item\">\n\t\t\t\t\t\t\t\t\t\t\t<a href=\"https:\/\/dosumaya.com.tr\/wp-content\/uploads\/2022\/09\/pasha-brochure-a4-500-gr.pdf\" target=\"_blank\" rel=\"nofollow\">\n\n\t\t\t\t\t\t\t\t\t\t\t\t<span class=\"elementor-icon-list-icon\">\n\t\t\t\t\t\t\t<i aria-hidden=\"true\" class=\"fas fa-download\"><\/i>\t\t\t\t\t\t<\/span>\n\t\t\t\t\t\t\t\t\t\t<span class=\"elementor-icon-list-text\">T\u00e9l\u00e9charger la<br \/>fiche produit<\/span>\n\t\t\t\t\t\t\t\t\t\t\t<\/a>\n\t\t\t\t\t\t\t\t\t<\/li>\n\t\t\t\t\t\t<\/ul>\n\t\t\t\t\t\t<\/div>\n\t\t\t\t<\/div>\n\t\t\t\t<div class=\"elementor-element elementor-element-1fbbab9 elementor-pagination-position-outside elementor-widget elementor-widget-image-carousel\" data-id=\"1fbbab9\" data-element_type=\"widget\" data-e-type=\"widget\" data-settings=\"{&quot;navigation&quot;:&quot;dots&quot;,&quot;autoplay&quot;:&quot;yes&quot;,&quot;pause_on_hover&quot;:&quot;yes&quot;,&quot;pause_on_interaction&quot;:&quot;yes&quot;,&quot;autoplay_speed&quot;:5000,&quot;infinite&quot;:&quot;yes&quot;,&quot;speed&quot;:500}\" data-widget_type=\"image-carousel.default\">\n\t\t\t\t<div class=\"elementor-widget-container\">\n\t\t\t\t\t\t\t<div class=\"elementor-image-carousel-wrapper swiper\" role=\"region\" aria-roledescription=\"carousel\" aria-label=\"Carrousel d\u2019images\" dir=\"ltr\">\n\t\t\t<div class=\"elementor-image-carousel swiper-wrapper\" aria-live=\"off\">\n\t\t\t\t\t\t\t\t<div class=\"swiper-slide\" role=\"group\" aria-roledescription=\"slide\" aria-label=\"1 sur 4\"><a data-elementor-open-lightbox=\"yes\" data-elementor-lightbox-slideshow=\"1fbbab9\" data-elementor-lightbox-title=\"pasha_100g\" data-e-action-hash=\"#elementor-action%3Aaction%3Dlightbox%26settings%3DeyJpZCI6MTM0MywidXJsIjoiaHR0cHM6XC9cL2Rvc3VtYXlhLmNvbS50clwvd3AtY29udGVudFwvdXBsb2Fkc1wvMjAyMlwvMTBcL3Bhc2hhXzEwMGcuanBnIiwic2xpZGVzaG93IjoiMWZiYmFiOSJ9\" href=\"https:\/\/dosumaya.com.tr\/wp-content\/uploads\/2022\/10\/pasha_100g.jpg\"><figure class=\"swiper-slide-inner\"><img decoding=\"async\" class=\"swiper-slide-image\" src=\"https:\/\/dosumaya.com.tr\/wp-content\/uploads\/2022\/10\/pasha_100g-234x300.jpg\" alt=\"pasha_100g\" \/><\/figure><\/a><\/div><div class=\"swiper-slide\" role=\"group\" aria-roledescription=\"slide\" aria-label=\"2 sur 4\"><a data-elementor-open-lightbox=\"yes\" data-elementor-lightbox-slideshow=\"1fbbab9\" data-elementor-lightbox-title=\"pasha_125g\" data-e-action-hash=\"#elementor-action%3Aaction%3Dlightbox%26settings%3DeyJpZCI6MTM0NywidXJsIjoiaHR0cHM6XC9cL2Rvc3VtYXlhLmNvbS50clwvd3AtY29udGVudFwvdXBsb2Fkc1wvMjAyMlwvMTBcL3Bhc2hhXzEyNWcuanBnIiwic2xpZGVzaG93IjoiMWZiYmFiOSJ9\" href=\"https:\/\/dosumaya.com.tr\/wp-content\/uploads\/2022\/10\/pasha_125g.jpg\"><figure class=\"swiper-slide-inner\"><img decoding=\"async\" class=\"swiper-slide-image\" src=\"https:\/\/dosumaya.com.tr\/wp-content\/uploads\/2022\/10\/pasha_125g-234x300.jpg\" alt=\"pasha_125g\" \/><\/figure><\/a><\/div><div class=\"swiper-slide\" role=\"group\" aria-roledescription=\"slide\" aria-label=\"3 sur 4\"><a data-elementor-open-lightbox=\"yes\" data-elementor-lightbox-slideshow=\"1fbbab9\" data-elementor-lightbox-title=\"pasha_450g\" data-e-action-hash=\"#elementor-action%3Aaction%3Dlightbox%26settings%3DeyJpZCI6MTM1MSwidXJsIjoiaHR0cHM6XC9cL2Rvc3VtYXlhLmNvbS50clwvd3AtY29udGVudFwvdXBsb2Fkc1wvMjAyMlwvMTBcL3Bhc2hhXzQ1MGcuanBnIiwic2xpZGVzaG93IjoiMWZiYmFiOSJ9\" href=\"https:\/\/dosumaya.com.tr\/wp-content\/uploads\/2022\/10\/pasha_450g.jpg\"><figure class=\"swiper-slide-inner\"><img decoding=\"async\" class=\"swiper-slide-image\" src=\"https:\/\/dosumaya.com.tr\/wp-content\/uploads\/2022\/10\/pasha_450g-234x300.jpg\" alt=\"pasha_450g\" \/><\/figure><\/a><\/div><div class=\"swiper-slide\" role=\"group\" aria-roledescription=\"slide\" aria-label=\"4 sur 4\"><a data-elementor-open-lightbox=\"yes\" data-elementor-lightbox-slideshow=\"1fbbab9\" data-elementor-lightbox-title=\"pasha_500g\" data-e-action-hash=\"#elementor-action%3Aaction%3Dlightbox%26settings%3DeyJpZCI6MTM1NSwidXJsIjoiaHR0cHM6XC9cL2Rvc3VtYXlhLmNvbS50clwvd3AtY29udGVudFwvdXBsb2Fkc1wvMjAyMlwvMTBcL3Bhc2hhXzUwMGcuanBnIiwic2xpZGVzaG93IjoiMWZiYmFiOSJ9\" href=\"https:\/\/dosumaya.com.tr\/wp-content\/uploads\/2022\/10\/pasha_500g.jpg\"><figure class=\"swiper-slide-inner\"><img decoding=\"async\" class=\"swiper-slide-image\" src=\"https:\/\/dosumaya.com.tr\/wp-content\/uploads\/2022\/10\/pasha_500g-234x300.jpg\" alt=\"pasha_500g\" \/><\/figure><\/a><\/div>\t\t\t<\/div>\n\t\t\t\t\t\t\t\n\t\t\t\t\t\t\t\t\t<div class=\"swiper-pagination\"><\/div>\n\t\t\t\t\t\t\t\t\t<\/div>\n\t\t\t\t\t\t<\/div>\n\t\t\t\t<\/div>\n\t\t\t\t\t<\/div>\n\t\t<\/div>\n\t\t\t\t\t<\/div>\n\t\t<\/section>\n\t\t\t\t\t<\/div>\n\t\t<\/div>\n\t\t\t\t\t<\/div>\n\t\t<\/section>\n\t\t\t\t<\/div>\n\t\t","protected":false},"excerpt":{"rendered":"<p>Pasha\u00ae L&rsquo;expert boulanger \u00e0 vos c\u00f4t\u00e9s Levure s\u00e8che instantan\u00e9e Pasha est une des marques de levures s\u00e8ches instantan\u00e9es les plus r\u00e9put\u00e9es et les plus diffus\u00e9es \u00e0 travers le Monde. Cette marque est utilis\u00e9e depuis plusieurs dizaines d\u2019ann\u00e9es par des boulangers, qui sont \u00e0 la recherche de fiabilit\u00e9 et de performance. Utiliser la levure Pasha, c\u2019est [&hellip;]<\/p>\n","protected":false},"author":1,"featured_media":138,"parent":31,"menu_order":0,"comment_status":"closed","ping_status":"closed","template":"","meta":{"footnotes":""},"class_list":["post-399","page","type-page","status-publish","has-post-thumbnail","hentry"],"yoast_head":"<!-- This site is optimized with the Yoast SEO plugin v27.4 - https:\/\/yoast.com\/product\/yoast-seo-wordpress\/ -->\n<title>Pasha\u00ae - DOSUMAYA Istanbul<\/title>\n<meta name=\"description\" content=\"Pasha\u00ae est une des marques de levures s\u00e8ches instantan\u00e9es les plus r\u00e9put\u00e9es et les plus diffus\u00e9es \u00e0 travers le Monde.\" \/>\n<meta name=\"robots\" content=\"index, follow, max-snippet:-1, max-image-preview:large, max-video-preview:-1\" \/>\n<link rel=\"canonical\" href=\"https:\/\/dosumaya.com.tr\/fr\/nos-gammes-de-produits\/pasha-rouge-500g\/\" \/>\n<meta property=\"og:locale\" content=\"fr_FR\" \/>\n<meta property=\"og:type\" content=\"article\" \/>\n<meta property=\"og:title\" content=\"Pasha\u00ae - DOSUMAYA Istanbul\" \/>\n<meta property=\"og:description\" content=\"Pasha\u00ae est une des marques de levures s\u00e8ches instantan\u00e9es les plus r\u00e9put\u00e9es et les plus diffus\u00e9es \u00e0 travers le Monde.\" \/>\n<meta property=\"og:url\" content=\"https:\/\/dosumaya.com.tr\/fr\/nos-gammes-de-produits\/pasha-rouge-500g\/\" \/>\n<meta property=\"og:site_name\" content=\"DOSUMAYA Istanbul\" \/>\n<meta property=\"article:modified_time\" content=\"2022-11-07T12:30:22+00:00\" \/>\n<meta property=\"og:image\" content=\"https:\/\/dosumaya.com.tr\/wp-content\/uploads\/2022\/06\/pasha-rouge.jpg\" \/>\n\t<meta property=\"og:image:width\" content=\"306\" \/>\n\t<meta property=\"og:image:height\" content=\"283\" \/>\n\t<meta property=\"og:image:type\" content=\"image\/jpeg\" \/>\n<meta name=\"twitter:card\" content=\"summary_large_image\" \/>\n<meta name=\"twitter:label1\" content=\"Dur\u00e9e de lecture estim\u00e9e\" \/>\n\t<meta name=\"twitter:data1\" content=\"3 minutes\" \/>\n<script type=\"application\/ld+json\" class=\"yoast-schema-graph\">{\"@context\":\"https:\\\/\\\/schema.org\",\"@graph\":[{\"@type\":\"WebPage\",\"@id\":\"https:\\\/\\\/dosumaya.com.tr\\\/fr\\\/nos-gammes-de-produits\\\/pasha-rouge-500g\\\/\",\"url\":\"https:\\\/\\\/dosumaya.com.tr\\\/fr\\\/nos-gammes-de-produits\\\/pasha-rouge-500g\\\/\",\"name\":\"Pasha\u00ae - DOSUMAYA Istanbul\",\"isPartOf\":{\"@id\":\"https:\\\/\\\/dosumaya.com.tr\\\/fr\\\/#website\"},\"primaryImageOfPage\":{\"@id\":\"https:\\\/\\\/dosumaya.com.tr\\\/fr\\\/nos-gammes-de-produits\\\/pasha-rouge-500g\\\/#primaryimage\"},\"image\":{\"@id\":\"https:\\\/\\\/dosumaya.com.tr\\\/fr\\\/nos-gammes-de-produits\\\/pasha-rouge-500g\\\/#primaryimage\"},\"thumbnailUrl\":\"https:\\\/\\\/dosumaya.com.tr\\\/wp-content\\\/uploads\\\/2022\\\/06\\\/pasha-rouge.jpg\",\"datePublished\":\"2022-06-15T16:26:07+00:00\",\"dateModified\":\"2022-11-07T12:30:22+00:00\",\"description\":\"Pasha\u00ae est une des marques de levures s\u00e8ches instantan\u00e9es les plus r\u00e9put\u00e9es et les plus diffus\u00e9es \u00e0 travers le Monde.\",\"breadcrumb\":{\"@id\":\"https:\\\/\\\/dosumaya.com.tr\\\/fr\\\/nos-gammes-de-produits\\\/pasha-rouge-500g\\\/#breadcrumb\"},\"inLanguage\":\"fr-FR\",\"potentialAction\":[{\"@type\":\"ReadAction\",\"target\":[\"https:\\\/\\\/dosumaya.com.tr\\\/fr\\\/nos-gammes-de-produits\\\/pasha-rouge-500g\\\/\"]}]},{\"@type\":\"ImageObject\",\"inLanguage\":\"fr-FR\",\"@id\":\"https:\\\/\\\/dosumaya.com.tr\\\/fr\\\/nos-gammes-de-produits\\\/pasha-rouge-500g\\\/#primaryimage\",\"url\":\"https:\\\/\\\/dosumaya.com.tr\\\/wp-content\\\/uploads\\\/2022\\\/06\\\/pasha-rouge.jpg\",\"contentUrl\":\"https:\\\/\\\/dosumaya.com.tr\\\/wp-content\\\/uploads\\\/2022\\\/06\\\/pasha-rouge.jpg\",\"width\":306,\"height\":283},{\"@type\":\"BreadcrumbList\",\"@id\":\"https:\\\/\\\/dosumaya.com.tr\\\/fr\\\/nos-gammes-de-produits\\\/pasha-rouge-500g\\\/#breadcrumb\",\"itemListElement\":[{\"@type\":\"ListItem\",\"position\":1,\"name\":\"Home\",\"item\":\"https:\\\/\\\/dosumaya.com.tr\\\/fr\\\/\"},{\"@type\":\"ListItem\",\"position\":2,\"name\":\"Notre gamme de produits\",\"item\":\"https:\\\/\\\/dosumaya.com.tr\\\/fr\\\/nos-gammes-de-produits\\\/\"},{\"@type\":\"ListItem\",\"position\":3,\"name\":\"Pasha\u00ae\"}]},{\"@type\":\"WebSite\",\"@id\":\"https:\\\/\\\/dosumaya.com.tr\\\/fr\\\/#website\",\"url\":\"https:\\\/\\\/dosumaya.com.tr\\\/fr\\\/\",\"name\":\"DOSUMAYA Istanbul\",\"description\":\"Istanbul DOSUMaya is a globally operating baking yeast producer\",\"publisher\":{\"@id\":\"https:\\\/\\\/dosumaya.com.tr\\\/fr\\\/#organization\"},\"potentialAction\":[{\"@type\":\"SearchAction\",\"target\":{\"@type\":\"EntryPoint\",\"urlTemplate\":\"https:\\\/\\\/dosumaya.com.tr\\\/fr\\\/?s={search_term_string}\"},\"query-input\":{\"@type\":\"PropertyValueSpecification\",\"valueRequired\":true,\"valueName\":\"search_term_string\"}}],\"inLanguage\":\"fr-FR\"},{\"@type\":\"Organization\",\"@id\":\"https:\\\/\\\/dosumaya.com.tr\\\/fr\\\/#organization\",\"name\":\"DOSUMAYA Istanbul\",\"url\":\"https:\\\/\\\/dosumaya.com.tr\\\/fr\\\/\",\"logo\":{\"@type\":\"ImageObject\",\"inLanguage\":\"fr-FR\",\"@id\":\"https:\\\/\\\/dosumaya.com.tr\\\/fr\\\/#\\\/schema\\\/logo\\\/image\\\/\",\"url\":\"https:\\\/\\\/dosumaya.com.tr\\\/wp-content\\\/uploads\\\/2022\\\/06\\\/dosu-logo.jpg\",\"contentUrl\":\"https:\\\/\\\/dosumaya.com.tr\\\/wp-content\\\/uploads\\\/2022\\\/06\\\/dosu-logo.jpg\",\"width\":300,\"height\":300,\"caption\":\"DOSUMAYA Istanbul\"},\"image\":{\"@id\":\"https:\\\/\\\/dosumaya.com.tr\\\/fr\\\/#\\\/schema\\\/logo\\\/image\\\/\"}}]}<\/script>\n<!-- \/ Yoast SEO plugin. -->","yoast_head_json":{"title":"Pasha\u00ae - DOSUMAYA Istanbul","description":"Pasha\u00ae est une des marques de levures s\u00e8ches instantan\u00e9es les plus r\u00e9put\u00e9es et les plus diffus\u00e9es \u00e0 travers le Monde.","robots":{"index":"index","follow":"follow","max-snippet":"max-snippet:-1","max-image-preview":"max-image-preview:large","max-video-preview":"max-video-preview:-1"},"canonical":"https:\/\/dosumaya.com.tr\/fr\/nos-gammes-de-produits\/pasha-rouge-500g\/","og_locale":"fr_FR","og_type":"article","og_title":"Pasha\u00ae - DOSUMAYA Istanbul","og_description":"Pasha\u00ae est une des marques de levures s\u00e8ches instantan\u00e9es les plus r\u00e9put\u00e9es et les plus diffus\u00e9es \u00e0 travers le Monde.","og_url":"https:\/\/dosumaya.com.tr\/fr\/nos-gammes-de-produits\/pasha-rouge-500g\/","og_site_name":"DOSUMAYA Istanbul","article_modified_time":"2022-11-07T12:30:22+00:00","og_image":[{"width":306,"height":283,"url":"https:\/\/dosumaya.com.tr\/wp-content\/uploads\/2022\/06\/pasha-rouge.jpg","type":"image\/jpeg"}],"twitter_card":"summary_large_image","twitter_misc":{"Dur\u00e9e de lecture estim\u00e9e":"3 minutes"},"schema":{"@context":"https:\/\/schema.org","@graph":[{"@type":"WebPage","@id":"https:\/\/dosumaya.com.tr\/fr\/nos-gammes-de-produits\/pasha-rouge-500g\/","url":"https:\/\/dosumaya.com.tr\/fr\/nos-gammes-de-produits\/pasha-rouge-500g\/","name":"Pasha\u00ae - DOSUMAYA Istanbul","isPartOf":{"@id":"https:\/\/dosumaya.com.tr\/fr\/#website"},"primaryImageOfPage":{"@id":"https:\/\/dosumaya.com.tr\/fr\/nos-gammes-de-produits\/pasha-rouge-500g\/#primaryimage"},"image":{"@id":"https:\/\/dosumaya.com.tr\/fr\/nos-gammes-de-produits\/pasha-rouge-500g\/#primaryimage"},"thumbnailUrl":"https:\/\/dosumaya.com.tr\/wp-content\/uploads\/2022\/06\/pasha-rouge.jpg","datePublished":"2022-06-15T16:26:07+00:00","dateModified":"2022-11-07T12:30:22+00:00","description":"Pasha\u00ae est une des marques de levures s\u00e8ches instantan\u00e9es les plus r\u00e9put\u00e9es et les plus diffus\u00e9es \u00e0 travers le Monde.","breadcrumb":{"@id":"https:\/\/dosumaya.com.tr\/fr\/nos-gammes-de-produits\/pasha-rouge-500g\/#breadcrumb"},"inLanguage":"fr-FR","potentialAction":[{"@type":"ReadAction","target":["https:\/\/dosumaya.com.tr\/fr\/nos-gammes-de-produits\/pasha-rouge-500g\/"]}]},{"@type":"ImageObject","inLanguage":"fr-FR","@id":"https:\/\/dosumaya.com.tr\/fr\/nos-gammes-de-produits\/pasha-rouge-500g\/#primaryimage","url":"https:\/\/dosumaya.com.tr\/wp-content\/uploads\/2022\/06\/pasha-rouge.jpg","contentUrl":"https:\/\/dosumaya.com.tr\/wp-content\/uploads\/2022\/06\/pasha-rouge.jpg","width":306,"height":283},{"@type":"BreadcrumbList","@id":"https:\/\/dosumaya.com.tr\/fr\/nos-gammes-de-produits\/pasha-rouge-500g\/#breadcrumb","itemListElement":[{"@type":"ListItem","position":1,"name":"Home","item":"https:\/\/dosumaya.com.tr\/fr\/"},{"@type":"ListItem","position":2,"name":"Notre gamme de produits","item":"https:\/\/dosumaya.com.tr\/fr\/nos-gammes-de-produits\/"},{"@type":"ListItem","position":3,"name":"Pasha\u00ae"}]},{"@type":"WebSite","@id":"https:\/\/dosumaya.com.tr\/fr\/#website","url":"https:\/\/dosumaya.com.tr\/fr\/","name":"DOSUMAYA Istanbul","description":"Istanbul DOSUMaya is a globally operating baking yeast producer","publisher":{"@id":"https:\/\/dosumaya.com.tr\/fr\/#organization"},"potentialAction":[{"@type":"SearchAction","target":{"@type":"EntryPoint","urlTemplate":"https:\/\/dosumaya.com.tr\/fr\/?s={search_term_string}"},"query-input":{"@type":"PropertyValueSpecification","valueRequired":true,"valueName":"search_term_string"}}],"inLanguage":"fr-FR"},{"@type":"Organization","@id":"https:\/\/dosumaya.com.tr\/fr\/#organization","name":"DOSUMAYA Istanbul","url":"https:\/\/dosumaya.com.tr\/fr\/","logo":{"@type":"ImageObject","inLanguage":"fr-FR","@id":"https:\/\/dosumaya.com.tr\/fr\/#\/schema\/logo\/image\/","url":"https:\/\/dosumaya.com.tr\/wp-content\/uploads\/2022\/06\/dosu-logo.jpg","contentUrl":"https:\/\/dosumaya.com.tr\/wp-content\/uploads\/2022\/06\/dosu-logo.jpg","width":300,"height":300,"caption":"DOSUMAYA Istanbul"},"image":{"@id":"https:\/\/dosumaya.com.tr\/fr\/#\/schema\/logo\/image\/"}}]}},"_links":{"self":[{"href":"https:\/\/dosumaya.com.tr\/fr\/wp-json\/wp\/v2\/pages\/399","targetHints":{"allow":["GET"]}}],"collection":[{"href":"https:\/\/dosumaya.com.tr\/fr\/wp-json\/wp\/v2\/pages"}],"about":[{"href":"https:\/\/dosumaya.com.tr\/fr\/wp-json\/wp\/v2\/types\/page"}],"author":[{"embeddable":true,"href":"https:\/\/dosumaya.com.tr\/fr\/wp-json\/wp\/v2\/users\/1"}],"replies":[{"embeddable":true,"href":"https:\/\/dosumaya.com.tr\/fr\/wp-json\/wp\/v2\/comments?post=399"}],"version-history":[{"count":48,"href":"https:\/\/dosumaya.com.tr\/fr\/wp-json\/wp\/v2\/pages\/399\/revisions"}],"predecessor-version":[{"id":1824,"href":"https:\/\/dosumaya.com.tr\/fr\/wp-json\/wp\/v2\/pages\/399\/revisions\/1824"}],"up":[{"embeddable":true,"href":"https:\/\/dosumaya.com.tr\/fr\/wp-json\/wp\/v2\/pages\/31"}],"wp:featuredmedia":[{"embeddable":true,"href":"https:\/\/dosumaya.com.tr\/fr\/wp-json\/wp\/v2\/media\/138"}],"wp:attachment":[{"href":"https:\/\/dosumaya.com.tr\/fr\/wp-json\/wp\/v2\/media?parent=399"}],"curies":[{"name":"wp","href":"https:\/\/api.w.org\/{rel}","templated":true}]}}