{"id":456,"date":"2022-06-15T16:54:37","date_gmt":"2022-06-15T16:54:37","guid":{"rendered":"https:\/\/dosumaya.com.tr\/?page_id=456"},"modified":"2022-11-07T12:38:32","modified_gmt":"2022-11-07T12:38:32","slug":"panther-2en1-500g","status":"publish","type":"page","link":"https:\/\/dosumaya.com.tr\/fr\/nos-gammes-de-produits\/panther-2en1-500g\/","title":{"rendered":"Panther"},"content":{"rendered":"\t\t<div data-elementor-type=\"wp-page\" data-elementor-id=\"456\" class=\"elementor elementor-456\" data-elementor-post-type=\"page\">\n\t\t\t\t\t\t<section class=\"elementor-section elementor-top-section elementor-element elementor-element-5a0f1c61 elementor-section-full_width elementor-section-height-default elementor-section-height-default\" data-id=\"5a0f1c61\" data-element_type=\"section\" data-e-type=\"section\">\n\t\t\t\t\t\t<div class=\"elementor-container elementor-column-gap-no\">\n\t\t\t\t\t<div class=\"elementor-column elementor-col-100 elementor-top-column elementor-element elementor-element-32a80b4d\" data-id=\"32a80b4d\" data-element_type=\"column\" data-e-type=\"column\">\n\t\t\t<div class=\"elementor-widget-wrap elementor-element-populated\">\n\t\t\t\t\t\t<div class=\"elementor-element elementor-element-f04ea47 elementor-invisible elementor-widget elementor-widget-heading\" data-id=\"f04ea47\" data-element_type=\"widget\" data-e-type=\"widget\" data-settings=\"{&quot;_animation&quot;:&quot;fadeInUp&quot;}\" data-widget_type=\"heading.default\">\n\t\t\t\t<div class=\"elementor-widget-container\">\n\t\t\t\t\t<h1 class=\"elementor-heading-title elementor-size-default\">Panther<sup>\u00ae<\/sup><\/h1>\t\t\t\t<\/div>\n\t\t\t\t<\/div>\n\t\t\t\t<div class=\"elementor-element elementor-element-773ac2fe elementor-widget__width-auto elementor-widget elementor-widget-heading\" data-id=\"773ac2fe\" data-element_type=\"widget\" data-e-type=\"widget\" data-widget_type=\"heading.default\">\n\t\t\t\t<div class=\"elementor-widget-container\">\n\t\t\t\t\t<h6 class=\"elementor-heading-title elementor-size-default\">F\u00e9rocement efficace<\/h6>\t\t\t\t<\/div>\n\t\t\t\t<\/div>\n\t\t\t\t\t<\/div>\n\t\t<\/div>\n\t\t\t\t\t<\/div>\n\t\t<\/section>\n\t\t\t\t<section class=\"elementor-section elementor-top-section elementor-element elementor-element-e63aa40 elementor-section-full_width elementor-section-height-default elementor-section-height-default\" data-id=\"e63aa40\" data-element_type=\"section\" data-e-type=\"section\">\n\t\t\t\t\t\t<div class=\"elementor-container elementor-column-gap-no\">\n\t\t\t\t\t<div class=\"elementor-column elementor-col-100 elementor-top-column elementor-element elementor-element-1da48fd\" data-id=\"1da48fd\" data-element_type=\"column\" data-e-type=\"column\">\n\t\t\t<div class=\"elementor-widget-wrap elementor-element-populated\">\n\t\t\t\t\t\t<section class=\"elementor-section elementor-inner-section elementor-element elementor-element-75d32cf elementor-section-full_width elementor-section-content-top elementor-section-height-default elementor-section-height-default\" data-id=\"75d32cf\" data-element_type=\"section\" data-e-type=\"section\">\n\t\t\t\t\t\t<div class=\"elementor-container elementor-column-gap-no\">\n\t\t\t\t\t<div class=\"elementor-column elementor-col-50 elementor-inner-column elementor-element elementor-element-4f61b98\" data-id=\"4f61b98\" data-element_type=\"column\" data-e-type=\"column\">\n\t\t\t<div class=\"elementor-widget-wrap elementor-element-populated\">\n\t\t\t\t\t\t<div class=\"elementor-element elementor-element-4d261e0 elementor-widget elementor-widget-image\" data-id=\"4d261e0\" data-element_type=\"widget\" data-e-type=\"widget\" data-widget_type=\"image.default\">\n\t\t\t\t<div class=\"elementor-widget-container\">\n\t\t\t\t\t\t\t\t\t\t\t\t\t\t\t<img fetchpriority=\"high\" decoding=\"async\" width=\"1364\" height=\"1920\" src=\"https:\/\/dosumaya.com.tr\/wp-content\/uploads\/2022\/06\/panther-1.jpg\" class=\"attachment-full size-full wp-image-458\" alt=\"\" srcset=\"https:\/\/dosumaya.com.tr\/wp-content\/uploads\/2022\/06\/panther-1.jpg 1364w, https:\/\/dosumaya.com.tr\/wp-content\/uploads\/2022\/06\/panther-1-213x300.jpg 213w, https:\/\/dosumaya.com.tr\/wp-content\/uploads\/2022\/06\/panther-1-727x1024.jpg 727w, https:\/\/dosumaya.com.tr\/wp-content\/uploads\/2022\/06\/panther-1-768x1081.jpg 768w, https:\/\/dosumaya.com.tr\/wp-content\/uploads\/2022\/06\/panther-1-1091x1536.jpg 1091w\" sizes=\"(max-width: 1364px) 100vw, 1364px\" \/>\t\t\t\t\t\t\t\t\t\t\t\t\t\t\t<\/div>\n\t\t\t\t<\/div>\n\t\t\t\t\t<\/div>\n\t\t<\/div>\n\t\t\t\t<div class=\"elementor-column elementor-col-50 elementor-inner-column elementor-element elementor-element-5d6e788\" data-id=\"5d6e788\" data-element_type=\"column\" data-e-type=\"column\">\n\t\t\t<div class=\"elementor-widget-wrap elementor-element-populated\">\n\t\t\t\t\t\t<div class=\"elementor-element elementor-element-09a0ff0 elementor-align-end elementor-widget__width-auto elementor-fixed elementor-icon-list--layout-traditional elementor-list-item-link-full_width elementor-widget elementor-widget-icon-list\" data-id=\"09a0ff0\" data-element_type=\"widget\" data-e-type=\"widget\" data-settings=\"{&quot;_position&quot;:&quot;fixed&quot;}\" data-widget_type=\"icon-list.default\">\n\t\t\t\t<div class=\"elementor-widget-container\">\n\t\t\t\t\t\t\t<ul class=\"elementor-icon-list-items\">\n\t\t\t\t\t\t\t<li class=\"elementor-icon-list-item\">\n\t\t\t\t\t\t\t\t\t\t\t<a href=\"https:\/\/dosumaya.com.tr\/wp-content\/uploads\/2022\/09\/panther-brochure-a4-500-gr.pdf\" target=\"_blank\" rel=\"nofollow\">\n\n\t\t\t\t\t\t\t\t\t\t\t\t<span class=\"elementor-icon-list-icon\">\n\t\t\t\t\t\t\t<i aria-hidden=\"true\" class=\"fas fa-download\"><\/i>\t\t\t\t\t\t<\/span>\n\t\t\t\t\t\t\t\t\t\t<span class=\"elementor-icon-list-text\">T\u00e9l\u00e9charger la<br \/>fiche produit<\/span>\n\t\t\t\t\t\t\t\t\t\t\t<\/a>\n\t\t\t\t\t\t\t\t\t<\/li>\n\t\t\t\t\t\t<\/ul>\n\t\t\t\t\t\t<\/div>\n\t\t\t\t<\/div>\n\t\t\t\t<div class=\"elementor-element elementor-element-68c60ef elementor-widget elementor-widget-text-editor\" data-id=\"68c60ef\" data-element_type=\"widget\" data-e-type=\"widget\" data-widget_type=\"text-editor.default\">\n\t\t\t\t<div class=\"elementor-widget-container\">\n\t\t\t\t\t\t\t\t\tEn utilisant la Panther<sup>\u00ae<\/sup> 2 en 1, vous avez un <b>concentr\u00e9 d\u2019\u00e9nergie et d\u2019efficacit\u00e9\u00a0<\/b>dans votre p\u00e9trin.\n\nSymbole de puissance depuis la nuit des temps, la panth\u00e8re est l\u2019embl\u00e8me de cette levure 2 en 1, car tout est r\u00e9uni dans cette solution pour garantir aux boulangers des pains de qualit\u00e9 en toute simplicit\u00e9.\n\nCombinant levure et am\u00e9liorant de panification, cette solution boulang\u00e8re est \u00ab\u00a0<b>F\u00e9rocement efficace\u00a0\u00bb, <\/b>car elle assemble les propri\u00e9t\u00e9s fermentaires d\u2019une levure de haute qualit\u00e9 avec les propri\u00e9t\u00e9s de volume et tol\u00e9rance des am\u00e9liorants de panification.\n<strong>Gold<\/strong><\/p>\nLa version \u00ab\u00a0gold\u00a0\u00bb de Panther<sup>\u00ae<\/sup> permet d&rsquo;exceller dans la production de produits de panification dont la teneur en sucre est sup\u00e9rieure \u00e0 5%, gr\u00e2ce \u00e0 une souche particuli\u00e8re adapt\u00e9e aux environnements sucr\u00e9s.<\/p>\t\t\t\t\t\t\t\t<\/div>\n\t\t\t\t<\/div>\n\t\t\t\t<div class=\"elementor-element elementor-element-1fbbab9 elementor-pagination-position-outside elementor-widget elementor-widget-image-carousel\" data-id=\"1fbbab9\" data-element_type=\"widget\" data-e-type=\"widget\" data-settings=\"{&quot;navigation&quot;:&quot;dots&quot;,&quot;slides_to_show&quot;:&quot;2&quot;,&quot;autoplay&quot;:&quot;yes&quot;,&quot;pause_on_hover&quot;:&quot;yes&quot;,&quot;pause_on_interaction&quot;:&quot;yes&quot;,&quot;autoplay_speed&quot;:5000,&quot;infinite&quot;:&quot;yes&quot;,&quot;speed&quot;:500}\" data-widget_type=\"image-carousel.default\">\n\t\t\t\t<div class=\"elementor-widget-container\">\n\t\t\t\t\t\t\t<div class=\"elementor-image-carousel-wrapper swiper\" role=\"region\" aria-roledescription=\"carousel\" aria-label=\"Carrousel d\u2019images\" dir=\"ltr\">\n\t\t\t<div class=\"elementor-image-carousel swiper-wrapper\" aria-live=\"off\">\n\t\t\t\t\t\t\t\t<div class=\"swiper-slide\" role=\"group\" aria-roledescription=\"slide\" aria-label=\"1 sur 2\"><a data-elementor-open-lightbox=\"yes\" data-elementor-lightbox-slideshow=\"1fbbab9\" data-elementor-lightbox-title=\"Panther-Gold-500g\" data-e-action-hash=\"#elementor-action%3Aaction%3Dlightbox%26settings%3DeyJpZCI6MTM3OSwidXJsIjoiaHR0cHM6XC9cL2Rvc3VtYXlhLmNvbS50clwvd3AtY29udGVudFwvdXBsb2Fkc1wvMjAyMlwvMTBcL3BhbnRoZXItZ29sZC01MDBnLmpwZyIsInNsaWRlc2hvdyI6IjFmYmJhYjkifQ%3D%3D\" href=\"https:\/\/dosumaya.com.tr\/wp-content\/uploads\/2022\/10\/panther-gold-500g.jpg\"><figure class=\"swiper-slide-inner\"><img decoding=\"async\" class=\"swiper-slide-image\" src=\"https:\/\/dosumaya.com.tr\/wp-content\/uploads\/2022\/10\/panther-gold-500g-234x300.jpg\" alt=\"Panther-Gold-500g\" \/><\/figure><\/a><\/div><div class=\"swiper-slide\" role=\"group\" aria-roledescription=\"slide\" aria-label=\"2 sur 2\"><a data-elementor-open-lightbox=\"yes\" data-elementor-lightbox-slideshow=\"1fbbab9\" data-elementor-lightbox-title=\"Panther 2in1 Carton 3D Dummy\" data-e-action-hash=\"#elementor-action%3Aaction%3Dlightbox%26settings%3DeyJpZCI6NDY5LCJ1cmwiOiJodHRwczpcL1wvZG9zdW1heWEuY29tLnRyXC93cC1jb250ZW50XC91cGxvYWRzXC8yMDIyXC8wNlwvcGFudGhlci0yaW4xLWNhcnRvbi0zZC1kdW1teS1zY2FsZWQuanBnIiwic2xpZGVzaG93IjoiMWZiYmFiOSJ9\" href=\"https:\/\/dosumaya.com.tr\/wp-content\/uploads\/2022\/06\/panther-2in1-carton-3d-dummy-scaled.jpg\"><figure class=\"swiper-slide-inner\"><img decoding=\"async\" class=\"swiper-slide-image\" src=\"https:\/\/dosumaya.com.tr\/wp-content\/uploads\/2022\/06\/panther-2in1-carton-3d-dummy-300x212.jpg\" alt=\"Panther 2in1 Carton 3D Dummy\" \/><\/figure><\/a><\/div>\t\t\t<\/div>\n\t\t\t\t\t\t\t\n\t\t\t\t\t\t\t\t\t<div class=\"swiper-pagination\"><\/div>\n\t\t\t\t\t\t\t\t\t<\/div>\n\t\t\t\t\t\t<\/div>\n\t\t\t\t<\/div>\n\t\t\t\t\t<\/div>\n\t\t<\/div>\n\t\t\t\t\t<\/div>\n\t\t<\/section>\n\t\t\t\t\t<\/div>\n\t\t<\/div>\n\t\t\t\t\t<\/div>\n\t\t<\/section>\n\t\t\t\t<\/div>\n\t\t","protected":false},"excerpt":{"rendered":"<p>Panther\u00ae F\u00e9rocement efficace T\u00e9l\u00e9charger lafiche produit En utilisant la Panther\u00ae 2 en 1, vous avez un concentr\u00e9 d\u2019\u00e9nergie et d\u2019efficacit\u00e9\u00a0dans votre p\u00e9trin. Symbole de puissance depuis la nuit des temps, la panth\u00e8re est l\u2019embl\u00e8me de cette levure 2 en 1, car tout est r\u00e9uni dans cette solution pour garantir aux boulangers des pains de qualit\u00e9 [&hellip;]<\/p>\n","protected":false},"author":1,"featured_media":458,"parent":31,"menu_order":0,"comment_status":"closed","ping_status":"closed","template":"","meta":{"footnotes":""},"class_list":["post-456","page","type-page","status-publish","has-post-thumbnail","hentry"],"yoast_head":"<!-- This site is optimized with the Yoast SEO plugin v27.4 - https:\/\/yoast.com\/product\/yoast-seo-wordpress\/ -->\n<title>Panther - DOSUMAYA Istanbul<\/title>\n<meta name=\"description\" content=\"En utilisant la levure Panther\u00ae 2 en 1, vous avez un concentr\u00e9 d\u2019\u00e9nergie et d\u2019efficacit\u00e9 dans votre p\u00e9trin.\" \/>\n<meta name=\"robots\" content=\"index, follow, max-snippet:-1, max-image-preview:large, max-video-preview:-1\" \/>\n<link rel=\"canonical\" href=\"https:\/\/dosumaya.com.tr\/fr\/nos-gammes-de-produits\/panther-2en1-500g\/\" \/>\n<meta property=\"og:locale\" content=\"fr_FR\" \/>\n<meta property=\"og:type\" content=\"article\" \/>\n<meta property=\"og:title\" content=\"Panther - DOSUMAYA Istanbul\" \/>\n<meta property=\"og:description\" content=\"En utilisant la levure Panther\u00ae 2 en 1, vous avez un concentr\u00e9 d\u2019\u00e9nergie et d\u2019efficacit\u00e9 dans votre p\u00e9trin.\" \/>\n<meta property=\"og:url\" content=\"https:\/\/dosumaya.com.tr\/fr\/nos-gammes-de-produits\/panther-2en1-500g\/\" \/>\n<meta property=\"og:site_name\" content=\"DOSUMAYA Istanbul\" \/>\n<meta property=\"article:modified_time\" content=\"2022-11-07T12:38:32+00:00\" \/>\n<meta property=\"og:image\" content=\"https:\/\/dosumaya.com.tr\/wp-content\/uploads\/2022\/06\/panther-1.jpg\" \/>\n\t<meta property=\"og:image:width\" content=\"1364\" \/>\n\t<meta property=\"og:image:height\" content=\"1920\" \/>\n\t<meta property=\"og:image:type\" content=\"image\/jpeg\" \/>\n<meta name=\"twitter:card\" content=\"summary_large_image\" \/>\n<meta name=\"twitter:label1\" content=\"Dur\u00e9e de lecture estim\u00e9e\" \/>\n\t<meta name=\"twitter:data1\" content=\"3 minutes\" \/>\n<script type=\"application\/ld+json\" class=\"yoast-schema-graph\">{\"@context\":\"https:\\\/\\\/schema.org\",\"@graph\":[{\"@type\":\"WebPage\",\"@id\":\"https:\\\/\\\/dosumaya.com.tr\\\/fr\\\/nos-gammes-de-produits\\\/panther-2en1-500g\\\/\",\"url\":\"https:\\\/\\\/dosumaya.com.tr\\\/fr\\\/nos-gammes-de-produits\\\/panther-2en1-500g\\\/\",\"name\":\"Panther - DOSUMAYA Istanbul\",\"isPartOf\":{\"@id\":\"https:\\\/\\\/dosumaya.com.tr\\\/fr\\\/#website\"},\"primaryImageOfPage\":{\"@id\":\"https:\\\/\\\/dosumaya.com.tr\\\/fr\\\/nos-gammes-de-produits\\\/panther-2en1-500g\\\/#primaryimage\"},\"image\":{\"@id\":\"https:\\\/\\\/dosumaya.com.tr\\\/fr\\\/nos-gammes-de-produits\\\/panther-2en1-500g\\\/#primaryimage\"},\"thumbnailUrl\":\"https:\\\/\\\/dosumaya.com.tr\\\/wp-content\\\/uploads\\\/2022\\\/06\\\/panther-1.jpg\",\"datePublished\":\"2022-06-15T16:54:37+00:00\",\"dateModified\":\"2022-11-07T12:38:32+00:00\",\"description\":\"En utilisant la levure Panther\u00ae 2 en 1, vous avez un concentr\u00e9 d\u2019\u00e9nergie et d\u2019efficacit\u00e9 dans votre p\u00e9trin.\",\"breadcrumb\":{\"@id\":\"https:\\\/\\\/dosumaya.com.tr\\\/fr\\\/nos-gammes-de-produits\\\/panther-2en1-500g\\\/#breadcrumb\"},\"inLanguage\":\"fr-FR\",\"potentialAction\":[{\"@type\":\"ReadAction\",\"target\":[\"https:\\\/\\\/dosumaya.com.tr\\\/fr\\\/nos-gammes-de-produits\\\/panther-2en1-500g\\\/\"]}]},{\"@type\":\"ImageObject\",\"inLanguage\":\"fr-FR\",\"@id\":\"https:\\\/\\\/dosumaya.com.tr\\\/fr\\\/nos-gammes-de-produits\\\/panther-2en1-500g\\\/#primaryimage\",\"url\":\"https:\\\/\\\/dosumaya.com.tr\\\/wp-content\\\/uploads\\\/2022\\\/06\\\/panther-1.jpg\",\"contentUrl\":\"https:\\\/\\\/dosumaya.com.tr\\\/wp-content\\\/uploads\\\/2022\\\/06\\\/panther-1.jpg\",\"width\":1364,\"height\":1920},{\"@type\":\"BreadcrumbList\",\"@id\":\"https:\\\/\\\/dosumaya.com.tr\\\/fr\\\/nos-gammes-de-produits\\\/panther-2en1-500g\\\/#breadcrumb\",\"itemListElement\":[{\"@type\":\"ListItem\",\"position\":1,\"name\":\"Home\",\"item\":\"https:\\\/\\\/dosumaya.com.tr\\\/fr\\\/\"},{\"@type\":\"ListItem\",\"position\":2,\"name\":\"Notre gamme de produits\",\"item\":\"https:\\\/\\\/dosumaya.com.tr\\\/fr\\\/nos-gammes-de-produits\\\/\"},{\"@type\":\"ListItem\",\"position\":3,\"name\":\"Panther\"}]},{\"@type\":\"WebSite\",\"@id\":\"https:\\\/\\\/dosumaya.com.tr\\\/fr\\\/#website\",\"url\":\"https:\\\/\\\/dosumaya.com.tr\\\/fr\\\/\",\"name\":\"DOSUMAYA Istanbul\",\"description\":\"Istanbul DOSUMaya is a globally operating baking yeast producer\",\"publisher\":{\"@id\":\"https:\\\/\\\/dosumaya.com.tr\\\/fr\\\/#organization\"},\"potentialAction\":[{\"@type\":\"SearchAction\",\"target\":{\"@type\":\"EntryPoint\",\"urlTemplate\":\"https:\\\/\\\/dosumaya.com.tr\\\/fr\\\/?s={search_term_string}\"},\"query-input\":{\"@type\":\"PropertyValueSpecification\",\"valueRequired\":true,\"valueName\":\"search_term_string\"}}],\"inLanguage\":\"fr-FR\"},{\"@type\":\"Organization\",\"@id\":\"https:\\\/\\\/dosumaya.com.tr\\\/fr\\\/#organization\",\"name\":\"DOSUMAYA Istanbul\",\"url\":\"https:\\\/\\\/dosumaya.com.tr\\\/fr\\\/\",\"logo\":{\"@type\":\"ImageObject\",\"inLanguage\":\"fr-FR\",\"@id\":\"https:\\\/\\\/dosumaya.com.tr\\\/fr\\\/#\\\/schema\\\/logo\\\/image\\\/\",\"url\":\"https:\\\/\\\/dosumaya.com.tr\\\/wp-content\\\/uploads\\\/2022\\\/06\\\/dosu-logo.jpg\",\"contentUrl\":\"https:\\\/\\\/dosumaya.com.tr\\\/wp-content\\\/uploads\\\/2022\\\/06\\\/dosu-logo.jpg\",\"width\":300,\"height\":300,\"caption\":\"DOSUMAYA Istanbul\"},\"image\":{\"@id\":\"https:\\\/\\\/dosumaya.com.tr\\\/fr\\\/#\\\/schema\\\/logo\\\/image\\\/\"}}]}<\/script>\n<!-- \/ Yoast SEO plugin. -->","yoast_head_json":{"title":"Panther - DOSUMAYA Istanbul","description":"En utilisant la levure Panther\u00ae 2 en 1, vous avez un concentr\u00e9 d\u2019\u00e9nergie et d\u2019efficacit\u00e9 dans votre p\u00e9trin.","robots":{"index":"index","follow":"follow","max-snippet":"max-snippet:-1","max-image-preview":"max-image-preview:large","max-video-preview":"max-video-preview:-1"},"canonical":"https:\/\/dosumaya.com.tr\/fr\/nos-gammes-de-produits\/panther-2en1-500g\/","og_locale":"fr_FR","og_type":"article","og_title":"Panther - DOSUMAYA Istanbul","og_description":"En utilisant la levure Panther\u00ae 2 en 1, vous avez un concentr\u00e9 d\u2019\u00e9nergie et d\u2019efficacit\u00e9 dans votre p\u00e9trin.","og_url":"https:\/\/dosumaya.com.tr\/fr\/nos-gammes-de-produits\/panther-2en1-500g\/","og_site_name":"DOSUMAYA Istanbul","article_modified_time":"2022-11-07T12:38:32+00:00","og_image":[{"width":1364,"height":1920,"url":"https:\/\/dosumaya.com.tr\/wp-content\/uploads\/2022\/06\/panther-1.jpg","type":"image\/jpeg"}],"twitter_card":"summary_large_image","twitter_misc":{"Dur\u00e9e de lecture estim\u00e9e":"3 minutes"},"schema":{"@context":"https:\/\/schema.org","@graph":[{"@type":"WebPage","@id":"https:\/\/dosumaya.com.tr\/fr\/nos-gammes-de-produits\/panther-2en1-500g\/","url":"https:\/\/dosumaya.com.tr\/fr\/nos-gammes-de-produits\/panther-2en1-500g\/","name":"Panther - DOSUMAYA Istanbul","isPartOf":{"@id":"https:\/\/dosumaya.com.tr\/fr\/#website"},"primaryImageOfPage":{"@id":"https:\/\/dosumaya.com.tr\/fr\/nos-gammes-de-produits\/panther-2en1-500g\/#primaryimage"},"image":{"@id":"https:\/\/dosumaya.com.tr\/fr\/nos-gammes-de-produits\/panther-2en1-500g\/#primaryimage"},"thumbnailUrl":"https:\/\/dosumaya.com.tr\/wp-content\/uploads\/2022\/06\/panther-1.jpg","datePublished":"2022-06-15T16:54:37+00:00","dateModified":"2022-11-07T12:38:32+00:00","description":"En utilisant la levure Panther\u00ae 2 en 1, vous avez un concentr\u00e9 d\u2019\u00e9nergie et d\u2019efficacit\u00e9 dans votre p\u00e9trin.","breadcrumb":{"@id":"https:\/\/dosumaya.com.tr\/fr\/nos-gammes-de-produits\/panther-2en1-500g\/#breadcrumb"},"inLanguage":"fr-FR","potentialAction":[{"@type":"ReadAction","target":["https:\/\/dosumaya.com.tr\/fr\/nos-gammes-de-produits\/panther-2en1-500g\/"]}]},{"@type":"ImageObject","inLanguage":"fr-FR","@id":"https:\/\/dosumaya.com.tr\/fr\/nos-gammes-de-produits\/panther-2en1-500g\/#primaryimage","url":"https:\/\/dosumaya.com.tr\/wp-content\/uploads\/2022\/06\/panther-1.jpg","contentUrl":"https:\/\/dosumaya.com.tr\/wp-content\/uploads\/2022\/06\/panther-1.jpg","width":1364,"height":1920},{"@type":"BreadcrumbList","@id":"https:\/\/dosumaya.com.tr\/fr\/nos-gammes-de-produits\/panther-2en1-500g\/#breadcrumb","itemListElement":[{"@type":"ListItem","position":1,"name":"Home","item":"https:\/\/dosumaya.com.tr\/fr\/"},{"@type":"ListItem","position":2,"name":"Notre gamme de produits","item":"https:\/\/dosumaya.com.tr\/fr\/nos-gammes-de-produits\/"},{"@type":"ListItem","position":3,"name":"Panther"}]},{"@type":"WebSite","@id":"https:\/\/dosumaya.com.tr\/fr\/#website","url":"https:\/\/dosumaya.com.tr\/fr\/","name":"DOSUMAYA Istanbul","description":"Istanbul DOSUMaya is a globally operating baking yeast producer","publisher":{"@id":"https:\/\/dosumaya.com.tr\/fr\/#organization"},"potentialAction":[{"@type":"SearchAction","target":{"@type":"EntryPoint","urlTemplate":"https:\/\/dosumaya.com.tr\/fr\/?s={search_term_string}"},"query-input":{"@type":"PropertyValueSpecification","valueRequired":true,"valueName":"search_term_string"}}],"inLanguage":"fr-FR"},{"@type":"Organization","@id":"https:\/\/dosumaya.com.tr\/fr\/#organization","name":"DOSUMAYA Istanbul","url":"https:\/\/dosumaya.com.tr\/fr\/","logo":{"@type":"ImageObject","inLanguage":"fr-FR","@id":"https:\/\/dosumaya.com.tr\/fr\/#\/schema\/logo\/image\/","url":"https:\/\/dosumaya.com.tr\/wp-content\/uploads\/2022\/06\/dosu-logo.jpg","contentUrl":"https:\/\/dosumaya.com.tr\/wp-content\/uploads\/2022\/06\/dosu-logo.jpg","width":300,"height":300,"caption":"DOSUMAYA Istanbul"},"image":{"@id":"https:\/\/dosumaya.com.tr\/fr\/#\/schema\/logo\/image\/"}}]}},"_links":{"self":[{"href":"https:\/\/dosumaya.com.tr\/fr\/wp-json\/wp\/v2\/pages\/456","targetHints":{"allow":["GET"]}}],"collection":[{"href":"https:\/\/dosumaya.com.tr\/fr\/wp-json\/wp\/v2\/pages"}],"about":[{"href":"https:\/\/dosumaya.com.tr\/fr\/wp-json\/wp\/v2\/types\/page"}],"author":[{"embeddable":true,"href":"https:\/\/dosumaya.com.tr\/fr\/wp-json\/wp\/v2\/users\/1"}],"replies":[{"embeddable":true,"href":"https:\/\/dosumaya.com.tr\/fr\/wp-json\/wp\/v2\/comments?post=456"}],"version-history":[{"count":38,"href":"https:\/\/dosumaya.com.tr\/fr\/wp-json\/wp\/v2\/pages\/456\/revisions"}],"predecessor-version":[{"id":1851,"href":"https:\/\/dosumaya.com.tr\/fr\/wp-json\/wp\/v2\/pages\/456\/revisions\/1851"}],"up":[{"embeddable":true,"href":"https:\/\/dosumaya.com.tr\/fr\/wp-json\/wp\/v2\/pages\/31"}],"wp:featuredmedia":[{"embeddable":true,"href":"https:\/\/dosumaya.com.tr\/fr\/wp-json\/wp\/v2\/media\/458"}],"wp:attachment":[{"href":"https:\/\/dosumaya.com.tr\/fr\/wp-json\/wp\/v2\/media?parent=456"}],"curies":[{"name":"wp","href":"https:\/\/api.w.org\/{rel}","templated":true}]}}