{"id":486,"date":"2022-06-16T08:36:59","date_gmt":"2022-06-16T08:36:59","guid":{"rendered":"https:\/\/dosumaya.com.tr\/?page_id=486"},"modified":"2022-09-02T10:05:00","modified_gmt":"2022-09-02T10:05:00","slug":"topmix","status":"publish","type":"page","link":"https:\/\/dosumaya.com.tr\/fr\/nos-gammes-de-produits\/topmix\/","title":{"rendered":"TopMix<sup>\u00ae<\/sup>"},"content":{"rendered":"\t\t<div data-elementor-type=\"wp-page\" data-elementor-id=\"486\" class=\"elementor elementor-486\" data-elementor-post-type=\"page\">\n\t\t\t\t\t\t<section class=\"elementor-section elementor-top-section elementor-element elementor-element-5a0f1c61 elementor-section-full_width elementor-section-height-default elementor-section-height-default\" data-id=\"5a0f1c61\" data-element_type=\"section\" data-e-type=\"section\">\n\t\t\t\t\t\t<div class=\"elementor-container elementor-column-gap-no\">\n\t\t\t\t\t<div class=\"elementor-column elementor-col-100 elementor-top-column elementor-element elementor-element-32a80b4d\" data-id=\"32a80b4d\" data-element_type=\"column\" data-e-type=\"column\">\n\t\t\t<div class=\"elementor-widget-wrap elementor-element-populated\">\n\t\t\t\t\t\t<div class=\"elementor-element elementor-element-f04ea47 elementor-invisible elementor-widget elementor-widget-heading\" data-id=\"f04ea47\" data-element_type=\"widget\" data-e-type=\"widget\" data-settings=\"{&quot;_animation&quot;:&quot;fadeInUp&quot;}\" data-widget_type=\"heading.default\">\n\t\t\t\t<div class=\"elementor-widget-container\">\n\t\t\t\t\t<h1 class=\"elementor-heading-title elementor-size-default\">Top-mix<sup>\u00ae<\/sup><\/h1>\t\t\t\t<\/div>\n\t\t\t\t<\/div>\n\t\t\t\t<div class=\"elementor-element elementor-element-773ac2fe elementor-widget__width-auto elementor-widget elementor-widget-heading\" data-id=\"773ac2fe\" data-element_type=\"widget\" data-e-type=\"widget\" data-widget_type=\"heading.default\">\n\t\t\t\t<div class=\"elementor-widget-container\">\n\t\t\t\t\t<h6 class=\"elementor-heading-title elementor-size-default\">Am\u00e9liorant de panification<\/h6>\t\t\t\t<\/div>\n\t\t\t\t<\/div>\n\t\t\t\t\t<\/div>\n\t\t<\/div>\n\t\t\t\t\t<\/div>\n\t\t<\/section>\n\t\t\t\t<section class=\"elementor-section elementor-top-section elementor-element elementor-element-e63aa40 elementor-section-full_width elementor-section-height-default elementor-section-height-default\" data-id=\"e63aa40\" data-element_type=\"section\" data-e-type=\"section\">\n\t\t\t\t\t\t<div class=\"elementor-container elementor-column-gap-no\">\n\t\t\t\t\t<div class=\"elementor-column elementor-col-100 elementor-top-column elementor-element elementor-element-1da48fd\" data-id=\"1da48fd\" data-element_type=\"column\" data-e-type=\"column\">\n\t\t\t<div class=\"elementor-widget-wrap elementor-element-populated\">\n\t\t\t\t\t\t<section class=\"elementor-section elementor-inner-section elementor-element elementor-element-75d32cf elementor-section-full_width elementor-section-content-top elementor-section-height-default elementor-section-height-default\" data-id=\"75d32cf\" data-element_type=\"section\" data-e-type=\"section\">\n\t\t\t\t\t\t<div class=\"elementor-container elementor-column-gap-no\">\n\t\t\t\t\t<div class=\"elementor-column elementor-col-50 elementor-inner-column elementor-element elementor-element-4f61b98\" data-id=\"4f61b98\" data-element_type=\"column\" data-e-type=\"column\">\n\t\t\t<div class=\"elementor-widget-wrap elementor-element-populated\">\n\t\t\t\t\t\t<div class=\"elementor-element elementor-element-4d261e0 elementor-widget elementor-widget-image\" data-id=\"4d261e0\" data-element_type=\"widget\" data-e-type=\"widget\" data-widget_type=\"image.default\">\n\t\t\t\t<div class=\"elementor-widget-container\">\n\t\t\t\t\t\t\t\t\t\t\t\t\t\t\t<img fetchpriority=\"high\" decoding=\"async\" width=\"617\" height=\"874\" src=\"https:\/\/dosumaya.com.tr\/wp-content\/uploads\/2022\/06\/topmix.jpg\" class=\"attachment-full size-full wp-image-488\" alt=\"\" srcset=\"https:\/\/dosumaya.com.tr\/wp-content\/uploads\/2022\/06\/topmix.jpg 617w, https:\/\/dosumaya.com.tr\/wp-content\/uploads\/2022\/06\/topmix-212x300.jpg 212w\" sizes=\"(max-width: 617px) 100vw, 617px\" \/>\t\t\t\t\t\t\t\t\t\t\t\t\t\t\t<\/div>\n\t\t\t\t<\/div>\n\t\t\t\t\t<\/div>\n\t\t<\/div>\n\t\t\t\t<div class=\"elementor-column elementor-col-50 elementor-inner-column elementor-element elementor-element-5d6e788\" data-id=\"5d6e788\" data-element_type=\"column\" data-e-type=\"column\">\n\t\t\t<div class=\"elementor-widget-wrap elementor-element-populated\">\n\t\t\t\t\t\t<div class=\"elementor-element elementor-element-68c60ef elementor-widget elementor-widget-text-editor\" data-id=\"68c60ef\" data-element_type=\"widget\" data-e-type=\"widget\" data-widget_type=\"text-editor.default\">\n\t\t\t\t<div class=\"elementor-widget-container\">\n\t\t\t\t\t\t\t\t\t<b>Les am\u00e9liorants de panification sont souvent utilis\u00e9s pour am\u00e9liorer la qualit\u00e9 de la p\u00e2te<\/b> et augmenter la tol\u00e9rance de la p\u00e2te durant les diff\u00e9rentes \u00e9tapes de production.\n\nLa gamme d\u2019am\u00e9liorants Top-Mix<sup>\u00ae<\/sup> a \u00e9t\u00e9 d\u00e9velopp\u00e9e pour faciliter le travail quotidien des boulangers et optimiser les caract\u00e9ristiques fonctionnelles du pain.\n\nLa gamme Top-Mix est \u00e0 combiner avec les levures <span style=\"text-decoration: underline;\"><a href=\"https:\/\/dosumaya.com.tr\/nos-gammes-de-produits\/pasha-rouge-500g\/\">Pasha<sup>\u00ae<\/sup><\/a><\/span>, <span style=\"text-decoration: underline;\"><a href=\"https:\/\/dosumaya.com.tr\/nos-gammes-de-produits\/hasmaya-or-500g\/\">Hasmaya<sup>\u00ae<\/sup><\/a><\/span> ou <a href=\"https:\/\/dosumaya.com.tr\/nos-gammes-de-produits\/panther-2en1-500g\/\"><span style=\"text-decoration: underline;\">Panther<sup>\u00ae<\/sup><\/span><\/a> pour un r\u00e9sultat optimal, aussi bien au niveau qualit\u00e9 organoleptique que visuelle.\n\n<b>Ne cherchez plus, c\u2019est LA r\u00e9ponse pour des pains beaux, app\u00e9tissants et bons!<\/b>\t\t\t\t\t\t\t\t<\/div>\n\t\t\t\t<\/div>\n\t\t\t\t<div class=\"elementor-element elementor-element-fc477d0 elementor-pagination-position-outside elementor-widget elementor-widget-image-carousel\" data-id=\"fc477d0\" data-element_type=\"widget\" data-e-type=\"widget\" data-settings=\"{&quot;navigation&quot;:&quot;dots&quot;,&quot;autoplay&quot;:&quot;yes&quot;,&quot;pause_on_hover&quot;:&quot;yes&quot;,&quot;pause_on_interaction&quot;:&quot;yes&quot;,&quot;autoplay_speed&quot;:5000,&quot;infinite&quot;:&quot;yes&quot;,&quot;speed&quot;:500}\" data-widget_type=\"image-carousel.default\">\n\t\t\t\t<div class=\"elementor-widget-container\">\n\t\t\t\t\t\t\t<div class=\"elementor-image-carousel-wrapper swiper\" role=\"region\" aria-roledescription=\"carousel\" aria-label=\"Carrousel d\u2019images\" dir=\"ltr\">\n\t\t\t<div class=\"elementor-image-carousel swiper-wrapper\" aria-live=\"off\">\n\t\t\t\t\t\t\t\t<div class=\"swiper-slide\" role=\"group\" aria-roledescription=\"slide\" aria-label=\"1 sur 3\"><a data-elementor-open-lightbox=\"yes\" data-elementor-lightbox-slideshow=\"fc477d0\" data-elementor-lightbox-title=\"TOPMIX-BAGUETTE-COMPLEX\" data-e-action-hash=\"#elementor-action%3Aaction%3Dlightbox%26settings%3DeyJpZCI6NDkyLCJ1cmwiOiJodHRwczpcL1wvZG9zdW1heWEuY29tLnRyXC93cC1jb250ZW50XC91cGxvYWRzXC8yMDIyXC8wNlwvdG9wbWl4LWJhZ3VldHRlLWNvbXBsZXguanBnIiwic2xpZGVzaG93IjoiZmM0NzdkMCJ9\" href=\"https:\/\/dosumaya.com.tr\/wp-content\/uploads\/2022\/06\/topmix-baguette-complex.jpg\"><figure class=\"swiper-slide-inner\"><img decoding=\"async\" class=\"swiper-slide-image\" src=\"https:\/\/dosumaya.com.tr\/wp-content\/uploads\/2022\/06\/topmix-baguette-complex-187x300.jpg\" alt=\"TOPMIX-BAGUETTE-COMPLEX\" \/><\/figure><\/a><\/div><div class=\"swiper-slide\" role=\"group\" aria-roledescription=\"slide\" aria-label=\"2 sur 3\"><a data-elementor-open-lightbox=\"yes\" data-elementor-lightbox-slideshow=\"fc477d0\" data-elementor-lightbox-title=\"TOPMIX-BAGUETTE-1\" data-e-action-hash=\"#elementor-action%3Aaction%3Dlightbox%26settings%3DeyJpZCI6NDkwLCJ1cmwiOiJodHRwczpcL1wvZG9zdW1heWEuY29tLnRyXC93cC1jb250ZW50XC91cGxvYWRzXC8yMDIyXC8wNlwvdG9wbWl4LWJhZ3VldHRlLTEuanBnIiwic2xpZGVzaG93IjoiZmM0NzdkMCJ9\" href=\"https:\/\/dosumaya.com.tr\/wp-content\/uploads\/2022\/06\/topmix-baguette-1.jpg\"><figure class=\"swiper-slide-inner\"><img decoding=\"async\" class=\"swiper-slide-image\" src=\"https:\/\/dosumaya.com.tr\/wp-content\/uploads\/2022\/06\/topmix-baguette-1-187x300.jpg\" alt=\"TOPMIX-BAGUETTE-1\" \/><\/figure><\/a><\/div><div class=\"swiper-slide\" role=\"group\" aria-roledescription=\"slide\" aria-label=\"3 sur 3\"><a data-elementor-open-lightbox=\"yes\" data-elementor-lightbox-slideshow=\"fc477d0\" data-elementor-lightbox-title=\"TOPMIX-BAGUETTE-500G-CARTON\" data-e-action-hash=\"#elementor-action%3Aaction%3Dlightbox%26settings%3DeyJpZCI6NDkxLCJ1cmwiOiJodHRwczpcL1wvZG9zdW1heWEuY29tLnRyXC93cC1jb250ZW50XC91cGxvYWRzXC8yMDIyXC8wNlwvdG9wbWl4LWJhZ3VldHRlLTUwMGctY2FydG9uLmpwZyIsInNsaWRlc2hvdyI6ImZjNDc3ZDAifQ%3D%3D\" href=\"https:\/\/dosumaya.com.tr\/wp-content\/uploads\/2022\/06\/topmix-baguette-500g-carton.jpg\"><figure class=\"swiper-slide-inner\"><img decoding=\"async\" class=\"swiper-slide-image\" src=\"https:\/\/dosumaya.com.tr\/wp-content\/uploads\/2022\/06\/topmix-baguette-500g-carton-300x187.jpg\" alt=\"TOPMIX-BAGUETTE-500G-CARTON\" \/><\/figure><\/a><\/div>\t\t\t<\/div>\n\t\t\t\t\t\t\t\n\t\t\t\t\t\t\t\t\t<div class=\"swiper-pagination\"><\/div>\n\t\t\t\t\t\t\t\t\t<\/div>\n\t\t\t\t\t\t<\/div>\n\t\t\t\t<\/div>\n\t\t\t\t<div class=\"elementor-element elementor-element-04c18a7 elementor-align-start elementor-widget__width-auto elementor-fixed elementor-icon-list--layout-traditional elementor-list-item-link-full_width elementor-widget elementor-widget-icon-list\" data-id=\"04c18a7\" data-element_type=\"widget\" data-e-type=\"widget\" data-settings=\"{&quot;_position&quot;:&quot;fixed&quot;}\" data-widget_type=\"icon-list.default\">\n\t\t\t\t<div class=\"elementor-widget-container\">\n\t\t\t\t\t\t\t<ul class=\"elementor-icon-list-items\">\n\t\t\t\t\t\t\t<li class=\"elementor-icon-list-item\">\n\t\t\t\t\t\t\t\t\t\t\t<a href=\"https:\/\/dosumaya.com.tr\/wp-content\/uploads\/2022\/09\/top-mix-a4-foy-en-fr.pdf\" target=\"_blank\" rel=\"nofollow\">\n\n\t\t\t\t\t\t\t\t\t\t\t\t<span class=\"elementor-icon-list-icon\">\n\t\t\t\t\t\t\t<i aria-hidden=\"true\" class=\"fas fa-download\"><\/i>\t\t\t\t\t\t<\/span>\n\t\t\t\t\t\t\t\t\t\t<span class=\"elementor-icon-list-text\">T\u00e9l\u00e9charger la<br \/>fiche produit<\/span>\n\t\t\t\t\t\t\t\t\t\t\t<\/a>\n\t\t\t\t\t\t\t\t\t<\/li>\n\t\t\t\t\t\t<\/ul>\n\t\t\t\t\t\t<\/div>\n\t\t\t\t<\/div>\n\t\t\t\t\t<\/div>\n\t\t<\/div>\n\t\t\t\t\t<\/div>\n\t\t<\/section>\n\t\t\t\t\t<\/div>\n\t\t<\/div>\n\t\t\t\t\t<\/div>\n\t\t<\/section>\n\t\t\t\t<\/div>\n\t\t","protected":false},"excerpt":{"rendered":"<p>Top-mix\u00ae Am\u00e9liorant de panification Les am\u00e9liorants de panification sont souvent utilis\u00e9s pour am\u00e9liorer la qualit\u00e9 de la p\u00e2te et augmenter la tol\u00e9rance de la p\u00e2te durant les diff\u00e9rentes \u00e9tapes de production. La gamme d\u2019am\u00e9liorants Top-Mix\u00ae a \u00e9t\u00e9 d\u00e9velopp\u00e9e pour faciliter le travail quotidien des boulangers et optimiser les caract\u00e9ristiques fonctionnelles du pain. La gamme Top-Mix [&hellip;]<\/p>\n","protected":false},"author":1,"featured_media":488,"parent":31,"menu_order":0,"comment_status":"closed","ping_status":"closed","template":"","meta":{"footnotes":""},"class_list":["post-486","page","type-page","status-publish","has-post-thumbnail","hentry"],"yoast_head":"<!-- This site is optimized with the Yoast SEO plugin v27.5 - https:\/\/yoast.com\/product\/yoast-seo-wordpress\/ -->\n<title>TopMix\u00ae - DOSUMAYA Istanbul<\/title>\n<meta name=\"description\" content=\"La gamme d\u2019am\u00e9liorants Top Mix\u00ae a \u00e9t\u00e9 d\u00e9velopp\u00e9e pour faciliter le travail quotidien des boulangers et optimiser les caract\u00e9ristiques fonctionnelles du pain.\" \/>\n<meta name=\"robots\" content=\"index, follow, max-snippet:-1, max-image-preview:large, max-video-preview:-1\" \/>\n<link rel=\"canonical\" href=\"https:\/\/dosumaya.com.tr\/fr\/nos-gammes-de-produits\/topmix\/\" \/>\n<meta property=\"og:locale\" content=\"fr_FR\" \/>\n<meta property=\"og:type\" content=\"article\" \/>\n<meta property=\"og:title\" content=\"TopMix\u00ae - DOSUMAYA Istanbul\" \/>\n<meta property=\"og:description\" content=\"La gamme d\u2019am\u00e9liorants Top Mix\u00ae a \u00e9t\u00e9 d\u00e9velopp\u00e9e pour faciliter le travail quotidien des boulangers et optimiser les caract\u00e9ristiques fonctionnelles du pain.\" \/>\n<meta property=\"og:url\" content=\"https:\/\/dosumaya.com.tr\/fr\/nos-gammes-de-produits\/topmix\/\" \/>\n<meta property=\"og:site_name\" content=\"DOSUMAYA Istanbul\" \/>\n<meta property=\"article:modified_time\" content=\"2022-09-02T10:05:00+00:00\" \/>\n<meta property=\"og:image\" content=\"https:\/\/dosumaya.com.tr\/wp-content\/uploads\/2022\/06\/topmix.jpg\" \/>\n\t<meta property=\"og:image:width\" content=\"617\" \/>\n\t<meta property=\"og:image:height\" content=\"874\" \/>\n\t<meta property=\"og:image:type\" content=\"image\/jpeg\" \/>\n<meta name=\"twitter:card\" content=\"summary_large_image\" \/>\n<meta name=\"twitter:label1\" content=\"Dur\u00e9e de lecture estim\u00e9e\" \/>\n\t<meta name=\"twitter:data1\" content=\"3 minutes\" \/>\n<script type=\"application\/ld+json\" class=\"yoast-schema-graph\">{\"@context\":\"https:\\\/\\\/schema.org\",\"@graph\":[{\"@type\":\"WebPage\",\"@id\":\"https:\\\/\\\/dosumaya.com.tr\\\/fr\\\/nos-gammes-de-produits\\\/topmix\\\/\",\"url\":\"https:\\\/\\\/dosumaya.com.tr\\\/fr\\\/nos-gammes-de-produits\\\/topmix\\\/\",\"name\":\"TopMix\u00ae - DOSUMAYA Istanbul\",\"isPartOf\":{\"@id\":\"https:\\\/\\\/dosumaya.com.tr\\\/fr\\\/#website\"},\"primaryImageOfPage\":{\"@id\":\"https:\\\/\\\/dosumaya.com.tr\\\/fr\\\/nos-gammes-de-produits\\\/topmix\\\/#primaryimage\"},\"image\":{\"@id\":\"https:\\\/\\\/dosumaya.com.tr\\\/fr\\\/nos-gammes-de-produits\\\/topmix\\\/#primaryimage\"},\"thumbnailUrl\":\"https:\\\/\\\/dosumaya.com.tr\\\/wp-content\\\/uploads\\\/2022\\\/06\\\/topmix.jpg\",\"datePublished\":\"2022-06-16T08:36:59+00:00\",\"dateModified\":\"2022-09-02T10:05:00+00:00\",\"description\":\"La gamme d\u2019am\u00e9liorants Top Mix\u00ae a \u00e9t\u00e9 d\u00e9velopp\u00e9e pour faciliter le travail quotidien des boulangers et optimiser les caract\u00e9ristiques fonctionnelles du pain.\",\"breadcrumb\":{\"@id\":\"https:\\\/\\\/dosumaya.com.tr\\\/fr\\\/nos-gammes-de-produits\\\/topmix\\\/#breadcrumb\"},\"inLanguage\":\"fr-FR\",\"potentialAction\":[{\"@type\":\"ReadAction\",\"target\":[\"https:\\\/\\\/dosumaya.com.tr\\\/fr\\\/nos-gammes-de-produits\\\/topmix\\\/\"]}]},{\"@type\":\"ImageObject\",\"inLanguage\":\"fr-FR\",\"@id\":\"https:\\\/\\\/dosumaya.com.tr\\\/fr\\\/nos-gammes-de-produits\\\/topmix\\\/#primaryimage\",\"url\":\"https:\\\/\\\/dosumaya.com.tr\\\/wp-content\\\/uploads\\\/2022\\\/06\\\/topmix.jpg\",\"contentUrl\":\"https:\\\/\\\/dosumaya.com.tr\\\/wp-content\\\/uploads\\\/2022\\\/06\\\/topmix.jpg\",\"width\":617,\"height\":874},{\"@type\":\"BreadcrumbList\",\"@id\":\"https:\\\/\\\/dosumaya.com.tr\\\/fr\\\/nos-gammes-de-produits\\\/topmix\\\/#breadcrumb\",\"itemListElement\":[{\"@type\":\"ListItem\",\"position\":1,\"name\":\"Home\",\"item\":\"https:\\\/\\\/dosumaya.com.tr\\\/fr\\\/\"},{\"@type\":\"ListItem\",\"position\":2,\"name\":\"Notre gamme de produits\",\"item\":\"https:\\\/\\\/dosumaya.com.tr\\\/fr\\\/nos-gammes-de-produits\\\/\"},{\"@type\":\"ListItem\",\"position\":3,\"name\":\"TopMix\u00ae\"}]},{\"@type\":\"WebSite\",\"@id\":\"https:\\\/\\\/dosumaya.com.tr\\\/fr\\\/#website\",\"url\":\"https:\\\/\\\/dosumaya.com.tr\\\/fr\\\/\",\"name\":\"DOSUMAYA Istanbul\",\"description\":\"Istanbul DOSUMaya is a globally operating baking yeast producer\",\"publisher\":{\"@id\":\"https:\\\/\\\/dosumaya.com.tr\\\/fr\\\/#organization\"},\"potentialAction\":[{\"@type\":\"SearchAction\",\"target\":{\"@type\":\"EntryPoint\",\"urlTemplate\":\"https:\\\/\\\/dosumaya.com.tr\\\/fr\\\/?s={search_term_string}\"},\"query-input\":{\"@type\":\"PropertyValueSpecification\",\"valueRequired\":true,\"valueName\":\"search_term_string\"}}],\"inLanguage\":\"fr-FR\"},{\"@type\":\"Organization\",\"@id\":\"https:\\\/\\\/dosumaya.com.tr\\\/fr\\\/#organization\",\"name\":\"DOSUMAYA Istanbul\",\"url\":\"https:\\\/\\\/dosumaya.com.tr\\\/fr\\\/\",\"logo\":{\"@type\":\"ImageObject\",\"inLanguage\":\"fr-FR\",\"@id\":\"https:\\\/\\\/dosumaya.com.tr\\\/fr\\\/#\\\/schema\\\/logo\\\/image\\\/\",\"url\":\"https:\\\/\\\/dosumaya.com.tr\\\/wp-content\\\/uploads\\\/2022\\\/06\\\/dosu-logo.jpg\",\"contentUrl\":\"https:\\\/\\\/dosumaya.com.tr\\\/wp-content\\\/uploads\\\/2022\\\/06\\\/dosu-logo.jpg\",\"width\":300,\"height\":300,\"caption\":\"DOSUMAYA Istanbul\"},\"image\":{\"@id\":\"https:\\\/\\\/dosumaya.com.tr\\\/fr\\\/#\\\/schema\\\/logo\\\/image\\\/\"}}]}<\/script>\n<!-- \/ Yoast SEO plugin. -->","yoast_head_json":{"title":"TopMix\u00ae - DOSUMAYA Istanbul","description":"La gamme d\u2019am\u00e9liorants Top Mix\u00ae a \u00e9t\u00e9 d\u00e9velopp\u00e9e pour faciliter le travail quotidien des boulangers et optimiser les caract\u00e9ristiques fonctionnelles du pain.","robots":{"index":"index","follow":"follow","max-snippet":"max-snippet:-1","max-image-preview":"max-image-preview:large","max-video-preview":"max-video-preview:-1"},"canonical":"https:\/\/dosumaya.com.tr\/fr\/nos-gammes-de-produits\/topmix\/","og_locale":"fr_FR","og_type":"article","og_title":"TopMix\u00ae - DOSUMAYA Istanbul","og_description":"La gamme d\u2019am\u00e9liorants Top Mix\u00ae a \u00e9t\u00e9 d\u00e9velopp\u00e9e pour faciliter le travail quotidien des boulangers et optimiser les caract\u00e9ristiques fonctionnelles du pain.","og_url":"https:\/\/dosumaya.com.tr\/fr\/nos-gammes-de-produits\/topmix\/","og_site_name":"DOSUMAYA Istanbul","article_modified_time":"2022-09-02T10:05:00+00:00","og_image":[{"width":617,"height":874,"url":"https:\/\/dosumaya.com.tr\/wp-content\/uploads\/2022\/06\/topmix.jpg","type":"image\/jpeg"}],"twitter_card":"summary_large_image","twitter_misc":{"Dur\u00e9e de lecture estim\u00e9e":"3 minutes"},"schema":{"@context":"https:\/\/schema.org","@graph":[{"@type":"WebPage","@id":"https:\/\/dosumaya.com.tr\/fr\/nos-gammes-de-produits\/topmix\/","url":"https:\/\/dosumaya.com.tr\/fr\/nos-gammes-de-produits\/topmix\/","name":"TopMix\u00ae - DOSUMAYA Istanbul","isPartOf":{"@id":"https:\/\/dosumaya.com.tr\/fr\/#website"},"primaryImageOfPage":{"@id":"https:\/\/dosumaya.com.tr\/fr\/nos-gammes-de-produits\/topmix\/#primaryimage"},"image":{"@id":"https:\/\/dosumaya.com.tr\/fr\/nos-gammes-de-produits\/topmix\/#primaryimage"},"thumbnailUrl":"https:\/\/dosumaya.com.tr\/wp-content\/uploads\/2022\/06\/topmix.jpg","datePublished":"2022-06-16T08:36:59+00:00","dateModified":"2022-09-02T10:05:00+00:00","description":"La gamme d\u2019am\u00e9liorants Top Mix\u00ae a \u00e9t\u00e9 d\u00e9velopp\u00e9e pour faciliter le travail quotidien des boulangers et optimiser les caract\u00e9ristiques fonctionnelles du pain.","breadcrumb":{"@id":"https:\/\/dosumaya.com.tr\/fr\/nos-gammes-de-produits\/topmix\/#breadcrumb"},"inLanguage":"fr-FR","potentialAction":[{"@type":"ReadAction","target":["https:\/\/dosumaya.com.tr\/fr\/nos-gammes-de-produits\/topmix\/"]}]},{"@type":"ImageObject","inLanguage":"fr-FR","@id":"https:\/\/dosumaya.com.tr\/fr\/nos-gammes-de-produits\/topmix\/#primaryimage","url":"https:\/\/dosumaya.com.tr\/wp-content\/uploads\/2022\/06\/topmix.jpg","contentUrl":"https:\/\/dosumaya.com.tr\/wp-content\/uploads\/2022\/06\/topmix.jpg","width":617,"height":874},{"@type":"BreadcrumbList","@id":"https:\/\/dosumaya.com.tr\/fr\/nos-gammes-de-produits\/topmix\/#breadcrumb","itemListElement":[{"@type":"ListItem","position":1,"name":"Home","item":"https:\/\/dosumaya.com.tr\/fr\/"},{"@type":"ListItem","position":2,"name":"Notre gamme de produits","item":"https:\/\/dosumaya.com.tr\/fr\/nos-gammes-de-produits\/"},{"@type":"ListItem","position":3,"name":"TopMix\u00ae"}]},{"@type":"WebSite","@id":"https:\/\/dosumaya.com.tr\/fr\/#website","url":"https:\/\/dosumaya.com.tr\/fr\/","name":"DOSUMAYA Istanbul","description":"Istanbul DOSUMaya is a globally operating baking yeast producer","publisher":{"@id":"https:\/\/dosumaya.com.tr\/fr\/#organization"},"potentialAction":[{"@type":"SearchAction","target":{"@type":"EntryPoint","urlTemplate":"https:\/\/dosumaya.com.tr\/fr\/?s={search_term_string}"},"query-input":{"@type":"PropertyValueSpecification","valueRequired":true,"valueName":"search_term_string"}}],"inLanguage":"fr-FR"},{"@type":"Organization","@id":"https:\/\/dosumaya.com.tr\/fr\/#organization","name":"DOSUMAYA Istanbul","url":"https:\/\/dosumaya.com.tr\/fr\/","logo":{"@type":"ImageObject","inLanguage":"fr-FR","@id":"https:\/\/dosumaya.com.tr\/fr\/#\/schema\/logo\/image\/","url":"https:\/\/dosumaya.com.tr\/wp-content\/uploads\/2022\/06\/dosu-logo.jpg","contentUrl":"https:\/\/dosumaya.com.tr\/wp-content\/uploads\/2022\/06\/dosu-logo.jpg","width":300,"height":300,"caption":"DOSUMAYA Istanbul"},"image":{"@id":"https:\/\/dosumaya.com.tr\/fr\/#\/schema\/logo\/image\/"}}]}},"_links":{"self":[{"href":"https:\/\/dosumaya.com.tr\/fr\/wp-json\/wp\/v2\/pages\/486","targetHints":{"allow":["GET"]}}],"collection":[{"href":"https:\/\/dosumaya.com.tr\/fr\/wp-json\/wp\/v2\/pages"}],"about":[{"href":"https:\/\/dosumaya.com.tr\/fr\/wp-json\/wp\/v2\/types\/page"}],"author":[{"embeddable":true,"href":"https:\/\/dosumaya.com.tr\/fr\/wp-json\/wp\/v2\/users\/1"}],"replies":[{"embeddable":true,"href":"https:\/\/dosumaya.com.tr\/fr\/wp-json\/wp\/v2\/comments?post=486"}],"version-history":[{"count":15,"href":"https:\/\/dosumaya.com.tr\/fr\/wp-json\/wp\/v2\/pages\/486\/revisions"}],"predecessor-version":[{"id":857,"href":"https:\/\/dosumaya.com.tr\/fr\/wp-json\/wp\/v2\/pages\/486\/revisions\/857"}],"up":[{"embeddable":true,"href":"https:\/\/dosumaya.com.tr\/fr\/wp-json\/wp\/v2\/pages\/31"}],"wp:featuredmedia":[{"embeddable":true,"href":"https:\/\/dosumaya.com.tr\/fr\/wp-json\/wp\/v2\/media\/488"}],"wp:attachment":[{"href":"https:\/\/dosumaya.com.tr\/fr\/wp-json\/wp\/v2\/media?parent=486"}],"curies":[{"name":"wp","href":"https:\/\/api.w.org\/{rel}","templated":true}]}}