{"id":1468,"date":"2022-06-04T13:36:41","date_gmt":"2022-06-04T13:36:41","guid":{"rendered":"https:\/\/dosumaya.com.tr\/sobre-nos\/"},"modified":"2022-10-28T08:50:23","modified_gmt":"2022-10-28T08:50:23","slug":"sobre-nos","status":"publish","type":"page","link":"https:\/\/dosumaya.com.tr\/pt-br\/sobre-nos\/","title":{"rendered":"SOBRE N\u00d3S"},"content":{"rendered":"\t\t<div data-elementor-type=\"wp-page\" data-elementor-id=\"1468\" class=\"elementor elementor-1468 elementor-22\" data-elementor-post-type=\"page\">\n\t\t\t\t\t\t<section class=\"elementor-section elementor-top-section elementor-element elementor-element-40ce772 elementor-section-full_width elementor-section-height-default elementor-section-height-default\" data-id=\"40ce772\" data-element_type=\"section\" data-e-type=\"section\">\n\t\t\t\t\t\t<div class=\"elementor-container elementor-column-gap-no\">\n\t\t\t\t\t<div class=\"elementor-column elementor-col-100 elementor-top-column elementor-element elementor-element-83a1fe7\" data-id=\"83a1fe7\" data-element_type=\"column\" data-e-type=\"column\">\n\t\t\t<div class=\"elementor-widget-wrap elementor-element-populated\">\n\t\t\t\t\t\t<div class=\"elementor-element elementor-element-db17f9d elementor-invisible elementor-widget elementor-widget-heading\" data-id=\"db17f9d\" data-element_type=\"widget\" data-e-type=\"widget\" data-settings=\"{&quot;_animation&quot;:&quot;fadeInUp&quot;}\" data-widget_type=\"heading.default\">\n\t\t\t\t<div class=\"elementor-widget-container\">\n\t\t\t\t\t<h1 class=\"elementor-heading-title elementor-size-default\">O seu parceiro inteligente de sucesso<\/h1>\t\t\t\t<\/div>\n\t\t\t\t<\/div>\n\t\t\t\t<div class=\"elementor-element elementor-element-510ea7c elementor-widget__width-auto elementor-widget elementor-widget-heading\" data-id=\"510ea7c\" data-element_type=\"widget\" data-e-type=\"widget\" data-widget_type=\"heading.default\">\n\t\t\t\t<div class=\"elementor-widget-container\">\n\t\t\t\t\t<h6 class=\"elementor-heading-title elementor-size-default\">Especialistas em fermento de padeiro<\/h6>\t\t\t\t<\/div>\n\t\t\t\t<\/div>\n\t\t\t\t\t<\/div>\n\t\t<\/div>\n\t\t\t\t\t<\/div>\n\t\t<\/section>\n\t\t\t\t<section class=\"elementor-section elementor-top-section elementor-element elementor-element-2a619e0f elementor-section-full_width elementor-section-content-middle elementor-section-height-default elementor-section-height-default\" data-id=\"2a619e0f\" data-element_type=\"section\" data-e-type=\"section\">\n\t\t\t\t\t\t<div class=\"elementor-container elementor-column-gap-no\">\n\t\t\t\t\t<div class=\"elementor-column elementor-col-50 elementor-top-column elementor-element elementor-element-1acf9944\" data-id=\"1acf9944\" data-element_type=\"column\" data-e-type=\"column\">\n\t\t\t<div class=\"elementor-widget-wrap elementor-element-populated\">\n\t\t\t\t\t\t<div class=\"elementor-element elementor-element-60429991 elementor-widget elementor-widget-heading\" data-id=\"60429991\" data-element_type=\"widget\" data-e-type=\"widget\" data-widget_type=\"heading.default\">\n\t\t\t\t<div class=\"elementor-widget-container\">\n\t\t\t\t\t<h2 class=\"elementor-heading-title elementor-size-default\">sobre n\u00f3s...<\/h2>\t\t\t\t<\/div>\n\t\t\t\t<\/div>\n\t\t\t\t<div class=\"elementor-element elementor-element-54cc98dd elementor-widget elementor-widget-text-editor\" data-id=\"54cc98dd\" data-element_type=\"widget\" data-e-type=\"widget\" data-widget_type=\"text-editor.default\">\n\t\t\t\t<div class=\"elementor-widget-container\">\n\t\t\t\t\t\t\t\t\t<p>A Istanbul DOSU Maya \u00e9 <b>um dos principais protagonistas do setor da panifica\u00e7\u00e3o<\/b>, especializada na <b>produ\u00e7\u00e3o de fermentos e ingredientes de qualidade para panifica\u00e7\u00e3o,<\/b> adaptados aos diferentes tipos de panifica\u00e7\u00e3o do mundo.<\/p>\n<p>A Istanbul DOSU Maya \u00e9 uma empresa fundada em Istambul, Turquia, que, gra\u00e7as \u00e0 sua <b>experi\u00eancia<\/b> e <b>know-how t\u00e9cnico<\/b> e industrial, ganhou lugar entre os grupos de refer\u00eancia da panifica\u00e7\u00e3o.<\/p>\n<p>A diversidade e qualidade da nossa gama de <b>produtos de panifica\u00e7\u00e3o<\/b> permite satisfazer as expetativas dos padeiros e consumidores de todo o mundo.<\/p>\n<p><b>Qualidade, regularidade e dom\u00ednio t\u00e9cnico<\/b> s\u00e3o os trunfos que colocamos <b>ao servi\u00e7o dos nossos clientes<\/b> para serem bem-sucedidos nos seus produtos de panifica\u00e7\u00e3o de elevada qualidade.<\/p>\n\t\t\t\t\t\t\t\t<\/div>\n\t\t\t\t<\/div>\n\t\t\t\t\t<\/div>\n\t\t<\/div>\n\t\t\t\t<div class=\"elementor-column elementor-col-50 elementor-top-column elementor-element elementor-element-38a9c338\" data-id=\"38a9c338\" data-element_type=\"column\" data-e-type=\"column\">\n\t\t\t<div class=\"elementor-widget-wrap elementor-element-populated\">\n\t\t\t\t\t\t<div class=\"elementor-element elementor-element-1aa73c6 elementor-widget elementor-widget-video\" data-id=\"1aa73c6\" data-element_type=\"widget\" data-e-type=\"widget\" data-settings=\"{&quot;video_type&quot;:&quot;vimeo&quot;,&quot;autoplay&quot;:&quot;yes&quot;,&quot;play_on_mobile&quot;:&quot;yes&quot;,&quot;mute&quot;:&quot;yes&quot;,&quot;loop&quot;:&quot;yes&quot;}\" data-widget_type=\"video.default\">\n\t\t\t\t<div class=\"elementor-widget-container\">\n\t\t\t\t\t\t\t<div class=\"elementor-wrapper elementor-open-inline\">\n\t\t\t<iframe class=\"elementor-video-iframe\" allowfullscreen allow=\"autoplay\" title=\"Reprodutor de v\u00eddeo vimeo\" src=\"https:\/\/player.vimeo.com\/video\/720706963?autoplay=1&amp;playsinline=1&amp;color&amp;autopause=0&amp;loop=1&amp;muted=1&amp;title=1&amp;portrait=1&amp;byline=1#t=\"><\/iframe>\t\t<\/div>\n\t\t\t\t\t\t<\/div>\n\t\t\t\t<\/div>\n\t\t\t\t\t<\/div>\n\t\t<\/div>\n\t\t\t\t\t<\/div>\n\t\t<\/section>\n\t\t\t\t<section class=\"elementor-section elementor-top-section elementor-element elementor-element-b298506 elementor-section-full_width elementor-reverse-tablet elementor-reverse-mobile elementor-section-height-default elementor-section-height-default\" data-id=\"b298506\" data-element_type=\"section\" data-e-type=\"section\">\n\t\t\t\t\t\t<div class=\"elementor-container elementor-column-gap-no\">\n\t\t\t\t\t<div class=\"elementor-column elementor-col-50 elementor-top-column elementor-element elementor-element-b6a2efc\" data-id=\"b6a2efc\" data-element_type=\"column\" data-e-type=\"column\">\n\t\t\t<div class=\"elementor-widget-wrap elementor-element-populated\">\n\t\t\t\t\t\t<div class=\"elementor-element elementor-element-070088a elementor-widget elementor-widget-image\" data-id=\"070088a\" data-element_type=\"widget\" data-e-type=\"widget\" data-widget_type=\"image.default\">\n\t\t\t\t<div class=\"elementor-widget-container\">\n\t\t\t\t\t\t\t\t\t\t\t\t\t\t\t<img fetchpriority=\"high\" decoding=\"async\" width=\"687\" height=\"426\" src=\"https:\/\/dosumaya.com.tr\/wp-content\/uploads\/2022\/09\/carte-dosumaya.jpg\" class=\"attachment-full size-full wp-image-1300\" alt=\"\" srcset=\"https:\/\/dosumaya.com.tr\/wp-content\/uploads\/2022\/09\/carte-dosumaya.jpg 687w, https:\/\/dosumaya.com.tr\/wp-content\/uploads\/2022\/09\/carte-dosumaya-300x186.jpg 300w\" sizes=\"(max-width: 687px) 100vw, 687px\" \/>\t\t\t\t\t\t\t\t\t\t\t\t\t\t\t<\/div>\n\t\t\t\t<\/div>\n\t\t\t\t\t<\/div>\n\t\t<\/div>\n\t\t\t\t<div class=\"elementor-column elementor-col-50 elementor-top-column elementor-element elementor-element-8bc60f7\" data-id=\"8bc60f7\" data-element_type=\"column\" data-e-type=\"column\">\n\t\t\t<div class=\"elementor-widget-wrap elementor-element-populated\">\n\t\t\t\t\t\t<div class=\"elementor-element elementor-element-b5fa8cf elementor-widget elementor-widget-heading\" data-id=\"b5fa8cf\" data-element_type=\"widget\" data-e-type=\"widget\" data-widget_type=\"heading.default\">\n\t\t\t\t<div class=\"elementor-widget-container\">\n\t\t\t\t\t<h2 class=\"elementor-heading-title elementor-size-default\">Uma presen\u00e7a mundial<\/h2>\t\t\t\t<\/div>\n\t\t\t\t<\/div>\n\t\t\t\t<div class=\"elementor-element elementor-element-2beb0b5 elementor-widget elementor-widget-text-editor\" data-id=\"2beb0b5\" data-element_type=\"widget\" data-e-type=\"widget\" data-widget_type=\"text-editor.default\">\n\t\t\t\t<div class=\"elementor-widget-container\">\n\t\t\t\t\t\t\t\t\t<p>Presente h\u00e1 mais de 10 anos, a nossa gama de solu\u00e7\u00f5es de panifica\u00e7\u00e3o \u00e9 distribu\u00edda em mais de 80 pa\u00edses do mundo.<\/p>\n<p>A principal unidade de produ\u00e7\u00e3o da Dosu Maya fica em L\u00fcleburgaz, Turquia. Esta <b>unidade de produ\u00e7\u00e3o de fermentos e ingredientes para panifica\u00e7\u00e3o<\/b> atende aos mais altos padr\u00f5es em termos de:<\/p>\n<ul>\n<li> higiene<\/li>\n<li>qualidade<\/li>\n<li>atua\u00e7\u00e3o<\/li>\n<\/ul>\n<p style=\"font-weight: 400;\"><strong>No entanto, estamos sempre \u00e0 procura de distribuidores que queiram distribuir as nossas marcas<\/strong> nos seus mercados. Se estiver interessado, <a href=\"https:\/\/dosumaya.com.tr\/fr\/contact\/\"><span style=\"text-decoration: underline;\">contacte-nos por telefone ou e-mail<\/span><\/a><\/p>\n\t\t\t\t\t\t\t\t<\/div>\n\t\t\t\t<\/div>\n\t\t\t\t<div class=\"elementor-element elementor-element-857acfb elementor-widget elementor-widget-button\" data-id=\"857acfb\" data-element_type=\"widget\" data-e-type=\"widget\" data-widget_type=\"button.default\">\n\t\t\t\t<div class=\"elementor-widget-container\">\n\t\t\t\t\t\t\t\t\t<div class=\"elementor-button-wrapper\">\n\t\t\t\t\t<a class=\"elementor-button elementor-button-link elementor-size-sm\" href=\"https:\/\/dosumaya.com.tr\/pt-br\/contato\/\">\n\t\t\t\t\t\t<span class=\"elementor-button-content-wrapper\">\n\t\t\t\t\t\t\t\t\t<span class=\"elementor-button-text\">Contate-Nos!<\/span>\n\t\t\t\t\t<\/span>\n\t\t\t\t\t<\/a>\n\t\t\t\t<\/div>\n\t\t\t\t\t\t\t\t<\/div>\n\t\t\t\t<\/div>\n\t\t\t\t\t<\/div>\n\t\t<\/div>\n\t\t\t\t\t<\/div>\n\t\t<\/section>\n\t\t\t\t<section class=\"elementor-section elementor-top-section elementor-element elementor-element-028cedb elementor-section-full_width elementor-section-content-middle elementor-section-height-default elementor-section-height-default\" data-id=\"028cedb\" data-element_type=\"section\" data-e-type=\"section\">\n\t\t\t\t\t\t<div class=\"elementor-container elementor-column-gap-no\">\n\t\t\t\t\t<div class=\"elementor-column elementor-col-50 elementor-top-column elementor-element elementor-element-79029f5\" data-id=\"79029f5\" data-element_type=\"column\" data-e-type=\"column\">\n\t\t\t<div class=\"elementor-widget-wrap elementor-element-populated\">\n\t\t\t\t\t\t<div class=\"elementor-element elementor-element-c1a9a56 elementor-widget elementor-widget-heading\" data-id=\"c1a9a56\" data-element_type=\"widget\" data-e-type=\"widget\" data-widget_type=\"heading.default\">\n\t\t\t\t<div class=\"elementor-widget-container\">\n\t\t\t\t\t<h2 class=\"elementor-heading-title elementor-size-default\">Certifica\u00e7\u00f5es<\/h2>\t\t\t\t<\/div>\n\t\t\t\t<\/div>\n\t\t\t\t<div class=\"elementor-element elementor-element-501f3dd elementor-widget elementor-widget-text-editor\" data-id=\"501f3dd\" data-element_type=\"widget\" data-e-type=\"widget\" data-widget_type=\"text-editor.default\">\n\t\t\t\t<div class=\"elementor-widget-container\">\n\t\t\t\t\t\t\t\t\tDesde a sua cria\u00e7\u00e3o, a Istanbul DOSU Maya colocou a <b>qualidade<\/b> dos seus produtos, a <b>rastreabilidade<\/b> e a <b>seguran\u00e7a alimentar<\/b> no centro das suas prioridades<span class=\"Apple-converted-space\">.<\/span>\n\n\u00c9 assim que temos <b>muitas certifica\u00e7\u00f5es de qualidade<\/b>, o que nos permite distribuir os nossos produtos em muitos mercados.\n\nEis algumas das nossas certifica\u00e7\u00f5es\n\n<a href=\"https:\/\/dosumaya.com.tr\/pt-br\/contato\/\"><span style=\"text-decoration: underline;\">N\u00e3o hesite em contactar<\/span><\/a> se necessitar de mais informa\u00e7\u00f5es\t\t\t\t\t\t\t\t<\/div>\n\t\t\t\t<\/div>\n\t\t\t\t\t<\/div>\n\t\t<\/div>\n\t\t\t\t<div class=\"elementor-column elementor-col-50 elementor-top-column elementor-element elementor-element-a7a96f7\" data-id=\"a7a96f7\" data-element_type=\"column\" data-e-type=\"column\">\n\t\t\t<div class=\"elementor-widget-wrap elementor-element-populated\">\n\t\t\t\t\t\t<div class=\"elementor-element elementor-element-1ca12f4 elementor-pagination-position-outside elementor-widget elementor-widget-image-carousel\" data-id=\"1ca12f4\" data-element_type=\"widget\" data-e-type=\"widget\" data-settings=\"{&quot;navigation&quot;:&quot;dots&quot;,&quot;autoplay&quot;:&quot;yes&quot;,&quot;pause_on_hover&quot;:&quot;yes&quot;,&quot;pause_on_interaction&quot;:&quot;yes&quot;,&quot;autoplay_speed&quot;:5000,&quot;infinite&quot;:&quot;yes&quot;,&quot;speed&quot;:500}\" data-widget_type=\"image-carousel.default\">\n\t\t\t\t<div class=\"elementor-widget-container\">\n\t\t\t\t\t\t\t<div class=\"elementor-image-carousel-wrapper swiper\" role=\"region\" aria-roledescription=\"carousel\" aria-label=\"Carrossel de imagens\" dir=\"ltr\">\n\t\t\t<div class=\"elementor-image-carousel swiper-wrapper\" aria-live=\"off\">\n\t\t\t\t\t\t\t\t<div class=\"swiper-slide\" role=\"group\" aria-roledescription=\"slide\" aria-label=\"1 de 5\"><figure class=\"swiper-slide-inner\"><img decoding=\"async\" class=\"swiper-slide-image\" src=\"https:\/\/dosumaya.com.tr\/wp-content\/uploads\/2022\/06\/eco-cert-154x154-1.png\" alt=\"eco-cert-154x154\" \/><\/figure><\/div><div class=\"swiper-slide\" role=\"group\" aria-roledescription=\"slide\" aria-label=\"2 de 5\"><figure class=\"swiper-slide-inner\"><img decoding=\"async\" class=\"swiper-slide-image\" src=\"https:\/\/dosumaya.com.tr\/wp-content\/uploads\/2022\/06\/fssc22000-154x154-1.jpeg\" alt=\"FSSC22000-154x154-1\" \/><\/figure><\/div><div class=\"swiper-slide\" role=\"group\" aria-roledescription=\"slide\" aria-label=\"3 de 5\"><figure class=\"swiper-slide-inner\"><img decoding=\"async\" class=\"swiper-slide-image\" src=\"https:\/\/dosumaya.com.tr\/wp-content\/uploads\/2022\/06\/halal-new.jpeg\" alt=\"Halal-new\" \/><\/figure><\/div><div class=\"swiper-slide\" role=\"group\" aria-roledescription=\"slide\" aria-label=\"4 de 5\"><figure class=\"swiper-slide-inner\"><img decoding=\"async\" class=\"swiper-slide-image\" src=\"https:\/\/dosumaya.com.tr\/wp-content\/uploads\/2022\/06\/iso-500001.jpeg\" alt=\"ISO-500001\" \/><\/figure><\/div><div class=\"swiper-slide\" role=\"group\" aria-roledescription=\"slide\" aria-label=\"5 de 5\"><figure class=\"swiper-slide-inner\"><img decoding=\"async\" class=\"swiper-slide-image\" src=\"https:\/\/dosumaya.com.tr\/wp-content\/uploads\/2022\/06\/u-100x100-1.jpeg\" alt=\"u-100x100\" \/><\/figure><\/div>\t\t\t<\/div>\n\t\t\t\t\t\t\t\n\t\t\t\t\t\t\t\t\t<div class=\"swiper-pagination\"><\/div>\n\t\t\t\t\t\t\t\t\t<\/div>\n\t\t\t\t\t\t<\/div>\n\t\t\t\t<\/div>\n\t\t\t\t\t<\/div>\n\t\t<\/div>\n\t\t\t\t\t<\/div>\n\t\t<\/section>\n\t\t\t\t<\/div>\n\t\t","protected":false},"excerpt":{"rendered":"<p>O seu parceiro inteligente de sucesso Especialistas em fermento de padeiro sobre n\u00f3s&#8230; A Istanbul DOSU Maya \u00e9 um dos principais protagonistas do setor da panifica\u00e7\u00e3o, especializada na produ\u00e7\u00e3o de fermentos e ingredientes de qualidade para panifica\u00e7\u00e3o, adaptados aos diferentes tipos de panifica\u00e7\u00e3o do mundo. A Istanbul DOSU Maya \u00e9 uma empresa fundada em Istambul, [&hellip;]<\/p>\n","protected":false},"author":1,"featured_media":1273,"parent":0,"menu_order":0,"comment_status":"closed","ping_status":"closed","template":"","meta":{"footnotes":""},"class_list":["post-1468","page","type-page","status-publish","has-post-thumbnail","hentry"],"yoast_head":"<!-- This site is optimized with the Yoast SEO plugin v27.4 - https:\/\/yoast.com\/product\/yoast-seo-wordpress\/ -->\n<title>SOBRE N\u00d3S - DOSUMAYA Istanbul<\/title>\n<meta name=\"description\" content=\"A Istanbul DOSU Maya \u00e9 uma empresa fundada em Istambul, Turquia, que, gra\u00e7as \u00e0 sua experi\u00eancia e know-how t\u00e9cnico e industrial, ganhou lugar entre os grupos de refer\u00eancia da panifica\u00e7\u00e3o.\" \/>\n<meta name=\"robots\" content=\"index, follow, max-snippet:-1, max-image-preview:large, max-video-preview:-1\" \/>\n<link rel=\"canonical\" href=\"https:\/\/dosumaya.com.tr\/pt-br\/sobre-nos\/\" \/>\n<meta property=\"og:locale\" content=\"pt_BR\" \/>\n<meta property=\"og:type\" content=\"article\" \/>\n<meta property=\"og:title\" content=\"SOBRE N\u00d3S - DOSUMAYA Istanbul\" \/>\n<meta property=\"og:description\" content=\"A Istanbul DOSU Maya \u00e9 uma empresa fundada em Istambul, Turquia, que, gra\u00e7as \u00e0 sua experi\u00eancia e know-how t\u00e9cnico e industrial, ganhou lugar entre os grupos de refer\u00eancia da panifica\u00e7\u00e3o.\" \/>\n<meta property=\"og:url\" content=\"https:\/\/dosumaya.com.tr\/pt-br\/sobre-nos\/\" \/>\n<meta property=\"og:site_name\" content=\"DOSUMAYA Istanbul\" \/>\n<meta property=\"article:modified_time\" content=\"2022-10-28T08:50:23+00:00\" \/>\n<meta property=\"og:image\" content=\"https:\/\/dosumaya.com.tr\/wp-content\/uploads\/2022\/09\/slide-2.jpg\" \/>\n\t<meta property=\"og:image:width\" content=\"1920\" \/>\n\t<meta property=\"og:image:height\" content=\"500\" \/>\n\t<meta property=\"og:image:type\" content=\"image\/jpeg\" \/>\n<meta name=\"twitter:card\" content=\"summary_large_image\" \/>\n<meta name=\"twitter:label1\" content=\"Est. tempo de leitura\" \/>\n\t<meta name=\"twitter:data1\" content=\"4 minutos\" \/>\n<script type=\"application\/ld+json\" class=\"yoast-schema-graph\">{\"@context\":\"https:\\\/\\\/schema.org\",\"@graph\":[{\"@type\":\"WebPage\",\"@id\":\"https:\\\/\\\/dosumaya.com.tr\\\/pt-br\\\/sobre-nos\\\/\",\"url\":\"https:\\\/\\\/dosumaya.com.tr\\\/pt-br\\\/sobre-nos\\\/\",\"name\":\"SOBRE N\u00d3S - DOSUMAYA Istanbul\",\"isPartOf\":{\"@id\":\"https:\\\/\\\/dosumaya.com.tr\\\/pt-br\\\/#website\"},\"primaryImageOfPage\":{\"@id\":\"https:\\\/\\\/dosumaya.com.tr\\\/pt-br\\\/sobre-nos\\\/#primaryimage\"},\"image\":{\"@id\":\"https:\\\/\\\/dosumaya.com.tr\\\/pt-br\\\/sobre-nos\\\/#primaryimage\"},\"thumbnailUrl\":\"https:\\\/\\\/dosumaya.com.tr\\\/wp-content\\\/uploads\\\/2022\\\/09\\\/slide-2.jpg\",\"datePublished\":\"2022-06-04T13:36:41+00:00\",\"dateModified\":\"2022-10-28T08:50:23+00:00\",\"description\":\"A Istanbul DOSU Maya \u00e9 uma empresa fundada em Istambul, Turquia, que, gra\u00e7as \u00e0 sua experi\u00eancia e know-how t\u00e9cnico e industrial, ganhou lugar entre os grupos de refer\u00eancia da panifica\u00e7\u00e3o.\",\"breadcrumb\":{\"@id\":\"https:\\\/\\\/dosumaya.com.tr\\\/pt-br\\\/sobre-nos\\\/#breadcrumb\"},\"inLanguage\":\"pt-BR\",\"potentialAction\":[{\"@type\":\"ReadAction\",\"target\":[\"https:\\\/\\\/dosumaya.com.tr\\\/pt-br\\\/sobre-nos\\\/\"]}]},{\"@type\":\"ImageObject\",\"inLanguage\":\"pt-BR\",\"@id\":\"https:\\\/\\\/dosumaya.com.tr\\\/pt-br\\\/sobre-nos\\\/#primaryimage\",\"url\":\"https:\\\/\\\/dosumaya.com.tr\\\/wp-content\\\/uploads\\\/2022\\\/09\\\/slide-2.jpg\",\"contentUrl\":\"https:\\\/\\\/dosumaya.com.tr\\\/wp-content\\\/uploads\\\/2022\\\/09\\\/slide-2.jpg\",\"width\":1920,\"height\":500},{\"@type\":\"BreadcrumbList\",\"@id\":\"https:\\\/\\\/dosumaya.com.tr\\\/pt-br\\\/sobre-nos\\\/#breadcrumb\",\"itemListElement\":[{\"@type\":\"ListItem\",\"position\":1,\"name\":\"Home\",\"item\":\"https:\\\/\\\/dosumaya.com.tr\\\/pt-br\\\/\"},{\"@type\":\"ListItem\",\"position\":2,\"name\":\"SOBRE N\u00d3S\"}]},{\"@type\":\"WebSite\",\"@id\":\"https:\\\/\\\/dosumaya.com.tr\\\/pt-br\\\/#website\",\"url\":\"https:\\\/\\\/dosumaya.com.tr\\\/pt-br\\\/\",\"name\":\"DOSUMAYA Istanbul\",\"description\":\"Istanbul DOSUMaya is a globally operating baking yeast producer\",\"publisher\":{\"@id\":\"https:\\\/\\\/dosumaya.com.tr\\\/pt-br\\\/#organization\"},\"potentialAction\":[{\"@type\":\"SearchAction\",\"target\":{\"@type\":\"EntryPoint\",\"urlTemplate\":\"https:\\\/\\\/dosumaya.com.tr\\\/pt-br\\\/?s={search_term_string}\"},\"query-input\":{\"@type\":\"PropertyValueSpecification\",\"valueRequired\":true,\"valueName\":\"search_term_string\"}}],\"inLanguage\":\"pt-BR\"},{\"@type\":\"Organization\",\"@id\":\"https:\\\/\\\/dosumaya.com.tr\\\/pt-br\\\/#organization\",\"name\":\"DOSUMAYA Istanbul\",\"url\":\"https:\\\/\\\/dosumaya.com.tr\\\/pt-br\\\/\",\"logo\":{\"@type\":\"ImageObject\",\"inLanguage\":\"pt-BR\",\"@id\":\"https:\\\/\\\/dosumaya.com.tr\\\/pt-br\\\/#\\\/schema\\\/logo\\\/image\\\/\",\"url\":\"https:\\\/\\\/dosumaya.com.tr\\\/wp-content\\\/uploads\\\/2022\\\/06\\\/dosu-logo.jpg\",\"contentUrl\":\"https:\\\/\\\/dosumaya.com.tr\\\/wp-content\\\/uploads\\\/2022\\\/06\\\/dosu-logo.jpg\",\"width\":300,\"height\":300,\"caption\":\"DOSUMAYA Istanbul\"},\"image\":{\"@id\":\"https:\\\/\\\/dosumaya.com.tr\\\/pt-br\\\/#\\\/schema\\\/logo\\\/image\\\/\"}}]}<\/script>\n<!-- \/ Yoast SEO plugin. -->","yoast_head_json":{"title":"SOBRE N\u00d3S - DOSUMAYA Istanbul","description":"A Istanbul DOSU Maya \u00e9 uma empresa fundada em Istambul, Turquia, que, gra\u00e7as \u00e0 sua experi\u00eancia e know-how t\u00e9cnico e industrial, ganhou lugar entre os grupos de refer\u00eancia da panifica\u00e7\u00e3o.","robots":{"index":"index","follow":"follow","max-snippet":"max-snippet:-1","max-image-preview":"max-image-preview:large","max-video-preview":"max-video-preview:-1"},"canonical":"https:\/\/dosumaya.com.tr\/pt-br\/sobre-nos\/","og_locale":"pt_BR","og_type":"article","og_title":"SOBRE N\u00d3S - DOSUMAYA Istanbul","og_description":"A Istanbul DOSU Maya \u00e9 uma empresa fundada em Istambul, Turquia, que, gra\u00e7as \u00e0 sua experi\u00eancia e know-how t\u00e9cnico e industrial, ganhou lugar entre os grupos de refer\u00eancia da panifica\u00e7\u00e3o.","og_url":"https:\/\/dosumaya.com.tr\/pt-br\/sobre-nos\/","og_site_name":"DOSUMAYA Istanbul","article_modified_time":"2022-10-28T08:50:23+00:00","og_image":[{"width":1920,"height":500,"url":"https:\/\/dosumaya.com.tr\/wp-content\/uploads\/2022\/09\/slide-2.jpg","type":"image\/jpeg"}],"twitter_card":"summary_large_image","twitter_misc":{"Est. tempo de leitura":"4 minutos"},"schema":{"@context":"https:\/\/schema.org","@graph":[{"@type":"WebPage","@id":"https:\/\/dosumaya.com.tr\/pt-br\/sobre-nos\/","url":"https:\/\/dosumaya.com.tr\/pt-br\/sobre-nos\/","name":"SOBRE N\u00d3S - DOSUMAYA Istanbul","isPartOf":{"@id":"https:\/\/dosumaya.com.tr\/pt-br\/#website"},"primaryImageOfPage":{"@id":"https:\/\/dosumaya.com.tr\/pt-br\/sobre-nos\/#primaryimage"},"image":{"@id":"https:\/\/dosumaya.com.tr\/pt-br\/sobre-nos\/#primaryimage"},"thumbnailUrl":"https:\/\/dosumaya.com.tr\/wp-content\/uploads\/2022\/09\/slide-2.jpg","datePublished":"2022-06-04T13:36:41+00:00","dateModified":"2022-10-28T08:50:23+00:00","description":"A Istanbul DOSU Maya \u00e9 uma empresa fundada em Istambul, Turquia, que, gra\u00e7as \u00e0 sua experi\u00eancia e know-how t\u00e9cnico e industrial, ganhou lugar entre os grupos de refer\u00eancia da panifica\u00e7\u00e3o.","breadcrumb":{"@id":"https:\/\/dosumaya.com.tr\/pt-br\/sobre-nos\/#breadcrumb"},"inLanguage":"pt-BR","potentialAction":[{"@type":"ReadAction","target":["https:\/\/dosumaya.com.tr\/pt-br\/sobre-nos\/"]}]},{"@type":"ImageObject","inLanguage":"pt-BR","@id":"https:\/\/dosumaya.com.tr\/pt-br\/sobre-nos\/#primaryimage","url":"https:\/\/dosumaya.com.tr\/wp-content\/uploads\/2022\/09\/slide-2.jpg","contentUrl":"https:\/\/dosumaya.com.tr\/wp-content\/uploads\/2022\/09\/slide-2.jpg","width":1920,"height":500},{"@type":"BreadcrumbList","@id":"https:\/\/dosumaya.com.tr\/pt-br\/sobre-nos\/#breadcrumb","itemListElement":[{"@type":"ListItem","position":1,"name":"Home","item":"https:\/\/dosumaya.com.tr\/pt-br\/"},{"@type":"ListItem","position":2,"name":"SOBRE N\u00d3S"}]},{"@type":"WebSite","@id":"https:\/\/dosumaya.com.tr\/pt-br\/#website","url":"https:\/\/dosumaya.com.tr\/pt-br\/","name":"DOSUMAYA Istanbul","description":"Istanbul DOSUMaya is a globally operating baking yeast producer","publisher":{"@id":"https:\/\/dosumaya.com.tr\/pt-br\/#organization"},"potentialAction":[{"@type":"SearchAction","target":{"@type":"EntryPoint","urlTemplate":"https:\/\/dosumaya.com.tr\/pt-br\/?s={search_term_string}"},"query-input":{"@type":"PropertyValueSpecification","valueRequired":true,"valueName":"search_term_string"}}],"inLanguage":"pt-BR"},{"@type":"Organization","@id":"https:\/\/dosumaya.com.tr\/pt-br\/#organization","name":"DOSUMAYA Istanbul","url":"https:\/\/dosumaya.com.tr\/pt-br\/","logo":{"@type":"ImageObject","inLanguage":"pt-BR","@id":"https:\/\/dosumaya.com.tr\/pt-br\/#\/schema\/logo\/image\/","url":"https:\/\/dosumaya.com.tr\/wp-content\/uploads\/2022\/06\/dosu-logo.jpg","contentUrl":"https:\/\/dosumaya.com.tr\/wp-content\/uploads\/2022\/06\/dosu-logo.jpg","width":300,"height":300,"caption":"DOSUMAYA Istanbul"},"image":{"@id":"https:\/\/dosumaya.com.tr\/pt-br\/#\/schema\/logo\/image\/"}}]}},"_links":{"self":[{"href":"https:\/\/dosumaya.com.tr\/pt-br\/wp-json\/wp\/v2\/pages\/1468","targetHints":{"allow":["GET"]}}],"collection":[{"href":"https:\/\/dosumaya.com.tr\/pt-br\/wp-json\/wp\/v2\/pages"}],"about":[{"href":"https:\/\/dosumaya.com.tr\/pt-br\/wp-json\/wp\/v2\/types\/page"}],"author":[{"embeddable":true,"href":"https:\/\/dosumaya.com.tr\/pt-br\/wp-json\/wp\/v2\/users\/1"}],"replies":[{"embeddable":true,"href":"https:\/\/dosumaya.com.tr\/pt-br\/wp-json\/wp\/v2\/comments?post=1468"}],"version-history":[{"count":9,"href":"https:\/\/dosumaya.com.tr\/pt-br\/wp-json\/wp\/v2\/pages\/1468\/revisions"}],"predecessor-version":[{"id":1558,"href":"https:\/\/dosumaya.com.tr\/pt-br\/wp-json\/wp\/v2\/pages\/1468\/revisions\/1558"}],"wp:featuredmedia":[{"embeddable":true,"href":"https:\/\/dosumaya.com.tr\/pt-br\/wp-json\/wp\/v2\/media\/1273"}],"wp:attachment":[{"href":"https:\/\/dosumaya.com.tr\/pt-br\/wp-json\/wp\/v2\/media?parent=1468"}],"curies":[{"name":"wp","href":"https:\/\/api.w.org\/{rel}","templated":true}]}}