{"id":1480,"date":"2022-06-06T20:49:43","date_gmt":"2022-06-06T20:49:43","guid":{"rendered":"https:\/\/dosumaya.com.tr\/eles-estao-a-falar\/"},"modified":"2022-10-28T07:52:59","modified_gmt":"2022-10-28T07:52:59","slug":"eles-estao-a-falar","status":"publish","type":"page","link":"https:\/\/dosumaya.com.tr\/pt-br\/eles-estao-a-falar\/","title":{"rendered":"Eles est\u00e3o a falar"},"content":{"rendered":"\t\t<div data-elementor-type=\"wp-page\" data-elementor-id=\"1480\" class=\"elementor elementor-1480 elementor-159\" data-elementor-post-type=\"page\">\n\t\t\t\t\t\t<section class=\"elementor-section elementor-top-section elementor-element elementor-element-5a0f1c61 elementor-section-full_width elementor-section-height-default elementor-section-height-default\" data-id=\"5a0f1c61\" data-element_type=\"section\" data-e-type=\"section\">\n\t\t\t\t\t\t<div class=\"elementor-container elementor-column-gap-no\">\n\t\t\t\t\t<div class=\"elementor-column elementor-col-100 elementor-top-column elementor-element elementor-element-32a80b4d\" data-id=\"32a80b4d\" data-element_type=\"column\" data-e-type=\"column\">\n\t\t\t<div class=\"elementor-widget-wrap elementor-element-populated\">\n\t\t\t\t\t\t<div class=\"elementor-element elementor-element-f04ea47 elementor-invisible elementor-widget elementor-widget-heading\" data-id=\"f04ea47\" data-element_type=\"widget\" data-e-type=\"widget\" data-settings=\"{&quot;_animation&quot;:&quot;fadeInUp&quot;}\" data-widget_type=\"heading.default\">\n\t\t\t\t<div class=\"elementor-widget-container\">\n\t\t\t\t\t<h1 class=\"elementor-heading-title elementor-size-default\">PORQUE CONFIAM EM N\u00d3S<\/h1>\t\t\t\t<\/div>\n\t\t\t\t<\/div>\n\t\t\t\t<div class=\"elementor-element elementor-element-773ac2fe elementor-widget__width-auto elementor-widget elementor-widget-heading\" data-id=\"773ac2fe\" data-element_type=\"widget\" data-e-type=\"widget\" data-widget_type=\"heading.default\">\n\t\t\t\t<div class=\"elementor-widget-container\">\n\t\t\t\t\t<h6 class=\"elementor-heading-title elementor-size-default\">DOSUMAYA : O seu parceiro inteligente de sucesso<\/h6>\t\t\t\t<\/div>\n\t\t\t\t<\/div>\n\t\t\t\t\t<\/div>\n\t\t<\/div>\n\t\t\t\t\t<\/div>\n\t\t<\/section>\n\t\t\t\t<section class=\"elementor-section elementor-top-section elementor-element elementor-element-7e16cbbf elementor-section-content-middle elementor-section-boxed elementor-section-height-default elementor-section-height-default\" data-id=\"7e16cbbf\" data-element_type=\"section\" data-e-type=\"section\" data-settings=\"{&quot;background_background&quot;:&quot;classic&quot;}\">\n\t\t\t\t\t\t<div class=\"elementor-container elementor-column-gap-no\">\n\t\t\t\t\t<div class=\"elementor-column elementor-col-100 elementor-top-column elementor-element elementor-element-5948788e\" data-id=\"5948788e\" data-element_type=\"column\" data-e-type=\"column\" data-settings=\"{&quot;background_background&quot;:&quot;gradient&quot;}\">\n\t\t\t<div class=\"elementor-widget-wrap elementor-element-populated\">\n\t\t\t\t\t\t<div class=\"elementor-element elementor-element-d3efff8 elementor-widget elementor-widget-text-editor\" data-id=\"d3efff8\" data-element_type=\"widget\" data-e-type=\"widget\" data-widget_type=\"text-editor.default\">\n\t\t\t\t<div class=\"elementor-widget-container\">\n\t\t\t\t\t\t\t\t\t<p>A gama de produtos de panifica\u00e7\u00e3o DOSU Maya, com as suas principais marcas como<a href=\"https:\/\/dosumaya.com.tr\/fr\/nos-gammes-de-produits\/panther-2en1-500g\/\"><span style=\"text-decoration: underline;\">Panther<sup>\u00ae<\/sup><\/span><\/a>, <a href=\"https:\/\/dosumaya.com.tr\/fr\/nos-gammes-de-produits\/hasmaya-or-500g\/\"><span style=\"text-decoration: underline;\">Hasmaya<sup>\u00ae<\/sup><\/span><\/a>, <a href=\"https:\/\/dosumaya.com.tr\/fr\/nos-gammes-de-produits\/pasha-rouge-500g\/\"><span style=\"text-decoration: underline;\">Pasha<sup>\u00ae<\/sup><\/span><\/a> et <a href=\"https:\/\/dosumaya.com.tr\/fr\/nos-gammes-de-produits\/topmix\/\"><span style=\"text-decoration: underline;\">Topmix<sup>\u00ae<\/sup><\/span><\/a>&#8230;<\/p>\n<p><b>Consulte o feedback dos distribuidores que trabalham connosco e confiam em n\u00f3s!<\/b><\/p>\n\t\t\t\t\t\t\t\t<\/div>\n\t\t\t\t<\/div>\n\t\t\t\t\t<\/div>\n\t\t<\/div>\n\t\t\t\t\t<\/div>\n\t\t<\/section>\n\t\t\t\t<section class=\"elementor-section elementor-top-section elementor-element elementor-element-dfa49e5 elementor-section-full_width elementor-section-height-min-height elementor-section-items-stretch elementor-section-content-middle elementor-section-height-default\" data-id=\"dfa49e5\" data-element_type=\"section\" data-e-type=\"section\" data-settings=\"{&quot;background_background&quot;:&quot;classic&quot;}\">\n\t\t\t\t\t\t<div class=\"elementor-container elementor-column-gap-no\">\n\t\t\t\t\t<div class=\"elementor-column elementor-col-100 elementor-top-column elementor-element elementor-element-0ec7df4\" data-id=\"0ec7df4\" data-element_type=\"column\" data-e-type=\"column\" data-settings=\"{&quot;background_background&quot;:&quot;classic&quot;}\">\n\t\t\t<div class=\"elementor-widget-wrap elementor-element-populated\">\n\t\t\t\t\t\t<div class=\"elementor-element elementor-element-ee69fad elementor-testimonial--skin-bubble elementor-testimonial--layout-image_left elementor-testimonial--align-center elementor-pagination-type-bullets elementor-widget elementor-widget-testimonial-carousel\" data-id=\"ee69fad\" data-element_type=\"widget\" data-e-type=\"widget\" data-settings=\"{&quot;slides_per_view_tablet&quot;:&quot;1&quot;,&quot;slides_per_view_mobile&quot;:&quot;1&quot;,&quot;pagination&quot;:&quot;bullets&quot;,&quot;speed&quot;:500,&quot;autoplay&quot;:&quot;yes&quot;,&quot;autoplay_speed&quot;:5000,&quot;loop&quot;:&quot;yes&quot;,&quot;pause_on_hover&quot;:&quot;yes&quot;,&quot;pause_on_interaction&quot;:&quot;yes&quot;,&quot;space_between&quot;:{&quot;unit&quot;:&quot;px&quot;,&quot;size&quot;:10,&quot;sizes&quot;:[]},&quot;space_between_tablet&quot;:{&quot;unit&quot;:&quot;px&quot;,&quot;size&quot;:10,&quot;sizes&quot;:[]},&quot;space_between_mobile&quot;:{&quot;unit&quot;:&quot;px&quot;,&quot;size&quot;:10,&quot;sizes&quot;:[]}}\" data-widget_type=\"testimonial-carousel.default\">\n\t\t\t\t<div class=\"elementor-widget-container\">\n\t\t\t\t\t\t\t\t\t<div class=\"elementor-swiper\">\n\t\t\t\t\t<div class=\"elementor-main-swiper swiper\" role=\"region\" aria-roledescription=\"carousel\" aria-label=\"Slides\">\n\t\t\t\t<div class=\"swiper-wrapper\">\n\t\t\t\t\t\t\t\t\t\t\t<div class=\"swiper-slide\" role=\"group\" aria-roledescription=\"slide\">\n\t\t\t\t\t\t\t\t\t<div class=\"elementor-testimonial\">\n\t\t\t\t\t\t\t<div class=\"elementor-testimonial__content\">\n\t\t\t\t\t<div class=\"elementor-testimonial__text\">\n\t\t\t\t\t\t<p>Um fornecedor de qualidade: poupo muito tempo na minha padaria gra\u00e7as \u00e0 DOSUMAYA, um vasto leque de produtos para todos os tipos de produ\u00e7\u00e3o e um servi\u00e7o de apoio ao cliente eficiente. A rela\u00e7\u00e3o pre\u00e7o\/qualidade \u00e9 extraordin\u00e1ria! Recomendo este fornecedor.<\/p>\n\t\t\t\t\t<\/div>\n\t\t\t\t\t\t\t\t\t<\/div>\n\t\t\t\t\t\t<div class=\"elementor-testimonial__footer\">\n\t\t\t\t\t\t\t\t\t<div class=\"elementor-testimonial__image\">\n\t\t\t\t\t\t<img decoding=\"async\" src=\"https:\/\/dosumaya.com.tr\/wp-content\/uploads\/2022\/06\/business.jpg\" alt=\"Um fornecedor\">\n\t\t\t\t\t\t\t\t\t\t\t<\/div>\n\t\t\t\t\t\t\t\t<cite class=\"elementor-testimonial__cite\"><span class=\"elementor-testimonial__name\">Um fornecedor<\/span><span class=\"elementor-testimonial__title\">Tanz\u00e2nia<\/span><\/cite>\t\t\t<\/div>\n\t\t<\/div>\n\t\t\t\t\t\t\t\t<\/div>\n\t\t\t\t\t\t\t\t\t\t\t<div class=\"swiper-slide\" role=\"group\" aria-roledescription=\"slide\">\n\t\t\t\t\t\t\t\t\t<div class=\"elementor-testimonial\">\n\t\t\t\t\t\t\t<div class=\"elementor-testimonial__content\">\n\t\t\t\t\t<div class=\"elementor-testimonial__text\">\n\t\t\t\t\t\t<p>Recomendo a Istanbul DOSUMAYA a 100 %: h\u00e1 mais de 10 anos que encomendo o meu fermento e ingredientes \u00e0 DOSUMAYA com entregas regulares, garantindo stock durante todo o ano e produtos de qualidade.<\/p>\n\t\t\t\t\t<\/div>\n\t\t\t\t\t\t\t\t\t<\/div>\n\t\t\t\t\t\t<div class=\"elementor-testimonial__footer\">\n\t\t\t\t\t\t\t\t\t<div class=\"elementor-testimonial__image\">\n\t\t\t\t\t\t<img decoding=\"async\" src=\"https:\/\/dosumaya.com.tr\/wp-content\/uploads\/2022\/06\/baker.jpg\" alt=\"Um fornecedor\">\n\t\t\t\t\t\t\t\t\t\t\t<\/div>\n\t\t\t\t\t\t\t\t<cite class=\"elementor-testimonial__cite\"><span class=\"elementor-testimonial__name\">Um fornecedor<\/span><span class=\"elementor-testimonial__title\">Arg\u00e9lia<\/span><\/cite>\t\t\t<\/div>\n\t\t<\/div>\n\t\t\t\t\t\t\t\t<\/div>\n\t\t\t\t\t\t\t\t\t\t\t<div class=\"swiper-slide\" role=\"group\" aria-roledescription=\"slide\">\n\t\t\t\t\t\t\t\t\t<div class=\"elementor-testimonial\">\n\t\t\t\t\t\t\t<div class=\"elementor-testimonial__content\">\n\t\t\t\t\t<div class=\"elementor-testimonial__text\">\n\t\t\t\t\t\t<p>Os produtos respondem exatamente \u00e0s minhas necessidades: n\u00e3o s\u00e3o os produtos mais caros e satisfazem perfeitamente as minhas necessidades.<\/p>\n\t\t\t\t\t<\/div>\n\t\t\t\t\t\t\t\t\t<\/div>\n\t\t\t\t\t\t<div class=\"elementor-testimonial__footer\">\n\t\t\t\t\t\t\t\t\t<div class=\"elementor-testimonial__image\">\n\t\t\t\t\t\t<img decoding=\"async\" src=\"https:\/\/dosumaya.com.tr\/wp-content\/uploads\/2022\/06\/business-1.jpg\" alt=\"Um fornecedor\">\n\t\t\t\t\t\t\t\t\t\t\t<\/div>\n\t\t\t\t\t\t\t\t<cite class=\"elementor-testimonial__cite\"><span class=\"elementor-testimonial__name\">Um fornecedor<\/span><span class=\"elementor-testimonial__title\">L\u00edbia<\/span><\/cite>\t\t\t<\/div>\n\t\t<\/div>\n\t\t\t\t\t\t\t\t<\/div>\n\t\t\t\t\t\t\t\t\t\t\t<div class=\"swiper-slide\" role=\"group\" aria-roledescription=\"slide\">\n\t\t\t\t\t\t\t\t\t<div class=\"elementor-testimonial\">\n\t\t\t\t\t\t\t<div class=\"elementor-testimonial__content\">\n\t\t\t\t\t<div class=\"elementor-testimonial__text\">\n\t\t\t\t\t\t<p>Empresa s\u00e9ria e empenhada: Trabalhar com a DOSUMAYA \u00e9 trabalhar com um parceiro que garante a durabilidade do nosso neg\u00f3cio atrav\u00e9s dos seus servi\u00e7os transparentes (descri\u00e7\u00e3o clara e precisa dos artigos, follow-up das encomendas por etapas\u2026)<\/p>\n\t\t\t\t\t<\/div>\n\t\t\t\t\t\t\t\t\t<\/div>\n\t\t\t\t\t\t<div class=\"elementor-testimonial__footer\">\n\t\t\t\t\t\t\t\t\t<div class=\"elementor-testimonial__image\">\n\t\t\t\t\t\t<img decoding=\"async\" src=\"https:\/\/dosumaya.com.tr\/wp-content\/uploads\/2022\/09\/baker-1.jpg\" alt=\"Um fornecedor\">\n\t\t\t\t\t\t\t\t\t\t\t<\/div>\n\t\t\t\t\t\t\t\t<cite class=\"elementor-testimonial__cite\"><span class=\"elementor-testimonial__name\">Um fornecedor<\/span><span class=\"elementor-testimonial__title\">Costa do Marfim<\/span><\/cite>\t\t\t<\/div>\n\t\t<\/div>\n\t\t\t\t\t\t\t\t<\/div>\n\t\t\t\t\t\t\t\t\t<\/div>\n\t\t\t\t\t\t\t\t\t\t\t\t\t\t\t\t\t\t\t\t<div class=\"swiper-pagination\"><\/div>\n\t\t\t\t\t\t\t\t\t\t\t\t<\/div>\n\t\t\t\t<\/div>\n\t\t\t\t\t\t\t\t<\/div>\n\t\t\t\t<\/div>\n\t\t\t\t\t<\/div>\n\t\t<\/div>\n\t\t\t\t\t<\/div>\n\t\t<\/section>\n\t\t\t\t<\/div>\n\t\t","protected":false},"excerpt":{"rendered":"<p>PORQUE CONFIAM EM N\u00d3S DOSUMAYA : O seu parceiro inteligente de sucesso A gama de produtos de panifica\u00e7\u00e3o DOSU Maya, com as suas principais marcas comoPanther\u00ae, Hasmaya\u00ae, Pasha\u00ae et Topmix\u00ae&#8230; Consulte o feedback dos distribuidores que trabalham connosco e confiam em n\u00f3s! Um fornecedor de qualidade: poupo muito tempo na minha padaria gra\u00e7as \u00e0 DOSUMAYA, [&hellip;]<\/p>\n","protected":false},"author":1,"featured_media":1264,"parent":0,"menu_order":0,"comment_status":"closed","ping_status":"closed","template":"","meta":{"footnotes":""},"class_list":["post-1480","page","type-page","status-publish","has-post-thumbnail","hentry"],"yoast_head":"<!-- This site is optimized with the Yoast SEO plugin v27.6 - https:\/\/yoast.com\/product\/yoast-seo-wordpress\/ -->\n<title>Eles est\u00e3o a falar - DOSUMAYA Istanbul<\/title>\n<meta name=\"description\" content=\"A gama de produtos de panifica\u00e7\u00e3o DOSU Maya, com as suas principais marcas como Panther\u00ae, Hasmaya\u00ae, Pasha\u00ae e Top-Mix\u00ae. Consulte o feedback dos distribuidores que trabalham connosco e confiam em n\u00f3s\" \/>\n<meta name=\"robots\" content=\"index, follow, max-snippet:-1, max-image-preview:large, max-video-preview:-1\" \/>\n<link rel=\"canonical\" href=\"https:\/\/dosumaya.com.tr\/pt-br\/eles-estao-a-falar\/\" \/>\n<meta property=\"og:locale\" content=\"pt_BR\" \/>\n<meta property=\"og:type\" content=\"article\" \/>\n<meta property=\"og:title\" content=\"Eles est\u00e3o a falar - DOSUMAYA Istanbul\" \/>\n<meta property=\"og:description\" content=\"A gama de produtos de panifica\u00e7\u00e3o DOSU Maya, com as suas principais marcas como Panther\u00ae, Hasmaya\u00ae, Pasha\u00ae e Top-Mix\u00ae. Consulte o feedback dos distribuidores que trabalham connosco e confiam em n\u00f3s\" \/>\n<meta property=\"og:url\" content=\"https:\/\/dosumaya.com.tr\/pt-br\/eles-estao-a-falar\/\" \/>\n<meta property=\"og:site_name\" content=\"DOSUMAYA Istanbul\" \/>\n<meta property=\"article:modified_time\" content=\"2022-10-28T07:52:59+00:00\" \/>\n<meta property=\"og:image\" content=\"https:\/\/dosumaya.com.tr\/wp-content\/uploads\/2022\/09\/business-2.jpg\" \/>\n\t<meta property=\"og:image:width\" content=\"502\" \/>\n\t<meta property=\"og:image:height\" content=\"664\" \/>\n\t<meta property=\"og:image:type\" content=\"image\/jpeg\" \/>\n<meta name=\"twitter:card\" content=\"summary_large_image\" \/>\n<meta name=\"twitter:label1\" content=\"Est. tempo de leitura\" \/>\n\t<meta name=\"twitter:data1\" content=\"1 minuto\" \/>\n<script type=\"application\/ld+json\" class=\"yoast-schema-graph\">{\"@context\":\"https:\\\/\\\/schema.org\",\"@graph\":[{\"@type\":\"WebPage\",\"@id\":\"https:\\\/\\\/dosumaya.com.tr\\\/pt-br\\\/eles-estao-a-falar\\\/\",\"url\":\"https:\\\/\\\/dosumaya.com.tr\\\/pt-br\\\/eles-estao-a-falar\\\/\",\"name\":\"Eles est\u00e3o a falar - DOSUMAYA Istanbul\",\"isPartOf\":{\"@id\":\"https:\\\/\\\/dosumaya.com.tr\\\/pt-br\\\/#website\"},\"primaryImageOfPage\":{\"@id\":\"https:\\\/\\\/dosumaya.com.tr\\\/pt-br\\\/eles-estao-a-falar\\\/#primaryimage\"},\"image\":{\"@id\":\"https:\\\/\\\/dosumaya.com.tr\\\/pt-br\\\/eles-estao-a-falar\\\/#primaryimage\"},\"thumbnailUrl\":\"https:\\\/\\\/dosumaya.com.tr\\\/wp-content\\\/uploads\\\/2022\\\/09\\\/business-2.jpg\",\"datePublished\":\"2022-06-06T20:49:43+00:00\",\"dateModified\":\"2022-10-28T07:52:59+00:00\",\"description\":\"A gama de produtos de panifica\u00e7\u00e3o DOSU Maya, com as suas principais marcas como Panther\u00ae, Hasmaya\u00ae, Pasha\u00ae e Top-Mix\u00ae. Consulte o feedback dos distribuidores que trabalham connosco e confiam em n\u00f3s\",\"breadcrumb\":{\"@id\":\"https:\\\/\\\/dosumaya.com.tr\\\/pt-br\\\/eles-estao-a-falar\\\/#breadcrumb\"},\"inLanguage\":\"pt-BR\",\"potentialAction\":[{\"@type\":\"ReadAction\",\"target\":[\"https:\\\/\\\/dosumaya.com.tr\\\/pt-br\\\/eles-estao-a-falar\\\/\"]}]},{\"@type\":\"ImageObject\",\"inLanguage\":\"pt-BR\",\"@id\":\"https:\\\/\\\/dosumaya.com.tr\\\/pt-br\\\/eles-estao-a-falar\\\/#primaryimage\",\"url\":\"https:\\\/\\\/dosumaya.com.tr\\\/wp-content\\\/uploads\\\/2022\\\/09\\\/business-2.jpg\",\"contentUrl\":\"https:\\\/\\\/dosumaya.com.tr\\\/wp-content\\\/uploads\\\/2022\\\/09\\\/business-2.jpg\",\"width\":502,\"height\":664},{\"@type\":\"BreadcrumbList\",\"@id\":\"https:\\\/\\\/dosumaya.com.tr\\\/pt-br\\\/eles-estao-a-falar\\\/#breadcrumb\",\"itemListElement\":[{\"@type\":\"ListItem\",\"position\":1,\"name\":\"Home\",\"item\":\"https:\\\/\\\/dosumaya.com.tr\\\/pt-br\\\/\"},{\"@type\":\"ListItem\",\"position\":2,\"name\":\"Eles est\u00e3o a falar\"}]},{\"@type\":\"WebSite\",\"@id\":\"https:\\\/\\\/dosumaya.com.tr\\\/pt-br\\\/#website\",\"url\":\"https:\\\/\\\/dosumaya.com.tr\\\/pt-br\\\/\",\"name\":\"DOSUMAYA Istanbul\",\"description\":\"Istanbul DOSUMaya is a globally operating baking yeast producer\",\"publisher\":{\"@id\":\"https:\\\/\\\/dosumaya.com.tr\\\/pt-br\\\/#organization\"},\"potentialAction\":[{\"@type\":\"SearchAction\",\"target\":{\"@type\":\"EntryPoint\",\"urlTemplate\":\"https:\\\/\\\/dosumaya.com.tr\\\/pt-br\\\/?s={search_term_string}\"},\"query-input\":{\"@type\":\"PropertyValueSpecification\",\"valueRequired\":true,\"valueName\":\"search_term_string\"}}],\"inLanguage\":\"pt-BR\"},{\"@type\":\"Organization\",\"@id\":\"https:\\\/\\\/dosumaya.com.tr\\\/pt-br\\\/#organization\",\"name\":\"DOSUMAYA Istanbul\",\"url\":\"https:\\\/\\\/dosumaya.com.tr\\\/pt-br\\\/\",\"logo\":{\"@type\":\"ImageObject\",\"inLanguage\":\"pt-BR\",\"@id\":\"https:\\\/\\\/dosumaya.com.tr\\\/pt-br\\\/#\\\/schema\\\/logo\\\/image\\\/\",\"url\":\"https:\\\/\\\/dosumaya.com.tr\\\/wp-content\\\/uploads\\\/2022\\\/06\\\/dosu-logo.jpg\",\"contentUrl\":\"https:\\\/\\\/dosumaya.com.tr\\\/wp-content\\\/uploads\\\/2022\\\/06\\\/dosu-logo.jpg\",\"width\":300,\"height\":300,\"caption\":\"DOSUMAYA Istanbul\"},\"image\":{\"@id\":\"https:\\\/\\\/dosumaya.com.tr\\\/pt-br\\\/#\\\/schema\\\/logo\\\/image\\\/\"}}]}<\/script>\n<!-- \/ Yoast SEO plugin. -->","yoast_head_json":{"title":"Eles est\u00e3o a falar - DOSUMAYA Istanbul","description":"A gama de produtos de panifica\u00e7\u00e3o DOSU Maya, com as suas principais marcas como Panther\u00ae, Hasmaya\u00ae, Pasha\u00ae e Top-Mix\u00ae. Consulte o feedback dos distribuidores que trabalham connosco e confiam em n\u00f3s","robots":{"index":"index","follow":"follow","max-snippet":"max-snippet:-1","max-image-preview":"max-image-preview:large","max-video-preview":"max-video-preview:-1"},"canonical":"https:\/\/dosumaya.com.tr\/pt-br\/eles-estao-a-falar\/","og_locale":"pt_BR","og_type":"article","og_title":"Eles est\u00e3o a falar - DOSUMAYA Istanbul","og_description":"A gama de produtos de panifica\u00e7\u00e3o DOSU Maya, com as suas principais marcas como Panther\u00ae, Hasmaya\u00ae, Pasha\u00ae e Top-Mix\u00ae. Consulte o feedback dos distribuidores que trabalham connosco e confiam em n\u00f3s","og_url":"https:\/\/dosumaya.com.tr\/pt-br\/eles-estao-a-falar\/","og_site_name":"DOSUMAYA Istanbul","article_modified_time":"2022-10-28T07:52:59+00:00","og_image":[{"width":502,"height":664,"url":"https:\/\/dosumaya.com.tr\/wp-content\/uploads\/2022\/09\/business-2.jpg","type":"image\/jpeg"}],"twitter_card":"summary_large_image","twitter_misc":{"Est. tempo de leitura":"1 minuto"},"schema":{"@context":"https:\/\/schema.org","@graph":[{"@type":"WebPage","@id":"https:\/\/dosumaya.com.tr\/pt-br\/eles-estao-a-falar\/","url":"https:\/\/dosumaya.com.tr\/pt-br\/eles-estao-a-falar\/","name":"Eles est\u00e3o a falar - DOSUMAYA Istanbul","isPartOf":{"@id":"https:\/\/dosumaya.com.tr\/pt-br\/#website"},"primaryImageOfPage":{"@id":"https:\/\/dosumaya.com.tr\/pt-br\/eles-estao-a-falar\/#primaryimage"},"image":{"@id":"https:\/\/dosumaya.com.tr\/pt-br\/eles-estao-a-falar\/#primaryimage"},"thumbnailUrl":"https:\/\/dosumaya.com.tr\/wp-content\/uploads\/2022\/09\/business-2.jpg","datePublished":"2022-06-06T20:49:43+00:00","dateModified":"2022-10-28T07:52:59+00:00","description":"A gama de produtos de panifica\u00e7\u00e3o DOSU Maya, com as suas principais marcas como Panther\u00ae, Hasmaya\u00ae, Pasha\u00ae e Top-Mix\u00ae. Consulte o feedback dos distribuidores que trabalham connosco e confiam em n\u00f3s","breadcrumb":{"@id":"https:\/\/dosumaya.com.tr\/pt-br\/eles-estao-a-falar\/#breadcrumb"},"inLanguage":"pt-BR","potentialAction":[{"@type":"ReadAction","target":["https:\/\/dosumaya.com.tr\/pt-br\/eles-estao-a-falar\/"]}]},{"@type":"ImageObject","inLanguage":"pt-BR","@id":"https:\/\/dosumaya.com.tr\/pt-br\/eles-estao-a-falar\/#primaryimage","url":"https:\/\/dosumaya.com.tr\/wp-content\/uploads\/2022\/09\/business-2.jpg","contentUrl":"https:\/\/dosumaya.com.tr\/wp-content\/uploads\/2022\/09\/business-2.jpg","width":502,"height":664},{"@type":"BreadcrumbList","@id":"https:\/\/dosumaya.com.tr\/pt-br\/eles-estao-a-falar\/#breadcrumb","itemListElement":[{"@type":"ListItem","position":1,"name":"Home","item":"https:\/\/dosumaya.com.tr\/pt-br\/"},{"@type":"ListItem","position":2,"name":"Eles est\u00e3o a falar"}]},{"@type":"WebSite","@id":"https:\/\/dosumaya.com.tr\/pt-br\/#website","url":"https:\/\/dosumaya.com.tr\/pt-br\/","name":"DOSUMAYA Istanbul","description":"Istanbul DOSUMaya is a globally operating baking yeast producer","publisher":{"@id":"https:\/\/dosumaya.com.tr\/pt-br\/#organization"},"potentialAction":[{"@type":"SearchAction","target":{"@type":"EntryPoint","urlTemplate":"https:\/\/dosumaya.com.tr\/pt-br\/?s={search_term_string}"},"query-input":{"@type":"PropertyValueSpecification","valueRequired":true,"valueName":"search_term_string"}}],"inLanguage":"pt-BR"},{"@type":"Organization","@id":"https:\/\/dosumaya.com.tr\/pt-br\/#organization","name":"DOSUMAYA Istanbul","url":"https:\/\/dosumaya.com.tr\/pt-br\/","logo":{"@type":"ImageObject","inLanguage":"pt-BR","@id":"https:\/\/dosumaya.com.tr\/pt-br\/#\/schema\/logo\/image\/","url":"https:\/\/dosumaya.com.tr\/wp-content\/uploads\/2022\/06\/dosu-logo.jpg","contentUrl":"https:\/\/dosumaya.com.tr\/wp-content\/uploads\/2022\/06\/dosu-logo.jpg","width":300,"height":300,"caption":"DOSUMAYA Istanbul"},"image":{"@id":"https:\/\/dosumaya.com.tr\/pt-br\/#\/schema\/logo\/image\/"}}]}},"_links":{"self":[{"href":"https:\/\/dosumaya.com.tr\/pt-br\/wp-json\/wp\/v2\/pages\/1480","targetHints":{"allow":["GET"]}}],"collection":[{"href":"https:\/\/dosumaya.com.tr\/pt-br\/wp-json\/wp\/v2\/pages"}],"about":[{"href":"https:\/\/dosumaya.com.tr\/pt-br\/wp-json\/wp\/v2\/types\/page"}],"author":[{"embeddable":true,"href":"https:\/\/dosumaya.com.tr\/pt-br\/wp-json\/wp\/v2\/users\/1"}],"replies":[{"embeddable":true,"href":"https:\/\/dosumaya.com.tr\/pt-br\/wp-json\/wp\/v2\/comments?post=1480"}],"version-history":[{"count":3,"href":"https:\/\/dosumaya.com.tr\/pt-br\/wp-json\/wp\/v2\/pages\/1480\/revisions"}],"predecessor-version":[{"id":1483,"href":"https:\/\/dosumaya.com.tr\/pt-br\/wp-json\/wp\/v2\/pages\/1480\/revisions\/1483"}],"wp:featuredmedia":[{"embeddable":true,"href":"https:\/\/dosumaya.com.tr\/pt-br\/wp-json\/wp\/v2\/media\/1264"}],"wp:attachment":[{"href":"https:\/\/dosumaya.com.tr\/pt-br\/wp-json\/wp\/v2\/media?parent=1480"}],"curies":[{"name":"wp","href":"https:\/\/api.w.org\/{rel}","templated":true}]}}