{"id":1492,"date":"2022-06-16T08:44:29","date_gmt":"2022-06-16T08:44:29","guid":{"rendered":"https:\/\/dosumaya.com.tr\/os-nossos-produtos\/em-casa\/"},"modified":"2022-11-07T12:48:39","modified_gmt":"2022-11-07T12:48:39","slug":"em-casa","status":"publish","type":"page","link":"https:\/\/dosumaya.com.tr\/pt-br\/os-nossos-produtos\/em-casa\/","title":{"rendered":"Em casa"},"content":{"rendered":"\t\t<div data-elementor-type=\"wp-page\" data-elementor-id=\"1492\" class=\"elementor elementor-1492 elementor-496\" data-elementor-post-type=\"page\">\n\t\t\t\t\t\t<section class=\"elementor-section elementor-top-section elementor-element elementor-element-5a0f1c61 elementor-section-full_width elementor-section-height-default elementor-section-height-default\" data-id=\"5a0f1c61\" data-element_type=\"section\" data-e-type=\"section\">\n\t\t\t\t\t\t<div class=\"elementor-container elementor-column-gap-no\">\n\t\t\t\t\t<div class=\"elementor-column elementor-col-100 elementor-top-column elementor-element elementor-element-32a80b4d\" data-id=\"32a80b4d\" data-element_type=\"column\" data-e-type=\"column\">\n\t\t\t<div class=\"elementor-widget-wrap elementor-element-populated\">\n\t\t\t\t\t\t<div class=\"elementor-element elementor-element-f04ea47 elementor-invisible elementor-widget elementor-widget-heading\" data-id=\"f04ea47\" data-element_type=\"widget\" data-e-type=\"widget\" data-settings=\"{&quot;_animation&quot;:&quot;fadeInUp&quot;}\" data-widget_type=\"heading.default\">\n\t\t\t\t<div class=\"elementor-widget-container\">\n\t\t\t\t\t<h1 class=\"elementor-heading-title elementor-size-default\">Em casa<\/h1>\t\t\t\t<\/div>\n\t\t\t\t<\/div>\n\t\t\t\t<div class=\"elementor-element elementor-element-773ac2fe elementor-widget__width-auto elementor-widget elementor-widget-heading\" data-id=\"773ac2fe\" data-element_type=\"widget\" data-e-type=\"widget\" data-widget_type=\"heading.default\">\n\t\t\t\t<div class=\"elementor-widget-container\">\n\t\t\t\t\t<h6 class=\"elementor-heading-title elementor-size-default\">DOSUMAYA : O seu parceiro inteligente de sucesso<\/h6>\t\t\t\t<\/div>\n\t\t\t\t<\/div>\n\t\t\t\t\t<\/div>\n\t\t<\/div>\n\t\t\t\t\t<\/div>\n\t\t<\/section>\n\t\t\t\t<section class=\"elementor-section elementor-top-section elementor-element elementor-element-e63aa40 elementor-section-full_width elementor-section-height-default elementor-section-height-default\" data-id=\"e63aa40\" data-element_type=\"section\" data-e-type=\"section\">\n\t\t\t\t\t\t<div class=\"elementor-container elementor-column-gap-no\">\n\t\t\t\t\t<div class=\"elementor-column elementor-col-100 elementor-top-column elementor-element elementor-element-1da48fd\" data-id=\"1da48fd\" data-element_type=\"column\" data-e-type=\"column\">\n\t\t\t<div class=\"elementor-widget-wrap elementor-element-populated\">\n\t\t\t\t\t\t<section class=\"elementor-section elementor-inner-section elementor-element elementor-element-75d32cf elementor-section-full_width elementor-section-content-top elementor-section-height-default elementor-section-height-default\" data-id=\"75d32cf\" data-element_type=\"section\" data-e-type=\"section\">\n\t\t\t\t\t\t<div class=\"elementor-container elementor-column-gap-no\">\n\t\t\t\t\t<div class=\"elementor-column elementor-col-50 elementor-inner-column elementor-element elementor-element-4f61b98\" data-id=\"4f61b98\" data-element_type=\"column\" data-e-type=\"column\">\n\t\t\t<div class=\"elementor-widget-wrap elementor-element-populated\">\n\t\t\t\t\t\t<div class=\"elementor-element elementor-element-4d261e0 elementor-widget elementor-widget-image\" data-id=\"4d261e0\" data-element_type=\"widget\" data-e-type=\"widget\" data-widget_type=\"image.default\">\n\t\t\t\t<div class=\"elementor-widget-container\">\n\t\t\t\t\t\t\t\t\t\t\t\t\t\t\t<img fetchpriority=\"high\" decoding=\"async\" width=\"917\" height=\"936\" src=\"https:\/\/dosumaya.com.tr\/wp-content\/uploads\/2022\/06\/b2c.jpg\" class=\"attachment-full size-full wp-image-1252\" alt=\"\" srcset=\"https:\/\/dosumaya.com.tr\/wp-content\/uploads\/2022\/06\/b2c.jpg 917w, https:\/\/dosumaya.com.tr\/wp-content\/uploads\/2022\/06\/b2c-294x300.jpg 294w, https:\/\/dosumaya.com.tr\/wp-content\/uploads\/2022\/06\/b2c-768x784.jpg 768w\" sizes=\"(max-width: 917px) 100vw, 917px\" \/>\t\t\t\t\t\t\t\t\t\t\t\t\t\t\t<\/div>\n\t\t\t\t<\/div>\n\t\t\t\t\t<\/div>\n\t\t<\/div>\n\t\t\t\t<div class=\"elementor-column elementor-col-50 elementor-inner-column elementor-element elementor-element-5d6e788\" data-id=\"5d6e788\" data-element_type=\"column\" data-e-type=\"column\">\n\t\t\t<div class=\"elementor-widget-wrap elementor-element-populated\">\n\t\t\t\t\t\t<div class=\"elementor-element elementor-element-68c60ef elementor-widget elementor-widget-text-editor\" data-id=\"68c60ef\" data-element_type=\"widget\" data-e-type=\"widget\" data-widget_type=\"text-editor.default\">\n\t\t\t\t<div class=\"elementor-widget-container\">\n\t\t\t\t\t\t\t\t\t<p>Fazer p\u00e3o em casa faz parte dos h\u00e1bitos e tradi\u00e7\u00f5es de muitos pa\u00edses de \u00c1frica e do M\u00e9dio Oriente.<\/p>\n<p>\u00c9 tamb\u00e9m uma tend\u00eancia de consumo em alguns pa\u00edses ocidentais. Seja para agradar a fam\u00edlia, por quest\u00f5es econ\u00f3micas ou para controlar os ingredientes nas receitas, este modo de consumo exige produtos adaptados.<\/p>\n<p><b>\u00c9 por isso que a DOSU Maya oferece uma variedade de fermentos para a produ\u00e7\u00e3o de p\u00e3o em casa.<\/b><\/p>\n<p>Com embalagens adaptadas aos h\u00e1bitos de consumo dom\u00e9stico, estas leveduras permitem produzir todos os tipos de panifica\u00e7\u00e3o, desde os mais <b>tradicionais<\/b> aos mais <b>inovadores<\/b>.<\/p>\n\t\t\t\t\t\t\t\t<\/div>\n\t\t\t\t<\/div>\n\t\t\t\t<div class=\"elementor-element elementor-element-04c18a7 elementor-align-start elementor-widget__width-auto elementor-fixed elementor-hidden-desktop elementor-hidden-tablet elementor-hidden-mobile elementor-icon-list--layout-traditional elementor-list-item-link-full_width elementor-widget elementor-widget-icon-list\" data-id=\"04c18a7\" data-element_type=\"widget\" data-e-type=\"widget\" data-settings=\"{&quot;_position&quot;:&quot;fixed&quot;}\" data-widget_type=\"icon-list.default\">\n\t\t\t\t<div class=\"elementor-widget-container\">\n\t\t\t\t\t\t\t<ul class=\"elementor-icon-list-items\">\n\t\t\t\t\t\t\t<li class=\"elementor-icon-list-item\">\n\t\t\t\t\t\t\t\t\t\t\t<a href=\"https:\/\/dosumaya.com.tr\/wp-content\/uploads\/2022\/06\/hasmaya-500-en-fr.pdf\" target=\"_blank\" rel=\"nofollow\">\n\n\t\t\t\t\t\t\t\t\t\t\t\t<span class=\"elementor-icon-list-icon\">\n\t\t\t\t\t\t\t<i aria-hidden=\"true\" class=\"fas fa-download\"><\/i>\t\t\t\t\t\t<\/span>\n\t\t\t\t\t\t\t\t\t\t<span class=\"elementor-icon-list-text\">Baixar<br>a ficha do produto<\/span>\n\t\t\t\t\t\t\t\t\t\t\t<\/a>\n\t\t\t\t\t\t\t\t\t<\/li>\n\t\t\t\t\t\t<\/ul>\n\t\t\t\t\t\t<\/div>\n\t\t\t\t<\/div>\n\t\t\t\t\t<\/div>\n\t\t<\/div>\n\t\t\t\t\t<\/div>\n\t\t<\/section>\n\t\t\t\t\t<\/div>\n\t\t<\/div>\n\t\t\t\t\t<\/div>\n\t\t<\/section>\n\t\t\t\t<section class=\"elementor-section elementor-top-section elementor-element elementor-element-8ba1526 elementor-section-full_width elementor-section-height-default elementor-section-height-default\" data-id=\"8ba1526\" data-element_type=\"section\" data-e-type=\"section\">\n\t\t\t\t\t\t<div class=\"elementor-container elementor-column-gap-no\">\n\t\t\t\t\t<div class=\"elementor-column elementor-col-100 elementor-top-column elementor-element elementor-element-dfe9120\" data-id=\"dfe9120\" data-element_type=\"column\" data-e-type=\"column\">\n\t\t\t<div class=\"elementor-widget-wrap elementor-element-populated\">\n\t\t\t\t\t\t<section class=\"elementor-section elementor-inner-section elementor-element elementor-element-e0887c1 elementor-section-full_width elementor-section-content-top elementor-section-height-default elementor-section-height-default\" data-id=\"e0887c1\" data-element_type=\"section\" data-e-type=\"section\">\n\t\t\t\t\t\t<div class=\"elementor-container elementor-column-gap-no\">\n\t\t\t\t\t<div class=\"elementor-column elementor-col-50 elementor-inner-column elementor-element elementor-element-d7ed437\" data-id=\"d7ed437\" data-element_type=\"column\" data-e-type=\"column\">\n\t\t\t<div class=\"elementor-widget-wrap elementor-element-populated\">\n\t\t\t\t\t\t<div class=\"elementor-element elementor-element-3abd29a elementor-widget elementor-widget-text-editor\" data-id=\"3abd29a\" data-element_type=\"widget\" data-e-type=\"widget\" data-widget_type=\"text-editor.default\">\n\t\t\t\t<div class=\"elementor-widget-container\">\n\t\t\t\t\t\t\t\t\t<p><b>A Dosumaya <\/b>oferece uma gama de produtos<b>:<span class=\"Apple-converted-space\"> <\/span><\/b> <\/p>\n<ul>\n<li><b>Pr\u00e1tica<\/b><\/li>\n<li><b>F\u00e1cil de usar<\/b><\/li>\n<li><b>Adaptado \u00e0s suas necessidades<\/b><\/li>\n<li><b>Higi\u00eanico<\/b><\/li>\n<li><b>Prazo de validade longo<\/b><\/li>\n<\/ul>\n\t\t\t\t\t\t\t\t<\/div>\n\t\t\t\t<\/div>\n\t\t\t\t<div class=\"elementor-element elementor-element-540bd20 elementor-align-start elementor-widget__width-auto elementor-fixed elementor-hidden-desktop elementor-hidden-tablet elementor-hidden-mobile elementor-icon-list--layout-traditional elementor-list-item-link-full_width elementor-widget elementor-widget-icon-list\" data-id=\"540bd20\" data-element_type=\"widget\" data-e-type=\"widget\" data-settings=\"{&quot;_position&quot;:&quot;fixed&quot;}\" data-widget_type=\"icon-list.default\">\n\t\t\t\t<div class=\"elementor-widget-container\">\n\t\t\t\t\t\t\t<ul class=\"elementor-icon-list-items\">\n\t\t\t\t\t\t\t<li class=\"elementor-icon-list-item\">\n\t\t\t\t\t\t\t\t\t\t\t<a href=\"https:\/\/dosumaya.com.tr\/wp-content\/uploads\/2022\/06\/hasmaya-500-en-fr.pdf\" target=\"_blank\" rel=\"nofollow\">\n\n\t\t\t\t\t\t\t\t\t\t\t\t<span class=\"elementor-icon-list-icon\">\n\t\t\t\t\t\t\t<i aria-hidden=\"true\" class=\"fas fa-download\"><\/i>\t\t\t\t\t\t<\/span>\n\t\t\t\t\t\t\t\t\t\t<span class=\"elementor-icon-list-text\">Baixar<br>a ficha do produto<\/span>\n\t\t\t\t\t\t\t\t\t\t\t<\/a>\n\t\t\t\t\t\t\t\t\t<\/li>\n\t\t\t\t\t\t<\/ul>\n\t\t\t\t\t\t<\/div>\n\t\t\t\t<\/div>\n\t\t\t\t\t<\/div>\n\t\t<\/div>\n\t\t\t\t<div class=\"elementor-column elementor-col-50 elementor-inner-column elementor-element elementor-element-d3f7357\" data-id=\"d3f7357\" data-element_type=\"column\" data-e-type=\"column\">\n\t\t\t<div class=\"elementor-widget-wrap elementor-element-populated\">\n\t\t\t\t\t\t<div class=\"elementor-element elementor-element-4c26194 elementor-pagination-position-outside elementor-widget elementor-widget-image-carousel\" data-id=\"4c26194\" data-element_type=\"widget\" data-e-type=\"widget\" data-settings=\"{&quot;navigation&quot;:&quot;dots&quot;,&quot;autoplay&quot;:&quot;yes&quot;,&quot;pause_on_hover&quot;:&quot;yes&quot;,&quot;pause_on_interaction&quot;:&quot;yes&quot;,&quot;autoplay_speed&quot;:5000,&quot;infinite&quot;:&quot;yes&quot;,&quot;speed&quot;:500}\" data-widget_type=\"image-carousel.default\">\n\t\t\t\t<div class=\"elementor-widget-container\">\n\t\t\t\t\t\t\t<div class=\"elementor-image-carousel-wrapper swiper\" role=\"region\" aria-roledescription=\"carousel\" aria-label=\"Carrossel de imagens\" dir=\"ltr\">\n\t\t\t<div class=\"elementor-image-carousel swiper-wrapper\" aria-live=\"off\">\n\t\t\t\t\t\t\t\t<div class=\"swiper-slide\" role=\"group\" aria-roledescription=\"slide\" aria-label=\"1 de 4\"><a data-elementor-open-lightbox=\"yes\" data-elementor-lightbox-slideshow=\"4c26194\" data-elementor-lightbox-title=\"HASMAYA 11 G SASE 3D DUMMY -ON\" data-e-action-hash=\"#elementor-action%3Aaction%3Dlightbox%26settings%3DeyJpZCI6MTI1NSwidXJsIjoiaHR0cHM6XC9cL2Rvc3VtYXlhLmNvbS50clwvd3AtY29udGVudFwvdXBsb2Fkc1wvMjAyMlwvMDZcL2hhc21heWEtMTEtZy1zYXNlLTNkLWR1bW15LW9uLTEtc2NhbGVkLmpwZyIsInNsaWRlc2hvdyI6IjRjMjYxOTQifQ%3D%3D\" href=\"https:\/\/dosumaya.com.tr\/wp-content\/uploads\/2022\/06\/hasmaya-11-g-sase-3d-dummy-on-1-scaled.jpg\"><figure class=\"swiper-slide-inner\"><img decoding=\"async\" class=\"swiper-slide-image\" src=\"https:\/\/dosumaya.com.tr\/wp-content\/uploads\/2022\/06\/hasmaya-11-g-sase-3d-dummy-on-1-227x300.jpg\" alt=\"HASMAYA 11 G SASE 3D DUMMY -ON\" \/><\/figure><\/a><\/div><div class=\"swiper-slide\" role=\"group\" aria-roledescription=\"slide\" aria-label=\"2 de 4\"><a data-elementor-open-lightbox=\"yes\" data-elementor-lightbox-slideshow=\"4c26194\" data-elementor-lightbox-title=\"PASHA-INSTANT-100G-3D-DUMMY-on\" data-e-action-hash=\"#elementor-action%3Aaction%3Dlightbox%26settings%3DeyJpZCI6MTg4MSwidXJsIjoiaHR0cHM6XC9cL2Rvc3VtYXlhLmNvbS50clwvd3AtY29udGVudFwvdXBsb2Fkc1wvMjAyMlwvMTFcL3Bhc2hhLWluc3RhbnQtMTAwZy0zZC1kdW1teS1vbi5qcGciLCJzbGlkZXNob3ciOiI0YzI2MTk0In0%3D\" href=\"https:\/\/dosumaya.com.tr\/wp-content\/uploads\/2022\/11\/pasha-instant-100g-3d-dummy-on.jpg\"><figure class=\"swiper-slide-inner\"><img decoding=\"async\" class=\"swiper-slide-image\" src=\"https:\/\/dosumaya.com.tr\/wp-content\/uploads\/2022\/11\/pasha-instant-100g-3d-dummy-on-227x300.jpg\" alt=\"PASHA-INSTANT-100G-3D-DUMMY-on\" \/><\/figure><\/a><\/div><div class=\"swiper-slide\" role=\"group\" aria-roledescription=\"slide\" aria-label=\"3 de 4\"><a data-elementor-open-lightbox=\"yes\" data-elementor-lightbox-slideshow=\"4c26194\" data-elementor-lightbox-title=\"PASHA INSTANT 125G 3D DUMMY\" data-e-action-hash=\"#elementor-action%3Aaction%3Dlightbox%26settings%3DeyJpZCI6MTg3NiwidXJsIjoiaHR0cHM6XC9cL2Rvc3VtYXlhLmNvbS50clwvd3AtY29udGVudFwvdXBsb2Fkc1wvMjAyMlwvMTFcL3Bhc2hhLWluc3RhbnQtMTI1Zy0zZC1kdW1teS5wbmciLCJzbGlkZXNob3ciOiI0YzI2MTk0In0%3D\" href=\"https:\/\/dosumaya.com.tr\/wp-content\/uploads\/2022\/11\/pasha-instant-125g-3d-dummy.png\"><figure class=\"swiper-slide-inner\"><img decoding=\"async\" class=\"swiper-slide-image\" src=\"https:\/\/dosumaya.com.tr\/wp-content\/uploads\/2022\/11\/pasha-instant-125g-3d-dummy-300x300.png\" alt=\"PASHA INSTANT 125G 3D DUMMY\" \/><\/figure><\/a><\/div><div class=\"swiper-slide\" role=\"group\" aria-roledescription=\"slide\" aria-label=\"4 de 4\"><a data-elementor-open-lightbox=\"yes\" data-elementor-lightbox-slideshow=\"4c26194\" data-elementor-lightbox-title=\"HASMAYA INSTANT 125G 3D DUMMY\" data-e-action-hash=\"#elementor-action%3Aaction%3Dlightbox%26settings%3DeyJpZCI6MTg3MSwidXJsIjoiaHR0cHM6XC9cL2Rvc3VtYXlhLmNvbS50clwvd3AtY29udGVudFwvdXBsb2Fkc1wvMjAyMlwvMTFcL2hhc21heWEtaW5zdGFudC0xMjVnLTNkLWR1bW15LnBuZyIsInNsaWRlc2hvdyI6IjRjMjYxOTQifQ%3D%3D\" href=\"https:\/\/dosumaya.com.tr\/wp-content\/uploads\/2022\/11\/hasmaya-instant-125g-3d-dummy.png\"><figure class=\"swiper-slide-inner\"><img decoding=\"async\" class=\"swiper-slide-image\" src=\"https:\/\/dosumaya.com.tr\/wp-content\/uploads\/2022\/11\/hasmaya-instant-125g-3d-dummy-300x300.png\" alt=\"HASMAYA INSTANT 125G 3D DUMMY\" \/><\/figure><\/a><\/div>\t\t\t<\/div>\n\t\t\t\t\t\t\t\n\t\t\t\t\t\t\t\t\t<div class=\"swiper-pagination\"><\/div>\n\t\t\t\t\t\t\t\t\t<\/div>\n\t\t\t\t\t\t<\/div>\n\t\t\t\t<\/div>\n\t\t\t\t<div class=\"elementor-element elementor-element-491f546 elementor-align-start elementor-widget__width-auto elementor-fixed elementor-hidden-desktop elementor-hidden-tablet elementor-hidden-mobile elementor-icon-list--layout-traditional elementor-list-item-link-full_width elementor-widget elementor-widget-icon-list\" data-id=\"491f546\" data-element_type=\"widget\" data-e-type=\"widget\" data-settings=\"{&quot;_position&quot;:&quot;fixed&quot;}\" data-widget_type=\"icon-list.default\">\n\t\t\t\t<div class=\"elementor-widget-container\">\n\t\t\t\t\t\t\t<ul class=\"elementor-icon-list-items\">\n\t\t\t\t\t\t\t<li class=\"elementor-icon-list-item\">\n\t\t\t\t\t\t\t\t\t\t\t<a href=\"https:\/\/dosumaya.com.tr\/wp-content\/uploads\/2022\/06\/hasmaya-500-en-fr.pdf\" target=\"_blank\" rel=\"nofollow\">\n\n\t\t\t\t\t\t\t\t\t\t\t\t<span class=\"elementor-icon-list-icon\">\n\t\t\t\t\t\t\t<i aria-hidden=\"true\" class=\"fas fa-download\"><\/i>\t\t\t\t\t\t<\/span>\n\t\t\t\t\t\t\t\t\t\t<span class=\"elementor-icon-list-text\">Baixar<br>a ficha do produto<\/span>\n\t\t\t\t\t\t\t\t\t\t\t<\/a>\n\t\t\t\t\t\t\t\t\t<\/li>\n\t\t\t\t\t\t<\/ul>\n\t\t\t\t\t\t<\/div>\n\t\t\t\t<\/div>\n\t\t\t\t\t<\/div>\n\t\t<\/div>\n\t\t\t\t\t<\/div>\n\t\t<\/section>\n\t\t\t\t\t<\/div>\n\t\t<\/div>\n\t\t\t\t\t<\/div>\n\t\t<\/section>\n\t\t\t\t<\/div>\n\t\t","protected":false},"excerpt":{"rendered":"<p>Em casa DOSUMAYA : O seu parceiro inteligente de sucesso Fazer p\u00e3o em casa faz parte dos h\u00e1bitos e tradi\u00e7\u00f5es de muitos pa\u00edses de \u00c1frica e do M\u00e9dio Oriente. \u00c9 tamb\u00e9m uma tend\u00eancia de consumo em alguns pa\u00edses ocidentais. Seja para agradar a fam\u00edlia, por quest\u00f5es econ\u00f3micas ou para controlar os ingredientes nas receitas, este [&hellip;]<\/p>\n","protected":false},"author":1,"featured_media":1303,"parent":1488,"menu_order":0,"comment_status":"closed","ping_status":"closed","template":"","meta":{"footnotes":""},"class_list":["post-1492","page","type-page","status-publish","has-post-thumbnail","hentry"],"yoast_head":"<!-- This site is optimized with the Yoast SEO plugin v27.6 - https:\/\/yoast.com\/product\/yoast-seo-wordpress\/ -->\n<title>Em casa - DOSUMAYA Istanbul<\/title>\n<meta name=\"description\" content=\"A DOSUMAYA oferece tamb\u00e9m uma gama de leveduras destinadas \u00e0 produ\u00e7\u00e3o de produtos de panifica\u00e7\u00e3o em casa.\" \/>\n<meta name=\"robots\" content=\"index, follow, max-snippet:-1, max-image-preview:large, max-video-preview:-1\" \/>\n<link rel=\"canonical\" href=\"https:\/\/dosumaya.com.tr\/pt-br\/os-nossos-produtos\/em-casa\/\" \/>\n<meta property=\"og:locale\" content=\"pt_BR\" \/>\n<meta property=\"og:type\" content=\"article\" \/>\n<meta property=\"og:title\" content=\"Em casa - DOSUMAYA Istanbul\" \/>\n<meta property=\"og:description\" content=\"A DOSUMAYA oferece tamb\u00e9m uma gama de leveduras destinadas \u00e0 produ\u00e7\u00e3o de produtos de panifica\u00e7\u00e3o em casa.\" \/>\n<meta property=\"og:url\" content=\"https:\/\/dosumaya.com.tr\/pt-br\/os-nossos-produtos\/em-casa\/\" \/>\n<meta property=\"og:site_name\" content=\"DOSUMAYA Istanbul\" \/>\n<meta property=\"article:modified_time\" content=\"2022-11-07T12:48:39+00:00\" \/>\n<meta property=\"og:image\" content=\"https:\/\/dosumaya.com.tr\/wp-content\/uploads\/2022\/09\/b2c.jpg\" \/>\n\t<meta property=\"og:image:width\" content=\"1058\" \/>\n\t<meta property=\"og:image:height\" content=\"570\" \/>\n\t<meta property=\"og:image:type\" content=\"image\/jpeg\" \/>\n<meta name=\"twitter:card\" content=\"summary_large_image\" \/>\n<meta name=\"twitter:label1\" content=\"Est. tempo de leitura\" \/>\n\t<meta name=\"twitter:data1\" content=\"3 minutos\" \/>\n<script type=\"application\/ld+json\" class=\"yoast-schema-graph\">{\"@context\":\"https:\\\/\\\/schema.org\",\"@graph\":[{\"@type\":\"WebPage\",\"@id\":\"https:\\\/\\\/dosumaya.com.tr\\\/pt-br\\\/os-nossos-produtos\\\/em-casa\\\/\",\"url\":\"https:\\\/\\\/dosumaya.com.tr\\\/pt-br\\\/os-nossos-produtos\\\/em-casa\\\/\",\"name\":\"Em casa - DOSUMAYA Istanbul\",\"isPartOf\":{\"@id\":\"https:\\\/\\\/dosumaya.com.tr\\\/pt-br\\\/#website\"},\"primaryImageOfPage\":{\"@id\":\"https:\\\/\\\/dosumaya.com.tr\\\/pt-br\\\/os-nossos-produtos\\\/em-casa\\\/#primaryimage\"},\"image\":{\"@id\":\"https:\\\/\\\/dosumaya.com.tr\\\/pt-br\\\/os-nossos-produtos\\\/em-casa\\\/#primaryimage\"},\"thumbnailUrl\":\"https:\\\/\\\/dosumaya.com.tr\\\/wp-content\\\/uploads\\\/2022\\\/09\\\/b2c.jpg\",\"datePublished\":\"2022-06-16T08:44:29+00:00\",\"dateModified\":\"2022-11-07T12:48:39+00:00\",\"description\":\"A DOSUMAYA oferece tamb\u00e9m uma gama de leveduras destinadas \u00e0 produ\u00e7\u00e3o de produtos de panifica\u00e7\u00e3o em casa.\",\"breadcrumb\":{\"@id\":\"https:\\\/\\\/dosumaya.com.tr\\\/pt-br\\\/os-nossos-produtos\\\/em-casa\\\/#breadcrumb\"},\"inLanguage\":\"pt-BR\",\"potentialAction\":[{\"@type\":\"ReadAction\",\"target\":[\"https:\\\/\\\/dosumaya.com.tr\\\/pt-br\\\/os-nossos-produtos\\\/em-casa\\\/\"]}]},{\"@type\":\"ImageObject\",\"inLanguage\":\"pt-BR\",\"@id\":\"https:\\\/\\\/dosumaya.com.tr\\\/pt-br\\\/os-nossos-produtos\\\/em-casa\\\/#primaryimage\",\"url\":\"https:\\\/\\\/dosumaya.com.tr\\\/wp-content\\\/uploads\\\/2022\\\/09\\\/b2c.jpg\",\"contentUrl\":\"https:\\\/\\\/dosumaya.com.tr\\\/wp-content\\\/uploads\\\/2022\\\/09\\\/b2c.jpg\",\"width\":1058,\"height\":570},{\"@type\":\"BreadcrumbList\",\"@id\":\"https:\\\/\\\/dosumaya.com.tr\\\/pt-br\\\/os-nossos-produtos\\\/em-casa\\\/#breadcrumb\",\"itemListElement\":[{\"@type\":\"ListItem\",\"position\":1,\"name\":\"Home\",\"item\":\"https:\\\/\\\/dosumaya.com.tr\\\/pt-br\\\/\"},{\"@type\":\"ListItem\",\"position\":2,\"name\":\"Os nossos produtos\",\"item\":\"https:\\\/\\\/dosumaya.com.tr\\\/pt-br\\\/os-nossos-produtos\\\/\"},{\"@type\":\"ListItem\",\"position\":3,\"name\":\"Em casa\"}]},{\"@type\":\"WebSite\",\"@id\":\"https:\\\/\\\/dosumaya.com.tr\\\/pt-br\\\/#website\",\"url\":\"https:\\\/\\\/dosumaya.com.tr\\\/pt-br\\\/\",\"name\":\"DOSUMAYA Istanbul\",\"description\":\"Istanbul DOSUMaya is a globally operating baking yeast producer\",\"publisher\":{\"@id\":\"https:\\\/\\\/dosumaya.com.tr\\\/pt-br\\\/#organization\"},\"potentialAction\":[{\"@type\":\"SearchAction\",\"target\":{\"@type\":\"EntryPoint\",\"urlTemplate\":\"https:\\\/\\\/dosumaya.com.tr\\\/pt-br\\\/?s={search_term_string}\"},\"query-input\":{\"@type\":\"PropertyValueSpecification\",\"valueRequired\":true,\"valueName\":\"search_term_string\"}}],\"inLanguage\":\"pt-BR\"},{\"@type\":\"Organization\",\"@id\":\"https:\\\/\\\/dosumaya.com.tr\\\/pt-br\\\/#organization\",\"name\":\"DOSUMAYA Istanbul\",\"url\":\"https:\\\/\\\/dosumaya.com.tr\\\/pt-br\\\/\",\"logo\":{\"@type\":\"ImageObject\",\"inLanguage\":\"pt-BR\",\"@id\":\"https:\\\/\\\/dosumaya.com.tr\\\/pt-br\\\/#\\\/schema\\\/logo\\\/image\\\/\",\"url\":\"https:\\\/\\\/dosumaya.com.tr\\\/wp-content\\\/uploads\\\/2022\\\/06\\\/dosu-logo.jpg\",\"contentUrl\":\"https:\\\/\\\/dosumaya.com.tr\\\/wp-content\\\/uploads\\\/2022\\\/06\\\/dosu-logo.jpg\",\"width\":300,\"height\":300,\"caption\":\"DOSUMAYA Istanbul\"},\"image\":{\"@id\":\"https:\\\/\\\/dosumaya.com.tr\\\/pt-br\\\/#\\\/schema\\\/logo\\\/image\\\/\"}}]}<\/script>\n<!-- \/ Yoast SEO plugin. -->","yoast_head_json":{"title":"Em casa - DOSUMAYA Istanbul","description":"A DOSUMAYA oferece tamb\u00e9m uma gama de leveduras destinadas \u00e0 produ\u00e7\u00e3o de produtos de panifica\u00e7\u00e3o em casa.","robots":{"index":"index","follow":"follow","max-snippet":"max-snippet:-1","max-image-preview":"max-image-preview:large","max-video-preview":"max-video-preview:-1"},"canonical":"https:\/\/dosumaya.com.tr\/pt-br\/os-nossos-produtos\/em-casa\/","og_locale":"pt_BR","og_type":"article","og_title":"Em casa - DOSUMAYA Istanbul","og_description":"A DOSUMAYA oferece tamb\u00e9m uma gama de leveduras destinadas \u00e0 produ\u00e7\u00e3o de produtos de panifica\u00e7\u00e3o em casa.","og_url":"https:\/\/dosumaya.com.tr\/pt-br\/os-nossos-produtos\/em-casa\/","og_site_name":"DOSUMAYA Istanbul","article_modified_time":"2022-11-07T12:48:39+00:00","og_image":[{"width":1058,"height":570,"url":"https:\/\/dosumaya.com.tr\/wp-content\/uploads\/2022\/09\/b2c.jpg","type":"image\/jpeg"}],"twitter_card":"summary_large_image","twitter_misc":{"Est. tempo de leitura":"3 minutos"},"schema":{"@context":"https:\/\/schema.org","@graph":[{"@type":"WebPage","@id":"https:\/\/dosumaya.com.tr\/pt-br\/os-nossos-produtos\/em-casa\/","url":"https:\/\/dosumaya.com.tr\/pt-br\/os-nossos-produtos\/em-casa\/","name":"Em casa - DOSUMAYA Istanbul","isPartOf":{"@id":"https:\/\/dosumaya.com.tr\/pt-br\/#website"},"primaryImageOfPage":{"@id":"https:\/\/dosumaya.com.tr\/pt-br\/os-nossos-produtos\/em-casa\/#primaryimage"},"image":{"@id":"https:\/\/dosumaya.com.tr\/pt-br\/os-nossos-produtos\/em-casa\/#primaryimage"},"thumbnailUrl":"https:\/\/dosumaya.com.tr\/wp-content\/uploads\/2022\/09\/b2c.jpg","datePublished":"2022-06-16T08:44:29+00:00","dateModified":"2022-11-07T12:48:39+00:00","description":"A DOSUMAYA oferece tamb\u00e9m uma gama de leveduras destinadas \u00e0 produ\u00e7\u00e3o de produtos de panifica\u00e7\u00e3o em casa.","breadcrumb":{"@id":"https:\/\/dosumaya.com.tr\/pt-br\/os-nossos-produtos\/em-casa\/#breadcrumb"},"inLanguage":"pt-BR","potentialAction":[{"@type":"ReadAction","target":["https:\/\/dosumaya.com.tr\/pt-br\/os-nossos-produtos\/em-casa\/"]}]},{"@type":"ImageObject","inLanguage":"pt-BR","@id":"https:\/\/dosumaya.com.tr\/pt-br\/os-nossos-produtos\/em-casa\/#primaryimage","url":"https:\/\/dosumaya.com.tr\/wp-content\/uploads\/2022\/09\/b2c.jpg","contentUrl":"https:\/\/dosumaya.com.tr\/wp-content\/uploads\/2022\/09\/b2c.jpg","width":1058,"height":570},{"@type":"BreadcrumbList","@id":"https:\/\/dosumaya.com.tr\/pt-br\/os-nossos-produtos\/em-casa\/#breadcrumb","itemListElement":[{"@type":"ListItem","position":1,"name":"Home","item":"https:\/\/dosumaya.com.tr\/pt-br\/"},{"@type":"ListItem","position":2,"name":"Os nossos produtos","item":"https:\/\/dosumaya.com.tr\/pt-br\/os-nossos-produtos\/"},{"@type":"ListItem","position":3,"name":"Em casa"}]},{"@type":"WebSite","@id":"https:\/\/dosumaya.com.tr\/pt-br\/#website","url":"https:\/\/dosumaya.com.tr\/pt-br\/","name":"DOSUMAYA Istanbul","description":"Istanbul DOSUMaya is a globally operating baking yeast producer","publisher":{"@id":"https:\/\/dosumaya.com.tr\/pt-br\/#organization"},"potentialAction":[{"@type":"SearchAction","target":{"@type":"EntryPoint","urlTemplate":"https:\/\/dosumaya.com.tr\/pt-br\/?s={search_term_string}"},"query-input":{"@type":"PropertyValueSpecification","valueRequired":true,"valueName":"search_term_string"}}],"inLanguage":"pt-BR"},{"@type":"Organization","@id":"https:\/\/dosumaya.com.tr\/pt-br\/#organization","name":"DOSUMAYA Istanbul","url":"https:\/\/dosumaya.com.tr\/pt-br\/","logo":{"@type":"ImageObject","inLanguage":"pt-BR","@id":"https:\/\/dosumaya.com.tr\/pt-br\/#\/schema\/logo\/image\/","url":"https:\/\/dosumaya.com.tr\/wp-content\/uploads\/2022\/06\/dosu-logo.jpg","contentUrl":"https:\/\/dosumaya.com.tr\/wp-content\/uploads\/2022\/06\/dosu-logo.jpg","width":300,"height":300,"caption":"DOSUMAYA Istanbul"},"image":{"@id":"https:\/\/dosumaya.com.tr\/pt-br\/#\/schema\/logo\/image\/"}}]}},"_links":{"self":[{"href":"https:\/\/dosumaya.com.tr\/pt-br\/wp-json\/wp\/v2\/pages\/1492","targetHints":{"allow":["GET"]}}],"collection":[{"href":"https:\/\/dosumaya.com.tr\/pt-br\/wp-json\/wp\/v2\/pages"}],"about":[{"href":"https:\/\/dosumaya.com.tr\/pt-br\/wp-json\/wp\/v2\/types\/page"}],"author":[{"embeddable":true,"href":"https:\/\/dosumaya.com.tr\/pt-br\/wp-json\/wp\/v2\/users\/1"}],"replies":[{"embeddable":true,"href":"https:\/\/dosumaya.com.tr\/pt-br\/wp-json\/wp\/v2\/comments?post=1492"}],"version-history":[{"count":6,"href":"https:\/\/dosumaya.com.tr\/pt-br\/wp-json\/wp\/v2\/pages\/1492\/revisions"}],"predecessor-version":[{"id":1894,"href":"https:\/\/dosumaya.com.tr\/pt-br\/wp-json\/wp\/v2\/pages\/1492\/revisions\/1894"}],"up":[{"embeddable":true,"href":"https:\/\/dosumaya.com.tr\/pt-br\/wp-json\/wp\/v2\/pages\/1488"}],"wp:featuredmedia":[{"embeddable":true,"href":"https:\/\/dosumaya.com.tr\/pt-br\/wp-json\/wp\/v2\/media\/1303"}],"wp:attachment":[{"href":"https:\/\/dosumaya.com.tr\/pt-br\/wp-json\/wp\/v2\/media?parent=1492"}],"curies":[{"name":"wp","href":"https:\/\/api.w.org\/{rel}","templated":true}]}}