{"id":1504,"date":"2022-06-15T16:54:37","date_gmt":"2022-06-15T16:54:37","guid":{"rendered":"https:\/\/dosumaya.com.tr\/os-nossos-produtos\/panther\/"},"modified":"2022-11-07T12:39:04","modified_gmt":"2022-11-07T12:39:04","slug":"panther","status":"publish","type":"page","link":"https:\/\/dosumaya.com.tr\/pt-br\/os-nossos-produtos\/panther\/","title":{"rendered":"Panther"},"content":{"rendered":"\t\t<div data-elementor-type=\"wp-page\" data-elementor-id=\"1504\" class=\"elementor elementor-1504 elementor-456\" data-elementor-post-type=\"page\">\n\t\t\t\t\t\t<section class=\"elementor-section elementor-top-section elementor-element elementor-element-5a0f1c61 elementor-section-full_width elementor-section-height-default elementor-section-height-default\" data-id=\"5a0f1c61\" data-element_type=\"section\" data-e-type=\"section\">\n\t\t\t\t\t\t<div class=\"elementor-container elementor-column-gap-no\">\n\t\t\t\t\t<div class=\"elementor-column elementor-col-100 elementor-top-column elementor-element elementor-element-32a80b4d\" data-id=\"32a80b4d\" data-element_type=\"column\" data-e-type=\"column\">\n\t\t\t<div class=\"elementor-widget-wrap elementor-element-populated\">\n\t\t\t\t\t\t<div class=\"elementor-element elementor-element-f04ea47 elementor-invisible elementor-widget elementor-widget-heading\" data-id=\"f04ea47\" data-element_type=\"widget\" data-e-type=\"widget\" data-settings=\"{&quot;_animation&quot;:&quot;fadeInUp&quot;}\" data-widget_type=\"heading.default\">\n\t\t\t\t<div class=\"elementor-widget-container\">\n\t\t\t\t\t<h1 class=\"elementor-heading-title elementor-size-default\">Panther<sup>\u00ae<\/sup><\/h1>\t\t\t\t<\/div>\n\t\t\t\t<\/div>\n\t\t\t\t<div class=\"elementor-element elementor-element-773ac2fe elementor-widget__width-auto elementor-widget elementor-widget-heading\" data-id=\"773ac2fe\" data-element_type=\"widget\" data-e-type=\"widget\" data-widget_type=\"heading.default\">\n\t\t\t\t<div class=\"elementor-widget-container\">\n\t\t\t\t\t<h6 class=\"elementor-heading-title elementor-size-default\">Ferozmente eficiente<\/h6>\t\t\t\t<\/div>\n\t\t\t\t<\/div>\n\t\t\t\t\t<\/div>\n\t\t<\/div>\n\t\t\t\t\t<\/div>\n\t\t<\/section>\n\t\t\t\t<section class=\"elementor-section elementor-top-section elementor-element elementor-element-e63aa40 elementor-section-full_width elementor-section-height-default elementor-section-height-default\" data-id=\"e63aa40\" data-element_type=\"section\" data-e-type=\"section\">\n\t\t\t\t\t\t<div class=\"elementor-container elementor-column-gap-no\">\n\t\t\t\t\t<div class=\"elementor-column elementor-col-100 elementor-top-column elementor-element elementor-element-1da48fd\" data-id=\"1da48fd\" data-element_type=\"column\" data-e-type=\"column\">\n\t\t\t<div class=\"elementor-widget-wrap elementor-element-populated\">\n\t\t\t\t\t\t<section class=\"elementor-section elementor-inner-section elementor-element elementor-element-75d32cf elementor-section-full_width elementor-section-content-top elementor-section-height-default elementor-section-height-default\" data-id=\"75d32cf\" data-element_type=\"section\" data-e-type=\"section\">\n\t\t\t\t\t\t<div class=\"elementor-container elementor-column-gap-no\">\n\t\t\t\t\t<div class=\"elementor-column elementor-col-50 elementor-inner-column elementor-element elementor-element-4f61b98\" data-id=\"4f61b98\" data-element_type=\"column\" data-e-type=\"column\">\n\t\t\t<div class=\"elementor-widget-wrap elementor-element-populated\">\n\t\t\t\t\t\t<div class=\"elementor-element elementor-element-4d261e0 elementor-widget elementor-widget-image\" data-id=\"4d261e0\" data-element_type=\"widget\" data-e-type=\"widget\" data-widget_type=\"image.default\">\n\t\t\t\t<div class=\"elementor-widget-container\">\n\t\t\t\t\t\t\t\t\t\t\t\t\t\t\t<img fetchpriority=\"high\" decoding=\"async\" width=\"1364\" height=\"1920\" src=\"https:\/\/dosumaya.com.tr\/wp-content\/uploads\/2022\/06\/panther-1.jpg\" class=\"attachment-full size-full wp-image-1222\" alt=\"\" srcset=\"https:\/\/dosumaya.com.tr\/wp-content\/uploads\/2022\/06\/panther-1.jpg 1364w, https:\/\/dosumaya.com.tr\/wp-content\/uploads\/2022\/06\/panther-1-213x300.jpg 213w, https:\/\/dosumaya.com.tr\/wp-content\/uploads\/2022\/06\/panther-1-727x1024.jpg 727w, https:\/\/dosumaya.com.tr\/wp-content\/uploads\/2022\/06\/panther-1-768x1081.jpg 768w, https:\/\/dosumaya.com.tr\/wp-content\/uploads\/2022\/06\/panther-1-1091x1536.jpg 1091w\" sizes=\"(max-width: 1364px) 100vw, 1364px\" \/>\t\t\t\t\t\t\t\t\t\t\t\t\t\t\t<\/div>\n\t\t\t\t<\/div>\n\t\t\t\t\t<\/div>\n\t\t<\/div>\n\t\t\t\t<div class=\"elementor-column elementor-col-50 elementor-inner-column elementor-element elementor-element-5d6e788\" data-id=\"5d6e788\" data-element_type=\"column\" data-e-type=\"column\">\n\t\t\t<div class=\"elementor-widget-wrap elementor-element-populated\">\n\t\t\t\t\t\t<div class=\"elementor-element elementor-element-09a0ff0 elementor-align-end elementor-widget__width-auto elementor-fixed elementor-icon-list--layout-traditional elementor-list-item-link-full_width elementor-widget elementor-widget-icon-list\" data-id=\"09a0ff0\" data-element_type=\"widget\" data-e-type=\"widget\" data-settings=\"{&quot;_position&quot;:&quot;fixed&quot;}\" data-widget_type=\"icon-list.default\">\n\t\t\t\t<div class=\"elementor-widget-container\">\n\t\t\t\t\t\t\t<ul class=\"elementor-icon-list-items\">\n\t\t\t\t\t\t\t<li class=\"elementor-icon-list-item\">\n\t\t\t\t\t\t\t\t\t\t\t<a href=\"https:\/\/dosumaya.com.tr\/wp-content\/uploads\/2022\/09\/panther-brochure-a4-500-gr.pdf\" target=\"_blank\" rel=\"nofollow\">\n\n\t\t\t\t\t\t\t\t\t\t\t\t<span class=\"elementor-icon-list-icon\">\n\t\t\t\t\t\t\t<i aria-hidden=\"true\" class=\"fas fa-download\"><\/i>\t\t\t\t\t\t<\/span>\n\t\t\t\t\t\t\t\t\t\t<span class=\"elementor-icon-list-text\">Baixar<br>a ficha do produto<\/span>\n\t\t\t\t\t\t\t\t\t\t\t<\/a>\n\t\t\t\t\t\t\t\t\t<\/li>\n\t\t\t\t\t\t<\/ul>\n\t\t\t\t\t\t<\/div>\n\t\t\t\t<\/div>\n\t\t\t\t<div class=\"elementor-element elementor-element-68c60ef elementor-widget elementor-widget-text-editor\" data-id=\"68c60ef\" data-element_type=\"widget\" data-e-type=\"widget\" data-widget_type=\"text-editor.default\">\n\t\t\t\t<div class=\"elementor-widget-container\">\n\t\t\t\t\t\t\t\t\t<p>Ao utilizar o Panther<sup>\u00ae<\/sup> 2 em 1, obt\u00e9m um <b>concentrado de energia e efici\u00eancia<\/b> na sua amassadeira.<\/p><p>S\u00edmbolo de poder desde os prim\u00f3rdios, a pantera \u00e9 o emblema deste fermento 2 em 1, pois esta solu\u00e7\u00e3o re\u00fane tudo para garantir aos padeiros p\u00e3es de qualidade com facilidade.<\/p><p>Combinando fermento e melhorante, esta solu\u00e7\u00e3o de panifica\u00e7\u00e3o \u00e9 <b>\u00abFerozmente eficiente\u00bb<\/b> porque re\u00fane as propriedades de fermenta\u00e7\u00e3o do fermento de alta qualidade com as propriedades de volume e toler\u00e2ncia dos melhorantes.<\/p><p style=\"font-weight: 400;\"><strong>Gold<\/strong><\/p><p style=\"font-weight: 400;\">A vers\u00e3o \u00abgold\u00bb do Panther<sup>\u00ae<\/sup> permite destacar-se na produ\u00e7\u00e3o de produtos de panifica\u00e7\u00e3o com um teor de a\u00e7\u00facar superior a 5%, gra\u00e7as a uma estirpe espec\u00edfica adaptada a ambientes doces.<\/p>\t\t\t\t\t\t\t\t<\/div>\n\t\t\t\t<\/div>\n\t\t\t\t<div class=\"elementor-element elementor-element-1fbbab9 elementor-pagination-position-outside elementor-widget elementor-widget-image-carousel\" data-id=\"1fbbab9\" data-element_type=\"widget\" data-e-type=\"widget\" data-settings=\"{&quot;navigation&quot;:&quot;dots&quot;,&quot;slides_to_show&quot;:&quot;2&quot;,&quot;autoplay&quot;:&quot;yes&quot;,&quot;pause_on_hover&quot;:&quot;yes&quot;,&quot;pause_on_interaction&quot;:&quot;yes&quot;,&quot;autoplay_speed&quot;:5000,&quot;infinite&quot;:&quot;yes&quot;,&quot;speed&quot;:500}\" data-widget_type=\"image-carousel.default\">\n\t\t\t\t<div class=\"elementor-widget-container\">\n\t\t\t\t\t\t\t<div class=\"elementor-image-carousel-wrapper swiper\" role=\"region\" aria-roledescription=\"carousel\" aria-label=\"Carrossel de imagens\" dir=\"ltr\">\n\t\t\t<div class=\"elementor-image-carousel swiper-wrapper\" aria-live=\"off\">\n\t\t\t\t\t\t\t\t<div class=\"swiper-slide\" role=\"group\" aria-roledescription=\"slide\" aria-label=\"1 de 2\"><a data-elementor-open-lightbox=\"yes\" data-elementor-lightbox-slideshow=\"1fbbab9\" data-elementor-lightbox-title=\"Panther-Gold-500g\" data-e-action-hash=\"#elementor-action%3Aaction%3Dlightbox%26settings%3DeyJpZCI6MTM4MiwidXJsIjoiaHR0cHM6XC9cL2Rvc3VtYXlhLmNvbS50clwvd3AtY29udGVudFwvdXBsb2Fkc1wvMjAyMlwvMTBcL3BhbnRoZXItZ29sZC01MDBnLmpwZyIsInNsaWRlc2hvdyI6IjFmYmJhYjkifQ%3D%3D\" href=\"https:\/\/dosumaya.com.tr\/wp-content\/uploads\/2022\/10\/panther-gold-500g.jpg\"><figure class=\"swiper-slide-inner\"><img decoding=\"async\" class=\"swiper-slide-image\" src=\"https:\/\/dosumaya.com.tr\/wp-content\/uploads\/2022\/10\/panther-gold-500g-234x300.jpg\" alt=\"Panther-Gold-500g\" \/><\/figure><\/a><\/div><div class=\"swiper-slide\" role=\"group\" aria-roledescription=\"slide\" aria-label=\"2 de 2\"><a data-elementor-open-lightbox=\"yes\" data-elementor-lightbox-slideshow=\"1fbbab9\" data-elementor-lightbox-title=\"Panther 2in1 Carton 3D Dummy\" data-e-action-hash=\"#elementor-action%3Aaction%3Dlightbox%26settings%3DeyJpZCI6MTIyNSwidXJsIjoiaHR0cHM6XC9cL2Rvc3VtYXlhLmNvbS50clwvd3AtY29udGVudFwvdXBsb2Fkc1wvMjAyMlwvMDZcL3BhbnRoZXItMmluMS1jYXJ0b24tM2QtZHVtbXktc2NhbGVkLmpwZyIsInNsaWRlc2hvdyI6IjFmYmJhYjkifQ%3D%3D\" href=\"https:\/\/dosumaya.com.tr\/wp-content\/uploads\/2022\/06\/panther-2in1-carton-3d-dummy-scaled.jpg\"><figure class=\"swiper-slide-inner\"><img decoding=\"async\" class=\"swiper-slide-image\" src=\"https:\/\/dosumaya.com.tr\/wp-content\/uploads\/2022\/06\/panther-2in1-carton-3d-dummy-300x212.jpg\" alt=\"Panther 2in1 Carton 3D Dummy\" \/><\/figure><\/a><\/div>\t\t\t<\/div>\n\t\t\t\t\t\t\t\n\t\t\t\t\t\t\t\t\t<div class=\"swiper-pagination\"><\/div>\n\t\t\t\t\t\t\t\t\t<\/div>\n\t\t\t\t\t\t<\/div>\n\t\t\t\t<\/div>\n\t\t\t\t\t<\/div>\n\t\t<\/div>\n\t\t\t\t\t<\/div>\n\t\t<\/section>\n\t\t\t\t\t<\/div>\n\t\t<\/div>\n\t\t\t\t\t<\/div>\n\t\t<\/section>\n\t\t\t\t<\/div>\n\t\t","protected":false},"excerpt":{"rendered":"<p>Panther\u00ae Ferozmente eficiente Baixara ficha do produto Ao utilizar o Panther\u00ae 2 em 1, obt\u00e9m um concentrado de energia e efici\u00eancia na sua amassadeira. S\u00edmbolo de poder desde os prim\u00f3rdios, a pantera \u00e9 o emblema deste fermento 2 em 1, pois esta solu\u00e7\u00e3o re\u00fane tudo para garantir aos padeiros p\u00e3es de qualidade com facilidade. Combinando [&hellip;]<\/p>\n","protected":false},"author":1,"featured_media":1222,"parent":1488,"menu_order":0,"comment_status":"closed","ping_status":"closed","template":"","meta":{"footnotes":""},"class_list":["post-1504","page","type-page","status-publish","has-post-thumbnail","hentry"],"yoast_head":"<!-- This site is optimized with the Yoast SEO plugin v27.6 - https:\/\/yoast.com\/product\/yoast-seo-wordpress\/ -->\n<title>Panther - DOSUMAYA Istanbul<\/title>\n<meta name=\"description\" content=\"Ao utilizar o Panther\u00ae 2 em 1, obt\u00e9m um concentrado de energia e efici\u00eancia na sua amassadeira.\" \/>\n<meta name=\"robots\" content=\"index, follow, max-snippet:-1, max-image-preview:large, max-video-preview:-1\" \/>\n<link rel=\"canonical\" href=\"https:\/\/dosumaya.com.tr\/pt-br\/os-nossos-produtos\/panther\/\" \/>\n<meta property=\"og:locale\" content=\"pt_BR\" \/>\n<meta property=\"og:type\" content=\"article\" \/>\n<meta property=\"og:title\" content=\"Panther - DOSUMAYA Istanbul\" \/>\n<meta property=\"og:description\" content=\"Ao utilizar o Panther\u00ae 2 em 1, obt\u00e9m um concentrado de energia e efici\u00eancia na sua amassadeira.\" \/>\n<meta property=\"og:url\" content=\"https:\/\/dosumaya.com.tr\/pt-br\/os-nossos-produtos\/panther\/\" \/>\n<meta property=\"og:site_name\" content=\"DOSUMAYA Istanbul\" \/>\n<meta property=\"article:modified_time\" content=\"2022-11-07T12:39:04+00:00\" \/>\n<meta property=\"og:image\" content=\"https:\/\/dosumaya.com.tr\/wp-content\/uploads\/2022\/06\/panther-1.jpg\" \/>\n\t<meta property=\"og:image:width\" content=\"1364\" \/>\n\t<meta property=\"og:image:height\" content=\"1920\" \/>\n\t<meta property=\"og:image:type\" content=\"image\/jpeg\" \/>\n<meta name=\"twitter:card\" content=\"summary_large_image\" \/>\n<meta name=\"twitter:label1\" content=\"Est. tempo de leitura\" \/>\n\t<meta name=\"twitter:data1\" content=\"3 minutos\" \/>\n<script type=\"application\/ld+json\" class=\"yoast-schema-graph\">{\"@context\":\"https:\\\/\\\/schema.org\",\"@graph\":[{\"@type\":\"WebPage\",\"@id\":\"https:\\\/\\\/dosumaya.com.tr\\\/pt-br\\\/os-nossos-produtos\\\/panther\\\/\",\"url\":\"https:\\\/\\\/dosumaya.com.tr\\\/pt-br\\\/os-nossos-produtos\\\/panther\\\/\",\"name\":\"Panther - DOSUMAYA Istanbul\",\"isPartOf\":{\"@id\":\"https:\\\/\\\/dosumaya.com.tr\\\/pt-br\\\/#website\"},\"primaryImageOfPage\":{\"@id\":\"https:\\\/\\\/dosumaya.com.tr\\\/pt-br\\\/os-nossos-produtos\\\/panther\\\/#primaryimage\"},\"image\":{\"@id\":\"https:\\\/\\\/dosumaya.com.tr\\\/pt-br\\\/os-nossos-produtos\\\/panther\\\/#primaryimage\"},\"thumbnailUrl\":\"https:\\\/\\\/dosumaya.com.tr\\\/wp-content\\\/uploads\\\/2022\\\/06\\\/panther-1.jpg\",\"datePublished\":\"2022-06-15T16:54:37+00:00\",\"dateModified\":\"2022-11-07T12:39:04+00:00\",\"description\":\"Ao utilizar o Panther\u00ae 2 em 1, obt\u00e9m um concentrado de energia e efici\u00eancia na sua amassadeira.\",\"breadcrumb\":{\"@id\":\"https:\\\/\\\/dosumaya.com.tr\\\/pt-br\\\/os-nossos-produtos\\\/panther\\\/#breadcrumb\"},\"inLanguage\":\"pt-BR\",\"potentialAction\":[{\"@type\":\"ReadAction\",\"target\":[\"https:\\\/\\\/dosumaya.com.tr\\\/pt-br\\\/os-nossos-produtos\\\/panther\\\/\"]}]},{\"@type\":\"ImageObject\",\"inLanguage\":\"pt-BR\",\"@id\":\"https:\\\/\\\/dosumaya.com.tr\\\/pt-br\\\/os-nossos-produtos\\\/panther\\\/#primaryimage\",\"url\":\"https:\\\/\\\/dosumaya.com.tr\\\/wp-content\\\/uploads\\\/2022\\\/06\\\/panther-1.jpg\",\"contentUrl\":\"https:\\\/\\\/dosumaya.com.tr\\\/wp-content\\\/uploads\\\/2022\\\/06\\\/panther-1.jpg\",\"width\":1364,\"height\":1920},{\"@type\":\"BreadcrumbList\",\"@id\":\"https:\\\/\\\/dosumaya.com.tr\\\/pt-br\\\/os-nossos-produtos\\\/panther\\\/#breadcrumb\",\"itemListElement\":[{\"@type\":\"ListItem\",\"position\":1,\"name\":\"Home\",\"item\":\"https:\\\/\\\/dosumaya.com.tr\\\/pt-br\\\/\"},{\"@type\":\"ListItem\",\"position\":2,\"name\":\"Os nossos produtos\",\"item\":\"https:\\\/\\\/dosumaya.com.tr\\\/pt-br\\\/os-nossos-produtos\\\/\"},{\"@type\":\"ListItem\",\"position\":3,\"name\":\"Panther\"}]},{\"@type\":\"WebSite\",\"@id\":\"https:\\\/\\\/dosumaya.com.tr\\\/pt-br\\\/#website\",\"url\":\"https:\\\/\\\/dosumaya.com.tr\\\/pt-br\\\/\",\"name\":\"DOSUMAYA Istanbul\",\"description\":\"Istanbul DOSUMaya is a globally operating baking yeast producer\",\"publisher\":{\"@id\":\"https:\\\/\\\/dosumaya.com.tr\\\/pt-br\\\/#organization\"},\"potentialAction\":[{\"@type\":\"SearchAction\",\"target\":{\"@type\":\"EntryPoint\",\"urlTemplate\":\"https:\\\/\\\/dosumaya.com.tr\\\/pt-br\\\/?s={search_term_string}\"},\"query-input\":{\"@type\":\"PropertyValueSpecification\",\"valueRequired\":true,\"valueName\":\"search_term_string\"}}],\"inLanguage\":\"pt-BR\"},{\"@type\":\"Organization\",\"@id\":\"https:\\\/\\\/dosumaya.com.tr\\\/pt-br\\\/#organization\",\"name\":\"DOSUMAYA Istanbul\",\"url\":\"https:\\\/\\\/dosumaya.com.tr\\\/pt-br\\\/\",\"logo\":{\"@type\":\"ImageObject\",\"inLanguage\":\"pt-BR\",\"@id\":\"https:\\\/\\\/dosumaya.com.tr\\\/pt-br\\\/#\\\/schema\\\/logo\\\/image\\\/\",\"url\":\"https:\\\/\\\/dosumaya.com.tr\\\/wp-content\\\/uploads\\\/2022\\\/06\\\/dosu-logo.jpg\",\"contentUrl\":\"https:\\\/\\\/dosumaya.com.tr\\\/wp-content\\\/uploads\\\/2022\\\/06\\\/dosu-logo.jpg\",\"width\":300,\"height\":300,\"caption\":\"DOSUMAYA Istanbul\"},\"image\":{\"@id\":\"https:\\\/\\\/dosumaya.com.tr\\\/pt-br\\\/#\\\/schema\\\/logo\\\/image\\\/\"}}]}<\/script>\n<!-- \/ Yoast SEO plugin. -->","yoast_head_json":{"title":"Panther - DOSUMAYA Istanbul","description":"Ao utilizar o Panther\u00ae 2 em 1, obt\u00e9m um concentrado de energia e efici\u00eancia na sua amassadeira.","robots":{"index":"index","follow":"follow","max-snippet":"max-snippet:-1","max-image-preview":"max-image-preview:large","max-video-preview":"max-video-preview:-1"},"canonical":"https:\/\/dosumaya.com.tr\/pt-br\/os-nossos-produtos\/panther\/","og_locale":"pt_BR","og_type":"article","og_title":"Panther - DOSUMAYA Istanbul","og_description":"Ao utilizar o Panther\u00ae 2 em 1, obt\u00e9m um concentrado de energia e efici\u00eancia na sua amassadeira.","og_url":"https:\/\/dosumaya.com.tr\/pt-br\/os-nossos-produtos\/panther\/","og_site_name":"DOSUMAYA Istanbul","article_modified_time":"2022-11-07T12:39:04+00:00","og_image":[{"width":1364,"height":1920,"url":"https:\/\/dosumaya.com.tr\/wp-content\/uploads\/2022\/06\/panther-1.jpg","type":"image\/jpeg"}],"twitter_card":"summary_large_image","twitter_misc":{"Est. tempo de leitura":"3 minutos"},"schema":{"@context":"https:\/\/schema.org","@graph":[{"@type":"WebPage","@id":"https:\/\/dosumaya.com.tr\/pt-br\/os-nossos-produtos\/panther\/","url":"https:\/\/dosumaya.com.tr\/pt-br\/os-nossos-produtos\/panther\/","name":"Panther - DOSUMAYA Istanbul","isPartOf":{"@id":"https:\/\/dosumaya.com.tr\/pt-br\/#website"},"primaryImageOfPage":{"@id":"https:\/\/dosumaya.com.tr\/pt-br\/os-nossos-produtos\/panther\/#primaryimage"},"image":{"@id":"https:\/\/dosumaya.com.tr\/pt-br\/os-nossos-produtos\/panther\/#primaryimage"},"thumbnailUrl":"https:\/\/dosumaya.com.tr\/wp-content\/uploads\/2022\/06\/panther-1.jpg","datePublished":"2022-06-15T16:54:37+00:00","dateModified":"2022-11-07T12:39:04+00:00","description":"Ao utilizar o Panther\u00ae 2 em 1, obt\u00e9m um concentrado de energia e efici\u00eancia na sua amassadeira.","breadcrumb":{"@id":"https:\/\/dosumaya.com.tr\/pt-br\/os-nossos-produtos\/panther\/#breadcrumb"},"inLanguage":"pt-BR","potentialAction":[{"@type":"ReadAction","target":["https:\/\/dosumaya.com.tr\/pt-br\/os-nossos-produtos\/panther\/"]}]},{"@type":"ImageObject","inLanguage":"pt-BR","@id":"https:\/\/dosumaya.com.tr\/pt-br\/os-nossos-produtos\/panther\/#primaryimage","url":"https:\/\/dosumaya.com.tr\/wp-content\/uploads\/2022\/06\/panther-1.jpg","contentUrl":"https:\/\/dosumaya.com.tr\/wp-content\/uploads\/2022\/06\/panther-1.jpg","width":1364,"height":1920},{"@type":"BreadcrumbList","@id":"https:\/\/dosumaya.com.tr\/pt-br\/os-nossos-produtos\/panther\/#breadcrumb","itemListElement":[{"@type":"ListItem","position":1,"name":"Home","item":"https:\/\/dosumaya.com.tr\/pt-br\/"},{"@type":"ListItem","position":2,"name":"Os nossos produtos","item":"https:\/\/dosumaya.com.tr\/pt-br\/os-nossos-produtos\/"},{"@type":"ListItem","position":3,"name":"Panther"}]},{"@type":"WebSite","@id":"https:\/\/dosumaya.com.tr\/pt-br\/#website","url":"https:\/\/dosumaya.com.tr\/pt-br\/","name":"DOSUMAYA Istanbul","description":"Istanbul DOSUMaya is a globally operating baking yeast producer","publisher":{"@id":"https:\/\/dosumaya.com.tr\/pt-br\/#organization"},"potentialAction":[{"@type":"SearchAction","target":{"@type":"EntryPoint","urlTemplate":"https:\/\/dosumaya.com.tr\/pt-br\/?s={search_term_string}"},"query-input":{"@type":"PropertyValueSpecification","valueRequired":true,"valueName":"search_term_string"}}],"inLanguage":"pt-BR"},{"@type":"Organization","@id":"https:\/\/dosumaya.com.tr\/pt-br\/#organization","name":"DOSUMAYA Istanbul","url":"https:\/\/dosumaya.com.tr\/pt-br\/","logo":{"@type":"ImageObject","inLanguage":"pt-BR","@id":"https:\/\/dosumaya.com.tr\/pt-br\/#\/schema\/logo\/image\/","url":"https:\/\/dosumaya.com.tr\/wp-content\/uploads\/2022\/06\/dosu-logo.jpg","contentUrl":"https:\/\/dosumaya.com.tr\/wp-content\/uploads\/2022\/06\/dosu-logo.jpg","width":300,"height":300,"caption":"DOSUMAYA Istanbul"},"image":{"@id":"https:\/\/dosumaya.com.tr\/pt-br\/#\/schema\/logo\/image\/"}}]}},"_links":{"self":[{"href":"https:\/\/dosumaya.com.tr\/pt-br\/wp-json\/wp\/v2\/pages\/1504","targetHints":{"allow":["GET"]}}],"collection":[{"href":"https:\/\/dosumaya.com.tr\/pt-br\/wp-json\/wp\/v2\/pages"}],"about":[{"href":"https:\/\/dosumaya.com.tr\/pt-br\/wp-json\/wp\/v2\/types\/page"}],"author":[{"embeddable":true,"href":"https:\/\/dosumaya.com.tr\/pt-br\/wp-json\/wp\/v2\/users\/1"}],"replies":[{"embeddable":true,"href":"https:\/\/dosumaya.com.tr\/pt-br\/wp-json\/wp\/v2\/comments?post=1504"}],"version-history":[{"count":6,"href":"https:\/\/dosumaya.com.tr\/pt-br\/wp-json\/wp\/v2\/pages\/1504\/revisions"}],"predecessor-version":[{"id":1854,"href":"https:\/\/dosumaya.com.tr\/pt-br\/wp-json\/wp\/v2\/pages\/1504\/revisions\/1854"}],"up":[{"embeddable":true,"href":"https:\/\/dosumaya.com.tr\/pt-br\/wp-json\/wp\/v2\/pages\/1488"}],"wp:featuredmedia":[{"embeddable":true,"href":"https:\/\/dosumaya.com.tr\/pt-br\/wp-json\/wp\/v2\/media\/1222"}],"wp:attachment":[{"href":"https:\/\/dosumaya.com.tr\/pt-br\/wp-json\/wp\/v2\/media?parent=1504"}],"curies":[{"name":"wp","href":"https:\/\/api.w.org\/{rel}","templated":true}]}}