{"id":1512,"date":"2022-06-16T08:36:59","date_gmt":"2022-06-16T08:36:59","guid":{"rendered":"https:\/\/dosumaya.com.tr\/os-nossos-produtos\/topmix\/"},"modified":"2022-10-28T08:33:17","modified_gmt":"2022-10-28T08:33:17","slug":"topmix","status":"publish","type":"page","link":"https:\/\/dosumaya.com.tr\/pt-br\/os-nossos-produtos\/topmix\/","title":{"rendered":"TopMix<sup>\u00ae<\/sup>"},"content":{"rendered":"\t\t<div data-elementor-type=\"wp-page\" data-elementor-id=\"1512\" class=\"elementor elementor-1512 elementor-486\" data-elementor-post-type=\"page\">\n\t\t\t\t\t\t<section class=\"elementor-section elementor-top-section elementor-element elementor-element-5a0f1c61 elementor-section-full_width elementor-section-height-default elementor-section-height-default\" data-id=\"5a0f1c61\" data-element_type=\"section\" data-e-type=\"section\">\n\t\t\t\t\t\t<div class=\"elementor-container elementor-column-gap-no\">\n\t\t\t\t\t<div class=\"elementor-column elementor-col-100 elementor-top-column elementor-element elementor-element-32a80b4d\" data-id=\"32a80b4d\" data-element_type=\"column\" data-e-type=\"column\">\n\t\t\t<div class=\"elementor-widget-wrap elementor-element-populated\">\n\t\t\t\t\t\t<div class=\"elementor-element elementor-element-f04ea47 elementor-invisible elementor-widget elementor-widget-heading\" data-id=\"f04ea47\" data-element_type=\"widget\" data-e-type=\"widget\" data-settings=\"{&quot;_animation&quot;:&quot;fadeInUp&quot;}\" data-widget_type=\"heading.default\">\n\t\t\t\t<div class=\"elementor-widget-container\">\n\t\t\t\t\t<h1 class=\"elementor-heading-title elementor-size-default\">Top-mix<sup>\u00ae<\/sup><\/h1>\t\t\t\t<\/div>\n\t\t\t\t<\/div>\n\t\t\t\t<div class=\"elementor-element elementor-element-773ac2fe elementor-widget__width-auto elementor-widget elementor-widget-heading\" data-id=\"773ac2fe\" data-element_type=\"widget\" data-e-type=\"widget\" data-widget_type=\"heading.default\">\n\t\t\t\t<div class=\"elementor-widget-container\">\n\t\t\t\t\t<h6 class=\"elementor-heading-title elementor-size-default\">MELHORANTES<\/h6>\t\t\t\t<\/div>\n\t\t\t\t<\/div>\n\t\t\t\t\t<\/div>\n\t\t<\/div>\n\t\t\t\t\t<\/div>\n\t\t<\/section>\n\t\t\t\t<section class=\"elementor-section elementor-top-section elementor-element elementor-element-e63aa40 elementor-section-full_width elementor-section-height-default elementor-section-height-default\" data-id=\"e63aa40\" data-element_type=\"section\" data-e-type=\"section\">\n\t\t\t\t\t\t<div class=\"elementor-container elementor-column-gap-no\">\n\t\t\t\t\t<div class=\"elementor-column elementor-col-100 elementor-top-column elementor-element elementor-element-1da48fd\" data-id=\"1da48fd\" data-element_type=\"column\" data-e-type=\"column\">\n\t\t\t<div class=\"elementor-widget-wrap elementor-element-populated\">\n\t\t\t\t\t\t<section class=\"elementor-section elementor-inner-section elementor-element elementor-element-75d32cf elementor-section-full_width elementor-section-content-top elementor-section-height-default elementor-section-height-default\" data-id=\"75d32cf\" data-element_type=\"section\" data-e-type=\"section\">\n\t\t\t\t\t\t<div class=\"elementor-container elementor-column-gap-no\">\n\t\t\t\t\t<div class=\"elementor-column elementor-col-50 elementor-inner-column elementor-element elementor-element-4f61b98\" data-id=\"4f61b98\" data-element_type=\"column\" data-e-type=\"column\">\n\t\t\t<div class=\"elementor-widget-wrap elementor-element-populated\">\n\t\t\t\t\t\t<div class=\"elementor-element elementor-element-4d261e0 elementor-widget elementor-widget-image\" data-id=\"4d261e0\" data-element_type=\"widget\" data-e-type=\"widget\" data-widget_type=\"image.default\">\n\t\t\t\t<div class=\"elementor-widget-container\">\n\t\t\t\t\t\t\t\t\t\t\t\t\t\t\t<img fetchpriority=\"high\" decoding=\"async\" width=\"617\" height=\"874\" src=\"https:\/\/dosumaya.com.tr\/wp-content\/uploads\/2022\/06\/topmix.jpg\" class=\"attachment-full size-full wp-image-1240\" alt=\"\" srcset=\"https:\/\/dosumaya.com.tr\/wp-content\/uploads\/2022\/06\/topmix.jpg 617w, https:\/\/dosumaya.com.tr\/wp-content\/uploads\/2022\/06\/topmix-212x300.jpg 212w\" sizes=\"(max-width: 617px) 100vw, 617px\" \/>\t\t\t\t\t\t\t\t\t\t\t\t\t\t\t<\/div>\n\t\t\t\t<\/div>\n\t\t\t\t\t<\/div>\n\t\t<\/div>\n\t\t\t\t<div class=\"elementor-column elementor-col-50 elementor-inner-column elementor-element elementor-element-5d6e788\" data-id=\"5d6e788\" data-element_type=\"column\" data-e-type=\"column\">\n\t\t\t<div class=\"elementor-widget-wrap elementor-element-populated\">\n\t\t\t\t\t\t<div class=\"elementor-element elementor-element-68c60ef elementor-widget elementor-widget-text-editor\" data-id=\"68c60ef\" data-element_type=\"widget\" data-e-type=\"widget\" data-widget_type=\"text-editor.default\">\n\t\t\t\t<div class=\"elementor-widget-container\">\n\t\t\t\t\t\t\t\t\t<b>Os melhorantes s\u00e3o muitas vezes utilizados para melhorar a qualidade da massa<\/b> e aumentar a toler\u00e2ncia da mesma durante as diferentes etapas da produ\u00e7\u00e3o.\n\nA gama de melhorantes Top-Mix<sup>\u00ae<\/sup> foi desenvolvida para facilitar o trabalho di\u00e1rio dos padeiros e otimizar as caracter\u00edsticas funcionais do p\u00e3o.\n\nA gama Top-Mix\u00ae pode ser combinada com os fermentos secos <span style=\"text-decoration: underline;\"><a href=\"https:\/\/dosumaya.com.tr\/pt-br\/os-nossos-produtos\/pasha\/\">Pasha<sup>\u00ae<\/sup><\/a><\/span>, <span style=\"text-decoration: underline;\"><a href=\"https:\/\/dosumaya.com.tr\/pt-br\/os-nossos-produtos\/hasmaya\/\">Hasmaya<sup>\u00ae<\/sup><\/a><\/span> ou <a href=\"https:\/\/dosumaya.com.tr\/pt-br\/os-nossos-produtos\/panther\/\"><span style=\"text-decoration: underline;\">Panther<sup>\u00ae<\/sup><\/span><\/a> para um resultado ideal, tanto em termos organol\u00e9ticos como de qualidade visual.\n\n<b>N\u00e3o procure mais, esta \u00e9 A resposta para p\u00e3es apetec\u00edveis, saborosos e deliciosos!<\/b>\t\t\t\t\t\t\t\t<\/div>\n\t\t\t\t<\/div>\n\t\t\t\t<div class=\"elementor-element elementor-element-fc477d0 elementor-pagination-position-outside elementor-widget elementor-widget-image-carousel\" data-id=\"fc477d0\" data-element_type=\"widget\" data-e-type=\"widget\" data-settings=\"{&quot;navigation&quot;:&quot;dots&quot;,&quot;autoplay&quot;:&quot;yes&quot;,&quot;pause_on_hover&quot;:&quot;yes&quot;,&quot;pause_on_interaction&quot;:&quot;yes&quot;,&quot;autoplay_speed&quot;:5000,&quot;infinite&quot;:&quot;yes&quot;,&quot;speed&quot;:500}\" data-widget_type=\"image-carousel.default\">\n\t\t\t\t<div class=\"elementor-widget-container\">\n\t\t\t\t\t\t\t<div class=\"elementor-image-carousel-wrapper swiper\" role=\"region\" aria-roledescription=\"carousel\" aria-label=\"Carrossel de imagens\" dir=\"ltr\">\n\t\t\t<div class=\"elementor-image-carousel swiper-wrapper\" aria-live=\"off\">\n\t\t\t\t\t\t\t\t<div class=\"swiper-slide\" role=\"group\" aria-roledescription=\"slide\" aria-label=\"1 de 3\"><a data-elementor-open-lightbox=\"yes\" data-elementor-lightbox-slideshow=\"fc477d0\" data-elementor-lightbox-title=\"TOPMIX-BAGUETTE-COMPLEX\" data-e-action-hash=\"#elementor-action%3Aaction%3Dlightbox%26settings%3DeyJpZCI6MTI0OSwidXJsIjoiaHR0cHM6XC9cL2Rvc3VtYXlhLmNvbS50clwvd3AtY29udGVudFwvdXBsb2Fkc1wvMjAyMlwvMDZcL3RvcG1peC1iYWd1ZXR0ZS1jb21wbGV4LmpwZyIsInNsaWRlc2hvdyI6ImZjNDc3ZDAifQ%3D%3D\" href=\"https:\/\/dosumaya.com.tr\/wp-content\/uploads\/2022\/06\/topmix-baguette-complex.jpg\"><figure class=\"swiper-slide-inner\"><img decoding=\"async\" class=\"swiper-slide-image\" src=\"https:\/\/dosumaya.com.tr\/wp-content\/uploads\/2022\/06\/topmix-baguette-complex-187x300.jpg\" alt=\"TOPMIX-BAGUETTE-COMPLEX\" \/><\/figure><\/a><\/div><div class=\"swiper-slide\" role=\"group\" aria-roledescription=\"slide\" aria-label=\"2 de 3\"><a data-elementor-open-lightbox=\"yes\" data-elementor-lightbox-slideshow=\"fc477d0\" data-elementor-lightbox-title=\"TOPMIX-BAGUETTE-1\" data-e-action-hash=\"#elementor-action%3Aaction%3Dlightbox%26settings%3DeyJpZCI6MTI0MywidXJsIjoiaHR0cHM6XC9cL2Rvc3VtYXlhLmNvbS50clwvd3AtY29udGVudFwvdXBsb2Fkc1wvMjAyMlwvMDZcL3RvcG1peC1iYWd1ZXR0ZS0xLmpwZyIsInNsaWRlc2hvdyI6ImZjNDc3ZDAifQ%3D%3D\" href=\"https:\/\/dosumaya.com.tr\/wp-content\/uploads\/2022\/06\/topmix-baguette-1.jpg\"><figure class=\"swiper-slide-inner\"><img decoding=\"async\" class=\"swiper-slide-image\" src=\"https:\/\/dosumaya.com.tr\/wp-content\/uploads\/2022\/06\/topmix-baguette-1-187x300.jpg\" alt=\"TOPMIX-BAGUETTE-1\" \/><\/figure><\/a><\/div><div class=\"swiper-slide\" role=\"group\" aria-roledescription=\"slide\" aria-label=\"3 de 3\"><a data-elementor-open-lightbox=\"yes\" data-elementor-lightbox-slideshow=\"fc477d0\" data-elementor-lightbox-title=\"TOPMIX-BAGUETTE-500G-CARTON\" data-e-action-hash=\"#elementor-action%3Aaction%3Dlightbox%26settings%3DeyJpZCI6MTI0NiwidXJsIjoiaHR0cHM6XC9cL2Rvc3VtYXlhLmNvbS50clwvd3AtY29udGVudFwvdXBsb2Fkc1wvMjAyMlwvMDZcL3RvcG1peC1iYWd1ZXR0ZS01MDBnLWNhcnRvbi5qcGciLCJzbGlkZXNob3ciOiJmYzQ3N2QwIn0%3D\" href=\"https:\/\/dosumaya.com.tr\/wp-content\/uploads\/2022\/06\/topmix-baguette-500g-carton.jpg\"><figure class=\"swiper-slide-inner\"><img decoding=\"async\" class=\"swiper-slide-image\" src=\"https:\/\/dosumaya.com.tr\/wp-content\/uploads\/2022\/06\/topmix-baguette-500g-carton-300x187.jpg\" alt=\"TOPMIX-BAGUETTE-500G-CARTON\" \/><\/figure><\/a><\/div>\t\t\t<\/div>\n\t\t\t\t\t\t\t\n\t\t\t\t\t\t\t\t\t<div class=\"swiper-pagination\"><\/div>\n\t\t\t\t\t\t\t\t\t<\/div>\n\t\t\t\t\t\t<\/div>\n\t\t\t\t<\/div>\n\t\t\t\t<div class=\"elementor-element elementor-element-04c18a7 elementor-align-start elementor-widget__width-auto elementor-fixed elementor-icon-list--layout-traditional elementor-list-item-link-full_width elementor-widget elementor-widget-icon-list\" data-id=\"04c18a7\" data-element_type=\"widget\" data-e-type=\"widget\" data-settings=\"{&quot;_position&quot;:&quot;fixed&quot;}\" data-widget_type=\"icon-list.default\">\n\t\t\t\t<div class=\"elementor-widget-container\">\n\t\t\t\t\t\t\t<ul class=\"elementor-icon-list-items\">\n\t\t\t\t\t\t\t<li class=\"elementor-icon-list-item\">\n\t\t\t\t\t\t\t\t\t\t\t<a href=\"https:\/\/dosumaya.com.tr\/wp-content\/uploads\/2022\/09\/top-mix-a4-foy-en-fr.pdf\" target=\"_blank\" rel=\"nofollow\">\n\n\t\t\t\t\t\t\t\t\t\t\t\t<span class=\"elementor-icon-list-icon\">\n\t\t\t\t\t\t\t<i aria-hidden=\"true\" class=\"fas fa-download\"><\/i>\t\t\t\t\t\t<\/span>\n\t\t\t\t\t\t\t\t\t\t<span class=\"elementor-icon-list-text\">Baixar<br>a ficha do produto<\/span>\n\t\t\t\t\t\t\t\t\t\t\t<\/a>\n\t\t\t\t\t\t\t\t\t<\/li>\n\t\t\t\t\t\t<\/ul>\n\t\t\t\t\t\t<\/div>\n\t\t\t\t<\/div>\n\t\t\t\t\t<\/div>\n\t\t<\/div>\n\t\t\t\t\t<\/div>\n\t\t<\/section>\n\t\t\t\t\t<\/div>\n\t\t<\/div>\n\t\t\t\t\t<\/div>\n\t\t<\/section>\n\t\t\t\t<\/div>\n\t\t","protected":false},"excerpt":{"rendered":"<p>Top-mix\u00ae MELHORANTES Os melhorantes s\u00e3o muitas vezes utilizados para melhorar a qualidade da massa e aumentar a toler\u00e2ncia da mesma durante as diferentes etapas da produ\u00e7\u00e3o. A gama de melhorantes Top-Mix\u00ae foi desenvolvida para facilitar o trabalho di\u00e1rio dos padeiros e otimizar as caracter\u00edsticas funcionais do p\u00e3o. A gama Top-Mix\u00ae pode ser combinada com os [&hellip;]<\/p>\n","protected":false},"author":1,"featured_media":1240,"parent":1488,"menu_order":0,"comment_status":"closed","ping_status":"closed","template":"","meta":{"footnotes":""},"class_list":["post-1512","page","type-page","status-publish","has-post-thumbnail","hentry"],"yoast_head":"<!-- This site is optimized with the Yoast SEO plugin v27.5 - https:\/\/yoast.com\/product\/yoast-seo-wordpress\/ -->\n<title>TopMix\u00ae - DOSUMAYA Istanbul<\/title>\n<meta name=\"description\" content=\"A gama de melhorantes Top-Mix\u00ae foi desenvolvida para facilitar o trabalho di\u00e1rio dos padeiros e otimizar as caracter\u00edsticas funcionais do p\u00e3o.\" \/>\n<meta name=\"robots\" content=\"index, follow, max-snippet:-1, max-image-preview:large, max-video-preview:-1\" \/>\n<link rel=\"canonical\" href=\"https:\/\/dosumaya.com.tr\/pt-br\/os-nossos-produtos\/topmix\/\" \/>\n<meta property=\"og:locale\" content=\"pt_BR\" \/>\n<meta property=\"og:type\" content=\"article\" \/>\n<meta property=\"og:title\" content=\"TopMix\u00ae - DOSUMAYA Istanbul\" \/>\n<meta property=\"og:description\" content=\"A gama de melhorantes Top-Mix\u00ae foi desenvolvida para facilitar o trabalho di\u00e1rio dos padeiros e otimizar as caracter\u00edsticas funcionais do p\u00e3o.\" \/>\n<meta property=\"og:url\" content=\"https:\/\/dosumaya.com.tr\/pt-br\/os-nossos-produtos\/topmix\/\" \/>\n<meta property=\"og:site_name\" content=\"DOSUMAYA Istanbul\" \/>\n<meta property=\"article:modified_time\" content=\"2022-10-28T08:33:17+00:00\" \/>\n<meta property=\"og:image\" content=\"https:\/\/dosumaya.com.tr\/wp-content\/uploads\/2022\/06\/topmix.jpg\" \/>\n\t<meta property=\"og:image:width\" content=\"617\" \/>\n\t<meta property=\"og:image:height\" content=\"874\" \/>\n\t<meta property=\"og:image:type\" content=\"image\/jpeg\" \/>\n<meta name=\"twitter:card\" content=\"summary_large_image\" \/>\n<script type=\"application\/ld+json\" class=\"yoast-schema-graph\">{\"@context\":\"https:\\\/\\\/schema.org\",\"@graph\":[{\"@type\":\"WebPage\",\"@id\":\"https:\\\/\\\/dosumaya.com.tr\\\/pt-br\\\/os-nossos-produtos\\\/topmix\\\/\",\"url\":\"https:\\\/\\\/dosumaya.com.tr\\\/pt-br\\\/os-nossos-produtos\\\/topmix\\\/\",\"name\":\"TopMix\u00ae - DOSUMAYA Istanbul\",\"isPartOf\":{\"@id\":\"https:\\\/\\\/dosumaya.com.tr\\\/pt-br\\\/#website\"},\"primaryImageOfPage\":{\"@id\":\"https:\\\/\\\/dosumaya.com.tr\\\/pt-br\\\/os-nossos-produtos\\\/topmix\\\/#primaryimage\"},\"image\":{\"@id\":\"https:\\\/\\\/dosumaya.com.tr\\\/pt-br\\\/os-nossos-produtos\\\/topmix\\\/#primaryimage\"},\"thumbnailUrl\":\"https:\\\/\\\/dosumaya.com.tr\\\/wp-content\\\/uploads\\\/2022\\\/06\\\/topmix.jpg\",\"datePublished\":\"2022-06-16T08:36:59+00:00\",\"dateModified\":\"2022-10-28T08:33:17+00:00\",\"description\":\"A gama de melhorantes Top-Mix\u00ae foi desenvolvida para facilitar o trabalho di\u00e1rio dos padeiros e otimizar as caracter\u00edsticas funcionais do p\u00e3o.\",\"breadcrumb\":{\"@id\":\"https:\\\/\\\/dosumaya.com.tr\\\/pt-br\\\/os-nossos-produtos\\\/topmix\\\/#breadcrumb\"},\"inLanguage\":\"pt-BR\",\"potentialAction\":[{\"@type\":\"ReadAction\",\"target\":[\"https:\\\/\\\/dosumaya.com.tr\\\/pt-br\\\/os-nossos-produtos\\\/topmix\\\/\"]}]},{\"@type\":\"ImageObject\",\"inLanguage\":\"pt-BR\",\"@id\":\"https:\\\/\\\/dosumaya.com.tr\\\/pt-br\\\/os-nossos-produtos\\\/topmix\\\/#primaryimage\",\"url\":\"https:\\\/\\\/dosumaya.com.tr\\\/wp-content\\\/uploads\\\/2022\\\/06\\\/topmix.jpg\",\"contentUrl\":\"https:\\\/\\\/dosumaya.com.tr\\\/wp-content\\\/uploads\\\/2022\\\/06\\\/topmix.jpg\",\"width\":617,\"height\":874},{\"@type\":\"BreadcrumbList\",\"@id\":\"https:\\\/\\\/dosumaya.com.tr\\\/pt-br\\\/os-nossos-produtos\\\/topmix\\\/#breadcrumb\",\"itemListElement\":[{\"@type\":\"ListItem\",\"position\":1,\"name\":\"Home\",\"item\":\"https:\\\/\\\/dosumaya.com.tr\\\/pt-br\\\/\"},{\"@type\":\"ListItem\",\"position\":2,\"name\":\"Os nossos produtos\",\"item\":\"https:\\\/\\\/dosumaya.com.tr\\\/pt-br\\\/os-nossos-produtos\\\/\"},{\"@type\":\"ListItem\",\"position\":3,\"name\":\"TopMix\u00ae\"}]},{\"@type\":\"WebSite\",\"@id\":\"https:\\\/\\\/dosumaya.com.tr\\\/pt-br\\\/#website\",\"url\":\"https:\\\/\\\/dosumaya.com.tr\\\/pt-br\\\/\",\"name\":\"DOSUMAYA Istanbul\",\"description\":\"Istanbul DOSUMaya is a globally operating baking yeast producer\",\"publisher\":{\"@id\":\"https:\\\/\\\/dosumaya.com.tr\\\/pt-br\\\/#organization\"},\"potentialAction\":[{\"@type\":\"SearchAction\",\"target\":{\"@type\":\"EntryPoint\",\"urlTemplate\":\"https:\\\/\\\/dosumaya.com.tr\\\/pt-br\\\/?s={search_term_string}\"},\"query-input\":{\"@type\":\"PropertyValueSpecification\",\"valueRequired\":true,\"valueName\":\"search_term_string\"}}],\"inLanguage\":\"pt-BR\"},{\"@type\":\"Organization\",\"@id\":\"https:\\\/\\\/dosumaya.com.tr\\\/pt-br\\\/#organization\",\"name\":\"DOSUMAYA Istanbul\",\"url\":\"https:\\\/\\\/dosumaya.com.tr\\\/pt-br\\\/\",\"logo\":{\"@type\":\"ImageObject\",\"inLanguage\":\"pt-BR\",\"@id\":\"https:\\\/\\\/dosumaya.com.tr\\\/pt-br\\\/#\\\/schema\\\/logo\\\/image\\\/\",\"url\":\"https:\\\/\\\/dosumaya.com.tr\\\/wp-content\\\/uploads\\\/2022\\\/06\\\/dosu-logo.jpg\",\"contentUrl\":\"https:\\\/\\\/dosumaya.com.tr\\\/wp-content\\\/uploads\\\/2022\\\/06\\\/dosu-logo.jpg\",\"width\":300,\"height\":300,\"caption\":\"DOSUMAYA Istanbul\"},\"image\":{\"@id\":\"https:\\\/\\\/dosumaya.com.tr\\\/pt-br\\\/#\\\/schema\\\/logo\\\/image\\\/\"}}]}<\/script>\n<!-- \/ Yoast SEO plugin. -->","yoast_head_json":{"title":"TopMix\u00ae - DOSUMAYA Istanbul","description":"A gama de melhorantes Top-Mix\u00ae foi desenvolvida para facilitar o trabalho di\u00e1rio dos padeiros e otimizar as caracter\u00edsticas funcionais do p\u00e3o.","robots":{"index":"index","follow":"follow","max-snippet":"max-snippet:-1","max-image-preview":"max-image-preview:large","max-video-preview":"max-video-preview:-1"},"canonical":"https:\/\/dosumaya.com.tr\/pt-br\/os-nossos-produtos\/topmix\/","og_locale":"pt_BR","og_type":"article","og_title":"TopMix\u00ae - DOSUMAYA Istanbul","og_description":"A gama de melhorantes Top-Mix\u00ae foi desenvolvida para facilitar o trabalho di\u00e1rio dos padeiros e otimizar as caracter\u00edsticas funcionais do p\u00e3o.","og_url":"https:\/\/dosumaya.com.tr\/pt-br\/os-nossos-produtos\/topmix\/","og_site_name":"DOSUMAYA Istanbul","article_modified_time":"2022-10-28T08:33:17+00:00","og_image":[{"width":617,"height":874,"url":"https:\/\/dosumaya.com.tr\/wp-content\/uploads\/2022\/06\/topmix.jpg","type":"image\/jpeg"}],"twitter_card":"summary_large_image","schema":{"@context":"https:\/\/schema.org","@graph":[{"@type":"WebPage","@id":"https:\/\/dosumaya.com.tr\/pt-br\/os-nossos-produtos\/topmix\/","url":"https:\/\/dosumaya.com.tr\/pt-br\/os-nossos-produtos\/topmix\/","name":"TopMix\u00ae - DOSUMAYA Istanbul","isPartOf":{"@id":"https:\/\/dosumaya.com.tr\/pt-br\/#website"},"primaryImageOfPage":{"@id":"https:\/\/dosumaya.com.tr\/pt-br\/os-nossos-produtos\/topmix\/#primaryimage"},"image":{"@id":"https:\/\/dosumaya.com.tr\/pt-br\/os-nossos-produtos\/topmix\/#primaryimage"},"thumbnailUrl":"https:\/\/dosumaya.com.tr\/wp-content\/uploads\/2022\/06\/topmix.jpg","datePublished":"2022-06-16T08:36:59+00:00","dateModified":"2022-10-28T08:33:17+00:00","description":"A gama de melhorantes Top-Mix\u00ae foi desenvolvida para facilitar o trabalho di\u00e1rio dos padeiros e otimizar as caracter\u00edsticas funcionais do p\u00e3o.","breadcrumb":{"@id":"https:\/\/dosumaya.com.tr\/pt-br\/os-nossos-produtos\/topmix\/#breadcrumb"},"inLanguage":"pt-BR","potentialAction":[{"@type":"ReadAction","target":["https:\/\/dosumaya.com.tr\/pt-br\/os-nossos-produtos\/topmix\/"]}]},{"@type":"ImageObject","inLanguage":"pt-BR","@id":"https:\/\/dosumaya.com.tr\/pt-br\/os-nossos-produtos\/topmix\/#primaryimage","url":"https:\/\/dosumaya.com.tr\/wp-content\/uploads\/2022\/06\/topmix.jpg","contentUrl":"https:\/\/dosumaya.com.tr\/wp-content\/uploads\/2022\/06\/topmix.jpg","width":617,"height":874},{"@type":"BreadcrumbList","@id":"https:\/\/dosumaya.com.tr\/pt-br\/os-nossos-produtos\/topmix\/#breadcrumb","itemListElement":[{"@type":"ListItem","position":1,"name":"Home","item":"https:\/\/dosumaya.com.tr\/pt-br\/"},{"@type":"ListItem","position":2,"name":"Os nossos produtos","item":"https:\/\/dosumaya.com.tr\/pt-br\/os-nossos-produtos\/"},{"@type":"ListItem","position":3,"name":"TopMix\u00ae"}]},{"@type":"WebSite","@id":"https:\/\/dosumaya.com.tr\/pt-br\/#website","url":"https:\/\/dosumaya.com.tr\/pt-br\/","name":"DOSUMAYA Istanbul","description":"Istanbul DOSUMaya is a globally operating baking yeast producer","publisher":{"@id":"https:\/\/dosumaya.com.tr\/pt-br\/#organization"},"potentialAction":[{"@type":"SearchAction","target":{"@type":"EntryPoint","urlTemplate":"https:\/\/dosumaya.com.tr\/pt-br\/?s={search_term_string}"},"query-input":{"@type":"PropertyValueSpecification","valueRequired":true,"valueName":"search_term_string"}}],"inLanguage":"pt-BR"},{"@type":"Organization","@id":"https:\/\/dosumaya.com.tr\/pt-br\/#organization","name":"DOSUMAYA Istanbul","url":"https:\/\/dosumaya.com.tr\/pt-br\/","logo":{"@type":"ImageObject","inLanguage":"pt-BR","@id":"https:\/\/dosumaya.com.tr\/pt-br\/#\/schema\/logo\/image\/","url":"https:\/\/dosumaya.com.tr\/wp-content\/uploads\/2022\/06\/dosu-logo.jpg","contentUrl":"https:\/\/dosumaya.com.tr\/wp-content\/uploads\/2022\/06\/dosu-logo.jpg","width":300,"height":300,"caption":"DOSUMAYA Istanbul"},"image":{"@id":"https:\/\/dosumaya.com.tr\/pt-br\/#\/schema\/logo\/image\/"}}]}},"_links":{"self":[{"href":"https:\/\/dosumaya.com.tr\/pt-br\/wp-json\/wp\/v2\/pages\/1512","targetHints":{"allow":["GET"]}}],"collection":[{"href":"https:\/\/dosumaya.com.tr\/pt-br\/wp-json\/wp\/v2\/pages"}],"about":[{"href":"https:\/\/dosumaya.com.tr\/pt-br\/wp-json\/wp\/v2\/types\/page"}],"author":[{"embeddable":true,"href":"https:\/\/dosumaya.com.tr\/pt-br\/wp-json\/wp\/v2\/users\/1"}],"replies":[{"embeddable":true,"href":"https:\/\/dosumaya.com.tr\/pt-br\/wp-json\/wp\/v2\/comments?post=1512"}],"version-history":[{"count":3,"href":"https:\/\/dosumaya.com.tr\/pt-br\/wp-json\/wp\/v2\/pages\/1512\/revisions"}],"predecessor-version":[{"id":1515,"href":"https:\/\/dosumaya.com.tr\/pt-br\/wp-json\/wp\/v2\/pages\/1512\/revisions\/1515"}],"up":[{"embeddable":true,"href":"https:\/\/dosumaya.com.tr\/pt-br\/wp-json\/wp\/v2\/pages\/1488"}],"wp:featuredmedia":[{"embeddable":true,"href":"https:\/\/dosumaya.com.tr\/pt-br\/wp-json\/wp\/v2\/media\/1240"}],"wp:attachment":[{"href":"https:\/\/dosumaya.com.tr\/pt-br\/wp-json\/wp\/v2\/media?parent=1512"}],"curies":[{"name":"wp","href":"https:\/\/api.w.org\/{rel}","templated":true}]}}