{"id":2146,"date":"2022-06-06T21:46:17","date_gmt":"2022-06-06T21:46:17","guid":{"rendered":"https:\/\/dosumaya.com.tr\/haberler\/"},"modified":"2022-12-05T16:44:44","modified_gmt":"2022-12-05T16:44:44","slug":"haberler","status":"publish","type":"page","link":"https:\/\/dosumaya.com.tr\/tr\/haberler\/","title":{"rendered":"YEN\u0130L\u0130KLER"},"content":{"rendered":"\t\t<div data-elementor-type=\"wp-page\" data-elementor-id=\"2146\" class=\"elementor elementor-2146 elementor-237\" data-elementor-post-type=\"page\">\n\t\t\t\t\t\t<section class=\"elementor-section elementor-top-section elementor-element elementor-element-5a0f1c61 elementor-section-full_width elementor-section-height-default elementor-section-height-default\" data-id=\"5a0f1c61\" data-element_type=\"section\" data-e-type=\"section\">\n\t\t\t\t\t\t<div class=\"elementor-container elementor-column-gap-no\">\n\t\t\t\t\t<div class=\"elementor-column elementor-col-100 elementor-top-column elementor-element elementor-element-32a80b4d\" data-id=\"32a80b4d\" data-element_type=\"column\" data-e-type=\"column\">\n\t\t\t<div class=\"elementor-widget-wrap elementor-element-populated\">\n\t\t\t\t\t\t<div class=\"elementor-element elementor-element-f04ea47 elementor-invisible elementor-widget elementor-widget-heading\" data-id=\"f04ea47\" data-element_type=\"widget\" data-e-type=\"widget\" data-settings=\"{&quot;_animation&quot;:&quot;fadeInUp&quot;}\" data-widget_type=\"heading.default\">\n\t\t\t\t<div class=\"elementor-widget-container\">\n\t\t\t\t\t<h1 class=\"elementor-heading-title elementor-size-default\">YEN\u0130L\u0130KLER<\/h1>\t\t\t\t<\/div>\n\t\t\t\t<\/div>\n\t\t\t\t<div class=\"elementor-element elementor-element-773ac2fe elementor-widget__width-auto elementor-widget elementor-widget-heading\" data-id=\"773ac2fe\" data-element_type=\"widget\" data-e-type=\"widget\" data-widget_type=\"heading.default\">\n\t\t\t\t<div class=\"elementor-widget-container\">\n\t\t\t\t\t<h6 class=\"elementor-heading-title elementor-size-default\">DOSUMAYA : BA\u015eARIYA G\u0130DEN ORTAKLIK<\/h6>\t\t\t\t<\/div>\n\t\t\t\t<\/div>\n\t\t\t\t\t<\/div>\n\t\t<\/div>\n\t\t\t\t\t<\/div>\n\t\t<\/section>\n\t\t\t\t<section class=\"elementor-section elementor-top-section elementor-element elementor-element-7e16cbbf elementor-section-content-middle elementor-section-boxed elementor-section-height-default elementor-section-height-default\" data-id=\"7e16cbbf\" data-element_type=\"section\" data-e-type=\"section\" data-settings=\"{&quot;background_background&quot;:&quot;classic&quot;}\">\n\t\t\t\t\t\t<div class=\"elementor-container elementor-column-gap-no\">\n\t\t\t\t\t<div class=\"elementor-column elementor-col-100 elementor-top-column elementor-element elementor-element-5948788e\" data-id=\"5948788e\" data-element_type=\"column\" data-e-type=\"column\" data-settings=\"{&quot;background_background&quot;:&quot;gradient&quot;}\">\n\t\t\t<div class=\"elementor-widget-wrap elementor-element-populated\">\n\t\t\t\t\t\t<div class=\"elementor-element elementor-element-629e9bab elementor-widget elementor-widget-spacer\" data-id=\"629e9bab\" data-element_type=\"widget\" data-e-type=\"widget\" data-widget_type=\"spacer.default\">\n\t\t\t\t<div class=\"elementor-widget-container\">\n\t\t\t\t\t\t\t<div class=\"elementor-spacer\">\n\t\t\t<div class=\"elementor-spacer-inner\"><\/div>\n\t\t<\/div>\n\t\t\t\t\t\t<\/div>\n\t\t\t\t<\/div>\n\t\t\t\t<div class=\"elementor-element elementor-element-d3efff8 elementor-widget elementor-widget-text-editor\" data-id=\"d3efff8\" data-element_type=\"widget\" data-e-type=\"widget\" data-widget_type=\"text-editor.default\">\n\t\t\t\t<div class=\"elementor-widget-container\">\n\t\t\t\t\t\t\t\t\t<p>En son haberlerimizi ve etkinliklerimizi buradan ke\u015ffedin. Sizinle payla\u015fmaktan mutluluk duyaca\u011f\u0131z!<\/p>\n\t\t\t\t\t\t\t\t<\/div>\n\t\t\t\t<\/div>\n\t\t\t\t\t<\/div>\n\t\t<\/div>\n\t\t\t\t\t<\/div>\n\t\t<\/section>\n\t\t\t\t<section class=\"elementor-section elementor-top-section elementor-element elementor-element-dfa49e5 elementor-section-content-middle elementor-section-boxed elementor-section-height-default elementor-section-height-default\" data-id=\"dfa49e5\" data-element_type=\"section\" data-e-type=\"section\" data-settings=\"{&quot;background_background&quot;:&quot;classic&quot;}\">\n\t\t\t\t\t\t<div class=\"elementor-container elementor-column-gap-no\">\n\t\t\t\t\t<div class=\"elementor-column elementor-col-100 elementor-top-column elementor-element elementor-element-167362d\" data-id=\"167362d\" data-element_type=\"column\" data-e-type=\"column\">\n\t\t\t<div class=\"elementor-widget-wrap elementor-element-populated\">\n\t\t\t\t\t\t<div class=\"elementor-element elementor-element-e38e836 elementor-grid-2 elementor-grid-tablet-2 elementor-grid-mobile-1 elementor-posts--thumbnail-top elementor-card-shadow-yes elementor-posts__hover-gradient elementor-widget elementor-widget-posts\" data-id=\"e38e836\" data-element_type=\"widget\" data-e-type=\"widget\" data-settings=\"{&quot;cards_columns&quot;:&quot;2&quot;,&quot;pagination_type&quot;:&quot;load_more_infinite_scroll&quot;,&quot;cards_columns_tablet&quot;:&quot;2&quot;,&quot;cards_columns_mobile&quot;:&quot;1&quot;,&quot;cards_row_gap&quot;:{&quot;unit&quot;:&quot;px&quot;,&quot;size&quot;:35,&quot;sizes&quot;:[]},&quot;cards_row_gap_tablet&quot;:{&quot;unit&quot;:&quot;px&quot;,&quot;size&quot;:&quot;&quot;,&quot;sizes&quot;:[]},&quot;cards_row_gap_mobile&quot;:{&quot;unit&quot;:&quot;px&quot;,&quot;size&quot;:&quot;&quot;,&quot;sizes&quot;:[]},&quot;load_more_spinner&quot;:{&quot;value&quot;:&quot;fas fa-spinner&quot;,&quot;library&quot;:&quot;fa-solid&quot;}}\" data-widget_type=\"posts.cards\">\n\t\t\t\t<div class=\"elementor-widget-container\">\n\t\t\t\t\t\t\t<div class=\"elementor-posts-container elementor-posts elementor-posts--skin-cards elementor-grid\" role=\"list\">\n\t\t\t\t<article class=\"elementor-post elementor-grid-item post-2886 post type-post status-publish format-standard has-post-thumbnail hentry category-nao-categorizado\" role=\"listitem\">\n\t\t\t<div class=\"elementor-post__card\">\n\t\t\t\t<a class=\"elementor-post__thumbnail__link\" href=\"https:\/\/dosumaya.com.tr\/tr\/gulfood-2024\/\" tabindex=\"-1\" ><div class=\"elementor-post__thumbnail\"><img fetchpriority=\"high\" decoding=\"async\" width=\"1080\" height=\"1080\" src=\"https:\/\/dosumaya.com.tr\/wp-content\/uploads\/2024\/02\/news-image.jpg\" class=\"attachment-full size-full wp-image-2897\" alt=\"Gulfood 2024\" srcset=\"https:\/\/dosumaya.com.tr\/wp-content\/uploads\/2024\/02\/news-image.jpg 1080w, https:\/\/dosumaya.com.tr\/wp-content\/uploads\/2024\/02\/news-image-300x300.jpg 300w, https:\/\/dosumaya.com.tr\/wp-content\/uploads\/2024\/02\/news-image-1024x1024.jpg 1024w, https:\/\/dosumaya.com.tr\/wp-content\/uploads\/2024\/02\/news-image-150x150.jpg 150w, https:\/\/dosumaya.com.tr\/wp-content\/uploads\/2024\/02\/news-image-768x768.jpg 768w\" sizes=\"(max-width: 1080px) 100vw, 1080px\" \/><\/div><\/a>\n\t\t\t\t<div class=\"elementor-post__text\">\n\t\t\t\t<h2 class=\"elementor-post__title\">\n\t\t\t<a href=\"https:\/\/dosumaya.com.tr\/tr\/gulfood-2024\/\" >\n\t\t\t\tGulfood 2024\t\t\t<\/a>\n\t\t<\/h2>\n\t\t\t\t<div class=\"elementor-post__excerpt\">\n\t\t\t<p>Detayl\u0131 bilgi i\u00e7in ileti\u015fim formu \u00fczerinden bizlerle ileti\u015fime ge\u00e7ebilirsiniz.<\/p>\t\t<\/div>\n\t\t\t\t\t<div class=\"elementor-post__read-more-wrapper\">\n\t\t\n\t\t<a class=\"elementor-post__read-more\" href=\"https:\/\/dosumaya.com.tr\/tr\/gulfood-2024\/\" aria-label=\"Read more about Gulfood 2024\" tabindex=\"-1\" >\n\t\t\tDevam\u0131n\u0131 oku \u2192\t\t<\/a>\n\n\t\t\t\t\t<\/div>\n\t\t\t\t<\/div>\n\t\t\t\t<div class=\"elementor-post__meta-data\">\n\t\t\t\t\t<span class=\"elementor-post-date\">\n\t\t\t9 \u015eubat 2024\t\t<\/span>\n\t\t\t\t<\/div>\n\t\t\t\t\t<\/div>\n\t\t<\/article>\n\t\t\t\t<article class=\"elementor-post elementor-grid-item post-2666 post type-post status-publish format-standard has-post-thumbnail hentry category-nao-categorizado\" role=\"listitem\">\n\t\t\t<div class=\"elementor-post__card\">\n\t\t\t\t<a class=\"elementor-post__thumbnail__link\" href=\"https:\/\/dosumaya.com.tr\/tr\/food-beverage-west-africa-2023\/\" tabindex=\"-1\" ><div class=\"elementor-post__thumbnail\"><img decoding=\"async\" width=\"1080\" height=\"1080\" src=\"https:\/\/dosumaya.com.tr\/wp-content\/uploads\/2023\/06\/dosu-nigeria.png\" class=\"attachment-full size-full wp-image-2678\" alt=\"\" srcset=\"https:\/\/dosumaya.com.tr\/wp-content\/uploads\/2023\/06\/dosu-nigeria.png 1080w, https:\/\/dosumaya.com.tr\/wp-content\/uploads\/2023\/06\/dosu-nigeria-300x300.png 300w, https:\/\/dosumaya.com.tr\/wp-content\/uploads\/2023\/06\/dosu-nigeria-1024x1024.png 1024w, https:\/\/dosumaya.com.tr\/wp-content\/uploads\/2023\/06\/dosu-nigeria-150x150.png 150w, https:\/\/dosumaya.com.tr\/wp-content\/uploads\/2023\/06\/dosu-nigeria-768x768.png 768w\" sizes=\"(max-width: 1080px) 100vw, 1080px\" \/><\/div><\/a>\n\t\t\t\t<div class=\"elementor-post__text\">\n\t\t\t\t<h2 class=\"elementor-post__title\">\n\t\t\t<a href=\"https:\/\/dosumaya.com.tr\/tr\/food-beverage-west-africa-2023\/\" >\n\t\t\t\tFood &amp; Beverage West Africa 2023\t\t\t<\/a>\n\t\t<\/h2>\n\t\t\t\t<div class=\"elementor-post__excerpt\">\n\t\t\t<p>Global Yiyecek-\u0130\u00e7ecek Sek\u00f6t\u00fcr\u00fcn\u00fcn bulu\u015fma noktas\u0131 Food and Beverage West Africa 2023\u2019de 1C13 no\u2019lu stand\u0131m\u0131zda siz de\u011ferli ziyaret\u00e7ilerimizi a\u011f\u0131rlamaktan mutluluk duyaca\u011f\u0131z.<\/p>\t\t<\/div>\n\t\t\t\t\t<div class=\"elementor-post__read-more-wrapper\">\n\t\t\n\t\t<a class=\"elementor-post__read-more\" href=\"https:\/\/dosumaya.com.tr\/tr\/food-beverage-west-africa-2023\/\" aria-label=\"Read more about Food &amp; Beverage West Africa 2023\" tabindex=\"-1\" >\n\t\t\tDevam\u0131n\u0131 oku \u2192\t\t<\/a>\n\n\t\t\t\t\t<\/div>\n\t\t\t\t<\/div>\n\t\t\t\t<div class=\"elementor-post__meta-data\">\n\t\t\t\t\t<span class=\"elementor-post-date\">\n\t\t\t6 Haziran 2023\t\t<\/span>\n\t\t\t\t<\/div>\n\t\t\t\t\t<\/div>\n\t\t<\/article>\n\t\t\t\t<article class=\"elementor-post elementor-grid-item post-2631 post type-post status-publish format-standard has-post-thumbnail hentry category-nao-categorizado\" role=\"listitem\">\n\t\t\t<div class=\"elementor-post__card\">\n\t\t\t\t<a class=\"elementor-post__thumbnail__link\" href=\"https:\/\/dosumaya.com.tr\/tr\/djazagro-2023\/\" tabindex=\"-1\" ><div class=\"elementor-post__thumbnail\"><img decoding=\"async\" width=\"1200\" height=\"628\" src=\"https:\/\/dosumaya.com.tr\/wp-content\/uploads\/2022\/06\/djazagro.png\" class=\"attachment-full size-full wp-image-2614\" alt=\"\" srcset=\"https:\/\/dosumaya.com.tr\/wp-content\/uploads\/2022\/06\/djazagro.png 1200w, https:\/\/dosumaya.com.tr\/wp-content\/uploads\/2022\/06\/djazagro-300x157.png 300w, https:\/\/dosumaya.com.tr\/wp-content\/uploads\/2022\/06\/djazagro-1024x536.png 1024w, https:\/\/dosumaya.com.tr\/wp-content\/uploads\/2022\/06\/djazagro-768x402.png 768w\" sizes=\"(max-width: 1200px) 100vw, 1200px\" \/><\/div><\/a>\n\t\t\t\t<div class=\"elementor-post__text\">\n\t\t\t\t<h2 class=\"elementor-post__title\">\n\t\t\t<a href=\"https:\/\/dosumaya.com.tr\/tr\/djazagro-2023\/\" >\n\t\t\t\tDjazagro 2023\t\t\t<\/a>\n\t\t<\/h2>\n\t\t\t\t<div class=\"elementor-post__excerpt\">\n\t\t\t<p>Global Yiyecek-\u0130\u00e7ecek Sek\u00f6t\u00fcr\u00fcn\u00fcn bulu\u015fma noktas\u0131 Djazagro 2023\u2019de CT C 095 no\u2019lu stand\u0131m\u0131zda siz de\u011ferli ziyaret\u00e7ilerimizi a\u011f\u0131rlamaktan mutluluk duyaca\u011f\u0131z.<br \/> . . <\/p>\t\t<\/div>\n\t\t\t\t\t<div class=\"elementor-post__read-more-wrapper\">\n\t\t\n\t\t<a class=\"elementor-post__read-more\" href=\"https:\/\/dosumaya.com.tr\/tr\/djazagro-2023\/\" aria-label=\"Read more about Djazagro 2023\" tabindex=\"-1\" >\n\t\t\tDevam\u0131n\u0131 oku \u2192\t\t<\/a>\n\n\t\t\t\t\t<\/div>\n\t\t\t\t<\/div>\n\t\t\t\t<div class=\"elementor-post__meta-data\">\n\t\t\t\t\t<span class=\"elementor-post-date\">\n\t\t\t2 Haziran 2023\t\t<\/span>\n\t\t\t\t<\/div>\n\t\t\t\t\t<\/div>\n\t\t<\/article>\n\t\t\t\t<article class=\"elementor-post elementor-grid-item post-2435 post type-post status-publish format-standard has-post-thumbnail hentry category-nao-categorizado\" role=\"listitem\">\n\t\t\t<div class=\"elementor-post__card\">\n\t\t\t\t<a class=\"elementor-post__thumbnail__link\" href=\"https:\/\/dosumaya.com.tr\/tr\/gulfood-2023\/\" tabindex=\"-1\" ><div class=\"elementor-post__thumbnail\"><img loading=\"lazy\" decoding=\"async\" width=\"1200\" height=\"1200\" src=\"https:\/\/dosumaya.com.tr\/wp-content\/uploads\/2023\/02\/event-page-image.png\" class=\"attachment-full size-full wp-image-2442\" alt=\"\" srcset=\"https:\/\/dosumaya.com.tr\/wp-content\/uploads\/2023\/02\/event-page-image.png 1200w, https:\/\/dosumaya.com.tr\/wp-content\/uploads\/2023\/02\/event-page-image-300x300.png 300w, https:\/\/dosumaya.com.tr\/wp-content\/uploads\/2023\/02\/event-page-image-1024x1024.png 1024w, https:\/\/dosumaya.com.tr\/wp-content\/uploads\/2023\/02\/event-page-image-150x150.png 150w, https:\/\/dosumaya.com.tr\/wp-content\/uploads\/2023\/02\/event-page-image-768x768.png 768w\" sizes=\"(max-width: 1200px) 100vw, 1200px\" \/><\/div><\/a>\n\t\t\t\t<div class=\"elementor-post__text\">\n\t\t\t\t<h2 class=\"elementor-post__title\">\n\t\t\t<a href=\"https:\/\/dosumaya.com.tr\/tr\/gulfood-2023\/\" >\n\t\t\t\tGulfood 2023\t\t\t<\/a>\n\t\t<\/h2>\n\t\t\t\t<div class=\"elementor-post__excerpt\">\n\t\t\t<p>Global Yiyecek-\u0130\u00e7ecek Sek\u00f6t\u00fcr\u00fcn\u00fcn bulu\u015fma noktas\u0131 Gulfood 2023\u2019de Za&#8217;abeel Hall 5 Salonu\u2019nda yer alan, Z5-140 no\u2019lu stand\u0131m\u0131zda siz de\u011ferli ziyaret\u00e7ilerimizi a\u011f\u0131rlamaktan mutluluk duyaca\u011f\u0131z. <\/p>\t\t<\/div>\n\t\t\t\t\t<div class=\"elementor-post__read-more-wrapper\">\n\t\t\n\t\t<a class=\"elementor-post__read-more\" href=\"https:\/\/dosumaya.com.tr\/tr\/gulfood-2023\/\" aria-label=\"Read more about Gulfood 2023\" tabindex=\"-1\" >\n\t\t\tDevam\u0131n\u0131 oku \u2192\t\t<\/a>\n\n\t\t\t\t\t<\/div>\n\t\t\t\t<\/div>\n\t\t\t\t<div class=\"elementor-post__meta-data\">\n\t\t\t\t\t<span class=\"elementor-post-date\">\n\t\t\t7 \u015eubat 2023\t\t<\/span>\n\t\t\t\t<\/div>\n\t\t\t\t\t<\/div>\n\t\t<\/article>\n\t\t\t\t<article class=\"elementor-post elementor-grid-item post-2199 post type-post status-publish format-standard has-post-thumbnail hentry category-nao-categorizado\" role=\"listitem\">\n\t\t\t<div class=\"elementor-post__card\">\n\t\t\t\t<a class=\"elementor-post__thumbnail__link\" href=\"https:\/\/dosumaya.com.tr\/tr\/djazagro-2022\/\" tabindex=\"-1\" ><div class=\"elementor-post__thumbnail\"><img loading=\"lazy\" decoding=\"async\" width=\"828\" height=\"621\" src=\"https:\/\/dosumaya.com.tr\/wp-content\/uploads\/2022\/09\/302065769_1068377684042146_6244896679084705572_n.jpg\" class=\"attachment-full size-full wp-image-2110\" alt=\"\" srcset=\"https:\/\/dosumaya.com.tr\/wp-content\/uploads\/2022\/09\/302065769_1068377684042146_6244896679084705572_n.jpg 828w, https:\/\/dosumaya.com.tr\/wp-content\/uploads\/2022\/09\/302065769_1068377684042146_6244896679084705572_n-300x225.jpg 300w, https:\/\/dosumaya.com.tr\/wp-content\/uploads\/2022\/09\/302065769_1068377684042146_6244896679084705572_n-768x576.jpg 768w\" sizes=\"(max-width: 828px) 100vw, 828px\" \/><\/div><\/a>\n\t\t\t\t<div class=\"elementor-post__text\">\n\t\t\t\t<h2 class=\"elementor-post__title\">\n\t\t\t<a href=\"https:\/\/dosumaya.com.tr\/tr\/djazagro-2022\/\" >\n\t\t\t\tDjazagro 2022\t\t\t<\/a>\n\t\t<\/h2>\n\t\t\t\t<div class=\"elementor-post__excerpt\">\n\t\t\t<p>\u0130stanbul DOSU Maya ekibimiz 30 May\u0131s &#8211; 2 Haziran tarihleri aras\u0131nda ger\u00e7ekle\u015fen Djazagro fuar\u0131ndaki stand\u0131nda sizlerleydi.<\/p>\t\t<\/div>\n\t\t\t\t\t<div class=\"elementor-post__read-more-wrapper\">\n\t\t\n\t\t<a class=\"elementor-post__read-more\" href=\"https:\/\/dosumaya.com.tr\/tr\/djazagro-2022\/\" aria-label=\"Read more about Djazagro 2022\" tabindex=\"-1\" >\n\t\t\tDevam\u0131n\u0131 oku \u2192\t\t<\/a>\n\n\t\t\t\t\t<\/div>\n\t\t\t\t<\/div>\n\t\t\t\t<div class=\"elementor-post__meta-data\">\n\t\t\t\t\t<span class=\"elementor-post-date\">\n\t\t\t6 Haziran 2022\t\t<\/span>\n\t\t\t\t<\/div>\n\t\t\t\t\t<\/div>\n\t\t<\/article>\n\t\t\t\t<\/div>\n\t\t\t\t\t<span class=\"e-load-more-spinner\">\n\t\t\t\t<i aria-hidden=\"true\" class=\"fas fa-spinner\"><\/i>\t\t\t<\/span>\n\t\t\n\t\t\t\t\t\t<\/div>\n\t\t\t\t<\/div>\n\t\t\t\t\t<\/div>\n\t\t<\/div>\n\t\t\t\t\t<\/div>\n\t\t<\/section>\n\t\t\t\t<\/div>\n\t\t","protected":false},"excerpt":{"rendered":"<p>YEN\u0130L\u0130KLER DOSUMAYA : BA\u015eARIYA G\u0130DEN ORTAKLIK En son haberlerimizi ve etkinliklerimizi buradan ke\u015ffedin. Sizinle payla\u015fmaktan mutluluk duyaca\u011f\u0131z!<\/p>\n","protected":false},"author":1,"featured_media":2091,"parent":0,"menu_order":0,"comment_status":"closed","ping_status":"closed","template":"","meta":{"footnotes":""},"class_list":["post-2146","page","type-page","status-publish","has-post-thumbnail","hentry"],"yoast_head":"<!-- This site is optimized with the Yoast SEO plugin v27.4 - https:\/\/yoast.com\/product\/yoast-seo-wordpress\/ -->\n<title>YEN\u0130L\u0130KLER - DOSUMAYA Istanbul<\/title>\n<meta name=\"description\" content=\"DOSUMAYA&#039;dan en son haberleri ve etkinlikleri ke\u015ffedin. Sizinle payla\u015fmaktan mutluluk duyaca\u011f\u0131z!\" \/>\n<meta name=\"robots\" content=\"index, follow, max-snippet:-1, max-image-preview:large, max-video-preview:-1\" \/>\n<link rel=\"canonical\" href=\"https:\/\/dosumaya.com.tr\/tr\/haberler\/\" \/>\n<meta property=\"og:locale\" content=\"tr_TR\" \/>\n<meta property=\"og:type\" content=\"article\" \/>\n<meta property=\"og:title\" content=\"YEN\u0130L\u0130KLER - DOSUMAYA Istanbul\" \/>\n<meta property=\"og:description\" content=\"DOSUMAYA&#039;dan en son haberleri ve etkinlikleri ke\u015ffedin. Sizinle payla\u015fmaktan mutluluk duyaca\u011f\u0131z!\" \/>\n<meta property=\"og:url\" content=\"https:\/\/dosumaya.com.tr\/tr\/haberler\/\" \/>\n<meta property=\"og:site_name\" content=\"DOSUMAYA Istanbul\" \/>\n<meta property=\"article:modified_time\" content=\"2022-12-05T16:44:44+00:00\" \/>\n<meta property=\"og:image\" content=\"https:\/\/dosumaya.com.tr\/wp-content\/uploads\/2022\/09\/slider-ok-1.jpg\" \/>\n\t<meta property=\"og:image:width\" content=\"1920\" \/>\n\t<meta property=\"og:image:height\" content=\"500\" \/>\n\t<meta property=\"og:image:type\" content=\"image\/jpeg\" \/>\n<meta name=\"twitter:card\" content=\"summary_large_image\" \/>\n<meta name=\"twitter:label1\" content=\"Tahmini okuma s\u00fcresi\" \/>\n\t<meta name=\"twitter:data1\" content=\"1 dakika\" \/>\n<script type=\"application\/ld+json\" class=\"yoast-schema-graph\">{\"@context\":\"https:\\\/\\\/schema.org\",\"@graph\":[{\"@type\":\"WebPage\",\"@id\":\"https:\\\/\\\/dosumaya.com.tr\\\/tr\\\/haberler\\\/\",\"url\":\"https:\\\/\\\/dosumaya.com.tr\\\/tr\\\/haberler\\\/\",\"name\":\"YEN\u0130L\u0130KLER - DOSUMAYA Istanbul\",\"isPartOf\":{\"@id\":\"https:\\\/\\\/dosumaya.com.tr\\\/tr\\\/#website\"},\"primaryImageOfPage\":{\"@id\":\"https:\\\/\\\/dosumaya.com.tr\\\/tr\\\/haberler\\\/#primaryimage\"},\"image\":{\"@id\":\"https:\\\/\\\/dosumaya.com.tr\\\/tr\\\/haberler\\\/#primaryimage\"},\"thumbnailUrl\":\"https:\\\/\\\/dosumaya.com.tr\\\/wp-content\\\/uploads\\\/2022\\\/09\\\/slider-ok-1.jpg\",\"datePublished\":\"2022-06-06T21:46:17+00:00\",\"dateModified\":\"2022-12-05T16:44:44+00:00\",\"description\":\"DOSUMAYA'dan en son haberleri ve etkinlikleri ke\u015ffedin. Sizinle payla\u015fmaktan mutluluk duyaca\u011f\u0131z!\",\"breadcrumb\":{\"@id\":\"https:\\\/\\\/dosumaya.com.tr\\\/tr\\\/haberler\\\/#breadcrumb\"},\"inLanguage\":\"tr\",\"potentialAction\":[{\"@type\":\"ReadAction\",\"target\":[\"https:\\\/\\\/dosumaya.com.tr\\\/tr\\\/haberler\\\/\"]}]},{\"@type\":\"ImageObject\",\"inLanguage\":\"tr\",\"@id\":\"https:\\\/\\\/dosumaya.com.tr\\\/tr\\\/haberler\\\/#primaryimage\",\"url\":\"https:\\\/\\\/dosumaya.com.tr\\\/wp-content\\\/uploads\\\/2022\\\/09\\\/slider-ok-1.jpg\",\"contentUrl\":\"https:\\\/\\\/dosumaya.com.tr\\\/wp-content\\\/uploads\\\/2022\\\/09\\\/slider-ok-1.jpg\",\"width\":1920,\"height\":500},{\"@type\":\"BreadcrumbList\",\"@id\":\"https:\\\/\\\/dosumaya.com.tr\\\/tr\\\/haberler\\\/#breadcrumb\",\"itemListElement\":[{\"@type\":\"ListItem\",\"position\":1,\"name\":\"Home\",\"item\":\"https:\\\/\\\/dosumaya.com.tr\\\/tr\\\/istanbul-dosumaya\\\/\"},{\"@type\":\"ListItem\",\"position\":2,\"name\":\"YEN\u0130L\u0130KLER\"}]},{\"@type\":\"WebSite\",\"@id\":\"https:\\\/\\\/dosumaya.com.tr\\\/tr\\\/#website\",\"url\":\"https:\\\/\\\/dosumaya.com.tr\\\/tr\\\/\",\"name\":\"DOSUMAYA Istanbul\",\"description\":\"Istanbul DOSUMaya is a globally operating baking yeast producer\",\"publisher\":{\"@id\":\"https:\\\/\\\/dosumaya.com.tr\\\/tr\\\/#organization\"},\"potentialAction\":[{\"@type\":\"SearchAction\",\"target\":{\"@type\":\"EntryPoint\",\"urlTemplate\":\"https:\\\/\\\/dosumaya.com.tr\\\/tr\\\/?s={search_term_string}\"},\"query-input\":{\"@type\":\"PropertyValueSpecification\",\"valueRequired\":true,\"valueName\":\"search_term_string\"}}],\"inLanguage\":\"tr\"},{\"@type\":\"Organization\",\"@id\":\"https:\\\/\\\/dosumaya.com.tr\\\/tr\\\/#organization\",\"name\":\"DOSUMAYA Istanbul\",\"url\":\"https:\\\/\\\/dosumaya.com.tr\\\/tr\\\/\",\"logo\":{\"@type\":\"ImageObject\",\"inLanguage\":\"tr\",\"@id\":\"https:\\\/\\\/dosumaya.com.tr\\\/tr\\\/#\\\/schema\\\/logo\\\/image\\\/\",\"url\":\"https:\\\/\\\/dosumaya.com.tr\\\/wp-content\\\/uploads\\\/2022\\\/06\\\/dosu-logo.jpg\",\"contentUrl\":\"https:\\\/\\\/dosumaya.com.tr\\\/wp-content\\\/uploads\\\/2022\\\/06\\\/dosu-logo.jpg\",\"width\":300,\"height\":300,\"caption\":\"DOSUMAYA Istanbul\"},\"image\":{\"@id\":\"https:\\\/\\\/dosumaya.com.tr\\\/tr\\\/#\\\/schema\\\/logo\\\/image\\\/\"}}]}<\/script>\n<!-- \/ Yoast SEO plugin. -->","yoast_head_json":{"title":"YEN\u0130L\u0130KLER - DOSUMAYA Istanbul","description":"DOSUMAYA'dan en son haberleri ve etkinlikleri ke\u015ffedin. Sizinle payla\u015fmaktan mutluluk duyaca\u011f\u0131z!","robots":{"index":"index","follow":"follow","max-snippet":"max-snippet:-1","max-image-preview":"max-image-preview:large","max-video-preview":"max-video-preview:-1"},"canonical":"https:\/\/dosumaya.com.tr\/tr\/haberler\/","og_locale":"tr_TR","og_type":"article","og_title":"YEN\u0130L\u0130KLER - DOSUMAYA Istanbul","og_description":"DOSUMAYA'dan en son haberleri ve etkinlikleri ke\u015ffedin. Sizinle payla\u015fmaktan mutluluk duyaca\u011f\u0131z!","og_url":"https:\/\/dosumaya.com.tr\/tr\/haberler\/","og_site_name":"DOSUMAYA Istanbul","article_modified_time":"2022-12-05T16:44:44+00:00","og_image":[{"width":1920,"height":500,"url":"https:\/\/dosumaya.com.tr\/wp-content\/uploads\/2022\/09\/slider-ok-1.jpg","type":"image\/jpeg"}],"twitter_card":"summary_large_image","twitter_misc":{"Tahmini okuma s\u00fcresi":"1 dakika"},"schema":{"@context":"https:\/\/schema.org","@graph":[{"@type":"WebPage","@id":"https:\/\/dosumaya.com.tr\/tr\/haberler\/","url":"https:\/\/dosumaya.com.tr\/tr\/haberler\/","name":"YEN\u0130L\u0130KLER - DOSUMAYA Istanbul","isPartOf":{"@id":"https:\/\/dosumaya.com.tr\/tr\/#website"},"primaryImageOfPage":{"@id":"https:\/\/dosumaya.com.tr\/tr\/haberler\/#primaryimage"},"image":{"@id":"https:\/\/dosumaya.com.tr\/tr\/haberler\/#primaryimage"},"thumbnailUrl":"https:\/\/dosumaya.com.tr\/wp-content\/uploads\/2022\/09\/slider-ok-1.jpg","datePublished":"2022-06-06T21:46:17+00:00","dateModified":"2022-12-05T16:44:44+00:00","description":"DOSUMAYA'dan en son haberleri ve etkinlikleri ke\u015ffedin. Sizinle payla\u015fmaktan mutluluk duyaca\u011f\u0131z!","breadcrumb":{"@id":"https:\/\/dosumaya.com.tr\/tr\/haberler\/#breadcrumb"},"inLanguage":"tr","potentialAction":[{"@type":"ReadAction","target":["https:\/\/dosumaya.com.tr\/tr\/haberler\/"]}]},{"@type":"ImageObject","inLanguage":"tr","@id":"https:\/\/dosumaya.com.tr\/tr\/haberler\/#primaryimage","url":"https:\/\/dosumaya.com.tr\/wp-content\/uploads\/2022\/09\/slider-ok-1.jpg","contentUrl":"https:\/\/dosumaya.com.tr\/wp-content\/uploads\/2022\/09\/slider-ok-1.jpg","width":1920,"height":500},{"@type":"BreadcrumbList","@id":"https:\/\/dosumaya.com.tr\/tr\/haberler\/#breadcrumb","itemListElement":[{"@type":"ListItem","position":1,"name":"Home","item":"https:\/\/dosumaya.com.tr\/tr\/istanbul-dosumaya\/"},{"@type":"ListItem","position":2,"name":"YEN\u0130L\u0130KLER"}]},{"@type":"WebSite","@id":"https:\/\/dosumaya.com.tr\/tr\/#website","url":"https:\/\/dosumaya.com.tr\/tr\/","name":"DOSUMAYA Istanbul","description":"Istanbul DOSUMaya is a globally operating baking yeast producer","publisher":{"@id":"https:\/\/dosumaya.com.tr\/tr\/#organization"},"potentialAction":[{"@type":"SearchAction","target":{"@type":"EntryPoint","urlTemplate":"https:\/\/dosumaya.com.tr\/tr\/?s={search_term_string}"},"query-input":{"@type":"PropertyValueSpecification","valueRequired":true,"valueName":"search_term_string"}}],"inLanguage":"tr"},{"@type":"Organization","@id":"https:\/\/dosumaya.com.tr\/tr\/#organization","name":"DOSUMAYA Istanbul","url":"https:\/\/dosumaya.com.tr\/tr\/","logo":{"@type":"ImageObject","inLanguage":"tr","@id":"https:\/\/dosumaya.com.tr\/tr\/#\/schema\/logo\/image\/","url":"https:\/\/dosumaya.com.tr\/wp-content\/uploads\/2022\/06\/dosu-logo.jpg","contentUrl":"https:\/\/dosumaya.com.tr\/wp-content\/uploads\/2022\/06\/dosu-logo.jpg","width":300,"height":300,"caption":"DOSUMAYA Istanbul"},"image":{"@id":"https:\/\/dosumaya.com.tr\/tr\/#\/schema\/logo\/image\/"}}]}},"_links":{"self":[{"href":"https:\/\/dosumaya.com.tr\/tr\/wp-json\/wp\/v2\/pages\/2146","targetHints":{"allow":["GET"]}}],"collection":[{"href":"https:\/\/dosumaya.com.tr\/tr\/wp-json\/wp\/v2\/pages"}],"about":[{"href":"https:\/\/dosumaya.com.tr\/tr\/wp-json\/wp\/v2\/types\/page"}],"author":[{"embeddable":true,"href":"https:\/\/dosumaya.com.tr\/tr\/wp-json\/wp\/v2\/users\/1"}],"replies":[{"embeddable":true,"href":"https:\/\/dosumaya.com.tr\/tr\/wp-json\/wp\/v2\/comments?post=2146"}],"version-history":[{"count":7,"href":"https:\/\/dosumaya.com.tr\/tr\/wp-json\/wp\/v2\/pages\/2146\/revisions"}],"predecessor-version":[{"id":2375,"href":"https:\/\/dosumaya.com.tr\/tr\/wp-json\/wp\/v2\/pages\/2146\/revisions\/2375"}],"wp:featuredmedia":[{"embeddable":true,"href":"https:\/\/dosumaya.com.tr\/tr\/wp-json\/wp\/v2\/media\/2091"}],"wp:attachment":[{"href":"https:\/\/dosumaya.com.tr\/tr\/wp-json\/wp\/v2\/media?parent=2146"}],"curies":[{"name":"wp","href":"https:\/\/api.w.org\/{rel}","templated":true}]}}