{"id":2158,"date":"2022-06-06T20:49:43","date_gmt":"2022-06-06T20:49:43","guid":{"rendered":"https:\/\/dosumaya.com.tr\/bize-guvenin\/"},"modified":"2022-12-06T16:22:13","modified_gmt":"2022-12-06T16:22:13","slug":"bize-guvenin","status":"publish","type":"page","link":"https:\/\/dosumaya.com.tr\/tr\/bize-guvenin\/","title":{"rendered":"B\u0130ZE G\u00dcVEN\u0130N"},"content":{"rendered":"\t\t<div data-elementor-type=\"wp-page\" data-elementor-id=\"2158\" class=\"elementor elementor-2158 elementor-159\" data-elementor-post-type=\"page\">\n\t\t\t\t\t\t<section class=\"elementor-section elementor-top-section elementor-element elementor-element-5a0f1c61 elementor-section-full_width elementor-section-height-default elementor-section-height-default\" data-id=\"5a0f1c61\" data-element_type=\"section\" data-e-type=\"section\">\n\t\t\t\t\t\t<div class=\"elementor-container elementor-column-gap-no\">\n\t\t\t\t\t<div class=\"elementor-column elementor-col-100 elementor-top-column elementor-element elementor-element-32a80b4d\" data-id=\"32a80b4d\" data-element_type=\"column\" data-e-type=\"column\">\n\t\t\t<div class=\"elementor-widget-wrap elementor-element-populated\">\n\t\t\t\t\t\t<div class=\"elementor-element elementor-element-f04ea47 elementor-invisible elementor-widget elementor-widget-heading\" data-id=\"f04ea47\" data-element_type=\"widget\" data-e-type=\"widget\" data-settings=\"{&quot;_animation&quot;:&quot;fadeInUp&quot;}\" data-widget_type=\"heading.default\">\n\t\t\t\t<div class=\"elementor-widget-container\">\n\t\t\t\t\t<h1 class=\"elementor-heading-title elementor-size-default\">B\u0130ZE G\u00dcVEN\u0130N<\/h1>\t\t\t\t<\/div>\n\t\t\t\t<\/div>\n\t\t\t\t<div class=\"elementor-element elementor-element-773ac2fe elementor-widget__width-auto elementor-widget elementor-widget-heading\" data-id=\"773ac2fe\" data-element_type=\"widget\" data-e-type=\"widget\" data-widget_type=\"heading.default\">\n\t\t\t\t<div class=\"elementor-widget-container\">\n\t\t\t\t\t<h6 class=\"elementor-heading-title elementor-size-default\">DOSUMAYA : BA\u015eARIYA G\u0130DEN ORTAKLIK<\/h6>\t\t\t\t<\/div>\n\t\t\t\t<\/div>\n\t\t\t\t\t<\/div>\n\t\t<\/div>\n\t\t\t\t\t<\/div>\n\t\t<\/section>\n\t\t\t\t<section class=\"elementor-section elementor-top-section elementor-element elementor-element-7e16cbbf elementor-section-content-middle elementor-section-boxed elementor-section-height-default elementor-section-height-default\" data-id=\"7e16cbbf\" data-element_type=\"section\" data-e-type=\"section\" data-settings=\"{&quot;background_background&quot;:&quot;classic&quot;}\">\n\t\t\t\t\t\t<div class=\"elementor-container elementor-column-gap-no\">\n\t\t\t\t\t<div class=\"elementor-column elementor-col-100 elementor-top-column elementor-element elementor-element-5948788e\" data-id=\"5948788e\" data-element_type=\"column\" data-e-type=\"column\" data-settings=\"{&quot;background_background&quot;:&quot;gradient&quot;}\">\n\t\t\t<div class=\"elementor-widget-wrap elementor-element-populated\">\n\t\t\t\t\t\t<div class=\"elementor-element elementor-element-d3efff8 elementor-widget elementor-widget-text-editor\" data-id=\"d3efff8\" data-element_type=\"widget\" data-e-type=\"widget\" data-widget_type=\"text-editor.default\">\n\t\t\t\t<div class=\"elementor-widget-container\">\n\t\t\t\t\t\t\t\t\t<p>D\u00fcnya \u00e7ap\u0131nda \u00f6nde gelen markalar\u0131m\u0131zla bir\u00e7ok farkl\u0131 \u00fcr\u00fcn yelpazemiz mevcuttur: <a href=\"https:\/\/dosumaya.com.tr\/tr\/urun-yelpazemiz\/panther\/\"><span style=\"text-decoration: underline;\">Panther<sup>\u00ae<\/sup><\/span><\/a>, <a href=\"https:\/\/dosumaya.com.tr\/tr\/urun-yelpazemiz\/hasmaya\/\"><span style=\"text-decoration: underline;\">Hasmaya<sup>\u00ae<\/sup><\/span><\/a>, <a href=\"https:\/\/dosumaya.com.tr\/tr\/urun-yelpazemiz\/pasha\/\"><span style=\"text-decoration: underline;\">Pasha<sup>\u00ae<\/sup><\/span><\/a> ve <a href=\"https:\/\/dosumaya.com.tr\/tr\/urun-yelpazemiz\/topmix\/\"><span style=\"text-decoration: underline;\">Topmix<sup>\u00ae<\/sup><\/span><\/a>&#8230;<\/p><p><b>Partnerlerimiz ve distrib\u00fct\u00f6rlerimizin geri bildirimlerine g\u00f6z at\u0131n.<\/b><\/p>\t\t\t\t\t\t\t\t<\/div>\n\t\t\t\t<\/div>\n\t\t\t\t\t<\/div>\n\t\t<\/div>\n\t\t\t\t\t<\/div>\n\t\t<\/section>\n\t\t\t\t<section class=\"elementor-section elementor-top-section elementor-element elementor-element-dfa49e5 elementor-section-full_width elementor-section-height-min-height elementor-section-items-stretch elementor-section-content-middle elementor-section-height-default\" data-id=\"dfa49e5\" data-element_type=\"section\" data-e-type=\"section\" data-settings=\"{&quot;background_background&quot;:&quot;classic&quot;}\">\n\t\t\t\t\t\t<div class=\"elementor-container elementor-column-gap-no\">\n\t\t\t\t\t<div class=\"elementor-column elementor-col-100 elementor-top-column elementor-element elementor-element-0ec7df4\" data-id=\"0ec7df4\" data-element_type=\"column\" data-e-type=\"column\" data-settings=\"{&quot;background_background&quot;:&quot;classic&quot;}\">\n\t\t\t<div class=\"elementor-widget-wrap elementor-element-populated\">\n\t\t\t\t\t\t<div class=\"elementor-element elementor-element-ee69fad elementor-testimonial--skin-bubble elementor-testimonial--layout-image_left elementor-testimonial--align-center elementor-pagination-type-bullets elementor-widget elementor-widget-testimonial-carousel\" data-id=\"ee69fad\" data-element_type=\"widget\" data-e-type=\"widget\" data-settings=\"{&quot;slides_per_view_tablet&quot;:&quot;1&quot;,&quot;slides_per_view_mobile&quot;:&quot;1&quot;,&quot;pagination&quot;:&quot;bullets&quot;,&quot;speed&quot;:500,&quot;autoplay&quot;:&quot;yes&quot;,&quot;autoplay_speed&quot;:5000,&quot;loop&quot;:&quot;yes&quot;,&quot;pause_on_hover&quot;:&quot;yes&quot;,&quot;pause_on_interaction&quot;:&quot;yes&quot;,&quot;space_between&quot;:{&quot;unit&quot;:&quot;px&quot;,&quot;size&quot;:10,&quot;sizes&quot;:[]},&quot;space_between_tablet&quot;:{&quot;unit&quot;:&quot;px&quot;,&quot;size&quot;:10,&quot;sizes&quot;:[]},&quot;space_between_mobile&quot;:{&quot;unit&quot;:&quot;px&quot;,&quot;size&quot;:10,&quot;sizes&quot;:[]}}\" data-widget_type=\"testimonial-carousel.default\">\n\t\t\t\t<div class=\"elementor-widget-container\">\n\t\t\t\t\t\t\t\t\t<div class=\"elementor-swiper\">\n\t\t\t\t\t<div class=\"elementor-main-swiper swiper\" role=\"region\" aria-roledescription=\"carousel\" aria-label=\"Slides\">\n\t\t\t\t<div class=\"swiper-wrapper\">\n\t\t\t\t\t\t\t\t\t\t\t<div class=\"swiper-slide\" role=\"group\" aria-roledescription=\"slide\">\n\t\t\t\t\t\t\t\t\t<div class=\"elementor-testimonial\">\n\t\t\t\t\t\t\t<div class=\"elementor-testimonial__content\">\n\t\t\t\t\t<div class=\"elementor-testimonial__text\">\n\t\t\t\t\t\t<p>Kaliteli \u00fcr\u00fcn tedarik\u00e7isi: DOSU Maya\u2019n\u0131n farkl\u0131 \u00fcretimler i\u00e7in sundu\u011fu geni\u015f \u00fcr\u00fcn yelpazesi ile duyarl\u0131 m\u00fc\u015fteri hizmetleri sayesinde zamandan tasarruf ediyorum. Kalite ve fiyat oran\u0131 da \u00e7ok iyi; kesinlikle tavsiye ediyorum.<\/p>\n\t\t\t\t\t<\/div>\n\t\t\t\t\t\t\t\t\t<\/div>\n\t\t\t\t\t\t<div class=\"elementor-testimonial__footer\">\n\t\t\t\t\t\t\t\t\t<div class=\"elementor-testimonial__image\">\n\t\t\t\t\t\t<img decoding=\"async\" src=\"https:\/\/dosumaya.com.tr\/wp-content\/uploads\/2022\/06\/business.jpg\" alt=\"bir distrib\u00fct\u00f6r\">\n\t\t\t\t\t\t\t\t\t\t\t<\/div>\n\t\t\t\t\t\t\t\t<cite class=\"elementor-testimonial__cite\"><span class=\"elementor-testimonial__name\">bir distrib\u00fct\u00f6r<\/span><span class=\"elementor-testimonial__title\">Tanzanya<\/span><\/cite>\t\t\t<\/div>\n\t\t<\/div>\n\t\t\t\t\t\t\t\t<\/div>\n\t\t\t\t\t\t\t\t\t\t\t<div class=\"swiper-slide\" role=\"group\" aria-roledescription=\"slide\">\n\t\t\t\t\t\t\t\t\t<div class=\"elementor-testimonial\">\n\t\t\t\t\t\t\t<div class=\"elementor-testimonial__content\">\n\t\t\t\t\t<div class=\"elementor-testimonial__text\">\n\t\t\t\t\t\t<p>\u0130stanbul DOSU Maya\u2019y\u0131 %100 tavsiye ediyorum! 10 y\u0131l\u0131 a\u015fk\u0131n s\u00fcredir t\u00fcm maya sipari\u015flerimi Istanbul DOSU Maya\u2019dan vermekteyim. D\u00fczenli \u00e7al\u0131\u015fma modelleri sayesinde stoklar\u0131mda y\u0131l boyunca kaliteli \u00fcr\u00fcnler mevcut.<\/p>\n\t\t\t\t\t<\/div>\n\t\t\t\t\t\t\t\t\t<\/div>\n\t\t\t\t\t\t<div class=\"elementor-testimonial__footer\">\n\t\t\t\t\t\t\t\t\t<div class=\"elementor-testimonial__image\">\n\t\t\t\t\t\t<img decoding=\"async\" src=\"https:\/\/dosumaya.com.tr\/wp-content\/uploads\/2022\/06\/baker.jpg\" alt=\"bir distrib\u00fct\u00f6r\">\n\t\t\t\t\t\t\t\t\t\t\t<\/div>\n\t\t\t\t\t\t\t\t<cite class=\"elementor-testimonial__cite\"><span class=\"elementor-testimonial__name\">bir distrib\u00fct\u00f6r<\/span><span class=\"elementor-testimonial__title\">Cezayir<\/span><\/cite>\t\t\t<\/div>\n\t\t<\/div>\n\t\t\t\t\t\t\t\t<\/div>\n\t\t\t\t\t\t\t\t\t\t\t<div class=\"swiper-slide\" role=\"group\" aria-roledescription=\"slide\">\n\t\t\t\t\t\t\t\t\t<div class=\"elementor-testimonial\">\n\t\t\t\t\t\t\t<div class=\"elementor-testimonial__content\">\n\t\t\t\t\t<div class=\"elementor-testimonial__text\">\n\t\t\t\t\t\t<p>Istanbul Dosu Maya \u00fcr\u00fcnleri hem kalitesi hem de uygun fiyatlar\u0131 ile t\u00fcm ihtiya\u00e7lar\u0131m\u0131 kar\u015f\u0131lamakta.<\/p>\n\t\t\t\t\t<\/div>\n\t\t\t\t\t\t\t\t\t<\/div>\n\t\t\t\t\t\t<div class=\"elementor-testimonial__footer\">\n\t\t\t\t\t\t\t\t\t<div class=\"elementor-testimonial__image\">\n\t\t\t\t\t\t<img decoding=\"async\" src=\"https:\/\/dosumaya.com.tr\/wp-content\/uploads\/2022\/06\/business-1.jpg\" alt=\"bir distrib\u00fct\u00f6r\">\n\t\t\t\t\t\t\t\t\t\t\t<\/div>\n\t\t\t\t\t\t\t\t<cite class=\"elementor-testimonial__cite\"><span class=\"elementor-testimonial__name\">bir distrib\u00fct\u00f6r<\/span><span class=\"elementor-testimonial__title\">Libya<\/span><\/cite>\t\t\t<\/div>\n\t\t<\/div>\n\t\t\t\t\t\t\t\t<\/div>\n\t\t\t\t\t\t\t\t\t\t\t<div class=\"swiper-slide\" role=\"group\" aria-roledescription=\"slide\">\n\t\t\t\t\t\t\t\t\t<div class=\"elementor-testimonial\">\n\t\t\t\t\t\t\t<div class=\"elementor-testimonial__content\">\n\t\t\t\t\t<div class=\"elementor-testimonial__text\">\n\t\t\t\t\t\t<p>Ciddi ve ilgili bir \u015firket: \u00dcr\u00fcnlerin net ve kesin tan\u0131mlar\u0131ndan, sipari\u015flerin a\u015famal\u0131 olarak takibi gibi t\u00fcm s\u00fcre\u00e7te \u015feffaf hizmetleriyle i\u015fimizin s\u00fcreklili\u011fini garanti eden bir i\u015f modeli ile \u00e7al\u0131\u015fmaktay\u0131z.<\/p>\n\t\t\t\t\t<\/div>\n\t\t\t\t\t\t\t\t\t<\/div>\n\t\t\t\t\t\t<div class=\"elementor-testimonial__footer\">\n\t\t\t\t\t\t\t\t\t<div class=\"elementor-testimonial__image\">\n\t\t\t\t\t\t<img decoding=\"async\" src=\"https:\/\/dosumaya.com.tr\/wp-content\/uploads\/2022\/09\/baker-1.jpg\" alt=\"bir distrib\u00fct\u00f6r\">\n\t\t\t\t\t\t\t\t\t\t\t<\/div>\n\t\t\t\t\t\t\t\t<cite class=\"elementor-testimonial__cite\"><span class=\"elementor-testimonial__name\">bir distrib\u00fct\u00f6r<\/span><span class=\"elementor-testimonial__title\">Fildi\u015fi Sahili<\/span><\/cite>\t\t\t<\/div>\n\t\t<\/div>\n\t\t\t\t\t\t\t\t<\/div>\n\t\t\t\t\t\t\t\t\t<\/div>\n\t\t\t\t\t\t\t\t\t\t\t\t\t\t\t\t\t\t\t\t<div class=\"swiper-pagination\"><\/div>\n\t\t\t\t\t\t\t\t\t\t\t\t<\/div>\n\t\t\t\t<\/div>\n\t\t\t\t\t\t\t\t<\/div>\n\t\t\t\t<\/div>\n\t\t\t\t\t<\/div>\n\t\t<\/div>\n\t\t\t\t\t<\/div>\n\t\t<\/section>\n\t\t\t\t<\/div>\n\t\t","protected":false},"excerpt":{"rendered":"<p>B\u0130ZE G\u00dcVEN\u0130N DOSUMAYA : BA\u015eARIYA G\u0130DEN ORTAKLIK D\u00fcnya \u00e7ap\u0131nda \u00f6nde gelen markalar\u0131m\u0131zla bir\u00e7ok farkl\u0131 \u00fcr\u00fcn yelpazemiz mevcuttur: Panther\u00ae, Hasmaya\u00ae, Pasha\u00ae ve Topmix\u00ae&#8230; Partnerlerimiz ve distrib\u00fct\u00f6rlerimizin geri bildirimlerine g\u00f6z at\u0131n. Kaliteli \u00fcr\u00fcn tedarik\u00e7isi: DOSU Maya\u2019n\u0131n farkl\u0131 \u00fcretimler i\u00e7in sundu\u011fu geni\u015f \u00fcr\u00fcn yelpazesi ile duyarl\u0131 m\u00fc\u015fteri hizmetleri sayesinde zamandan tasarruf ediyorum. Kalite ve fiyat oran\u0131 da \u00e7ok [&hellip;]<\/p>\n","protected":false},"author":1,"featured_media":2081,"parent":0,"menu_order":0,"comment_status":"closed","ping_status":"closed","template":"","meta":{"footnotes":""},"class_list":["post-2158","page","type-page","status-publish","has-post-thumbnail","hentry"],"yoast_head":"<!-- This site is optimized with the Yoast SEO plugin v27.5 - https:\/\/yoast.com\/product\/yoast-seo-wordpress\/ -->\n<title>B\u0130ZE G\u00dcVEN\u0130N - DOSUMAYA Istanbul<\/title>\n<meta name=\"description\" content=\"D\u00fcnya \u00e7ap\u0131nda \u00f6nde gelen markalar\u0131m\u0131zla bir\u00e7ok farkl\u0131 \u00fcr\u00fcn yelpazemiz mevcuttur: Panther\u00ae, Hasmaya\u00ae, Pasha\u00ae, ve Top-Mix\u00ae... Partnerlerimiz ve distrib\u00fct\u00f6rlerimizin geri bildirimlerine g\u00f6z at\u0131n.\" \/>\n<meta name=\"robots\" content=\"index, follow, max-snippet:-1, max-image-preview:large, max-video-preview:-1\" \/>\n<link rel=\"canonical\" href=\"https:\/\/dosumaya.com.tr\/tr\/bize-guvenin\/\" \/>\n<meta property=\"og:locale\" content=\"tr_TR\" \/>\n<meta property=\"og:type\" content=\"article\" \/>\n<meta property=\"og:title\" content=\"B\u0130ZE G\u00dcVEN\u0130N - DOSUMAYA Istanbul\" \/>\n<meta property=\"og:description\" content=\"D\u00fcnya \u00e7ap\u0131nda \u00f6nde gelen markalar\u0131m\u0131zla bir\u00e7ok farkl\u0131 \u00fcr\u00fcn yelpazemiz mevcuttur: Panther\u00ae, Hasmaya\u00ae, Pasha\u00ae, ve Top-Mix\u00ae... Partnerlerimiz ve distrib\u00fct\u00f6rlerimizin geri bildirimlerine g\u00f6z at\u0131n.\" \/>\n<meta property=\"og:url\" content=\"https:\/\/dosumaya.com.tr\/tr\/bize-guvenin\/\" \/>\n<meta property=\"og:site_name\" content=\"DOSUMAYA Istanbul\" \/>\n<meta property=\"article:modified_time\" content=\"2022-12-06T16:22:13+00:00\" \/>\n<meta property=\"og:image\" content=\"https:\/\/dosumaya.com.tr\/wp-content\/uploads\/2022\/09\/business-2.jpg\" \/>\n\t<meta property=\"og:image:width\" content=\"502\" \/>\n\t<meta property=\"og:image:height\" content=\"664\" \/>\n\t<meta property=\"og:image:type\" content=\"image\/jpeg\" \/>\n<meta name=\"twitter:card\" content=\"summary_large_image\" \/>\n<meta name=\"twitter:label1\" content=\"Tahmini okuma s\u00fcresi\" \/>\n\t<meta name=\"twitter:data1\" content=\"3 dakika\" \/>\n<script type=\"application\/ld+json\" class=\"yoast-schema-graph\">{\"@context\":\"https:\\\/\\\/schema.org\",\"@graph\":[{\"@type\":\"WebPage\",\"@id\":\"https:\\\/\\\/dosumaya.com.tr\\\/tr\\\/bize-guvenin\\\/\",\"url\":\"https:\\\/\\\/dosumaya.com.tr\\\/tr\\\/bize-guvenin\\\/\",\"name\":\"B\u0130ZE G\u00dcVEN\u0130N - DOSUMAYA Istanbul\",\"isPartOf\":{\"@id\":\"https:\\\/\\\/dosumaya.com.tr\\\/tr\\\/#website\"},\"primaryImageOfPage\":{\"@id\":\"https:\\\/\\\/dosumaya.com.tr\\\/tr\\\/bize-guvenin\\\/#primaryimage\"},\"image\":{\"@id\":\"https:\\\/\\\/dosumaya.com.tr\\\/tr\\\/bize-guvenin\\\/#primaryimage\"},\"thumbnailUrl\":\"https:\\\/\\\/dosumaya.com.tr\\\/wp-content\\\/uploads\\\/2022\\\/09\\\/business-2.jpg\",\"datePublished\":\"2022-06-06T20:49:43+00:00\",\"dateModified\":\"2022-12-06T16:22:13+00:00\",\"description\":\"D\u00fcnya \u00e7ap\u0131nda \u00f6nde gelen markalar\u0131m\u0131zla bir\u00e7ok farkl\u0131 \u00fcr\u00fcn yelpazemiz mevcuttur: Panther\u00ae, Hasmaya\u00ae, Pasha\u00ae, ve Top-Mix\u00ae... Partnerlerimiz ve distrib\u00fct\u00f6rlerimizin geri bildirimlerine g\u00f6z at\u0131n.\",\"breadcrumb\":{\"@id\":\"https:\\\/\\\/dosumaya.com.tr\\\/tr\\\/bize-guvenin\\\/#breadcrumb\"},\"inLanguage\":\"tr\",\"potentialAction\":[{\"@type\":\"ReadAction\",\"target\":[\"https:\\\/\\\/dosumaya.com.tr\\\/tr\\\/bize-guvenin\\\/\"]}]},{\"@type\":\"ImageObject\",\"inLanguage\":\"tr\",\"@id\":\"https:\\\/\\\/dosumaya.com.tr\\\/tr\\\/bize-guvenin\\\/#primaryimage\",\"url\":\"https:\\\/\\\/dosumaya.com.tr\\\/wp-content\\\/uploads\\\/2022\\\/09\\\/business-2.jpg\",\"contentUrl\":\"https:\\\/\\\/dosumaya.com.tr\\\/wp-content\\\/uploads\\\/2022\\\/09\\\/business-2.jpg\",\"width\":502,\"height\":664},{\"@type\":\"BreadcrumbList\",\"@id\":\"https:\\\/\\\/dosumaya.com.tr\\\/tr\\\/bize-guvenin\\\/#breadcrumb\",\"itemListElement\":[{\"@type\":\"ListItem\",\"position\":1,\"name\":\"Home\",\"item\":\"https:\\\/\\\/dosumaya.com.tr\\\/tr\\\/istanbul-dosumaya\\\/\"},{\"@type\":\"ListItem\",\"position\":2,\"name\":\"B\u0130ZE G\u00dcVEN\u0130N\"}]},{\"@type\":\"WebSite\",\"@id\":\"https:\\\/\\\/dosumaya.com.tr\\\/tr\\\/#website\",\"url\":\"https:\\\/\\\/dosumaya.com.tr\\\/tr\\\/\",\"name\":\"DOSUMAYA Istanbul\",\"description\":\"Istanbul DOSUMaya is a globally operating baking yeast producer\",\"publisher\":{\"@id\":\"https:\\\/\\\/dosumaya.com.tr\\\/tr\\\/#organization\"},\"potentialAction\":[{\"@type\":\"SearchAction\",\"target\":{\"@type\":\"EntryPoint\",\"urlTemplate\":\"https:\\\/\\\/dosumaya.com.tr\\\/tr\\\/?s={search_term_string}\"},\"query-input\":{\"@type\":\"PropertyValueSpecification\",\"valueRequired\":true,\"valueName\":\"search_term_string\"}}],\"inLanguage\":\"tr\"},{\"@type\":\"Organization\",\"@id\":\"https:\\\/\\\/dosumaya.com.tr\\\/tr\\\/#organization\",\"name\":\"DOSUMAYA Istanbul\",\"url\":\"https:\\\/\\\/dosumaya.com.tr\\\/tr\\\/\",\"logo\":{\"@type\":\"ImageObject\",\"inLanguage\":\"tr\",\"@id\":\"https:\\\/\\\/dosumaya.com.tr\\\/tr\\\/#\\\/schema\\\/logo\\\/image\\\/\",\"url\":\"https:\\\/\\\/dosumaya.com.tr\\\/wp-content\\\/uploads\\\/2022\\\/06\\\/dosu-logo.jpg\",\"contentUrl\":\"https:\\\/\\\/dosumaya.com.tr\\\/wp-content\\\/uploads\\\/2022\\\/06\\\/dosu-logo.jpg\",\"width\":300,\"height\":300,\"caption\":\"DOSUMAYA Istanbul\"},\"image\":{\"@id\":\"https:\\\/\\\/dosumaya.com.tr\\\/tr\\\/#\\\/schema\\\/logo\\\/image\\\/\"}}]}<\/script>\n<!-- \/ Yoast SEO plugin. -->","yoast_head_json":{"title":"B\u0130ZE G\u00dcVEN\u0130N - DOSUMAYA Istanbul","description":"D\u00fcnya \u00e7ap\u0131nda \u00f6nde gelen markalar\u0131m\u0131zla bir\u00e7ok farkl\u0131 \u00fcr\u00fcn yelpazemiz mevcuttur: Panther\u00ae, Hasmaya\u00ae, Pasha\u00ae, ve Top-Mix\u00ae... Partnerlerimiz ve distrib\u00fct\u00f6rlerimizin geri bildirimlerine g\u00f6z at\u0131n.","robots":{"index":"index","follow":"follow","max-snippet":"max-snippet:-1","max-image-preview":"max-image-preview:large","max-video-preview":"max-video-preview:-1"},"canonical":"https:\/\/dosumaya.com.tr\/tr\/bize-guvenin\/","og_locale":"tr_TR","og_type":"article","og_title":"B\u0130ZE G\u00dcVEN\u0130N - DOSUMAYA Istanbul","og_description":"D\u00fcnya \u00e7ap\u0131nda \u00f6nde gelen markalar\u0131m\u0131zla bir\u00e7ok farkl\u0131 \u00fcr\u00fcn yelpazemiz mevcuttur: Panther\u00ae, Hasmaya\u00ae, Pasha\u00ae, ve Top-Mix\u00ae... Partnerlerimiz ve distrib\u00fct\u00f6rlerimizin geri bildirimlerine g\u00f6z at\u0131n.","og_url":"https:\/\/dosumaya.com.tr\/tr\/bize-guvenin\/","og_site_name":"DOSUMAYA Istanbul","article_modified_time":"2022-12-06T16:22:13+00:00","og_image":[{"width":502,"height":664,"url":"https:\/\/dosumaya.com.tr\/wp-content\/uploads\/2022\/09\/business-2.jpg","type":"image\/jpeg"}],"twitter_card":"summary_large_image","twitter_misc":{"Tahmini okuma s\u00fcresi":"3 dakika"},"schema":{"@context":"https:\/\/schema.org","@graph":[{"@type":"WebPage","@id":"https:\/\/dosumaya.com.tr\/tr\/bize-guvenin\/","url":"https:\/\/dosumaya.com.tr\/tr\/bize-guvenin\/","name":"B\u0130ZE G\u00dcVEN\u0130N - DOSUMAYA Istanbul","isPartOf":{"@id":"https:\/\/dosumaya.com.tr\/tr\/#website"},"primaryImageOfPage":{"@id":"https:\/\/dosumaya.com.tr\/tr\/bize-guvenin\/#primaryimage"},"image":{"@id":"https:\/\/dosumaya.com.tr\/tr\/bize-guvenin\/#primaryimage"},"thumbnailUrl":"https:\/\/dosumaya.com.tr\/wp-content\/uploads\/2022\/09\/business-2.jpg","datePublished":"2022-06-06T20:49:43+00:00","dateModified":"2022-12-06T16:22:13+00:00","description":"D\u00fcnya \u00e7ap\u0131nda \u00f6nde gelen markalar\u0131m\u0131zla bir\u00e7ok farkl\u0131 \u00fcr\u00fcn yelpazemiz mevcuttur: Panther\u00ae, Hasmaya\u00ae, Pasha\u00ae, ve Top-Mix\u00ae... Partnerlerimiz ve distrib\u00fct\u00f6rlerimizin geri bildirimlerine g\u00f6z at\u0131n.","breadcrumb":{"@id":"https:\/\/dosumaya.com.tr\/tr\/bize-guvenin\/#breadcrumb"},"inLanguage":"tr","potentialAction":[{"@type":"ReadAction","target":["https:\/\/dosumaya.com.tr\/tr\/bize-guvenin\/"]}]},{"@type":"ImageObject","inLanguage":"tr","@id":"https:\/\/dosumaya.com.tr\/tr\/bize-guvenin\/#primaryimage","url":"https:\/\/dosumaya.com.tr\/wp-content\/uploads\/2022\/09\/business-2.jpg","contentUrl":"https:\/\/dosumaya.com.tr\/wp-content\/uploads\/2022\/09\/business-2.jpg","width":502,"height":664},{"@type":"BreadcrumbList","@id":"https:\/\/dosumaya.com.tr\/tr\/bize-guvenin\/#breadcrumb","itemListElement":[{"@type":"ListItem","position":1,"name":"Home","item":"https:\/\/dosumaya.com.tr\/tr\/istanbul-dosumaya\/"},{"@type":"ListItem","position":2,"name":"B\u0130ZE G\u00dcVEN\u0130N"}]},{"@type":"WebSite","@id":"https:\/\/dosumaya.com.tr\/tr\/#website","url":"https:\/\/dosumaya.com.tr\/tr\/","name":"DOSUMAYA Istanbul","description":"Istanbul DOSUMaya is a globally operating baking yeast producer","publisher":{"@id":"https:\/\/dosumaya.com.tr\/tr\/#organization"},"potentialAction":[{"@type":"SearchAction","target":{"@type":"EntryPoint","urlTemplate":"https:\/\/dosumaya.com.tr\/tr\/?s={search_term_string}"},"query-input":{"@type":"PropertyValueSpecification","valueRequired":true,"valueName":"search_term_string"}}],"inLanguage":"tr"},{"@type":"Organization","@id":"https:\/\/dosumaya.com.tr\/tr\/#organization","name":"DOSUMAYA Istanbul","url":"https:\/\/dosumaya.com.tr\/tr\/","logo":{"@type":"ImageObject","inLanguage":"tr","@id":"https:\/\/dosumaya.com.tr\/tr\/#\/schema\/logo\/image\/","url":"https:\/\/dosumaya.com.tr\/wp-content\/uploads\/2022\/06\/dosu-logo.jpg","contentUrl":"https:\/\/dosumaya.com.tr\/wp-content\/uploads\/2022\/06\/dosu-logo.jpg","width":300,"height":300,"caption":"DOSUMAYA Istanbul"},"image":{"@id":"https:\/\/dosumaya.com.tr\/tr\/#\/schema\/logo\/image\/"}}]}},"_links":{"self":[{"href":"https:\/\/dosumaya.com.tr\/tr\/wp-json\/wp\/v2\/pages\/2158","targetHints":{"allow":["GET"]}}],"collection":[{"href":"https:\/\/dosumaya.com.tr\/tr\/wp-json\/wp\/v2\/pages"}],"about":[{"href":"https:\/\/dosumaya.com.tr\/tr\/wp-json\/wp\/v2\/types\/page"}],"author":[{"embeddable":true,"href":"https:\/\/dosumaya.com.tr\/tr\/wp-json\/wp\/v2\/users\/1"}],"replies":[{"embeddable":true,"href":"https:\/\/dosumaya.com.tr\/tr\/wp-json\/wp\/v2\/comments?post=2158"}],"version-history":[{"count":9,"href":"https:\/\/dosumaya.com.tr\/tr\/wp-json\/wp\/v2\/pages\/2158\/revisions"}],"predecessor-version":[{"id":2408,"href":"https:\/\/dosumaya.com.tr\/tr\/wp-json\/wp\/v2\/pages\/2158\/revisions\/2408"}],"wp:featuredmedia":[{"embeddable":true,"href":"https:\/\/dosumaya.com.tr\/tr\/wp-json\/wp\/v2\/media\/2081"}],"wp:attachment":[{"href":"https:\/\/dosumaya.com.tr\/tr\/wp-json\/wp\/v2\/media?parent=2158"}],"curies":[{"name":"wp","href":"https:\/\/api.w.org\/{rel}","templated":true}]}}