{"id":2178,"date":"2022-06-15T16:54:37","date_gmt":"2022-06-15T16:54:37","guid":{"rendered":"https:\/\/dosumaya.com.tr\/urun-yelpazemiz\/panther\/"},"modified":"2022-12-05T16:57:05","modified_gmt":"2022-12-05T16:57:05","slug":"panther","status":"publish","type":"page","link":"https:\/\/dosumaya.com.tr\/tr\/urunlerimiz\/panther\/","title":{"rendered":"Panther"},"content":{"rendered":"\t\t<div data-elementor-type=\"wp-page\" data-elementor-id=\"2178\" class=\"elementor elementor-2178 elementor-456\" data-elementor-post-type=\"page\">\n\t\t\t\t\t\t<section class=\"elementor-section elementor-top-section elementor-element elementor-element-5a0f1c61 elementor-section-full_width elementor-section-height-default elementor-section-height-default\" data-id=\"5a0f1c61\" data-element_type=\"section\" data-e-type=\"section\">\n\t\t\t\t\t\t<div class=\"elementor-container elementor-column-gap-no\">\n\t\t\t\t\t<div class=\"elementor-column elementor-col-100 elementor-top-column elementor-element elementor-element-32a80b4d\" data-id=\"32a80b4d\" data-element_type=\"column\" data-e-type=\"column\">\n\t\t\t<div class=\"elementor-widget-wrap elementor-element-populated\">\n\t\t\t\t\t\t<div class=\"elementor-element elementor-element-f04ea47 elementor-invisible elementor-widget elementor-widget-heading\" data-id=\"f04ea47\" data-element_type=\"widget\" data-e-type=\"widget\" data-settings=\"{&quot;_animation&quot;:&quot;fadeInUp&quot;}\" data-widget_type=\"heading.default\">\n\t\t\t\t<div class=\"elementor-widget-container\">\n\t\t\t\t\t<h1 class=\"elementor-heading-title elementor-size-default\">Panther<sup>\u00ae<\/sup><\/h1>\t\t\t\t<\/div>\n\t\t\t\t<\/div>\n\t\t\t\t<div class=\"elementor-element elementor-element-773ac2fe elementor-widget__width-auto elementor-widget elementor-widget-heading\" data-id=\"773ac2fe\" data-element_type=\"widget\" data-e-type=\"widget\" data-widget_type=\"heading.default\">\n\t\t\t\t<div class=\"elementor-widget-container\">\n\t\t\t\t\t<h6 class=\"elementor-heading-title elementor-size-default\">yo\u011fun verimlili\u011fe<\/h6>\t\t\t\t<\/div>\n\t\t\t\t<\/div>\n\t\t\t\t\t<\/div>\n\t\t<\/div>\n\t\t\t\t\t<\/div>\n\t\t<\/section>\n\t\t\t\t<section class=\"elementor-section elementor-top-section elementor-element elementor-element-e63aa40 elementor-section-full_width elementor-section-height-default elementor-section-height-default\" data-id=\"e63aa40\" data-element_type=\"section\" data-e-type=\"section\">\n\t\t\t\t\t\t<div class=\"elementor-container elementor-column-gap-no\">\n\t\t\t\t\t<div class=\"elementor-column elementor-col-100 elementor-top-column elementor-element elementor-element-1da48fd\" data-id=\"1da48fd\" data-element_type=\"column\" data-e-type=\"column\">\n\t\t\t<div class=\"elementor-widget-wrap elementor-element-populated\">\n\t\t\t\t\t\t<section class=\"elementor-section elementor-inner-section elementor-element elementor-element-75d32cf elementor-section-full_width elementor-section-content-top elementor-section-height-default elementor-section-height-default\" data-id=\"75d32cf\" data-element_type=\"section\" data-e-type=\"section\">\n\t\t\t\t\t\t<div class=\"elementor-container elementor-column-gap-no\">\n\t\t\t\t\t<div class=\"elementor-column elementor-col-50 elementor-inner-column elementor-element elementor-element-4f61b98\" data-id=\"4f61b98\" data-element_type=\"column\" data-e-type=\"column\">\n\t\t\t<div class=\"elementor-widget-wrap elementor-element-populated\">\n\t\t\t\t\t\t<div class=\"elementor-element elementor-element-4d261e0 elementor-widget elementor-widget-image\" data-id=\"4d261e0\" data-element_type=\"widget\" data-e-type=\"widget\" data-widget_type=\"image.default\">\n\t\t\t\t<div class=\"elementor-widget-container\">\n\t\t\t\t\t\t\t\t\t\t\t\t\t\t\t<img fetchpriority=\"high\" decoding=\"async\" width=\"1364\" height=\"1920\" src=\"https:\/\/dosumaya.com.tr\/wp-content\/uploads\/2022\/06\/panther-1.jpg\" class=\"attachment-full size-full wp-image-2063\" alt=\"\" srcset=\"https:\/\/dosumaya.com.tr\/wp-content\/uploads\/2022\/06\/panther-1.jpg 1364w, https:\/\/dosumaya.com.tr\/wp-content\/uploads\/2022\/06\/panther-1-213x300.jpg 213w, https:\/\/dosumaya.com.tr\/wp-content\/uploads\/2022\/06\/panther-1-727x1024.jpg 727w, https:\/\/dosumaya.com.tr\/wp-content\/uploads\/2022\/06\/panther-1-768x1081.jpg 768w, https:\/\/dosumaya.com.tr\/wp-content\/uploads\/2022\/06\/panther-1-1091x1536.jpg 1091w\" sizes=\"(max-width: 1364px) 100vw, 1364px\" \/>\t\t\t\t\t\t\t\t\t\t\t\t\t\t\t<\/div>\n\t\t\t\t<\/div>\n\t\t\t\t\t<\/div>\n\t\t<\/div>\n\t\t\t\t<div class=\"elementor-column elementor-col-50 elementor-inner-column elementor-element elementor-element-5d6e788\" data-id=\"5d6e788\" data-element_type=\"column\" data-e-type=\"column\">\n\t\t\t<div class=\"elementor-widget-wrap elementor-element-populated\">\n\t\t\t\t\t\t<div class=\"elementor-element elementor-element-09a0ff0 elementor-align-end elementor-widget__width-auto elementor-fixed elementor-icon-list--layout-traditional elementor-list-item-link-full_width elementor-widget elementor-widget-icon-list\" data-id=\"09a0ff0\" data-element_type=\"widget\" data-e-type=\"widget\" data-settings=\"{&quot;_position&quot;:&quot;fixed&quot;}\" data-widget_type=\"icon-list.default\">\n\t\t\t\t<div class=\"elementor-widget-container\">\n\t\t\t\t\t\t\t<ul class=\"elementor-icon-list-items\">\n\t\t\t\t\t\t\t<li class=\"elementor-icon-list-item\">\n\t\t\t\t\t\t\t\t\t\t\t<a href=\"https:\/\/dosumaya.com.tr\/wp-content\/uploads\/2022\/09\/panther-brochure-a4-500-gr.pdf\" target=\"_blank\" rel=\"nofollow\">\n\n\t\t\t\t\t\t\t\t\t\t\t\t<span class=\"elementor-icon-list-icon\">\n\t\t\t\t\t\t\t<i aria-hidden=\"true\" class=\"fas fa-download\"><\/i>\t\t\t\t\t\t<\/span>\n\t\t\t\t\t\t\t\t\t\t<span class=\"elementor-icon-list-text\">\u0130ndirmek<br>\u00fcr\u00fcn sayfas\u0131<\/span>\n\t\t\t\t\t\t\t\t\t\t\t<\/a>\n\t\t\t\t\t\t\t\t\t<\/li>\n\t\t\t\t\t\t<\/ul>\n\t\t\t\t\t\t<\/div>\n\t\t\t\t<\/div>\n\t\t\t\t<div class=\"elementor-element elementor-element-68c60ef elementor-widget elementor-widget-text-editor\" data-id=\"68c60ef\" data-element_type=\"widget\" data-e-type=\"widget\" data-widget_type=\"text-editor.default\">\n\t\t\t\t<div class=\"elementor-widget-container\">\n\t\t\t\t\t\t\t\t\t<p><strong>Panther\u00ae\u00a02\u2019si 1 arada (Maya &amp; Ekmek Geli\u015ftirici)<\/strong><\/p><p>Panther\u00ae 2&#8217;si 1 arada ile yo\u011furma makinenizde <strong>enerji ve verimlilik konsantresi elde edersiniz.<\/strong><\/p><p>Zaman\u0131n ba\u015flang\u0131c\u0131ndan beri g\u00fcc\u00fcn sembol\u00fc olan panter, 2&#8217;si 1 arada markam\u0131z\u0131n amblemidir; \u00e7\u00fcnk\u00fc Panther 2&#8217;si 1 arada \u00fcr\u00fcn\u00fcm\u00fcz ile f\u0131r\u0131nc\u0131lara kaliteli ekmek \u00e7\u00f6z\u00fcmleri garanti ediyoruz.<\/p><p>\u0130\u00e7erisinde maya ve ekmek geli\u015ftirici \u00e7\u00f6z\u00fcmleri bulunan \u00fcr\u00fcn\u00fcm\u00fcz, mayan\u0131n y\u00fcksek kaliteli mayalanma \u00f6zelliklerini ve ekmek geli\u015ftiricinin hacim ve diren\u00e7 \u00f6zellikleri ile birle\u015fti\u011finden \u2018yo\u011fun verimlili\u011fe\u2019 sahiptir.<\/p><p><strong>Gold<\/strong><\/p><p>Panther<sup>\u00ae<\/sup> Gold \u00fcr\u00fcn \u00e7e\u015fidimiz; i\u00e7eri\u011findeki \u00f6zel su\u015f sayesinde \u015fekerli ortalamlara adapte olarak, \u015feker i\u00e7eri\u011fi 5%\u2019in \u00fczerinde olan ekmek \u00e7e\u015fitlerinin \u00fcretiminde \u00fcst\u00fcnl\u00fck sa\u011flar.<\/p>\t\t\t\t\t\t\t\t<\/div>\n\t\t\t\t<\/div>\n\t\t\t\t<div class=\"elementor-element elementor-element-1fbbab9 elementor-pagination-position-outside elementor-widget elementor-widget-image-carousel\" data-id=\"1fbbab9\" data-element_type=\"widget\" data-e-type=\"widget\" data-settings=\"{&quot;navigation&quot;:&quot;dots&quot;,&quot;slides_to_show&quot;:&quot;2&quot;,&quot;autoplay&quot;:&quot;yes&quot;,&quot;pause_on_hover&quot;:&quot;yes&quot;,&quot;pause_on_interaction&quot;:&quot;yes&quot;,&quot;autoplay_speed&quot;:5000,&quot;infinite&quot;:&quot;yes&quot;,&quot;speed&quot;:500}\" data-widget_type=\"image-carousel.default\">\n\t\t\t\t<div class=\"elementor-widget-container\">\n\t\t\t\t\t\t\t<div class=\"elementor-image-carousel-wrapper swiper\" role=\"region\" aria-roledescription=\"carousel\" aria-label=\"Resim D\u00f6ng\u00fcs\u00fc\" dir=\"ltr\">\n\t\t\t<div class=\"elementor-image-carousel swiper-wrapper\" aria-live=\"off\">\n\t\t\t\t\t\t\t\t<div class=\"swiper-slide\" role=\"group\" aria-roledescription=\"slide\" aria-label=\"1 \/ 2\"><a data-elementor-open-lightbox=\"yes\" data-elementor-lightbox-slideshow=\"1fbbab9\" data-elementor-lightbox-title=\"Panther-Gold-500g\" data-e-action-hash=\"#elementor-action%3Aaction%3Dlightbox%26settings%3DeyJpZCI6MjEyOCwidXJsIjoiaHR0cHM6XC9cL2Rvc3VtYXlhLmNvbS50clwvd3AtY29udGVudFwvdXBsb2Fkc1wvMjAyMlwvMTBcL3BhbnRoZXItZ29sZC01MDBnLmpwZyIsInNsaWRlc2hvdyI6IjFmYmJhYjkifQ%3D%3D\" href=\"https:\/\/dosumaya.com.tr\/wp-content\/uploads\/2022\/10\/panther-gold-500g.jpg\"><figure class=\"swiper-slide-inner\"><img decoding=\"async\" class=\"swiper-slide-image\" src=\"https:\/\/dosumaya.com.tr\/wp-content\/uploads\/2022\/10\/panther-gold-500g-234x300.jpg\" alt=\"Panther-Gold-500g\" \/><\/figure><\/a><\/div><div class=\"swiper-slide\" role=\"group\" aria-roledescription=\"slide\" aria-label=\"2 \/ 2\"><a data-elementor-open-lightbox=\"yes\" data-elementor-lightbox-slideshow=\"1fbbab9\" data-elementor-lightbox-title=\"Panther 2in1 Carton 3D Dummy\" data-e-action-hash=\"#elementor-action%3Aaction%3Dlightbox%26settings%3DeyJpZCI6MjA2NSwidXJsIjoiaHR0cHM6XC9cL2Rvc3VtYXlhLmNvbS50clwvd3AtY29udGVudFwvdXBsb2Fkc1wvMjAyMlwvMDZcL3BhbnRoZXItMmluMS1jYXJ0b24tM2QtZHVtbXktc2NhbGVkLmpwZyIsInNsaWRlc2hvdyI6IjFmYmJhYjkifQ%3D%3D\" href=\"https:\/\/dosumaya.com.tr\/wp-content\/uploads\/2022\/06\/panther-2in1-carton-3d-dummy-scaled.jpg\"><figure class=\"swiper-slide-inner\"><img decoding=\"async\" class=\"swiper-slide-image\" src=\"https:\/\/dosumaya.com.tr\/wp-content\/uploads\/2022\/06\/panther-2in1-carton-3d-dummy-300x212.jpg\" alt=\"Panther 2in1 Carton 3D Dummy\" \/><\/figure><\/a><\/div>\t\t\t<\/div>\n\t\t\t\t\t\t\t\n\t\t\t\t\t\t\t\t\t<div class=\"swiper-pagination\"><\/div>\n\t\t\t\t\t\t\t\t\t<\/div>\n\t\t\t\t\t\t<\/div>\n\t\t\t\t<\/div>\n\t\t\t\t\t<\/div>\n\t\t<\/div>\n\t\t\t\t\t<\/div>\n\t\t<\/section>\n\t\t\t\t\t<\/div>\n\t\t<\/div>\n\t\t\t\t\t<\/div>\n\t\t<\/section>\n\t\t\t\t<\/div>\n\t\t","protected":false},"excerpt":{"rendered":"<p>Panther\u00ae yo\u011fun verimlili\u011fe \u0130ndirmek\u00fcr\u00fcn sayfas\u0131 Panther\u00ae\u00a02\u2019si 1 arada (Maya &amp; Ekmek Geli\u015ftirici) Panther\u00ae 2&#8217;si 1 arada ile yo\u011furma makinenizde enerji ve verimlilik konsantresi elde edersiniz. Zaman\u0131n ba\u015flang\u0131c\u0131ndan beri g\u00fcc\u00fcn sembol\u00fc olan panter, 2&#8217;si 1 arada markam\u0131z\u0131n amblemidir; \u00e7\u00fcnk\u00fc Panther 2&#8217;si 1 arada \u00fcr\u00fcn\u00fcm\u00fcz ile f\u0131r\u0131nc\u0131lara kaliteli ekmek \u00e7\u00f6z\u00fcmleri garanti ediyoruz. \u0130\u00e7erisinde maya ve ekmek geli\u015ftirici [&hellip;]<\/p>\n","protected":false},"author":1,"featured_media":2063,"parent":2162,"menu_order":0,"comment_status":"closed","ping_status":"closed","template":"","meta":{"footnotes":""},"class_list":["post-2178","page","type-page","status-publish","has-post-thumbnail","hentry"],"yoast_head":"<!-- This site is optimized with the Yoast SEO plugin v27.6 - https:\/\/yoast.com\/product\/yoast-seo-wordpress\/ -->\n<title>Panther - DOSUMAYA Istanbul<\/title>\n<meta name=\"description\" content=\"Panther\u00ae 2&#039;si 1 arada ile yo\u011furma makinenizde enerji ve verimlilik konsantresi elde edersiniz.\" \/>\n<meta name=\"robots\" content=\"index, follow, max-snippet:-1, max-image-preview:large, max-video-preview:-1\" \/>\n<link rel=\"canonical\" href=\"https:\/\/dosumaya.com.tr\/tr\/urunlerimiz\/panther\/\" \/>\n<meta property=\"og:locale\" content=\"tr_TR\" \/>\n<meta property=\"og:type\" content=\"article\" \/>\n<meta property=\"og:title\" content=\"Panther - DOSUMAYA Istanbul\" \/>\n<meta property=\"og:description\" content=\"Panther\u00ae 2&#039;si 1 arada ile yo\u011furma makinenizde enerji ve verimlilik konsantresi elde edersiniz.\" \/>\n<meta property=\"og:url\" content=\"https:\/\/dosumaya.com.tr\/tr\/urunlerimiz\/panther\/\" \/>\n<meta property=\"og:site_name\" content=\"DOSUMAYA Istanbul\" \/>\n<meta property=\"article:modified_time\" content=\"2022-12-05T16:57:05+00:00\" \/>\n<meta property=\"og:image\" content=\"https:\/\/dosumaya.com.tr\/wp-content\/uploads\/2022\/06\/panther-1.jpg\" \/>\n\t<meta property=\"og:image:width\" content=\"1364\" \/>\n\t<meta property=\"og:image:height\" content=\"1920\" \/>\n\t<meta property=\"og:image:type\" content=\"image\/jpeg\" \/>\n<meta name=\"twitter:card\" content=\"summary_large_image\" \/>\n<meta name=\"twitter:label1\" content=\"Tahmini okuma s\u00fcresi\" \/>\n\t<meta name=\"twitter:data1\" content=\"3 dakika\" \/>\n<script type=\"application\/ld+json\" class=\"yoast-schema-graph\">{\"@context\":\"https:\\\/\\\/schema.org\",\"@graph\":[{\"@type\":\"WebPage\",\"@id\":\"https:\\\/\\\/dosumaya.com.tr\\\/tr\\\/urunlerimiz\\\/panther\\\/\",\"url\":\"https:\\\/\\\/dosumaya.com.tr\\\/tr\\\/urunlerimiz\\\/panther\\\/\",\"name\":\"Panther - DOSUMAYA Istanbul\",\"isPartOf\":{\"@id\":\"https:\\\/\\\/dosumaya.com.tr\\\/tr\\\/#website\"},\"primaryImageOfPage\":{\"@id\":\"https:\\\/\\\/dosumaya.com.tr\\\/tr\\\/urunlerimiz\\\/panther\\\/#primaryimage\"},\"image\":{\"@id\":\"https:\\\/\\\/dosumaya.com.tr\\\/tr\\\/urunlerimiz\\\/panther\\\/#primaryimage\"},\"thumbnailUrl\":\"https:\\\/\\\/dosumaya.com.tr\\\/wp-content\\\/uploads\\\/2022\\\/06\\\/panther-1.jpg\",\"datePublished\":\"2022-06-15T16:54:37+00:00\",\"dateModified\":\"2022-12-05T16:57:05+00:00\",\"description\":\"Panther\u00ae 2'si 1 arada ile yo\u011furma makinenizde enerji ve verimlilik konsantresi elde edersiniz.\",\"breadcrumb\":{\"@id\":\"https:\\\/\\\/dosumaya.com.tr\\\/tr\\\/urunlerimiz\\\/panther\\\/#breadcrumb\"},\"inLanguage\":\"tr\",\"potentialAction\":[{\"@type\":\"ReadAction\",\"target\":[\"https:\\\/\\\/dosumaya.com.tr\\\/tr\\\/urunlerimiz\\\/panther\\\/\"]}]},{\"@type\":\"ImageObject\",\"inLanguage\":\"tr\",\"@id\":\"https:\\\/\\\/dosumaya.com.tr\\\/tr\\\/urunlerimiz\\\/panther\\\/#primaryimage\",\"url\":\"https:\\\/\\\/dosumaya.com.tr\\\/wp-content\\\/uploads\\\/2022\\\/06\\\/panther-1.jpg\",\"contentUrl\":\"https:\\\/\\\/dosumaya.com.tr\\\/wp-content\\\/uploads\\\/2022\\\/06\\\/panther-1.jpg\",\"width\":1364,\"height\":1920},{\"@type\":\"BreadcrumbList\",\"@id\":\"https:\\\/\\\/dosumaya.com.tr\\\/tr\\\/urunlerimiz\\\/panther\\\/#breadcrumb\",\"itemListElement\":[{\"@type\":\"ListItem\",\"position\":1,\"name\":\"Home\",\"item\":\"https:\\\/\\\/dosumaya.com.tr\\\/tr\\\/istanbul-dosumaya\\\/\"},{\"@type\":\"ListItem\",\"position\":2,\"name\":\"\u00dcr\u00fcn yelpazemiz\",\"item\":\"https:\\\/\\\/dosumaya.com.tr\\\/tr\\\/urunlerimiz\\\/\"},{\"@type\":\"ListItem\",\"position\":3,\"name\":\"Panther\"}]},{\"@type\":\"WebSite\",\"@id\":\"https:\\\/\\\/dosumaya.com.tr\\\/tr\\\/#website\",\"url\":\"https:\\\/\\\/dosumaya.com.tr\\\/tr\\\/\",\"name\":\"DOSUMAYA Istanbul\",\"description\":\"Istanbul DOSUMaya is a globally operating baking yeast producer\",\"publisher\":{\"@id\":\"https:\\\/\\\/dosumaya.com.tr\\\/tr\\\/#organization\"},\"potentialAction\":[{\"@type\":\"SearchAction\",\"target\":{\"@type\":\"EntryPoint\",\"urlTemplate\":\"https:\\\/\\\/dosumaya.com.tr\\\/tr\\\/?s={search_term_string}\"},\"query-input\":{\"@type\":\"PropertyValueSpecification\",\"valueRequired\":true,\"valueName\":\"search_term_string\"}}],\"inLanguage\":\"tr\"},{\"@type\":\"Organization\",\"@id\":\"https:\\\/\\\/dosumaya.com.tr\\\/tr\\\/#organization\",\"name\":\"DOSUMAYA Istanbul\",\"url\":\"https:\\\/\\\/dosumaya.com.tr\\\/tr\\\/\",\"logo\":{\"@type\":\"ImageObject\",\"inLanguage\":\"tr\",\"@id\":\"https:\\\/\\\/dosumaya.com.tr\\\/tr\\\/#\\\/schema\\\/logo\\\/image\\\/\",\"url\":\"https:\\\/\\\/dosumaya.com.tr\\\/wp-content\\\/uploads\\\/2022\\\/06\\\/dosu-logo.jpg\",\"contentUrl\":\"https:\\\/\\\/dosumaya.com.tr\\\/wp-content\\\/uploads\\\/2022\\\/06\\\/dosu-logo.jpg\",\"width\":300,\"height\":300,\"caption\":\"DOSUMAYA Istanbul\"},\"image\":{\"@id\":\"https:\\\/\\\/dosumaya.com.tr\\\/tr\\\/#\\\/schema\\\/logo\\\/image\\\/\"}}]}<\/script>\n<!-- \/ Yoast SEO plugin. -->","yoast_head_json":{"title":"Panther - DOSUMAYA Istanbul","description":"Panther\u00ae 2'si 1 arada ile yo\u011furma makinenizde enerji ve verimlilik konsantresi elde edersiniz.","robots":{"index":"index","follow":"follow","max-snippet":"max-snippet:-1","max-image-preview":"max-image-preview:large","max-video-preview":"max-video-preview:-1"},"canonical":"https:\/\/dosumaya.com.tr\/tr\/urunlerimiz\/panther\/","og_locale":"tr_TR","og_type":"article","og_title":"Panther - DOSUMAYA Istanbul","og_description":"Panther\u00ae 2'si 1 arada ile yo\u011furma makinenizde enerji ve verimlilik konsantresi elde edersiniz.","og_url":"https:\/\/dosumaya.com.tr\/tr\/urunlerimiz\/panther\/","og_site_name":"DOSUMAYA Istanbul","article_modified_time":"2022-12-05T16:57:05+00:00","og_image":[{"width":1364,"height":1920,"url":"https:\/\/dosumaya.com.tr\/wp-content\/uploads\/2022\/06\/panther-1.jpg","type":"image\/jpeg"}],"twitter_card":"summary_large_image","twitter_misc":{"Tahmini okuma s\u00fcresi":"3 dakika"},"schema":{"@context":"https:\/\/schema.org","@graph":[{"@type":"WebPage","@id":"https:\/\/dosumaya.com.tr\/tr\/urunlerimiz\/panther\/","url":"https:\/\/dosumaya.com.tr\/tr\/urunlerimiz\/panther\/","name":"Panther - DOSUMAYA Istanbul","isPartOf":{"@id":"https:\/\/dosumaya.com.tr\/tr\/#website"},"primaryImageOfPage":{"@id":"https:\/\/dosumaya.com.tr\/tr\/urunlerimiz\/panther\/#primaryimage"},"image":{"@id":"https:\/\/dosumaya.com.tr\/tr\/urunlerimiz\/panther\/#primaryimage"},"thumbnailUrl":"https:\/\/dosumaya.com.tr\/wp-content\/uploads\/2022\/06\/panther-1.jpg","datePublished":"2022-06-15T16:54:37+00:00","dateModified":"2022-12-05T16:57:05+00:00","description":"Panther\u00ae 2'si 1 arada ile yo\u011furma makinenizde enerji ve verimlilik konsantresi elde edersiniz.","breadcrumb":{"@id":"https:\/\/dosumaya.com.tr\/tr\/urunlerimiz\/panther\/#breadcrumb"},"inLanguage":"tr","potentialAction":[{"@type":"ReadAction","target":["https:\/\/dosumaya.com.tr\/tr\/urunlerimiz\/panther\/"]}]},{"@type":"ImageObject","inLanguage":"tr","@id":"https:\/\/dosumaya.com.tr\/tr\/urunlerimiz\/panther\/#primaryimage","url":"https:\/\/dosumaya.com.tr\/wp-content\/uploads\/2022\/06\/panther-1.jpg","contentUrl":"https:\/\/dosumaya.com.tr\/wp-content\/uploads\/2022\/06\/panther-1.jpg","width":1364,"height":1920},{"@type":"BreadcrumbList","@id":"https:\/\/dosumaya.com.tr\/tr\/urunlerimiz\/panther\/#breadcrumb","itemListElement":[{"@type":"ListItem","position":1,"name":"Home","item":"https:\/\/dosumaya.com.tr\/tr\/istanbul-dosumaya\/"},{"@type":"ListItem","position":2,"name":"\u00dcr\u00fcn yelpazemiz","item":"https:\/\/dosumaya.com.tr\/tr\/urunlerimiz\/"},{"@type":"ListItem","position":3,"name":"Panther"}]},{"@type":"WebSite","@id":"https:\/\/dosumaya.com.tr\/tr\/#website","url":"https:\/\/dosumaya.com.tr\/tr\/","name":"DOSUMAYA Istanbul","description":"Istanbul DOSUMaya is a globally operating baking yeast producer","publisher":{"@id":"https:\/\/dosumaya.com.tr\/tr\/#organization"},"potentialAction":[{"@type":"SearchAction","target":{"@type":"EntryPoint","urlTemplate":"https:\/\/dosumaya.com.tr\/tr\/?s={search_term_string}"},"query-input":{"@type":"PropertyValueSpecification","valueRequired":true,"valueName":"search_term_string"}}],"inLanguage":"tr"},{"@type":"Organization","@id":"https:\/\/dosumaya.com.tr\/tr\/#organization","name":"DOSUMAYA Istanbul","url":"https:\/\/dosumaya.com.tr\/tr\/","logo":{"@type":"ImageObject","inLanguage":"tr","@id":"https:\/\/dosumaya.com.tr\/tr\/#\/schema\/logo\/image\/","url":"https:\/\/dosumaya.com.tr\/wp-content\/uploads\/2022\/06\/dosu-logo.jpg","contentUrl":"https:\/\/dosumaya.com.tr\/wp-content\/uploads\/2022\/06\/dosu-logo.jpg","width":300,"height":300,"caption":"DOSUMAYA Istanbul"},"image":{"@id":"https:\/\/dosumaya.com.tr\/tr\/#\/schema\/logo\/image\/"}}]}},"_links":{"self":[{"href":"https:\/\/dosumaya.com.tr\/tr\/wp-json\/wp\/v2\/pages\/2178","targetHints":{"allow":["GET"]}}],"collection":[{"href":"https:\/\/dosumaya.com.tr\/tr\/wp-json\/wp\/v2\/pages"}],"about":[{"href":"https:\/\/dosumaya.com.tr\/tr\/wp-json\/wp\/v2\/types\/page"}],"author":[{"embeddable":true,"href":"https:\/\/dosumaya.com.tr\/tr\/wp-json\/wp\/v2\/users\/1"}],"replies":[{"embeddable":true,"href":"https:\/\/dosumaya.com.tr\/tr\/wp-json\/wp\/v2\/comments?post=2178"}],"version-history":[{"count":6,"href":"https:\/\/dosumaya.com.tr\/tr\/wp-json\/wp\/v2\/pages\/2178\/revisions"}],"predecessor-version":[{"id":2395,"href":"https:\/\/dosumaya.com.tr\/tr\/wp-json\/wp\/v2\/pages\/2178\/revisions\/2395"}],"up":[{"embeddable":true,"href":"https:\/\/dosumaya.com.tr\/tr\/wp-json\/wp\/v2\/pages\/2162"}],"wp:featuredmedia":[{"embeddable":true,"href":"https:\/\/dosumaya.com.tr\/tr\/wp-json\/wp\/v2\/media\/2063"}],"wp:attachment":[{"href":"https:\/\/dosumaya.com.tr\/tr\/wp-json\/wp\/v2\/media?parent=2178"}],"curies":[{"name":"wp","href":"https:\/\/api.w.org\/{rel}","templated":true}]}}