{"id":2182,"date":"2022-06-15T16:26:07","date_gmt":"2022-06-15T16:26:07","guid":{"rendered":"https:\/\/dosumaya.com.tr\/urun-yelpazemiz\/pasha\/"},"modified":"2022-12-05T16:50:04","modified_gmt":"2022-12-05T16:50:04","slug":"pasha","status":"publish","type":"page","link":"https:\/\/dosumaya.com.tr\/tr\/urunlerimiz\/pasha\/","title":{"rendered":"Pasha<sup>\u00ae<\/sup>"},"content":{"rendered":"\t\t<div data-elementor-type=\"wp-page\" data-elementor-id=\"2182\" class=\"elementor elementor-2182 elementor-399\" data-elementor-post-type=\"page\">\n\t\t\t\t\t\t<section class=\"elementor-section elementor-top-section elementor-element elementor-element-5a0f1c61 elementor-section-full_width elementor-section-height-default elementor-section-height-default\" data-id=\"5a0f1c61\" data-element_type=\"section\" data-e-type=\"section\">\n\t\t\t\t\t\t<div class=\"elementor-container elementor-column-gap-no\">\n\t\t\t\t\t<div class=\"elementor-column elementor-col-100 elementor-top-column elementor-element elementor-element-32a80b4d\" data-id=\"32a80b4d\" data-element_type=\"column\" data-e-type=\"column\">\n\t\t\t<div class=\"elementor-widget-wrap elementor-element-populated\">\n\t\t\t\t\t\t<div class=\"elementor-element elementor-element-f04ea47 elementor-invisible elementor-widget elementor-widget-heading\" data-id=\"f04ea47\" data-element_type=\"widget\" data-e-type=\"widget\" data-settings=\"{&quot;_animation&quot;:&quot;fadeInUp&quot;}\" data-widget_type=\"heading.default\">\n\t\t\t\t<div class=\"elementor-widget-container\">\n\t\t\t\t\t<h1 class=\"elementor-heading-title elementor-size-default\">Pasha<sup>\u00ae<\/sup><\/h1>\t\t\t\t<\/div>\n\t\t\t\t<\/div>\n\t\t\t\t<div class=\"elementor-element elementor-element-773ac2fe elementor-widget__width-auto elementor-widget elementor-widget-heading\" data-id=\"773ac2fe\" data-element_type=\"widget\" data-e-type=\"widget\" data-widget_type=\"heading.default\">\n\t\t\t\t<div class=\"elementor-widget-container\">\n\t\t\t\t\t<h6 class=\"elementor-heading-title elementor-size-default\">F\u0131r\u0131n uzman\u0131 yan\u0131n\u0131zda <\/h6>\t\t\t\t<\/div>\n\t\t\t\t<\/div>\n\t\t\t\t\t<\/div>\n\t\t<\/div>\n\t\t\t\t\t<\/div>\n\t\t<\/section>\n\t\t\t\t<section class=\"elementor-section elementor-top-section elementor-element elementor-element-e63aa40 elementor-section-full_width elementor-section-height-default elementor-section-height-default\" data-id=\"e63aa40\" data-element_type=\"section\" data-e-type=\"section\">\n\t\t\t\t\t\t<div class=\"elementor-container elementor-column-gap-no\">\n\t\t\t\t\t<div class=\"elementor-column elementor-col-100 elementor-top-column elementor-element elementor-element-1da48fd\" data-id=\"1da48fd\" data-element_type=\"column\" data-e-type=\"column\">\n\t\t\t<div class=\"elementor-widget-wrap elementor-element-populated\">\n\t\t\t\t\t\t<section class=\"elementor-section elementor-inner-section elementor-element elementor-element-75d32cf elementor-section-full_width elementor-section-content-top elementor-section-height-default elementor-section-height-default\" data-id=\"75d32cf\" data-element_type=\"section\" data-e-type=\"section\">\n\t\t\t\t\t\t<div class=\"elementor-container elementor-column-gap-no\">\n\t\t\t\t\t<div class=\"elementor-column elementor-col-50 elementor-inner-column elementor-element elementor-element-4f61b98\" data-id=\"4f61b98\" data-element_type=\"column\" data-e-type=\"column\">\n\t\t\t<div class=\"elementor-widget-wrap elementor-element-populated\">\n\t\t\t\t\t\t<div class=\"elementor-element elementor-element-4d261e0 elementor-widget elementor-widget-image\" data-id=\"4d261e0\" data-element_type=\"widget\" data-e-type=\"widget\" data-widget_type=\"image.default\">\n\t\t\t\t<div class=\"elementor-widget-container\">\n\t\t\t\t\t\t\t\t\t\t\t\t\t\t\t<img fetchpriority=\"high\" decoding=\"async\" width=\"1374\" height=\"1926\" src=\"https:\/\/dosumaya.com.tr\/wp-content\/uploads\/2022\/06\/pasha-rouge-500g.jpg\" class=\"attachment-full size-full wp-image-2051\" alt=\"\" srcset=\"https:\/\/dosumaya.com.tr\/wp-content\/uploads\/2022\/06\/pasha-rouge-500g.jpg 1374w, https:\/\/dosumaya.com.tr\/wp-content\/uploads\/2022\/06\/pasha-rouge-500g-214x300.jpg 214w, https:\/\/dosumaya.com.tr\/wp-content\/uploads\/2022\/06\/pasha-rouge-500g-731x1024.jpg 731w, https:\/\/dosumaya.com.tr\/wp-content\/uploads\/2022\/06\/pasha-rouge-500g-768x1077.jpg 768w, https:\/\/dosumaya.com.tr\/wp-content\/uploads\/2022\/06\/pasha-rouge-500g-1096x1536.jpg 1096w\" sizes=\"(max-width: 1374px) 100vw, 1374px\" \/>\t\t\t\t\t\t\t\t\t\t\t\t\t\t\t<\/div>\n\t\t\t\t<\/div>\n\t\t\t\t\t<\/div>\n\t\t<\/div>\n\t\t\t\t<div class=\"elementor-column elementor-col-50 elementor-inner-column elementor-element elementor-element-5d6e788\" data-id=\"5d6e788\" data-element_type=\"column\" data-e-type=\"column\">\n\t\t\t<div class=\"elementor-widget-wrap elementor-element-populated\">\n\t\t\t\t\t\t<div class=\"elementor-element elementor-element-68c60ef elementor-widget elementor-widget-text-editor\" data-id=\"68c60ef\" data-element_type=\"widget\" data-e-type=\"widget\" data-widget_type=\"text-editor.default\">\n\t\t\t\t<div class=\"elementor-widget-container\">\n\t\t\t\t\t\t\t\t\t<p><strong>Instant Kuru Maya<\/strong><\/p><p>D\u00fcnya \u00e7ap\u0131ndaki en \u00fcnl\u00fc ve yayg\u0131n da\u011f\u0131t\u0131m\u0131 olan instant kuru maya markalar\u0131m\u0131zdan biri olan Pasha<sup>\u00ae<\/sup>, <strong>g\u00fcvenilirlik ve performans<\/strong> arayan f\u0131r\u0131nc\u0131lar taraf\u0131ndan uzun y\u0131llard\u0131r tercih edilmektedir. Pasha\u00ae mayalar\u0131n\u0131 kullanan ortaklar\u0131m\u0131z <strong>\u2018yan\u0131 ba\u015flar\u0131nda uzman bir f\u0131r\u0131nc\u0131\u2019<\/strong> ile \u00e7al\u0131\u015fman\u0131n ayr\u0131cal\u0131\u011f\u0131n\u0131 ya\u015farlar.<\/p><p>Osmanl\u0131 \u0130mparatorlu\u011fundan esinlenerek ad\u0131n\u0131 alm\u0131\u015f olan markam\u0131z Pasha\u00ae, bug\u00fcn y\u00fcksek kalitesiyle f\u0131r\u0131nc\u0131l\u0131k pazar\u0131n\u0131n Pasha\u2019s\u0131 olarak yerini al\u0131yor.\u00a0<\/p><p>Ambalaj\u0131ndaki hava vakumu sayesinde 24 ay boyunca performans\u0131n\u0131 korur.<\/p><p>Standart versiyon, \u00f6zellikle \u015feker i\u00e7eri\u011fi %5&#8217;e kadar olan ekmek \u00fcr\u00fcnlerinin \u00fcretimi i\u00e7in tavsiye edilir.<\/p><p>Pasha\u00ae \u00fcr\u00fcn gam\u0131 f\u0131r\u0131nc\u0131lar\u0131n ihtiya\u00e7lar\u0131na g\u00f6re uyarlanm\u0131\u015f \u00e7e\u015fitli ambalaj ve t\u00fcrlerde mevcuttur.<\/p><p>Mevcut \u00fcr\u00fcn ambalaj formatlar\u0131: 100g, 125g, 450g, 500g<\/p>\t\t\t\t\t\t\t\t<\/div>\n\t\t\t\t<\/div>\n\t\t\t\t<div class=\"elementor-element elementor-element-04c18a7 elementor-align-start elementor-widget__width-auto elementor-fixed elementor-icon-list--layout-traditional elementor-list-item-link-full_width elementor-widget elementor-widget-icon-list\" data-id=\"04c18a7\" data-element_type=\"widget\" data-e-type=\"widget\" data-settings=\"{&quot;_position&quot;:&quot;fixed&quot;}\" data-widget_type=\"icon-list.default\">\n\t\t\t\t<div class=\"elementor-widget-container\">\n\t\t\t\t\t\t\t<ul class=\"elementor-icon-list-items\">\n\t\t\t\t\t\t\t<li class=\"elementor-icon-list-item\">\n\t\t\t\t\t\t\t\t\t\t\t<a href=\"https:\/\/dosumaya.com.tr\/wp-content\/uploads\/2022\/09\/pasha-brochure-a4-500-gr.pdf\" target=\"_blank\" rel=\"nofollow\">\n\n\t\t\t\t\t\t\t\t\t\t\t\t<span class=\"elementor-icon-list-icon\">\n\t\t\t\t\t\t\t<i aria-hidden=\"true\" class=\"fas fa-download\"><\/i>\t\t\t\t\t\t<\/span>\n\t\t\t\t\t\t\t\t\t\t<span class=\"elementor-icon-list-text\">\u0130ndirmek<br>\u00fcr\u00fcn sayfas\u0131<\/span>\n\t\t\t\t\t\t\t\t\t\t\t<\/a>\n\t\t\t\t\t\t\t\t\t<\/li>\n\t\t\t\t\t\t<\/ul>\n\t\t\t\t\t\t<\/div>\n\t\t\t\t<\/div>\n\t\t\t\t<div class=\"elementor-element elementor-element-1fbbab9 elementor-pagination-position-outside elementor-widget elementor-widget-image-carousel\" data-id=\"1fbbab9\" data-element_type=\"widget\" data-e-type=\"widget\" data-settings=\"{&quot;navigation&quot;:&quot;dots&quot;,&quot;autoplay&quot;:&quot;yes&quot;,&quot;pause_on_hover&quot;:&quot;yes&quot;,&quot;pause_on_interaction&quot;:&quot;yes&quot;,&quot;autoplay_speed&quot;:5000,&quot;infinite&quot;:&quot;yes&quot;,&quot;speed&quot;:500}\" data-widget_type=\"image-carousel.default\">\n\t\t\t\t<div class=\"elementor-widget-container\">\n\t\t\t\t\t\t\t<div class=\"elementor-image-carousel-wrapper swiper\" role=\"region\" aria-roledescription=\"carousel\" aria-label=\"Resim D\u00f6ng\u00fcs\u00fc\" dir=\"ltr\">\n\t\t\t<div class=\"elementor-image-carousel swiper-wrapper\" aria-live=\"off\">\n\t\t\t\t\t\t\t\t<div class=\"swiper-slide\" role=\"group\" aria-roledescription=\"slide\" aria-label=\"1 \/ 4\"><a data-elementor-open-lightbox=\"yes\" data-elementor-lightbox-slideshow=\"1fbbab9\" data-elementor-lightbox-title=\"pasha_100g\" data-e-action-hash=\"#elementor-action%3Aaction%3Dlightbox%26settings%3DeyJpZCI6MjExNCwidXJsIjoiaHR0cHM6XC9cL2Rvc3VtYXlhLmNvbS50clwvd3AtY29udGVudFwvdXBsb2Fkc1wvMjAyMlwvMTBcL3Bhc2hhXzEwMGcuanBnIiwic2xpZGVzaG93IjoiMWZiYmFiOSJ9\" href=\"https:\/\/dosumaya.com.tr\/wp-content\/uploads\/2022\/10\/pasha_100g.jpg\"><figure class=\"swiper-slide-inner\"><img decoding=\"async\" class=\"swiper-slide-image\" src=\"https:\/\/dosumaya.com.tr\/wp-content\/uploads\/2022\/10\/pasha_100g-234x300.jpg\" alt=\"pasha_100g\" \/><\/figure><\/a><\/div><div class=\"swiper-slide\" role=\"group\" aria-roledescription=\"slide\" aria-label=\"2 \/ 4\"><a data-elementor-open-lightbox=\"yes\" data-elementor-lightbox-slideshow=\"1fbbab9\" data-elementor-lightbox-title=\"pasha_125g\" data-e-action-hash=\"#elementor-action%3Aaction%3Dlightbox%26settings%3DeyJpZCI6MjExNiwidXJsIjoiaHR0cHM6XC9cL2Rvc3VtYXlhLmNvbS50clwvd3AtY29udGVudFwvdXBsb2Fkc1wvMjAyMlwvMTBcL3Bhc2hhXzEyNWcuanBnIiwic2xpZGVzaG93IjoiMWZiYmFiOSJ9\" href=\"https:\/\/dosumaya.com.tr\/wp-content\/uploads\/2022\/10\/pasha_125g.jpg\"><figure class=\"swiper-slide-inner\"><img decoding=\"async\" class=\"swiper-slide-image\" src=\"https:\/\/dosumaya.com.tr\/wp-content\/uploads\/2022\/10\/pasha_125g-234x300.jpg\" alt=\"pasha_125g\" \/><\/figure><\/a><\/div><div class=\"swiper-slide\" role=\"group\" aria-roledescription=\"slide\" aria-label=\"3 \/ 4\"><a data-elementor-open-lightbox=\"yes\" data-elementor-lightbox-slideshow=\"1fbbab9\" data-elementor-lightbox-title=\"pasha_450g\" data-e-action-hash=\"#elementor-action%3Aaction%3Dlightbox%26settings%3DeyJpZCI6MjExOCwidXJsIjoiaHR0cHM6XC9cL2Rvc3VtYXlhLmNvbS50clwvd3AtY29udGVudFwvdXBsb2Fkc1wvMjAyMlwvMTBcL3Bhc2hhXzQ1MGcuanBnIiwic2xpZGVzaG93IjoiMWZiYmFiOSJ9\" href=\"https:\/\/dosumaya.com.tr\/wp-content\/uploads\/2022\/10\/pasha_450g.jpg\"><figure class=\"swiper-slide-inner\"><img decoding=\"async\" class=\"swiper-slide-image\" src=\"https:\/\/dosumaya.com.tr\/wp-content\/uploads\/2022\/10\/pasha_450g-234x300.jpg\" alt=\"pasha_450g\" \/><\/figure><\/a><\/div><div class=\"swiper-slide\" role=\"group\" aria-roledescription=\"slide\" aria-label=\"4 \/ 4\"><a data-elementor-open-lightbox=\"yes\" data-elementor-lightbox-slideshow=\"1fbbab9\" data-elementor-lightbox-title=\"pasha_500g\" data-e-action-hash=\"#elementor-action%3Aaction%3Dlightbox%26settings%3DeyJpZCI6MjEyMCwidXJsIjoiaHR0cHM6XC9cL2Rvc3VtYXlhLmNvbS50clwvd3AtY29udGVudFwvdXBsb2Fkc1wvMjAyMlwvMTBcL3Bhc2hhXzUwMGcuanBnIiwic2xpZGVzaG93IjoiMWZiYmFiOSJ9\" href=\"https:\/\/dosumaya.com.tr\/wp-content\/uploads\/2022\/10\/pasha_500g.jpg\"><figure class=\"swiper-slide-inner\"><img decoding=\"async\" class=\"swiper-slide-image\" src=\"https:\/\/dosumaya.com.tr\/wp-content\/uploads\/2022\/10\/pasha_500g-234x300.jpg\" alt=\"pasha_500g\" \/><\/figure><\/a><\/div>\t\t\t<\/div>\n\t\t\t\t\t\t\t\n\t\t\t\t\t\t\t\t\t<div class=\"swiper-pagination\"><\/div>\n\t\t\t\t\t\t\t\t\t<\/div>\n\t\t\t\t\t\t<\/div>\n\t\t\t\t<\/div>\n\t\t\t\t\t<\/div>\n\t\t<\/div>\n\t\t\t\t\t<\/div>\n\t\t<\/section>\n\t\t\t\t\t<\/div>\n\t\t<\/div>\n\t\t\t\t\t<\/div>\n\t\t<\/section>\n\t\t\t\t<\/div>\n\t\t","protected":false},"excerpt":{"rendered":"<p>Pasha\u00ae F\u0131r\u0131n uzman\u0131 yan\u0131n\u0131zda Instant Kuru Maya D\u00fcnya \u00e7ap\u0131ndaki en \u00fcnl\u00fc ve yayg\u0131n da\u011f\u0131t\u0131m\u0131 olan instant kuru maya markalar\u0131m\u0131zdan biri olan Pasha\u00ae, g\u00fcvenilirlik ve performans arayan f\u0131r\u0131nc\u0131lar taraf\u0131ndan uzun y\u0131llard\u0131r tercih edilmektedir. Pasha\u00ae mayalar\u0131n\u0131 kullanan ortaklar\u0131m\u0131z \u2018yan\u0131 ba\u015flar\u0131nda uzman bir f\u0131r\u0131nc\u0131\u2019 ile \u00e7al\u0131\u015fman\u0131n ayr\u0131cal\u0131\u011f\u0131n\u0131 ya\u015farlar. Osmanl\u0131 \u0130mparatorlu\u011fundan esinlenerek ad\u0131n\u0131 alm\u0131\u015f olan markam\u0131z Pasha\u00ae, bug\u00fcn y\u00fcksek [&hellip;]<\/p>\n","protected":false},"author":1,"featured_media":2010,"parent":2162,"menu_order":0,"comment_status":"closed","ping_status":"closed","template":"","meta":{"footnotes":""},"class_list":["post-2182","page","type-page","status-publish","has-post-thumbnail","hentry"],"yoast_head":"<!-- This site is optimized with the Yoast SEO plugin v27.5 - https:\/\/yoast.com\/product\/yoast-seo-wordpress\/ -->\n<title>Pasha\u00ae - DOSUMAYA Istanbul<\/title>\n<meta name=\"description\" content=\"D\u00fcnya \u00e7ap\u0131ndaki en \u00fcnl\u00fc ve yayg\u0131n da\u011f\u0131t\u0131m\u0131 olan instant kuru maya markalar\u0131m\u0131zdan biri olan Pasha\u00ae, g\u00fcvenilirlik ve performans arayan f\u0131r\u0131nc\u0131lar taraf\u0131ndan uzun y\u0131llard\u0131r tercih edilmektedir.\" \/>\n<meta name=\"robots\" content=\"index, follow, max-snippet:-1, max-image-preview:large, max-video-preview:-1\" \/>\n<link rel=\"canonical\" href=\"https:\/\/dosumaya.com.tr\/tr\/urunlerimiz\/pasha\/\" \/>\n<meta property=\"og:locale\" content=\"tr_TR\" \/>\n<meta property=\"og:type\" content=\"article\" \/>\n<meta property=\"og:title\" content=\"Pasha\u00ae - DOSUMAYA Istanbul\" \/>\n<meta property=\"og:description\" content=\"D\u00fcnya \u00e7ap\u0131ndaki en \u00fcnl\u00fc ve yayg\u0131n da\u011f\u0131t\u0131m\u0131 olan instant kuru maya markalar\u0131m\u0131zdan biri olan Pasha\u00ae, g\u00fcvenilirlik ve performans arayan f\u0131r\u0131nc\u0131lar taraf\u0131ndan uzun y\u0131llard\u0131r tercih edilmektedir.\" \/>\n<meta property=\"og:url\" content=\"https:\/\/dosumaya.com.tr\/tr\/urunlerimiz\/pasha\/\" \/>\n<meta property=\"og:site_name\" content=\"DOSUMAYA Istanbul\" \/>\n<meta property=\"article:modified_time\" content=\"2022-12-05T16:50:04+00:00\" \/>\n<meta property=\"og:image\" content=\"https:\/\/dosumaya.com.tr\/wp-content\/uploads\/2022\/06\/pasha-rouge.jpg\" \/>\n\t<meta property=\"og:image:width\" content=\"306\" \/>\n\t<meta property=\"og:image:height\" content=\"283\" \/>\n\t<meta property=\"og:image:type\" content=\"image\/jpeg\" \/>\n<meta name=\"twitter:card\" content=\"summary_large_image\" \/>\n<meta name=\"twitter:label1\" content=\"Tahmini okuma s\u00fcresi\" \/>\n\t<meta name=\"twitter:data1\" content=\"3 dakika\" \/>\n<script type=\"application\/ld+json\" class=\"yoast-schema-graph\">{\"@context\":\"https:\\\/\\\/schema.org\",\"@graph\":[{\"@type\":\"WebPage\",\"@id\":\"https:\\\/\\\/dosumaya.com.tr\\\/tr\\\/urunlerimiz\\\/pasha\\\/\",\"url\":\"https:\\\/\\\/dosumaya.com.tr\\\/tr\\\/urunlerimiz\\\/pasha\\\/\",\"name\":\"Pasha\u00ae - DOSUMAYA Istanbul\",\"isPartOf\":{\"@id\":\"https:\\\/\\\/dosumaya.com.tr\\\/tr\\\/#website\"},\"primaryImageOfPage\":{\"@id\":\"https:\\\/\\\/dosumaya.com.tr\\\/tr\\\/urunlerimiz\\\/pasha\\\/#primaryimage\"},\"image\":{\"@id\":\"https:\\\/\\\/dosumaya.com.tr\\\/tr\\\/urunlerimiz\\\/pasha\\\/#primaryimage\"},\"thumbnailUrl\":\"https:\\\/\\\/dosumaya.com.tr\\\/wp-content\\\/uploads\\\/2022\\\/06\\\/pasha-rouge.jpg\",\"datePublished\":\"2022-06-15T16:26:07+00:00\",\"dateModified\":\"2022-12-05T16:50:04+00:00\",\"description\":\"D\u00fcnya \u00e7ap\u0131ndaki en \u00fcnl\u00fc ve yayg\u0131n da\u011f\u0131t\u0131m\u0131 olan instant kuru maya markalar\u0131m\u0131zdan biri olan Pasha\u00ae, g\u00fcvenilirlik ve performans arayan f\u0131r\u0131nc\u0131lar taraf\u0131ndan uzun y\u0131llard\u0131r tercih edilmektedir.\",\"breadcrumb\":{\"@id\":\"https:\\\/\\\/dosumaya.com.tr\\\/tr\\\/urunlerimiz\\\/pasha\\\/#breadcrumb\"},\"inLanguage\":\"tr\",\"potentialAction\":[{\"@type\":\"ReadAction\",\"target\":[\"https:\\\/\\\/dosumaya.com.tr\\\/tr\\\/urunlerimiz\\\/pasha\\\/\"]}]},{\"@type\":\"ImageObject\",\"inLanguage\":\"tr\",\"@id\":\"https:\\\/\\\/dosumaya.com.tr\\\/tr\\\/urunlerimiz\\\/pasha\\\/#primaryimage\",\"url\":\"https:\\\/\\\/dosumaya.com.tr\\\/wp-content\\\/uploads\\\/2022\\\/06\\\/pasha-rouge.jpg\",\"contentUrl\":\"https:\\\/\\\/dosumaya.com.tr\\\/wp-content\\\/uploads\\\/2022\\\/06\\\/pasha-rouge.jpg\",\"width\":306,\"height\":283},{\"@type\":\"BreadcrumbList\",\"@id\":\"https:\\\/\\\/dosumaya.com.tr\\\/tr\\\/urunlerimiz\\\/pasha\\\/#breadcrumb\",\"itemListElement\":[{\"@type\":\"ListItem\",\"position\":1,\"name\":\"Home\",\"item\":\"https:\\\/\\\/dosumaya.com.tr\\\/tr\\\/istanbul-dosumaya\\\/\"},{\"@type\":\"ListItem\",\"position\":2,\"name\":\"\u00dcr\u00fcn yelpazemiz\",\"item\":\"https:\\\/\\\/dosumaya.com.tr\\\/tr\\\/urunlerimiz\\\/\"},{\"@type\":\"ListItem\",\"position\":3,\"name\":\"Pasha\u00ae\"}]},{\"@type\":\"WebSite\",\"@id\":\"https:\\\/\\\/dosumaya.com.tr\\\/tr\\\/#website\",\"url\":\"https:\\\/\\\/dosumaya.com.tr\\\/tr\\\/\",\"name\":\"DOSUMAYA Istanbul\",\"description\":\"Istanbul DOSUMaya is a globally operating baking yeast producer\",\"publisher\":{\"@id\":\"https:\\\/\\\/dosumaya.com.tr\\\/tr\\\/#organization\"},\"potentialAction\":[{\"@type\":\"SearchAction\",\"target\":{\"@type\":\"EntryPoint\",\"urlTemplate\":\"https:\\\/\\\/dosumaya.com.tr\\\/tr\\\/?s={search_term_string}\"},\"query-input\":{\"@type\":\"PropertyValueSpecification\",\"valueRequired\":true,\"valueName\":\"search_term_string\"}}],\"inLanguage\":\"tr\"},{\"@type\":\"Organization\",\"@id\":\"https:\\\/\\\/dosumaya.com.tr\\\/tr\\\/#organization\",\"name\":\"DOSUMAYA Istanbul\",\"url\":\"https:\\\/\\\/dosumaya.com.tr\\\/tr\\\/\",\"logo\":{\"@type\":\"ImageObject\",\"inLanguage\":\"tr\",\"@id\":\"https:\\\/\\\/dosumaya.com.tr\\\/tr\\\/#\\\/schema\\\/logo\\\/image\\\/\",\"url\":\"https:\\\/\\\/dosumaya.com.tr\\\/wp-content\\\/uploads\\\/2022\\\/06\\\/dosu-logo.jpg\",\"contentUrl\":\"https:\\\/\\\/dosumaya.com.tr\\\/wp-content\\\/uploads\\\/2022\\\/06\\\/dosu-logo.jpg\",\"width\":300,\"height\":300,\"caption\":\"DOSUMAYA Istanbul\"},\"image\":{\"@id\":\"https:\\\/\\\/dosumaya.com.tr\\\/tr\\\/#\\\/schema\\\/logo\\\/image\\\/\"}}]}<\/script>\n<!-- \/ Yoast SEO plugin. -->","yoast_head_json":{"title":"Pasha\u00ae - DOSUMAYA Istanbul","description":"D\u00fcnya \u00e7ap\u0131ndaki en \u00fcnl\u00fc ve yayg\u0131n da\u011f\u0131t\u0131m\u0131 olan instant kuru maya markalar\u0131m\u0131zdan biri olan Pasha\u00ae, g\u00fcvenilirlik ve performans arayan f\u0131r\u0131nc\u0131lar taraf\u0131ndan uzun y\u0131llard\u0131r tercih edilmektedir.","robots":{"index":"index","follow":"follow","max-snippet":"max-snippet:-1","max-image-preview":"max-image-preview:large","max-video-preview":"max-video-preview:-1"},"canonical":"https:\/\/dosumaya.com.tr\/tr\/urunlerimiz\/pasha\/","og_locale":"tr_TR","og_type":"article","og_title":"Pasha\u00ae - DOSUMAYA Istanbul","og_description":"D\u00fcnya \u00e7ap\u0131ndaki en \u00fcnl\u00fc ve yayg\u0131n da\u011f\u0131t\u0131m\u0131 olan instant kuru maya markalar\u0131m\u0131zdan biri olan Pasha\u00ae, g\u00fcvenilirlik ve performans arayan f\u0131r\u0131nc\u0131lar taraf\u0131ndan uzun y\u0131llard\u0131r tercih edilmektedir.","og_url":"https:\/\/dosumaya.com.tr\/tr\/urunlerimiz\/pasha\/","og_site_name":"DOSUMAYA Istanbul","article_modified_time":"2022-12-05T16:50:04+00:00","og_image":[{"width":306,"height":283,"url":"https:\/\/dosumaya.com.tr\/wp-content\/uploads\/2022\/06\/pasha-rouge.jpg","type":"image\/jpeg"}],"twitter_card":"summary_large_image","twitter_misc":{"Tahmini okuma s\u00fcresi":"3 dakika"},"schema":{"@context":"https:\/\/schema.org","@graph":[{"@type":"WebPage","@id":"https:\/\/dosumaya.com.tr\/tr\/urunlerimiz\/pasha\/","url":"https:\/\/dosumaya.com.tr\/tr\/urunlerimiz\/pasha\/","name":"Pasha\u00ae - DOSUMAYA Istanbul","isPartOf":{"@id":"https:\/\/dosumaya.com.tr\/tr\/#website"},"primaryImageOfPage":{"@id":"https:\/\/dosumaya.com.tr\/tr\/urunlerimiz\/pasha\/#primaryimage"},"image":{"@id":"https:\/\/dosumaya.com.tr\/tr\/urunlerimiz\/pasha\/#primaryimage"},"thumbnailUrl":"https:\/\/dosumaya.com.tr\/wp-content\/uploads\/2022\/06\/pasha-rouge.jpg","datePublished":"2022-06-15T16:26:07+00:00","dateModified":"2022-12-05T16:50:04+00:00","description":"D\u00fcnya \u00e7ap\u0131ndaki en \u00fcnl\u00fc ve yayg\u0131n da\u011f\u0131t\u0131m\u0131 olan instant kuru maya markalar\u0131m\u0131zdan biri olan Pasha\u00ae, g\u00fcvenilirlik ve performans arayan f\u0131r\u0131nc\u0131lar taraf\u0131ndan uzun y\u0131llard\u0131r tercih edilmektedir.","breadcrumb":{"@id":"https:\/\/dosumaya.com.tr\/tr\/urunlerimiz\/pasha\/#breadcrumb"},"inLanguage":"tr","potentialAction":[{"@type":"ReadAction","target":["https:\/\/dosumaya.com.tr\/tr\/urunlerimiz\/pasha\/"]}]},{"@type":"ImageObject","inLanguage":"tr","@id":"https:\/\/dosumaya.com.tr\/tr\/urunlerimiz\/pasha\/#primaryimage","url":"https:\/\/dosumaya.com.tr\/wp-content\/uploads\/2022\/06\/pasha-rouge.jpg","contentUrl":"https:\/\/dosumaya.com.tr\/wp-content\/uploads\/2022\/06\/pasha-rouge.jpg","width":306,"height":283},{"@type":"BreadcrumbList","@id":"https:\/\/dosumaya.com.tr\/tr\/urunlerimiz\/pasha\/#breadcrumb","itemListElement":[{"@type":"ListItem","position":1,"name":"Home","item":"https:\/\/dosumaya.com.tr\/tr\/istanbul-dosumaya\/"},{"@type":"ListItem","position":2,"name":"\u00dcr\u00fcn yelpazemiz","item":"https:\/\/dosumaya.com.tr\/tr\/urunlerimiz\/"},{"@type":"ListItem","position":3,"name":"Pasha\u00ae"}]},{"@type":"WebSite","@id":"https:\/\/dosumaya.com.tr\/tr\/#website","url":"https:\/\/dosumaya.com.tr\/tr\/","name":"DOSUMAYA Istanbul","description":"Istanbul DOSUMaya is a globally operating baking yeast producer","publisher":{"@id":"https:\/\/dosumaya.com.tr\/tr\/#organization"},"potentialAction":[{"@type":"SearchAction","target":{"@type":"EntryPoint","urlTemplate":"https:\/\/dosumaya.com.tr\/tr\/?s={search_term_string}"},"query-input":{"@type":"PropertyValueSpecification","valueRequired":true,"valueName":"search_term_string"}}],"inLanguage":"tr"},{"@type":"Organization","@id":"https:\/\/dosumaya.com.tr\/tr\/#organization","name":"DOSUMAYA Istanbul","url":"https:\/\/dosumaya.com.tr\/tr\/","logo":{"@type":"ImageObject","inLanguage":"tr","@id":"https:\/\/dosumaya.com.tr\/tr\/#\/schema\/logo\/image\/","url":"https:\/\/dosumaya.com.tr\/wp-content\/uploads\/2022\/06\/dosu-logo.jpg","contentUrl":"https:\/\/dosumaya.com.tr\/wp-content\/uploads\/2022\/06\/dosu-logo.jpg","width":300,"height":300,"caption":"DOSUMAYA Istanbul"},"image":{"@id":"https:\/\/dosumaya.com.tr\/tr\/#\/schema\/logo\/image\/"}}]}},"_links":{"self":[{"href":"https:\/\/dosumaya.com.tr\/tr\/wp-json\/wp\/v2\/pages\/2182","targetHints":{"allow":["GET"]}}],"collection":[{"href":"https:\/\/dosumaya.com.tr\/tr\/wp-json\/wp\/v2\/pages"}],"about":[{"href":"https:\/\/dosumaya.com.tr\/tr\/wp-json\/wp\/v2\/types\/page"}],"author":[{"embeddable":true,"href":"https:\/\/dosumaya.com.tr\/tr\/wp-json\/wp\/v2\/users\/1"}],"replies":[{"embeddable":true,"href":"https:\/\/dosumaya.com.tr\/tr\/wp-json\/wp\/v2\/comments?post=2182"}],"version-history":[{"count":8,"href":"https:\/\/dosumaya.com.tr\/tr\/wp-json\/wp\/v2\/pages\/2182\/revisions"}],"predecessor-version":[{"id":2388,"href":"https:\/\/dosumaya.com.tr\/tr\/wp-json\/wp\/v2\/pages\/2182\/revisions\/2388"}],"up":[{"embeddable":true,"href":"https:\/\/dosumaya.com.tr\/tr\/wp-json\/wp\/v2\/pages\/2162"}],"wp:featuredmedia":[{"embeddable":true,"href":"https:\/\/dosumaya.com.tr\/tr\/wp-json\/wp\/v2\/media\/2010"}],"wp:attachment":[{"href":"https:\/\/dosumaya.com.tr\/tr\/wp-json\/wp\/v2\/media?parent=2182"}],"curies":[{"name":"wp","href":"https:\/\/api.w.org\/{rel}","templated":true}]}}