{"id":2772,"date":"2023-09-28T04:11:08","date_gmt":"2023-09-28T04:11:08","guid":{"rendered":"https:\/\/dosumaya.com.tr\/?page_id=2772"},"modified":"2023-10-09T13:16:44","modified_gmt":"2023-10-09T13:16:44","slug":"hasmaya-yas-maya-500g","status":"publish","type":"page","link":"https:\/\/dosumaya.com.tr\/tr\/urunlerimiz\/hasmaya-yas-maya-500g\/","title":{"rendered":"Hasmaya Ya\u015f Maya 500g"},"content":{"rendered":"\t\t<div data-elementor-type=\"wp-page\" data-elementor-id=\"2772\" class=\"elementor elementor-2772 elementor-2767\" data-elementor-post-type=\"page\">\n\t\t\t\t\t\t<section class=\"elementor-section elementor-top-section elementor-element elementor-element-5a0f1c61 elementor-section-full_width elementor-section-height-default elementor-section-height-default\" data-id=\"5a0f1c61\" data-element_type=\"section\" data-e-type=\"section\">\n\t\t\t\t\t\t<div class=\"elementor-container elementor-column-gap-no\">\n\t\t\t\t\t<div class=\"elementor-column elementor-col-100 elementor-top-column elementor-element elementor-element-32a80b4d\" data-id=\"32a80b4d\" data-element_type=\"column\" data-e-type=\"column\">\n\t\t\t<div class=\"elementor-widget-wrap elementor-element-populated\">\n\t\t\t\t\t\t<div class=\"elementor-element elementor-element-f04ea47 elementor-invisible elementor-widget elementor-widget-heading\" data-id=\"f04ea47\" data-element_type=\"widget\" data-e-type=\"widget\" data-settings=\"{&quot;_animation&quot;:&quot;fadeInUp&quot;}\" data-widget_type=\"heading.default\">\n\t\t\t\t<div class=\"elementor-widget-container\">\n\t\t\t\t\t<h1 class=\"elementor-heading-title elementor-size-default\">Hasmaya Ya\u015f Maya 500g<\/h1>\t\t\t\t<\/div>\n\t\t\t\t<\/div>\n\t\t\t\t<div class=\"elementor-element elementor-element-773ac2fe elementor-widget__width-auto elementor-widget elementor-widget-heading\" data-id=\"773ac2fe\" data-element_type=\"widget\" data-e-type=\"widget\" data-widget_type=\"heading.default\">\n\t\t\t\t<div class=\"elementor-widget-container\">\n\t\t\t\t\t<h6 class=\"elementor-heading-title elementor-size-default\">DOSUMAYA : your smart partner of success<\/h6>\t\t\t\t<\/div>\n\t\t\t\t<\/div>\n\t\t\t\t\t<\/div>\n\t\t<\/div>\n\t\t\t\t\t<\/div>\n\t\t<\/section>\n\t\t\t\t<section class=\"elementor-section elementor-top-section elementor-element elementor-element-e63aa40 elementor-section-full_width elementor-section-height-default elementor-section-height-default\" data-id=\"e63aa40\" data-element_type=\"section\" data-e-type=\"section\">\n\t\t\t\t\t\t<div class=\"elementor-container elementor-column-gap-no\">\n\t\t\t\t\t<div class=\"elementor-column elementor-col-100 elementor-top-column elementor-element elementor-element-1da48fd\" data-id=\"1da48fd\" data-element_type=\"column\" data-e-type=\"column\">\n\t\t\t<div class=\"elementor-widget-wrap elementor-element-populated\">\n\t\t\t\t\t\t<section class=\"elementor-section elementor-inner-section elementor-element elementor-element-75d32cf elementor-section-full_width elementor-section-content-top elementor-section-height-default elementor-section-height-default\" data-id=\"75d32cf\" data-element_type=\"section\" data-e-type=\"section\">\n\t\t\t\t\t\t<div class=\"elementor-container elementor-column-gap-no\">\n\t\t\t\t\t<div class=\"elementor-column elementor-col-50 elementor-inner-column elementor-element elementor-element-4f61b98\" data-id=\"4f61b98\" data-element_type=\"column\" data-e-type=\"column\">\n\t\t\t<div class=\"elementor-widget-wrap elementor-element-populated\">\n\t\t\t\t\t\t<div class=\"elementor-element elementor-element-14b80ac elementor-arrows-position-inside elementor-pagination-position-outside elementor-widget elementor-widget-image-carousel\" data-id=\"14b80ac\" data-element_type=\"widget\" data-e-type=\"widget\" data-settings=\"{&quot;slides_to_show&quot;:&quot;1&quot;,&quot;navigation&quot;:&quot;both&quot;,&quot;autoplay&quot;:&quot;yes&quot;,&quot;pause_on_hover&quot;:&quot;yes&quot;,&quot;pause_on_interaction&quot;:&quot;yes&quot;,&quot;autoplay_speed&quot;:5000,&quot;infinite&quot;:&quot;yes&quot;,&quot;effect&quot;:&quot;slide&quot;,&quot;speed&quot;:500}\" data-widget_type=\"image-carousel.default\">\n\t\t\t\t<div class=\"elementor-widget-container\">\n\t\t\t\t\t\t\t<div class=\"elementor-image-carousel-wrapper swiper\" role=\"region\" aria-roledescription=\"carousel\" aria-label=\"Resim D\u00f6ng\u00fcs\u00fc\" dir=\"ltr\">\n\t\t\t<div class=\"elementor-image-carousel swiper-wrapper\" aria-live=\"off\">\n\t\t\t\t\t\t\t\t<div class=\"swiper-slide\" role=\"group\" aria-roledescription=\"slide\" aria-label=\"1 \/ 3\"><figure class=\"swiper-slide-inner\"><img decoding=\"async\" class=\"swiper-slide-image\" src=\"https:\/\/dosumaya.com.tr\/wp-content\/uploads\/2023\/09\/hasmaya-fresh-yeast-1.jpg\" alt=\"Hasmaya-Fresh-Yeast-1\" \/><\/figure><\/div><div class=\"swiper-slide\" role=\"group\" aria-roledescription=\"slide\" aria-label=\"2 \/ 3\"><figure class=\"swiper-slide-inner\"><img decoding=\"async\" class=\"swiper-slide-image\" src=\"https:\/\/dosumaya.com.tr\/wp-content\/uploads\/2023\/09\/hasmaya-fresh-yeast-2.jpg\" alt=\"Hasmaya-Fresh-Yeast-2\" \/><\/figure><\/div><div class=\"swiper-slide\" role=\"group\" aria-roledescription=\"slide\" aria-label=\"3 \/ 3\"><figure class=\"swiper-slide-inner\"><img decoding=\"async\" class=\"swiper-slide-image\" src=\"https:\/\/dosumaya.com.tr\/wp-content\/uploads\/2023\/09\/hasmaya-fresh-yeast.jpg\" alt=\"Hasmaya-Fresh-Yeast\" \/><\/figure><\/div>\t\t\t<\/div>\n\t\t\t\t\t\t\t\t\t\t\t\t<div class=\"elementor-swiper-button elementor-swiper-button-prev\" role=\"button\" tabindex=\"0\">\n\t\t\t\t\t\t<i aria-hidden=\"true\" class=\"eicon-chevron-left\"><\/i>\t\t\t\t\t<\/div>\n\t\t\t\t\t<div class=\"elementor-swiper-button elementor-swiper-button-next\" role=\"button\" tabindex=\"0\">\n\t\t\t\t\t\t<i aria-hidden=\"true\" class=\"eicon-chevron-right\"><\/i>\t\t\t\t\t<\/div>\n\t\t\t\t\n\t\t\t\t\t\t\t\t\t<div class=\"swiper-pagination\"><\/div>\n\t\t\t\t\t\t\t\t\t<\/div>\n\t\t\t\t\t\t<\/div>\n\t\t\t\t<\/div>\n\t\t\t\t\t<\/div>\n\t\t<\/div>\n\t\t\t\t<div class=\"elementor-column elementor-col-50 elementor-inner-column elementor-element elementor-element-5d6e788\" data-id=\"5d6e788\" data-element_type=\"column\" data-e-type=\"column\">\n\t\t\t<div class=\"elementor-widget-wrap elementor-element-populated\">\n\t\t\t\t\t\t<div class=\"elementor-element elementor-element-68c60ef elementor-widget elementor-widget-text-editor\" data-id=\"68c60ef\" data-element_type=\"widget\" data-e-type=\"widget\" data-widget_type=\"text-editor.default\">\n\t\t\t\t<div class=\"elementor-widget-container\">\n\t\t\t\t\t\t\t\t\t<p>Fermantasyonu te\u015fvik etme yetene\u011finden dolay\u0131, ekme\u011fin pi\u015firilmesinde <strong>Hasmaya<\/strong> olarak bilinen do\u011fal kaynakl\u0131 f\u0131r\u0131nc\u0131 mayas\u0131 kullan\u0131l\u0131r.<\/p>\n<p>Hasmaya ya\u015f <strong>mayas\u0131<\/strong> formu sayesinde haz\u0131rlanma s\u0131ras\u0131nda do\u011frudan ufaland\u0131\u011f\u0131 ve <strong>kompakt<\/strong> formu havadaki oksijenle temas\u0131 s\u0131n\u0131rlayarak b\u00fct\u00fcnl\u00fc\u011f\u00fcn\u00fc korumas\u0131na olanak tan\u0131d\u0131\u011f\u0131 i\u00e7in kullan\u0131m\u0131 pratiktir.<\/p>\n<p>Hasmaya ya\u015f mayas\u0131, do\u011fal \u00f6zelliklerini ve \u00f6zelliklerini koruyacak \u015fekilde, ayn\u0131 zamanda mayay\u0131 koruyarak maksimum hijyen sa\u011flayacak \u015fekilde paketlenir.<\/p>\n<p>T\u00fcm ekmek \u00fcr\u00fcn \u00e7e\u015fitleri Hasmaya ya\u015f maya kullan\u0131larak \u00fcretilebilmektedir.<strong><\/strong><\/p>\n\t\t\t\t\t\t\t\t<\/div>\n\t\t\t\t<\/div>\n\t\t\t\t<div class=\"elementor-element elementor-element-04c18a7 elementor-align-start elementor-widget__width-auto elementor-fixed elementor-hidden-desktop elementor-hidden-tablet elementor-hidden-mobile elementor-icon-list--layout-traditional elementor-list-item-link-full_width elementor-widget elementor-widget-icon-list\" data-id=\"04c18a7\" data-element_type=\"widget\" data-e-type=\"widget\" data-settings=\"{&quot;_position&quot;:&quot;fixed&quot;}\" data-widget_type=\"icon-list.default\">\n\t\t\t\t<div class=\"elementor-widget-container\">\n\t\t\t\t\t\t\t<ul class=\"elementor-icon-list-items\">\n\t\t\t\t\t\t\t<li class=\"elementor-icon-list-item\">\n\t\t\t\t\t\t\t\t\t\t\t<a href=\"#\" target=\"_blank\" rel=\"nofollow\">\n\n\t\t\t\t\t\t\t\t\t\t\t\t<span class=\"elementor-icon-list-icon\">\n\t\t\t\t\t\t\t<i aria-hidden=\"true\" class=\"fas fa-download\"><\/i>\t\t\t\t\t\t<\/span>\n\t\t\t\t\t\t\t\t\t\t<span class=\"elementor-icon-list-text\">Download<br>product sheet<\/span>\n\t\t\t\t\t\t\t\t\t\t\t<\/a>\n\t\t\t\t\t\t\t\t\t<\/li>\n\t\t\t\t\t\t<\/ul>\n\t\t\t\t\t\t<\/div>\n\t\t\t\t<\/div>\n\t\t\t\t\t<\/div>\n\t\t<\/div>\n\t\t\t\t\t<\/div>\n\t\t<\/section>\n\t\t\t\t\t<\/div>\n\t\t<\/div>\n\t\t\t\t\t<\/div>\n\t\t<\/section>\n\t\t\t\t<\/div>\n\t\t","protected":false},"excerpt":{"rendered":"<p>Hasmaya ya\u015f mayas\u0131, do\u011fal \u00f6zelliklerini ve \u00f6zelliklerini koruyacak \u015fekilde, ayn\u0131 zamanda mayay\u0131 koruyarak maksimum hijyen sa\u011flayacak \u015fekilde paketlenir.<\/p>\n<p>T\u00fcm ekmek \u00fcr\u00fcn \u00e7e\u015fitleri Hasmaya ya\u015f maya kullan\u0131larak \u00fcretilebilmektedir.<\/p>\n","protected":false},"author":1,"featured_media":2780,"parent":2162,"menu_order":0,"comment_status":"closed","ping_status":"closed","template":"","meta":{"footnotes":""},"class_list":["post-2772","page","type-page","status-publish","has-post-thumbnail","hentry"],"yoast_head":"<!-- This site is optimized with the Yoast SEO plugin v27.6 - https:\/\/yoast.com\/product\/yoast-seo-wordpress\/ -->\n<title>Hasmaya Ya\u015f Maya 500g - DOSUMAYA Istanbul<\/title>\n<meta name=\"description\" content=\"Hasmaya ya\u015f mayas\u0131, do\u011fal \u00f6zelliklerini ve \u00f6zelliklerini koruyacak \u015fekilde, ayn\u0131 zamanda mayay\u0131 koruyarak maksimum hijyen sa\u011flayacak \u015fekilde paketlenir. T\u00fcm ekmek \u00fcr\u00fcn \u00e7e\u015fitleri Hasmaya ya\u015f maya kullan\u0131larak \u00fcretilebilmektedir.\" \/>\n<meta name=\"robots\" content=\"index, follow, max-snippet:-1, max-image-preview:large, max-video-preview:-1\" \/>\n<link rel=\"canonical\" href=\"https:\/\/dosumaya.com.tr\/tr\/urunlerimiz\/hasmaya-yas-maya-500g\/\" \/>\n<meta property=\"og:locale\" content=\"tr_TR\" \/>\n<meta property=\"og:type\" content=\"article\" \/>\n<meta property=\"og:title\" content=\"Hasmaya Ya\u015f Maya 500g - DOSUMAYA Istanbul\" \/>\n<meta property=\"og:description\" content=\"Hasmaya ya\u015f mayas\u0131, do\u011fal \u00f6zelliklerini ve \u00f6zelliklerini koruyacak \u015fekilde, ayn\u0131 zamanda mayay\u0131 koruyarak maksimum hijyen sa\u011flayacak \u015fekilde paketlenir. T\u00fcm ekmek \u00fcr\u00fcn \u00e7e\u015fitleri Hasmaya ya\u015f maya kullan\u0131larak \u00fcretilebilmektedir.\" \/>\n<meta property=\"og:url\" content=\"https:\/\/dosumaya.com.tr\/tr\/urunlerimiz\/hasmaya-yas-maya-500g\/\" \/>\n<meta property=\"og:site_name\" content=\"DOSUMAYA Istanbul\" \/>\n<meta property=\"article:modified_time\" content=\"2023-10-09T13:16:44+00:00\" \/>\n<meta property=\"og:image\" content=\"https:\/\/dosumaya.com.tr\/wp-content\/uploads\/2023\/09\/hasmaya-fresh-yeast.jpg\" \/>\n\t<meta property=\"og:image:width\" content=\"1728\" \/>\n\t<meta property=\"og:image:height\" content=\"1378\" \/>\n\t<meta property=\"og:image:type\" content=\"image\/jpeg\" \/>\n<meta name=\"twitter:card\" content=\"summary_large_image\" \/>\n<meta name=\"twitter:label1\" content=\"Tahmini okuma s\u00fcresi\" \/>\n\t<meta name=\"twitter:data1\" content=\"2 dakika\" \/>\n<script type=\"application\/ld+json\" class=\"yoast-schema-graph\">{\"@context\":\"https:\\\/\\\/schema.org\",\"@graph\":[{\"@type\":\"WebPage\",\"@id\":\"https:\\\/\\\/dosumaya.com.tr\\\/tr\\\/urunlerimiz\\\/hasmaya-yas-maya-500g\\\/\",\"url\":\"https:\\\/\\\/dosumaya.com.tr\\\/tr\\\/urunlerimiz\\\/hasmaya-yas-maya-500g\\\/\",\"name\":\"Hasmaya Ya\u015f Maya 500g - DOSUMAYA Istanbul\",\"isPartOf\":{\"@id\":\"https:\\\/\\\/dosumaya.com.tr\\\/tr\\\/#website\"},\"primaryImageOfPage\":{\"@id\":\"https:\\\/\\\/dosumaya.com.tr\\\/tr\\\/urunlerimiz\\\/hasmaya-yas-maya-500g\\\/#primaryimage\"},\"image\":{\"@id\":\"https:\\\/\\\/dosumaya.com.tr\\\/tr\\\/urunlerimiz\\\/hasmaya-yas-maya-500g\\\/#primaryimage\"},\"thumbnailUrl\":\"https:\\\/\\\/dosumaya.com.tr\\\/wp-content\\\/uploads\\\/2023\\\/09\\\/hasmaya-fresh-yeast.jpg\",\"datePublished\":\"2023-09-28T04:11:08+00:00\",\"dateModified\":\"2023-10-09T13:16:44+00:00\",\"description\":\"Hasmaya ya\u015f mayas\u0131, do\u011fal \u00f6zelliklerini ve \u00f6zelliklerini koruyacak \u015fekilde, ayn\u0131 zamanda mayay\u0131 koruyarak maksimum hijyen sa\u011flayacak \u015fekilde paketlenir. T\u00fcm ekmek \u00fcr\u00fcn \u00e7e\u015fitleri Hasmaya ya\u015f maya kullan\u0131larak \u00fcretilebilmektedir.\",\"breadcrumb\":{\"@id\":\"https:\\\/\\\/dosumaya.com.tr\\\/tr\\\/urunlerimiz\\\/hasmaya-yas-maya-500g\\\/#breadcrumb\"},\"inLanguage\":\"tr\",\"potentialAction\":[{\"@type\":\"ReadAction\",\"target\":[\"https:\\\/\\\/dosumaya.com.tr\\\/tr\\\/urunlerimiz\\\/hasmaya-yas-maya-500g\\\/\"]}]},{\"@type\":\"ImageObject\",\"inLanguage\":\"tr\",\"@id\":\"https:\\\/\\\/dosumaya.com.tr\\\/tr\\\/urunlerimiz\\\/hasmaya-yas-maya-500g\\\/#primaryimage\",\"url\":\"https:\\\/\\\/dosumaya.com.tr\\\/wp-content\\\/uploads\\\/2023\\\/09\\\/hasmaya-fresh-yeast.jpg\",\"contentUrl\":\"https:\\\/\\\/dosumaya.com.tr\\\/wp-content\\\/uploads\\\/2023\\\/09\\\/hasmaya-fresh-yeast.jpg\",\"width\":1728,\"height\":1378},{\"@type\":\"BreadcrumbList\",\"@id\":\"https:\\\/\\\/dosumaya.com.tr\\\/tr\\\/urunlerimiz\\\/hasmaya-yas-maya-500g\\\/#breadcrumb\",\"itemListElement\":[{\"@type\":\"ListItem\",\"position\":1,\"name\":\"Home\",\"item\":\"https:\\\/\\\/dosumaya.com.tr\\\/tr\\\/istanbul-dosumaya\\\/\"},{\"@type\":\"ListItem\",\"position\":2,\"name\":\"\u00dcr\u00fcn yelpazemiz\",\"item\":\"https:\\\/\\\/dosumaya.com.tr\\\/tr\\\/urunlerimiz\\\/\"},{\"@type\":\"ListItem\",\"position\":3,\"name\":\"Hasmaya Ya\u015f Maya 500g\"}]},{\"@type\":\"WebSite\",\"@id\":\"https:\\\/\\\/dosumaya.com.tr\\\/tr\\\/#website\",\"url\":\"https:\\\/\\\/dosumaya.com.tr\\\/tr\\\/\",\"name\":\"DOSUMAYA Istanbul\",\"description\":\"Istanbul DOSUMaya is a globally operating baking yeast producer\",\"publisher\":{\"@id\":\"https:\\\/\\\/dosumaya.com.tr\\\/tr\\\/#organization\"},\"potentialAction\":[{\"@type\":\"SearchAction\",\"target\":{\"@type\":\"EntryPoint\",\"urlTemplate\":\"https:\\\/\\\/dosumaya.com.tr\\\/tr\\\/?s={search_term_string}\"},\"query-input\":{\"@type\":\"PropertyValueSpecification\",\"valueRequired\":true,\"valueName\":\"search_term_string\"}}],\"inLanguage\":\"tr\"},{\"@type\":\"Organization\",\"@id\":\"https:\\\/\\\/dosumaya.com.tr\\\/tr\\\/#organization\",\"name\":\"DOSUMAYA Istanbul\",\"url\":\"https:\\\/\\\/dosumaya.com.tr\\\/tr\\\/\",\"logo\":{\"@type\":\"ImageObject\",\"inLanguage\":\"tr\",\"@id\":\"https:\\\/\\\/dosumaya.com.tr\\\/tr\\\/#\\\/schema\\\/logo\\\/image\\\/\",\"url\":\"https:\\\/\\\/dosumaya.com.tr\\\/wp-content\\\/uploads\\\/2022\\\/06\\\/dosu-logo.jpg\",\"contentUrl\":\"https:\\\/\\\/dosumaya.com.tr\\\/wp-content\\\/uploads\\\/2022\\\/06\\\/dosu-logo.jpg\",\"width\":300,\"height\":300,\"caption\":\"DOSUMAYA Istanbul\"},\"image\":{\"@id\":\"https:\\\/\\\/dosumaya.com.tr\\\/tr\\\/#\\\/schema\\\/logo\\\/image\\\/\"}}]}<\/script>\n<!-- \/ Yoast SEO plugin. -->","yoast_head_json":{"title":"Hasmaya Ya\u015f Maya 500g - DOSUMAYA Istanbul","description":"Hasmaya ya\u015f mayas\u0131, do\u011fal \u00f6zelliklerini ve \u00f6zelliklerini koruyacak \u015fekilde, ayn\u0131 zamanda mayay\u0131 koruyarak maksimum hijyen sa\u011flayacak \u015fekilde paketlenir. T\u00fcm ekmek \u00fcr\u00fcn \u00e7e\u015fitleri Hasmaya ya\u015f maya kullan\u0131larak \u00fcretilebilmektedir.","robots":{"index":"index","follow":"follow","max-snippet":"max-snippet:-1","max-image-preview":"max-image-preview:large","max-video-preview":"max-video-preview:-1"},"canonical":"https:\/\/dosumaya.com.tr\/tr\/urunlerimiz\/hasmaya-yas-maya-500g\/","og_locale":"tr_TR","og_type":"article","og_title":"Hasmaya Ya\u015f Maya 500g - DOSUMAYA Istanbul","og_description":"Hasmaya ya\u015f mayas\u0131, do\u011fal \u00f6zelliklerini ve \u00f6zelliklerini koruyacak \u015fekilde, ayn\u0131 zamanda mayay\u0131 koruyarak maksimum hijyen sa\u011flayacak \u015fekilde paketlenir. T\u00fcm ekmek \u00fcr\u00fcn \u00e7e\u015fitleri Hasmaya ya\u015f maya kullan\u0131larak \u00fcretilebilmektedir.","og_url":"https:\/\/dosumaya.com.tr\/tr\/urunlerimiz\/hasmaya-yas-maya-500g\/","og_site_name":"DOSUMAYA Istanbul","article_modified_time":"2023-10-09T13:16:44+00:00","og_image":[{"width":1728,"height":1378,"url":"https:\/\/dosumaya.com.tr\/wp-content\/uploads\/2023\/09\/hasmaya-fresh-yeast.jpg","type":"image\/jpeg"}],"twitter_card":"summary_large_image","twitter_misc":{"Tahmini okuma s\u00fcresi":"2 dakika"},"schema":{"@context":"https:\/\/schema.org","@graph":[{"@type":"WebPage","@id":"https:\/\/dosumaya.com.tr\/tr\/urunlerimiz\/hasmaya-yas-maya-500g\/","url":"https:\/\/dosumaya.com.tr\/tr\/urunlerimiz\/hasmaya-yas-maya-500g\/","name":"Hasmaya Ya\u015f Maya 500g - DOSUMAYA Istanbul","isPartOf":{"@id":"https:\/\/dosumaya.com.tr\/tr\/#website"},"primaryImageOfPage":{"@id":"https:\/\/dosumaya.com.tr\/tr\/urunlerimiz\/hasmaya-yas-maya-500g\/#primaryimage"},"image":{"@id":"https:\/\/dosumaya.com.tr\/tr\/urunlerimiz\/hasmaya-yas-maya-500g\/#primaryimage"},"thumbnailUrl":"https:\/\/dosumaya.com.tr\/wp-content\/uploads\/2023\/09\/hasmaya-fresh-yeast.jpg","datePublished":"2023-09-28T04:11:08+00:00","dateModified":"2023-10-09T13:16:44+00:00","description":"Hasmaya ya\u015f mayas\u0131, do\u011fal \u00f6zelliklerini ve \u00f6zelliklerini koruyacak \u015fekilde, ayn\u0131 zamanda mayay\u0131 koruyarak maksimum hijyen sa\u011flayacak \u015fekilde paketlenir. T\u00fcm ekmek \u00fcr\u00fcn \u00e7e\u015fitleri Hasmaya ya\u015f maya kullan\u0131larak \u00fcretilebilmektedir.","breadcrumb":{"@id":"https:\/\/dosumaya.com.tr\/tr\/urunlerimiz\/hasmaya-yas-maya-500g\/#breadcrumb"},"inLanguage":"tr","potentialAction":[{"@type":"ReadAction","target":["https:\/\/dosumaya.com.tr\/tr\/urunlerimiz\/hasmaya-yas-maya-500g\/"]}]},{"@type":"ImageObject","inLanguage":"tr","@id":"https:\/\/dosumaya.com.tr\/tr\/urunlerimiz\/hasmaya-yas-maya-500g\/#primaryimage","url":"https:\/\/dosumaya.com.tr\/wp-content\/uploads\/2023\/09\/hasmaya-fresh-yeast.jpg","contentUrl":"https:\/\/dosumaya.com.tr\/wp-content\/uploads\/2023\/09\/hasmaya-fresh-yeast.jpg","width":1728,"height":1378},{"@type":"BreadcrumbList","@id":"https:\/\/dosumaya.com.tr\/tr\/urunlerimiz\/hasmaya-yas-maya-500g\/#breadcrumb","itemListElement":[{"@type":"ListItem","position":1,"name":"Home","item":"https:\/\/dosumaya.com.tr\/tr\/istanbul-dosumaya\/"},{"@type":"ListItem","position":2,"name":"\u00dcr\u00fcn yelpazemiz","item":"https:\/\/dosumaya.com.tr\/tr\/urunlerimiz\/"},{"@type":"ListItem","position":3,"name":"Hasmaya Ya\u015f Maya 500g"}]},{"@type":"WebSite","@id":"https:\/\/dosumaya.com.tr\/tr\/#website","url":"https:\/\/dosumaya.com.tr\/tr\/","name":"DOSUMAYA Istanbul","description":"Istanbul DOSUMaya is a globally operating baking yeast producer","publisher":{"@id":"https:\/\/dosumaya.com.tr\/tr\/#organization"},"potentialAction":[{"@type":"SearchAction","target":{"@type":"EntryPoint","urlTemplate":"https:\/\/dosumaya.com.tr\/tr\/?s={search_term_string}"},"query-input":{"@type":"PropertyValueSpecification","valueRequired":true,"valueName":"search_term_string"}}],"inLanguage":"tr"},{"@type":"Organization","@id":"https:\/\/dosumaya.com.tr\/tr\/#organization","name":"DOSUMAYA Istanbul","url":"https:\/\/dosumaya.com.tr\/tr\/","logo":{"@type":"ImageObject","inLanguage":"tr","@id":"https:\/\/dosumaya.com.tr\/tr\/#\/schema\/logo\/image\/","url":"https:\/\/dosumaya.com.tr\/wp-content\/uploads\/2022\/06\/dosu-logo.jpg","contentUrl":"https:\/\/dosumaya.com.tr\/wp-content\/uploads\/2022\/06\/dosu-logo.jpg","width":300,"height":300,"caption":"DOSUMAYA Istanbul"},"image":{"@id":"https:\/\/dosumaya.com.tr\/tr\/#\/schema\/logo\/image\/"}}]}},"_links":{"self":[{"href":"https:\/\/dosumaya.com.tr\/tr\/wp-json\/wp\/v2\/pages\/2772","targetHints":{"allow":["GET"]}}],"collection":[{"href":"https:\/\/dosumaya.com.tr\/tr\/wp-json\/wp\/v2\/pages"}],"about":[{"href":"https:\/\/dosumaya.com.tr\/tr\/wp-json\/wp\/v2\/types\/page"}],"author":[{"embeddable":true,"href":"https:\/\/dosumaya.com.tr\/tr\/wp-json\/wp\/v2\/users\/1"}],"replies":[{"embeddable":true,"href":"https:\/\/dosumaya.com.tr\/tr\/wp-json\/wp\/v2\/comments?post=2772"}],"version-history":[{"count":11,"href":"https:\/\/dosumaya.com.tr\/tr\/wp-json\/wp\/v2\/pages\/2772\/revisions"}],"predecessor-version":[{"id":2878,"href":"https:\/\/dosumaya.com.tr\/tr\/wp-json\/wp\/v2\/pages\/2772\/revisions\/2878"}],"up":[{"embeddable":true,"href":"https:\/\/dosumaya.com.tr\/tr\/wp-json\/wp\/v2\/pages\/2162"}],"wp:featuredmedia":[{"embeddable":true,"href":"https:\/\/dosumaya.com.tr\/tr\/wp-json\/wp\/v2\/media\/2780"}],"wp:attachment":[{"href":"https:\/\/dosumaya.com.tr\/tr\/wp-json\/wp\/v2\/media?parent=2772"}],"curies":[{"name":"wp","href":"https:\/\/api.w.org\/{rel}","templated":true}]}}